{"id":1937,"date":"2024-05-03T19:28:58","date_gmt":"2024-05-03T23:28:58","guid":{"rendered":"https:\/\/atlantapride.org\/gabe-martinez\/"},"modified":"2025-02-26T16:48:23","modified_gmt":"2025-02-26T21:48:23","slug":"gabe-martinez","status":"publish","type":"page","link":"https:\/\/atlantapride.org\/es\/sobre-nosotros\/junta\/gabe-martinez\/","title":{"rendered":"Gabe Mart\u00ednez"},"content":{"rendered":"\t\t<div data-elementor-type=\"wp-page\" data-elementor-id=\"1937\" class=\"elementor elementor-1937 elementor-489\" data-elementor-post-type=\"page\">\n\t\t\t\t<div class=\"elementor-element elementor-element-6da2fda e-flex e-con-boxed e-con e-parent\" data-id=\"6da2fda\" data-element_type=\"container\" data-e-type=\"container\">\n\t\t\t\t\t<div class=\"e-con-inner\">\n\t\t<div class=\"elementor-element elementor-element-1a1546c e-con-full e-flex e-con e-child\" data-id=\"1a1546c\" data-element_type=\"container\" data-e-type=\"container\">\n\t\t\t\t<div class=\"elementor-element elementor-element-5bc6885 elementor-widget elementor-widget-heading\" data-id=\"5bc6885\" data-element_type=\"widget\" data-e-type=\"widget\" data-widget_type=\"heading.default\">\n\t\t\t\t<div class=\"elementor-widget-container\">\n\t\t\t\t\t<h1 class=\"elementor-heading-title elementor-size-default\">Gabe Mart\u00ednez<\/h1>\t\t\t\t<\/div>\n\t\t\t\t<\/div>\n\t\t\t\t<div class=\"elementor-element elementor-element-3f9350f elementor-widget elementor-widget-heading\" data-id=\"3f9350f\" data-element_type=\"widget\" data-e-type=\"widget\" data-widget_type=\"heading.default\">\n\t\t\t\t<div class=\"elementor-widget-container\">\n\t\t\t\t\t<h2 class=\"elementor-heading-title elementor-size-default\">Tesorero de la Junta<\/h2>\t\t\t\t<\/div>\n\t\t\t\t<\/div>\n\t\t\t\t<div class=\"elementor-element elementor-element-3e6f96b elementor-widget elementor-widget-heading\" data-id=\"3e6f96b\" data-element_type=\"widget\" data-e-type=\"widget\" data-widget_type=\"heading.default\">\n\t\t\t\t<div class=\"elementor-widget-container\">\n\t\t\t\t\t<h3 class=\"elementor-heading-title elementor-size-default\">Pronombres preferidos: \u00c9l \/ \u00c9l<br> Estado del Director: Vuelve a<br> Mandato actual: Segundo (2\u00aa)  <br><\/h3>\t\t\t\t<\/div>\n\t\t\t\t<\/div>\n\t\t\t\t<div class=\"elementor-element elementor-element-379ac49 elementor-widget elementor-widget-text-editor\" data-id=\"379ac49\" data-element_type=\"widget\" data-e-type=\"widget\" data-widget_type=\"text-editor.default\">\n\t\t\t\t<div class=\"elementor-widget-container\">\n\t\t\t\t\t\t\t\t\t<p>Gabe es un transplantado de Atlanta procedente de Nueva York y originario del norte de Virginia. Actualmente vive en las Tierras Altas de Virginia con su pareja, Kyle, y sus dos perros, Georgia y Caico.<\/p>\n<p>Gabe es un transplantado de Atlanta, procedente de Nueva York y originario del norte de Virginia. Actualmente vive en Virginia Highland con su pareja, Kyle, y sus dos perros, Georgia y Caico.<\/p>\n<p>Gabe es un experimentado ejecutivo de estrategia, que actualmente trabaja como l\u00edder de Estrategia Corporativa y Fusiones y Adquisiciones para DuPont, una empresa multiindustrial global, y con m\u00e1s de 10 a\u00f1os de experiencia en consultor\u00eda de gesti\u00f3n de primer nivel, m\u00e1s recientemente como Socio Asociado en Bain and Company. Su experiencia ha consistido en guiar a las empresas en el desarrollo de la visi\u00f3n y la estrategia, la eficacia organizativa y la mejora del rendimiento. A lo largo de su carrera profesional, tambi\u00e9n ha estado muy implicado en grupos corporativos de afinidad LGBTQ+, ayudando a impulsar la igualdad y la retenci\u00f3n de los empleados LGBTQ+, as\u00ed como apoyando la contrataci\u00f3n LGBTQ+. Fuera del trabajo, ha sido asesor del Consejo de Administraci\u00f3n de la Universidad de Filipinas. Gabe tiene un MBA por la Escuela de Negocios Tuck de Dartmouth y una licenciatura en Comercio por la Escuela de Comercio McIntire de la Universidad de Virginia.<\/p>\n<p>Gabe declar\u00f3 que forma parte de la Junta de Atlanta Pride porque \u00ab<i> quer\u00eda encontrar una oportunidad significativa de servir a la comunidad LGBTQ+ de Atlanta en la que pudiera aplicar mi experiencia profesional para un buen uso<\/i>\u00ab<i>.<\/i><\/p>\n<p>A lo largo de su carrera, ha participado en los grupos de afinidad LGBTQ+ de su empresa, asumiendo funciones de liderazgo a medida que avanzaba su mandato. Actualmente es el presidente mundial del grupo de recursos para empleados LGBTQ+ y aliados de DuPont,<i> \u00abPride<\/i>\u00ab. Adem\u00e1s de supervisar las actividades en curso del <i>\u00ab<\/i>Orgullo\u00bb, ha trabajado con la direcci\u00f3n de DE&amp;I y del Orgullo de DuPont para refrescar la misi\u00f3n del <i>\u00abOrgullo<\/i> \u00bb y renovar la estrategia y las prioridades a largo y corto plazo.<\/p>\n<p>En su tiempo libre, le gusta probar nuevos restaurantes, asistir a una obra de teatro en alguno de los teatros locales de Atlanta y viajar por el mundo.<\/p>\n\t\t\t\t\t\t\t\t<\/div>\n\t\t\t\t<\/div>\n\t\t\t\t<\/div>\n\t\t<div class=\"elementor-element elementor-element-5a87705 e-con-full e-flex e-con e-child\" data-id=\"5a87705\" data-element_type=\"container\" data-e-type=\"container\">\n\t\t\t\t<div class=\"elementor-element elementor-element-72459a3 elementor-widget elementor-widget-image\" data-id=\"72459a3\" data-element_type=\"widget\" data-e-type=\"widget\" data-widget_type=\"image.default\">\n\t\t\t\t<div class=\"elementor-widget-container\">\n\t\t\t\t\t\t\t\t\t\t\t\t\t\t\t<img fetchpriority=\"high\" decoding=\"async\" width=\"800\" height=\"800\" src=\"https:\/\/atlantapride.org\/wp-content\/uploads\/2025\/02\/gabem-web-1024x1024.jpg\" class=\"attachment-large size-large wp-image-2942\" alt=\"\" srcset=\"https:\/\/atlantapride.org\/wp-content\/uploads\/2025\/02\/gabem-web-1024x1024.jpg 1024w, https:\/\/atlantapride.org\/wp-content\/uploads\/2025\/02\/gabem-web-300x300.jpg 300w, https:\/\/atlantapride.org\/wp-content\/uploads\/2025\/02\/gabem-web-150x150.jpg 150w, https:\/\/atlantapride.org\/wp-content\/uploads\/2025\/02\/gabem-web-768x768.jpg 768w, https:\/\/atlantapride.org\/wp-content\/uploads\/2025\/02\/gabem-web-1536x1536.jpg 1536w, https:\/\/atlantapride.org\/wp-content\/uploads\/2025\/02\/gabem-web.jpg 1705w\" sizes=\"(max-width: 800px) 100vw, 800px\" \/>\t\t\t\t\t\t\t\t\t\t\t\t\t\t\t<\/div>\n\t\t\t\t<\/div>\n\t\t<div class=\"elementor-element elementor-element-59ebc4e e-flex e-con-boxed e-con e-child\" data-id=\"59ebc4e\" data-element_type=\"container\" data-e-type=\"container\" data-settings=\"{&quot;background_background&quot;:&quot;classic&quot;}\">\n\t\t\t\t\t<div class=\"e-con-inner\">\n\t\t\t\t\t<\/div>\n\t\t\t\t<\/div>\n\t\t\t\t<\/div>\n\t\t\t\t\t<\/div>\n\t\t\t\t<\/div>\n\t\t<div class=\"elementor-element elementor-element-a9a183d e-flex e-con-boxed e-con e-parent\" data-id=\"a9a183d\" data-element_type=\"container\" data-e-type=\"container\">\n\t\t\t\t\t<div class=\"e-con-inner\">\n\t\t\t\t<div class=\"elementor-element elementor-element-b13f94d elementor-widget elementor-widget-text-editor\" data-id=\"b13f94d\" data-element_type=\"widget\" data-e-type=\"widget\" data-widget_type=\"text-editor.default\">\n\t\t\t\t<div class=\"elementor-widget-container\">\n\t\t\t\t\t\t\t\t\t<h3>Historia de las elecciones<\/h3>\n<ul>\n<li><b>2021 <\/b>&#8211; Elegido para un mandato de 2 a\u00f1os<\/li>\n<li><b>2023 <\/b>&#8211; Elegido para un mandato de 2 a\u00f1os; <i>Elegido para desempe\u00f1ar el cargo de Tesorero del Consejo<\/i><\/li>\n<li><em>2024<\/em> &#8211; <i>Reelegido como Tesorero del Consejo<\/i><\/li>\n<li><em>2025 &#8211; <\/em><i>Reelegido como Tesorero del Consejo<\/i><\/li>\n<\/ul>\n\t\t\t\t\t\t\t\t<\/div>\n\t\t\t\t<\/div>\n\t\t\t\t\t<\/div>\n\t\t\t\t<\/div>\n\t\t\t\t<\/div>\n\t\t","protected":false},"excerpt":{"rendered":"<p>Gabe Mart\u00ednez Tesorero de la Junta Pronombres preferidos: \u00c9l \/ \u00c9l Estado del Director: Vuelve a Mandato actual: Segundo (2\u00aa) Gabe es un transplantado de Atlanta procedente de Nueva York [&hellip;]<\/p>\n","protected":false},"author":1,"featured_media":0,"parent":2014,"menu_order":0,"comment_status":"closed","ping_status":"closed","template":"","meta":{"_price":"","_stock":"","_tribe_ticket_header":"","_tribe_default_ticket_provider":"","_tribe_ticket_capacity":"0","_ticket_start_date":"","_ticket_end_date":"","_tribe_ticket_show_description":"","_tribe_ticket_show_not_going":false,"_tribe_ticket_use_global_stock":"","_tribe_ticket_global_stock_level":"","_global_stock_mode":"","_global_stock_cap":"","_tribe_rsvp_for_event":"","_tribe_ticket_going_count":"","_tribe_ticket_not_going_count":"","_tribe_tickets_list":"[]","_tribe_ticket_has_attendee_info_fields":false,"footnotes":"","_tec_slr_enabled":"","_tec_slr_layout":""},"class_list":["post-1937","page","type-page","status-publish","hentry"],"yoast_head":"<!-- This site is optimized with the Yoast SEO plugin v27.3 - https:\/\/yoast.com\/product\/yoast-seo-wordpress\/ -->\n<title>Gabe Mart\u00ednez - Atlanta Pride<\/title>\n<meta name=\"robots\" content=\"index, follow, max-snippet:-1, max-image-preview:large, max-video-preview:-1\" \/>\n<link rel=\"canonical\" href=\"https:\/\/atlantapride.org\/es\/sobre-nosotros\/junta\/gabe-martinez\/\" \/>\n<meta property=\"og:locale\" content=\"es_ES\" \/>\n<meta property=\"og:type\" content=\"article\" \/>\n<meta property=\"og:title\" content=\"Gabe Mart\u00ednez - Atlanta Pride\" \/>\n<meta property=\"og:description\" content=\"Gabe Mart\u00ednez Tesorero de la Junta Pronombres preferidos: \u00c9l \/ \u00c9l Estado del Director: Vuelve a Mandato actual: Segundo (2\u00aa) Gabe es un transplantado de Atlanta procedente de Nueva York [&hellip;]\" \/>\n<meta property=\"og:url\" content=\"https:\/\/atlantapride.org\/es\/sobre-nosotros\/junta\/gabe-martinez\/\" \/>\n<meta property=\"og:site_name\" content=\"Atlanta Pride\" \/>\n<meta property=\"article:publisher\" content=\"https:\/\/www.facebook.com\/atlantapride\" \/>\n<meta property=\"article:modified_time\" content=\"2025-02-26T21:48:23+00:00\" \/>\n<meta property=\"og:image\" content=\"https:\/\/atlantapride.org\/wp-content\/uploads\/2025\/02\/gabem-web.jpg\" \/>\n\t<meta property=\"og:image:width\" content=\"1705\" \/>\n\t<meta property=\"og:image:height\" content=\"1704\" \/>\n\t<meta property=\"og:image:type\" content=\"image\/jpeg\" \/>\n<meta name=\"twitter:card\" content=\"summary_large_image\" \/>\n<meta name=\"twitter:label1\" content=\"Tiempo de lectura\" \/>\n\t<meta name=\"twitter:data1\" content=\"2 minutos\" \/>\n<script type=\"application\/ld+json\" class=\"yoast-schema-graph\">{\"@context\":\"https:\\\/\\\/schema.org\",\"@graph\":[{\"@type\":\"WebPage\",\"@id\":\"https:\\\/\\\/atlantapride.org\\\/es\\\/sobre-nosotros\\\/junta\\\/gabe-martinez\\\/\",\"url\":\"https:\\\/\\\/atlantapride.org\\\/es\\\/sobre-nosotros\\\/junta\\\/gabe-martinez\\\/\",\"name\":\"Gabe Mart\u00ednez - Atlanta Pride\",\"isPartOf\":{\"@id\":\"https:\\\/\\\/atlantapride.org\\\/es\\\/#website\"},\"primaryImageOfPage\":{\"@id\":\"https:\\\/\\\/atlantapride.org\\\/es\\\/sobre-nosotros\\\/junta\\\/gabe-martinez\\\/#primaryimage\"},\"image\":{\"@id\":\"https:\\\/\\\/atlantapride.org\\\/es\\\/sobre-nosotros\\\/junta\\\/gabe-martinez\\\/#primaryimage\"},\"thumbnailUrl\":\"https:\\\/\\\/atlantapride.org\\\/wp-content\\\/uploads\\\/2025\\\/02\\\/gabem-web-1024x1024.jpg\",\"datePublished\":\"2024-05-03T23:28:58+00:00\",\"dateModified\":\"2025-02-26T21:48:23+00:00\",\"breadcrumb\":{\"@id\":\"https:\\\/\\\/atlantapride.org\\\/es\\\/sobre-nosotros\\\/junta\\\/gabe-martinez\\\/#breadcrumb\"},\"inLanguage\":\"es\",\"potentialAction\":[{\"@type\":\"ReadAction\",\"target\":[\"https:\\\/\\\/atlantapride.org\\\/es\\\/sobre-nosotros\\\/junta\\\/gabe-martinez\\\/\"]}]},{\"@type\":\"ImageObject\",\"inLanguage\":\"es\",\"@id\":\"https:\\\/\\\/atlantapride.org\\\/es\\\/sobre-nosotros\\\/junta\\\/gabe-martinez\\\/#primaryimage\",\"url\":\"https:\\\/\\\/atlantapride.org\\\/wp-content\\\/uploads\\\/2025\\\/02\\\/gabem-web-1024x1024.jpg\",\"contentUrl\":\"https:\\\/\\\/atlantapride.org\\\/wp-content\\\/uploads\\\/2025\\\/02\\\/gabem-web-1024x1024.jpg\"},{\"@type\":\"BreadcrumbList\",\"@id\":\"https:\\\/\\\/atlantapride.org\\\/es\\\/sobre-nosotros\\\/junta\\\/gabe-martinez\\\/#breadcrumb\",\"itemListElement\":[{\"@type\":\"ListItem\",\"position\":1,\"name\":\"Home\",\"item\":\"https:\\\/\\\/atlantapride.org\\\/es\\\/\"},{\"@type\":\"ListItem\",\"position\":2,\"name\":\"Sobre nosotros\",\"item\":\"https:\\\/\\\/atlantapride.org\\\/es\\\/sobre-nosotros\\\/\"},{\"@type\":\"ListItem\",\"position\":3,\"name\":\"Junta\",\"item\":\"https:\\\/\\\/atlantapride.org\\\/es\\\/about-us\\\/the-board\\\/\"},{\"@type\":\"ListItem\",\"position\":4,\"name\":\"Gabe Mart\u00ednez\"}]},{\"@type\":\"WebSite\",\"@id\":\"https:\\\/\\\/atlantapride.org\\\/es\\\/#website\",\"url\":\"https:\\\/\\\/atlantapride.org\\\/es\\\/\",\"name\":\"Atlanta Pride\",\"description\":\"Atlanta Pride&#039;s Website\",\"publisher\":{\"@id\":\"https:\\\/\\\/atlantapride.org\\\/es\\\/#organization\"},\"potentialAction\":[{\"@type\":\"SearchAction\",\"target\":{\"@type\":\"EntryPoint\",\"urlTemplate\":\"https:\\\/\\\/atlantapride.org\\\/es\\\/?s={search_term_string}\"},\"query-input\":{\"@type\":\"PropertyValueSpecification\",\"valueRequired\":true,\"valueName\":\"search_term_string\"}}],\"inLanguage\":\"es\"},{\"@type\":\"Organization\",\"@id\":\"https:\\\/\\\/atlantapride.org\\\/es\\\/#organization\",\"name\":\"Atlanta Pride Committee, Inc\",\"alternateName\":\"Atlanta Pride\",\"url\":\"https:\\\/\\\/atlantapride.org\\\/es\\\/\",\"logo\":{\"@type\":\"ImageObject\",\"inLanguage\":\"es\",\"@id\":\"https:\\\/\\\/atlantapride.org\\\/es\\\/#\\\/schema\\\/logo\\\/image\\\/\",\"url\":\"https:\\\/\\\/atlantapride.org\\\/wp-content\\\/uploads\\\/2024\\\/02\\\/Atlanta-Pride-Logo.svg\",\"contentUrl\":\"https:\\\/\\\/atlantapride.org\\\/wp-content\\\/uploads\\\/2024\\\/02\\\/Atlanta-Pride-Logo.svg\",\"width\":208,\"height\":126,\"caption\":\"Atlanta Pride Committee, Inc\"},\"image\":{\"@id\":\"https:\\\/\\\/atlantapride.org\\\/es\\\/#\\\/schema\\\/logo\\\/image\\\/\"},\"sameAs\":[\"https:\\\/\\\/www.facebook.com\\\/atlantapride\"]}]}<\/script>\n<!-- \/ Yoast SEO plugin. -->","yoast_head_json":{"title":"Gabe Mart\u00ednez - Atlanta Pride","robots":{"index":"index","follow":"follow","max-snippet":"max-snippet:-1","max-image-preview":"max-image-preview:large","max-video-preview":"max-video-preview:-1"},"canonical":"https:\/\/atlantapride.org\/es\/sobre-nosotros\/junta\/gabe-martinez\/","og_locale":"es_ES","og_type":"article","og_title":"Gabe Mart\u00ednez - Atlanta Pride","og_description":"Gabe Mart\u00ednez Tesorero de la Junta Pronombres preferidos: \u00c9l \/ \u00c9l Estado del Director: Vuelve a Mandato actual: Segundo (2\u00aa) Gabe es un transplantado de Atlanta procedente de Nueva York [&hellip;]","og_url":"https:\/\/atlantapride.org\/es\/sobre-nosotros\/junta\/gabe-martinez\/","og_site_name":"Atlanta Pride","article_publisher":"https:\/\/www.facebook.com\/atlantapride","article_modified_time":"2025-02-26T21:48:23+00:00","og_image":[{"width":1705,"height":1704,"url":"https:\/\/atlantapride.org\/wp-content\/uploads\/2025\/02\/gabem-web.jpg","type":"image\/jpeg"}],"twitter_card":"summary_large_image","twitter_misc":{"Tiempo de lectura":"2 minutos"},"schema":{"@context":"https:\/\/schema.org","@graph":[{"@type":"WebPage","@id":"https:\/\/atlantapride.org\/es\/sobre-nosotros\/junta\/gabe-martinez\/","url":"https:\/\/atlantapride.org\/es\/sobre-nosotros\/junta\/gabe-martinez\/","name":"Gabe Mart\u00ednez - Atlanta Pride","isPartOf":{"@id":"https:\/\/atlantapride.org\/es\/#website"},"primaryImageOfPage":{"@id":"https:\/\/atlantapride.org\/es\/sobre-nosotros\/junta\/gabe-martinez\/#primaryimage"},"image":{"@id":"https:\/\/atlantapride.org\/es\/sobre-nosotros\/junta\/gabe-martinez\/#primaryimage"},"thumbnailUrl":"https:\/\/atlantapride.org\/wp-content\/uploads\/2025\/02\/gabem-web-1024x1024.jpg","datePublished":"2024-05-03T23:28:58+00:00","dateModified":"2025-02-26T21:48:23+00:00","breadcrumb":{"@id":"https:\/\/atlantapride.org\/es\/sobre-nosotros\/junta\/gabe-martinez\/#breadcrumb"},"inLanguage":"es","potentialAction":[{"@type":"ReadAction","target":["https:\/\/atlantapride.org\/es\/sobre-nosotros\/junta\/gabe-martinez\/"]}]},{"@type":"ImageObject","inLanguage":"es","@id":"https:\/\/atlantapride.org\/es\/sobre-nosotros\/junta\/gabe-martinez\/#primaryimage","url":"https:\/\/atlantapride.org\/wp-content\/uploads\/2025\/02\/gabem-web-1024x1024.jpg","contentUrl":"https:\/\/atlantapride.org\/wp-content\/uploads\/2025\/02\/gabem-web-1024x1024.jpg"},{"@type":"BreadcrumbList","@id":"https:\/\/atlantapride.org\/es\/sobre-nosotros\/junta\/gabe-martinez\/#breadcrumb","itemListElement":[{"@type":"ListItem","position":1,"name":"Home","item":"https:\/\/atlantapride.org\/es\/"},{"@type":"ListItem","position":2,"name":"Sobre nosotros","item":"https:\/\/atlantapride.org\/es\/sobre-nosotros\/"},{"@type":"ListItem","position":3,"name":"Junta","item":"https:\/\/atlantapride.org\/es\/about-us\/the-board\/"},{"@type":"ListItem","position":4,"name":"Gabe Mart\u00ednez"}]},{"@type":"WebSite","@id":"https:\/\/atlantapride.org\/es\/#website","url":"https:\/\/atlantapride.org\/es\/","name":"Atlanta Pride","description":"Atlanta Pride&#039;s Website","publisher":{"@id":"https:\/\/atlantapride.org\/es\/#organization"},"potentialAction":[{"@type":"SearchAction","target":{"@type":"EntryPoint","urlTemplate":"https:\/\/atlantapride.org\/es\/?s={search_term_string}"},"query-input":{"@type":"PropertyValueSpecification","valueRequired":true,"valueName":"search_term_string"}}],"inLanguage":"es"},{"@type":"Organization","@id":"https:\/\/atlantapride.org\/es\/#organization","name":"Atlanta Pride Committee, Inc","alternateName":"Atlanta Pride","url":"https:\/\/atlantapride.org\/es\/","logo":{"@type":"ImageObject","inLanguage":"es","@id":"https:\/\/atlantapride.org\/es\/#\/schema\/logo\/image\/","url":"https:\/\/atlantapride.org\/wp-content\/uploads\/2024\/02\/Atlanta-Pride-Logo.svg","contentUrl":"https:\/\/atlantapride.org\/wp-content\/uploads\/2024\/02\/Atlanta-Pride-Logo.svg","width":208,"height":126,"caption":"Atlanta Pride Committee, Inc"},"image":{"@id":"https:\/\/atlantapride.org\/es\/#\/schema\/logo\/image\/"},"sameAs":["https:\/\/www.facebook.com\/atlantapride"]}]}},"ticketed":false,"_links":{"self":[{"href":"https:\/\/atlantapride.org\/es\/wp-json\/wp\/v2\/pages\/1937","targetHints":{"allow":["GET"]}}],"collection":[{"href":"https:\/\/atlantapride.org\/es\/wp-json\/wp\/v2\/pages"}],"about":[{"href":"https:\/\/atlantapride.org\/es\/wp-json\/wp\/v2\/types\/page"}],"author":[{"embeddable":true,"href":"https:\/\/atlantapride.org\/es\/wp-json\/wp\/v2\/users\/1"}],"replies":[{"embeddable":true,"href":"https:\/\/atlantapride.org\/es\/wp-json\/wp\/v2\/comments?post=1937"}],"version-history":[{"count":6,"href":"https:\/\/atlantapride.org\/es\/wp-json\/wp\/v2\/pages\/1937\/revisions"}],"predecessor-version":[{"id":3018,"href":"https:\/\/atlantapride.org\/es\/wp-json\/wp\/v2\/pages\/1937\/revisions\/3018"}],"up":[{"embeddable":true,"href":"https:\/\/atlantapride.org\/es\/wp-json\/wp\/v2\/pages\/2014"}],"wp:attachment":[{"href":"https:\/\/atlantapride.org\/es\/wp-json\/wp\/v2\/media?parent=1937"}],"curies":[{"name":"wp","href":"https:\/\/api.w.org\/{rel}","templated":true}]}}