{"id":1939,"date":"2024-05-03T19:31:34","date_gmt":"2024-05-03T23:31:34","guid":{"rendered":"https:\/\/atlantapride.org\/forrest-evans\/"},"modified":"2025-01-08T16:01:57","modified_gmt":"2025-01-08T21:01:57","slug":"forrest-evans","status":"publish","type":"page","link":"https:\/\/atlantapride.org\/es\/sobre-nosotros\/junta\/forrest-evans\/","title":{"rendered":"Forrest Evans"},"content":{"rendered":"\t\t<div data-elementor-type=\"wp-page\" data-elementor-id=\"1939\" class=\"elementor elementor-1939 elementor-497\" data-elementor-post-type=\"page\">\n\t\t\t\t<div class=\"elementor-element elementor-element-cd65e13 e-flex e-con-boxed e-con e-parent\" data-id=\"cd65e13\" data-element_type=\"container\" data-e-type=\"container\">\n\t\t\t\t\t<div class=\"e-con-inner\">\n\t\t<div class=\"elementor-element elementor-element-83bf01a e-con-full e-flex e-con e-child\" data-id=\"83bf01a\" data-element_type=\"container\" data-e-type=\"container\">\n\t\t\t\t<div class=\"elementor-element elementor-element-4dfcec0 elementor-widget elementor-widget-heading\" data-id=\"4dfcec0\" data-element_type=\"widget\" data-e-type=\"widget\" data-widget_type=\"heading.default\">\n\t\t\t\t<div class=\"elementor-widget-container\">\n\t\t\t\t\t<h1 class=\"elementor-heading-title elementor-size-default\">Forrest Evans<\/h1>\t\t\t\t<\/div>\n\t\t\t\t<\/div>\n\t\t\t\t<div class=\"elementor-element elementor-element-8b540c8 elementor-widget elementor-widget-heading\" data-id=\"8b540c8\" data-element_type=\"widget\" data-e-type=\"widget\" data-widget_type=\"heading.default\">\n\t\t\t\t<div class=\"elementor-widget-container\">\n\t\t\t\t\t<h2 class=\"elementor-heading-title elementor-size-default\">Director<\/h2>\t\t\t\t<\/div>\n\t\t\t\t<\/div>\n\t\t\t\t<div class=\"elementor-element elementor-element-4f0e911 elementor-widget elementor-widget-heading\" data-id=\"4f0e911\" data-element_type=\"widget\" data-e-type=\"widget\" data-widget_type=\"heading.default\">\n\t\t\t\t<div class=\"elementor-widget-container\">\n\t\t\t\t\t<h3 class=\"elementor-heading-title elementor-size-default\">Pronombres preferidos: Ella \/ Ella \/ Ella<br> Estado del Director: Nuevo<br> Mandato actual: Primero (1\u00aa)<br><\/h3>\t\t\t\t<\/div>\n\t\t\t\t<\/div>\n\t\t\t\t<div class=\"elementor-element elementor-element-81e61a9 elementor-widget elementor-widget-text-editor\" data-id=\"81e61a9\" data-element_type=\"widget\" data-e-type=\"widget\" data-widget_type=\"text-editor.default\">\n\t\t\t\t<div class=\"elementor-widget-container\">\n\t\t\t\t\t\t\t\t\t<p>Forrest es bibliotecaria licenciada y reside en Atlanta. Como graduada de la HBCU y continuadora del legado de su madre Zeta Phi Beta Sorority Inc. est\u00e1 comprometida con la comunidad. Ahora trabaja en deportes y tecnolog\u00eda para una gran empresa de medios de comunicaci\u00f3n. As\u00ed pues, el arte de contar historias y celebrar la cultura es su esencia.<\/p>\n<p>Antes de los deportes y la tecnolog\u00eda, ha trabajado exclusivamente en el mundo acad\u00e9mico y en bibliotecas especiales de la Universidad Estatal de Columbus, el Museo Afroamericano Tubman, el Sistema de Bibliotecas Regionales de Satilla, el South Georgia State College, la Universidad Estatal de Fort Valley y el Sistema de Bibliotecas P\u00fablicas de Atlanta-Fulton.<\/p>\n<p>\u00abBibliotecaria Favorita\u00bb es su floreciente plataforma que difunde exclusivamente Literatura y Recursos Negros y Queer. Desde sus continuas colaboraciones con Harper Collins, ECCO Books, Source Books y otras editoriales, disfruta contribuyendo a los c\u00edrculos acad\u00e9micos y a los espacios p\u00fablicos para la curaci\u00f3n, el crecimiento, la expresi\u00f3n, el descanso, la alegr\u00eda y el aprendizaje de las personas negras y queer.<\/p>\n<p>Combatir la falta de educaci\u00f3n, luchar por la igualdad de g\u00e9nero y el patriarcado sist\u00e9mico alegra su d\u00eda y la define como superhero\u00edna.<\/p>\n<p>Forrest declar\u00f3 que forma parte de la Junta de Atlanta Pride porque \u00abquiero apoyar el progreso de la equidad, la excelencia Queer y elevar a\u00fan m\u00e1s todas las intersecciones del espectro Queer en Metro Atlanta, en todo Georgia y en el mundo\u00bb. Creo de todo coraz\u00f3n que APC puede reflejar la hermosa diversidad de la comunidad Queer de Atlanta y contribuir a ella, y estoy entusiasmada por sumarme a ese trabajo.<\/p>\n<p>Anteriormente trabaj\u00e9 para la ciudad de Atlanta, en una biblioteca de Investigaci\u00f3n Especial dedicada exclusivamente a la Historia, Cultura y Literatura Negras. Sumar mis fuerzas, experiencia y conexiones a esta junta es un honor\u00bb.<\/p>\n\t\t\t\t\t\t\t\t<\/div>\n\t\t\t\t<\/div>\n\t\t\t\t<\/div>\n\t\t<div class=\"elementor-element elementor-element-db0e0fb e-con-full e-flex e-con e-child\" data-id=\"db0e0fb\" data-element_type=\"container\" data-e-type=\"container\">\n\t\t\t\t<div class=\"elementor-element elementor-element-217a1af elementor-widget elementor-widget-image\" data-id=\"217a1af\" data-element_type=\"widget\" data-e-type=\"widget\" data-widget_type=\"image.default\">\n\t\t\t\t<div class=\"elementor-widget-container\">\n\t\t\t\t\t\t\t\t\t\t\t\t\t\t\t<img fetchpriority=\"high\" decoding=\"async\" width=\"400\" height=\"400\" src=\"https:\/\/atlantapride.org\/wp-content\/uploads\/2024\/05\/Forrest-Evans.jpg\" class=\"attachment-large size-large wp-image-799\" alt=\"Forrest Evans\" srcset=\"https:\/\/atlantapride.org\/wp-content\/uploads\/2024\/05\/Forrest-Evans.jpg 400w, https:\/\/atlantapride.org\/wp-content\/uploads\/2024\/05\/Forrest-Evans-300x300.jpg 300w, https:\/\/atlantapride.org\/wp-content\/uploads\/2024\/05\/Forrest-Evans-150x150.jpg 150w\" sizes=\"(max-width: 400px) 100vw, 400px\" \/>\t\t\t\t\t\t\t\t\t\t\t\t\t\t\t<\/div>\n\t\t\t\t<\/div>\n\t\t<div class=\"elementor-element elementor-element-898ed0e e-flex e-con-boxed e-con e-child\" data-id=\"898ed0e\" data-element_type=\"container\" data-e-type=\"container\" data-settings=\"{&quot;background_background&quot;:&quot;classic&quot;}\">\n\t\t\t\t\t<div class=\"e-con-inner\">\n\t\t\t\t\t<\/div>\n\t\t\t\t<\/div>\n\t\t\t\t<\/div>\n\t\t\t\t\t<\/div>\n\t\t\t\t<\/div>\n\t\t<div class=\"elementor-element elementor-element-309a6e2 e-flex e-con-boxed e-con e-parent\" data-id=\"309a6e2\" data-element_type=\"container\" data-e-type=\"container\">\n\t\t\t\t\t<div class=\"e-con-inner\">\n\t\t\t\t<div class=\"elementor-element elementor-element-37ac3a4 elementor-widget elementor-widget-text-editor\" data-id=\"37ac3a4\" data-element_type=\"widget\" data-e-type=\"widget\" data-widget_type=\"text-editor.default\">\n\t\t\t\t<div class=\"elementor-widget-container\">\n\t\t\t\t\t\t\t\t\t<h3>Historia de las elecciones<\/h3>\n<ul>\n<li><strong>2023 <\/strong>&#8211; Elegido para un mandato de 2 a\u00f1os<\/li>\n<\/ul>\n\t\t\t\t\t\t\t\t<\/div>\n\t\t\t\t<\/div>\n\t\t\t\t\t<\/div>\n\t\t\t\t<\/div>\n\t\t\t\t<\/div>\n\t\t","protected":false},"excerpt":{"rendered":"<p>Forrest Evans Director Pronombres preferidos: Ella \/ Ella \/ Ella Estado del Director: Nuevo Mandato actual: Primero (1\u00aa) Forrest es bibliotecaria licenciada y reside en Atlanta. Como graduada de la [&hellip;]<\/p>\n","protected":false},"author":1,"featured_media":0,"parent":2014,"menu_order":0,"comment_status":"closed","ping_status":"closed","template":"","meta":{"_price":"","_stock":"","_tribe_ticket_header":"","_tribe_default_ticket_provider":"","_tribe_ticket_capacity":"0","_ticket_start_date":"","_ticket_end_date":"","_tribe_ticket_show_description":"","_tribe_ticket_show_not_going":false,"_tribe_ticket_use_global_stock":"","_tribe_ticket_global_stock_level":"","_global_stock_mode":"","_global_stock_cap":"","_tribe_rsvp_for_event":"","_tribe_ticket_going_count":"","_tribe_ticket_not_going_count":"","_tribe_tickets_list":"[]","_tribe_ticket_has_attendee_info_fields":false,"footnotes":"","_tec_slr_enabled":"","_tec_slr_layout":""},"class_list":["post-1939","page","type-page","status-publish","hentry"],"yoast_head":"<!-- This site is optimized with the Yoast SEO plugin v27.5 - https:\/\/yoast.com\/product\/yoast-seo-wordpress\/ -->\n<title>Forrest Evans - Atlanta Pride<\/title>\n<meta name=\"robots\" content=\"index, follow, max-snippet:-1, max-image-preview:large, max-video-preview:-1\" \/>\n<link rel=\"canonical\" href=\"https:\/\/atlantapride.org\/es\/sobre-nosotros\/junta\/forrest-evans\/\" \/>\n<meta property=\"og:locale\" content=\"es_ES\" \/>\n<meta property=\"og:type\" content=\"article\" \/>\n<meta property=\"og:title\" content=\"Forrest Evans - Atlanta Pride\" \/>\n<meta property=\"og:description\" content=\"Forrest Evans Director Pronombres preferidos: Ella \/ Ella \/ Ella Estado del Director: Nuevo Mandato actual: Primero (1\u00aa) Forrest es bibliotecaria licenciada y reside en Atlanta. Como graduada de la [&hellip;]\" \/>\n<meta property=\"og:url\" content=\"https:\/\/atlantapride.org\/es\/sobre-nosotros\/junta\/forrest-evans\/\" \/>\n<meta property=\"og:site_name\" content=\"Atlanta Pride\" \/>\n<meta property=\"article:publisher\" content=\"https:\/\/www.facebook.com\/atlantapride\" \/>\n<meta property=\"article:modified_time\" content=\"2025-01-08T21:01:57+00:00\" \/>\n<meta property=\"og:image\" content=\"https:\/\/atlantapride.org\/wp-content\/uploads\/2024\/05\/Forrest-Evans.jpg\" \/>\n\t<meta property=\"og:image:width\" content=\"400\" \/>\n\t<meta property=\"og:image:height\" content=\"400\" \/>\n\t<meta property=\"og:image:type\" content=\"image\/jpeg\" \/>\n<meta name=\"twitter:card\" content=\"summary_large_image\" \/>\n<meta name=\"twitter:label1\" content=\"Tiempo de lectura\" \/>\n\t<meta name=\"twitter:data1\" content=\"2 minutos\" \/>\n<script type=\"application\/ld+json\" class=\"yoast-schema-graph\">{\"@context\":\"https:\\\/\\\/schema.org\",\"@graph\":[{\"@type\":\"WebPage\",\"@id\":\"https:\\\/\\\/atlantapride.org\\\/es\\\/sobre-nosotros\\\/junta\\\/forrest-evans\\\/\",\"url\":\"https:\\\/\\\/atlantapride.org\\\/es\\\/sobre-nosotros\\\/junta\\\/forrest-evans\\\/\",\"name\":\"Forrest Evans - Atlanta Pride\",\"isPartOf\":{\"@id\":\"https:\\\/\\\/atlantapride.org\\\/es\\\/#website\"},\"primaryImageOfPage\":{\"@id\":\"https:\\\/\\\/atlantapride.org\\\/es\\\/sobre-nosotros\\\/junta\\\/forrest-evans\\\/#primaryimage\"},\"image\":{\"@id\":\"https:\\\/\\\/atlantapride.org\\\/es\\\/sobre-nosotros\\\/junta\\\/forrest-evans\\\/#primaryimage\"},\"thumbnailUrl\":\"https:\\\/\\\/atlantapride.org\\\/wp-content\\\/uploads\\\/2024\\\/05\\\/Forrest-Evans.jpg\",\"datePublished\":\"2024-05-03T23:31:34+00:00\",\"dateModified\":\"2025-01-08T21:01:57+00:00\",\"breadcrumb\":{\"@id\":\"https:\\\/\\\/atlantapride.org\\\/es\\\/sobre-nosotros\\\/junta\\\/forrest-evans\\\/#breadcrumb\"},\"inLanguage\":\"es\",\"potentialAction\":[{\"@type\":\"ReadAction\",\"target\":[\"https:\\\/\\\/atlantapride.org\\\/es\\\/sobre-nosotros\\\/junta\\\/forrest-evans\\\/\"]}]},{\"@type\":\"ImageObject\",\"inLanguage\":\"es\",\"@id\":\"https:\\\/\\\/atlantapride.org\\\/es\\\/sobre-nosotros\\\/junta\\\/forrest-evans\\\/#primaryimage\",\"url\":\"https:\\\/\\\/atlantapride.org\\\/wp-content\\\/uploads\\\/2024\\\/05\\\/Forrest-Evans.jpg\",\"contentUrl\":\"https:\\\/\\\/atlantapride.org\\\/wp-content\\\/uploads\\\/2024\\\/05\\\/Forrest-Evans.jpg\"},{\"@type\":\"BreadcrumbList\",\"@id\":\"https:\\\/\\\/atlantapride.org\\\/es\\\/sobre-nosotros\\\/junta\\\/forrest-evans\\\/#breadcrumb\",\"itemListElement\":[{\"@type\":\"ListItem\",\"position\":1,\"name\":\"Home\",\"item\":\"https:\\\/\\\/atlantapride.org\\\/es\\\/\"},{\"@type\":\"ListItem\",\"position\":2,\"name\":\"Sobre nosotros\",\"item\":\"https:\\\/\\\/atlantapride.org\\\/es\\\/sobre-nosotros\\\/\"},{\"@type\":\"ListItem\",\"position\":3,\"name\":\"Junta\",\"item\":\"https:\\\/\\\/atlantapride.org\\\/es\\\/about-us\\\/the-board\\\/\"},{\"@type\":\"ListItem\",\"position\":4,\"name\":\"Forrest Evans\"}]},{\"@type\":\"WebSite\",\"@id\":\"https:\\\/\\\/atlantapride.org\\\/es\\\/#website\",\"url\":\"https:\\\/\\\/atlantapride.org\\\/es\\\/\",\"name\":\"Atlanta Pride\",\"description\":\"Atlanta Pride&#039;s Website\",\"publisher\":{\"@id\":\"https:\\\/\\\/atlantapride.org\\\/es\\\/#organization\"},\"potentialAction\":[{\"@type\":\"SearchAction\",\"target\":{\"@type\":\"EntryPoint\",\"urlTemplate\":\"https:\\\/\\\/atlantapride.org\\\/es\\\/?s={search_term_string}\"},\"query-input\":{\"@type\":\"PropertyValueSpecification\",\"valueRequired\":true,\"valueName\":\"search_term_string\"}}],\"inLanguage\":\"es\"},{\"@type\":\"Organization\",\"@id\":\"https:\\\/\\\/atlantapride.org\\\/es\\\/#organization\",\"name\":\"Atlanta Pride Committee, Inc\",\"alternateName\":\"Atlanta Pride\",\"url\":\"https:\\\/\\\/atlantapride.org\\\/es\\\/\",\"logo\":{\"@type\":\"ImageObject\",\"inLanguage\":\"es\",\"@id\":\"https:\\\/\\\/atlantapride.org\\\/es\\\/#\\\/schema\\\/logo\\\/image\\\/\",\"url\":\"https:\\\/\\\/atlantapride.org\\\/wp-content\\\/uploads\\\/2024\\\/02\\\/Atlanta-Pride-Logo.svg\",\"contentUrl\":\"https:\\\/\\\/atlantapride.org\\\/wp-content\\\/uploads\\\/2024\\\/02\\\/Atlanta-Pride-Logo.svg\",\"width\":208,\"height\":126,\"caption\":\"Atlanta Pride Committee, Inc\"},\"image\":{\"@id\":\"https:\\\/\\\/atlantapride.org\\\/es\\\/#\\\/schema\\\/logo\\\/image\\\/\"},\"sameAs\":[\"https:\\\/\\\/www.facebook.com\\\/atlantapride\"]}]}<\/script>\n<!-- \/ Yoast SEO plugin. -->","yoast_head_json":{"title":"Forrest Evans - Atlanta Pride","robots":{"index":"index","follow":"follow","max-snippet":"max-snippet:-1","max-image-preview":"max-image-preview:large","max-video-preview":"max-video-preview:-1"},"canonical":"https:\/\/atlantapride.org\/es\/sobre-nosotros\/junta\/forrest-evans\/","og_locale":"es_ES","og_type":"article","og_title":"Forrest Evans - Atlanta Pride","og_description":"Forrest Evans Director Pronombres preferidos: Ella \/ Ella \/ Ella Estado del Director: Nuevo Mandato actual: Primero (1\u00aa) Forrest es bibliotecaria licenciada y reside en Atlanta. Como graduada de la [&hellip;]","og_url":"https:\/\/atlantapride.org\/es\/sobre-nosotros\/junta\/forrest-evans\/","og_site_name":"Atlanta Pride","article_publisher":"https:\/\/www.facebook.com\/atlantapride","article_modified_time":"2025-01-08T21:01:57+00:00","og_image":[{"width":400,"height":400,"url":"https:\/\/atlantapride.org\/wp-content\/uploads\/2024\/05\/Forrest-Evans.jpg","type":"image\/jpeg"}],"twitter_card":"summary_large_image","twitter_misc":{"Tiempo de lectura":"2 minutos"},"schema":{"@context":"https:\/\/schema.org","@graph":[{"@type":"WebPage","@id":"https:\/\/atlantapride.org\/es\/sobre-nosotros\/junta\/forrest-evans\/","url":"https:\/\/atlantapride.org\/es\/sobre-nosotros\/junta\/forrest-evans\/","name":"Forrest Evans - Atlanta Pride","isPartOf":{"@id":"https:\/\/atlantapride.org\/es\/#website"},"primaryImageOfPage":{"@id":"https:\/\/atlantapride.org\/es\/sobre-nosotros\/junta\/forrest-evans\/#primaryimage"},"image":{"@id":"https:\/\/atlantapride.org\/es\/sobre-nosotros\/junta\/forrest-evans\/#primaryimage"},"thumbnailUrl":"https:\/\/atlantapride.org\/wp-content\/uploads\/2024\/05\/Forrest-Evans.jpg","datePublished":"2024-05-03T23:31:34+00:00","dateModified":"2025-01-08T21:01:57+00:00","breadcrumb":{"@id":"https:\/\/atlantapride.org\/es\/sobre-nosotros\/junta\/forrest-evans\/#breadcrumb"},"inLanguage":"es","potentialAction":[{"@type":"ReadAction","target":["https:\/\/atlantapride.org\/es\/sobre-nosotros\/junta\/forrest-evans\/"]}]},{"@type":"ImageObject","inLanguage":"es","@id":"https:\/\/atlantapride.org\/es\/sobre-nosotros\/junta\/forrest-evans\/#primaryimage","url":"https:\/\/atlantapride.org\/wp-content\/uploads\/2024\/05\/Forrest-Evans.jpg","contentUrl":"https:\/\/atlantapride.org\/wp-content\/uploads\/2024\/05\/Forrest-Evans.jpg"},{"@type":"BreadcrumbList","@id":"https:\/\/atlantapride.org\/es\/sobre-nosotros\/junta\/forrest-evans\/#breadcrumb","itemListElement":[{"@type":"ListItem","position":1,"name":"Home","item":"https:\/\/atlantapride.org\/es\/"},{"@type":"ListItem","position":2,"name":"Sobre nosotros","item":"https:\/\/atlantapride.org\/es\/sobre-nosotros\/"},{"@type":"ListItem","position":3,"name":"Junta","item":"https:\/\/atlantapride.org\/es\/about-us\/the-board\/"},{"@type":"ListItem","position":4,"name":"Forrest Evans"}]},{"@type":"WebSite","@id":"https:\/\/atlantapride.org\/es\/#website","url":"https:\/\/atlantapride.org\/es\/","name":"Atlanta Pride","description":"Atlanta Pride&#039;s Website","publisher":{"@id":"https:\/\/atlantapride.org\/es\/#organization"},"potentialAction":[{"@type":"SearchAction","target":{"@type":"EntryPoint","urlTemplate":"https:\/\/atlantapride.org\/es\/?s={search_term_string}"},"query-input":{"@type":"PropertyValueSpecification","valueRequired":true,"valueName":"search_term_string"}}],"inLanguage":"es"},{"@type":"Organization","@id":"https:\/\/atlantapride.org\/es\/#organization","name":"Atlanta Pride Committee, Inc","alternateName":"Atlanta Pride","url":"https:\/\/atlantapride.org\/es\/","logo":{"@type":"ImageObject","inLanguage":"es","@id":"https:\/\/atlantapride.org\/es\/#\/schema\/logo\/image\/","url":"https:\/\/atlantapride.org\/wp-content\/uploads\/2024\/02\/Atlanta-Pride-Logo.svg","contentUrl":"https:\/\/atlantapride.org\/wp-content\/uploads\/2024\/02\/Atlanta-Pride-Logo.svg","width":208,"height":126,"caption":"Atlanta Pride Committee, Inc"},"image":{"@id":"https:\/\/atlantapride.org\/es\/#\/schema\/logo\/image\/"},"sameAs":["https:\/\/www.facebook.com\/atlantapride"]}]}},"ticketed":false,"_links":{"self":[{"href":"https:\/\/atlantapride.org\/es\/wp-json\/wp\/v2\/pages\/1939","targetHints":{"allow":["GET"]}}],"collection":[{"href":"https:\/\/atlantapride.org\/es\/wp-json\/wp\/v2\/pages"}],"about":[{"href":"https:\/\/atlantapride.org\/es\/wp-json\/wp\/v2\/types\/page"}],"author":[{"embeddable":true,"href":"https:\/\/atlantapride.org\/es\/wp-json\/wp\/v2\/users\/1"}],"replies":[{"embeddable":true,"href":"https:\/\/atlantapride.org\/es\/wp-json\/wp\/v2\/comments?post=1939"}],"version-history":[{"count":4,"href":"https:\/\/atlantapride.org\/es\/wp-json\/wp\/v2\/pages\/1939\/revisions"}],"predecessor-version":[{"id":2246,"href":"https:\/\/atlantapride.org\/es\/wp-json\/wp\/v2\/pages\/1939\/revisions\/2246"}],"up":[{"embeddable":true,"href":"https:\/\/atlantapride.org\/es\/wp-json\/wp\/v2\/pages\/2014"}],"wp:attachment":[{"href":"https:\/\/atlantapride.org\/es\/wp-json\/wp\/v2\/media?parent=1939"}],"curies":[{"name":"wp","href":"https:\/\/api.w.org\/{rel}","templated":true}]}}