{"id":1948,"date":"2024-05-03T19:46:25","date_gmt":"2024-05-03T23:46:25","guid":{"rendered":"https:\/\/atlantapride.org\/nicoal-whitworth\/"},"modified":"2025-02-26T17:19:27","modified_gmt":"2025-02-26T22:19:27","slug":"nicoal-whitworth","status":"publish","type":"page","link":"https:\/\/atlantapride.org\/es\/sobre-nosotros\/junta\/nicoal-whitworth\/","title":{"rendered":"Nicoal Whitworth"},"content":{"rendered":"\t\t<div data-elementor-type=\"wp-page\" data-elementor-id=\"1948\" class=\"elementor elementor-1948 elementor-545\" data-elementor-post-type=\"page\">\n\t\t\t\t<div class=\"elementor-element elementor-element-30da6ee e-flex e-con-boxed e-con e-parent\" data-id=\"30da6ee\" data-element_type=\"container\" data-e-type=\"container\">\n\t\t\t\t\t<div class=\"e-con-inner\">\n\t\t<div class=\"elementor-element elementor-element-144c3ae e-con-full e-flex e-con e-child\" data-id=\"144c3ae\" data-element_type=\"container\" data-e-type=\"container\">\n\t\t\t\t<div class=\"elementor-element elementor-element-ac10af1 elementor-widget elementor-widget-heading\" data-id=\"ac10af1\" data-element_type=\"widget\" data-e-type=\"widget\" data-widget_type=\"heading.default\">\n\t\t\t\t<div class=\"elementor-widget-container\">\n\t\t\t\t\t<h1 class=\"elementor-heading-title elementor-size-default\">Nicoal Whitworth<\/h1>\t\t\t\t<\/div>\n\t\t\t\t<\/div>\n\t\t\t\t<div class=\"elementor-element elementor-element-e2e0f4b elementor-widget elementor-widget-heading\" data-id=\"e2e0f4b\" data-element_type=\"widget\" data-e-type=\"widget\" data-widget_type=\"heading.default\">\n\t\t\t\t<div class=\"elementor-widget-container\">\n\t\t\t\t\t<h2 class=\"elementor-heading-title elementor-size-default\">Director<\/h2>\t\t\t\t<\/div>\n\t\t\t\t<\/div>\n\t\t\t\t<div class=\"elementor-element elementor-element-e6ad0f5 elementor-widget elementor-widget-heading\" data-id=\"e6ad0f5\" data-element_type=\"widget\" data-e-type=\"widget\" data-widget_type=\"heading.default\">\n\t\t\t\t<div class=\"elementor-widget-container\">\n\t\t\t\t\t<h3 class=\"elementor-heading-title elementor-size-default\">Pronombres preferidos: Ella \/ Ellos<br> Estado del Director: Nuevo<br> Mandato actual: Primero (1\u00ba)<br><\/h3>\t\t\t\t<\/div>\n\t\t\t\t<\/div>\n\t\t\t\t<div class=\"elementor-element elementor-element-32385be elementor-widget elementor-widget-text-editor\" data-id=\"32385be\" data-element_type=\"widget\" data-e-type=\"widget\" data-widget_type=\"text-editor.default\">\n\t\t\t\t<div class=\"elementor-widget-container\">\n\t\t\t\t\t\t\t\t\t<p>Nicoal declar\u00f3 que forma parte de la Junta de Atlanta Pride porque \u00ab<i> quer\u00eda ayudar a dar una visi\u00f3n desde una perspectiva diferente <\/i>\u00ab.<\/p>\n<p>Nicoal vive con epilepsia y par\u00e1lisis cerebral, as\u00ed como con otras discapacidades mentales derivadas de estos obst\u00e1culos, pero no deja que estos diagn\u00f3sticos les impidan seguir adelante.<\/p>\n<p>En diciembre de 2012, Nicoal se dirig\u00eda a casa de su familia para pasar las vacaciones.<br \/>\nMientras iba por la carretera, fue atropellada por otro veh\u00edculo, lo que desencaden\u00f3 una cadena de acontecimientos que cambiaron su vida.<br \/>\nEmpezar\u00edan a recorrer el camino que tantos otros recorrieron antes que ellos, aprendiendo a vivir la vida de otra manera, aprendiendo a hacer las cosas desde una nueva perspectiva.<br \/>\nEn 2015, Nicoal recibi\u00f3 su primer animal de servicio y se enfrent\u00f3 a otro gran problema de salud.<br \/>\nDescubrieron que ten\u00eda c\u00e1ncer de cuello de \u00fatero.<br \/>\nAun as\u00ed, Nicoal no dej\u00f3 que eso les detuviera.     <\/p>\n<p>En oto\u00f1o de 2018, el animal de servicio de Nicoal falleci\u00f3 debido a unas condiciones de salud inesperadas.<br \/>\nNicoal invirti\u00f3 en un nuevo animal de servicio de inmediato para no caer en un mal lugar mentalmente mientras luchaba contra el c\u00e1ncer y continuar con su terapia f\u00edsica.<br \/>\nTras meses de duro entrenamiento e inversi\u00f3n mental, ahora tiene una preciosa caniche llamada Mara Jade que trabaja a su lado ayud\u00e1ndola a diario.<br \/>\nPor desgracia, Mara Jade ha sido retirada debido a su propio estado de salud, pero sigue viviendo con Nicoal.   <\/p>\n<p>Nicoal gan\u00f3 su batalla contra el c\u00e1ncer en la primavera de 2019.<br \/>\nNicoal persigui\u00f3 entonces su objetivo de convertirse en Ms. Wheelchair Georgia, consigui\u00e9ndolo en febrero de 2020.<br \/>\nLuego, en febrero de 2022, Nicoal se convirti\u00f3 en la coordinadora estatal de la Ms. Wheelchair Georgia Orginaztion.<br \/>\nUtiliza su plataforma como Ms. Wheelchair Georgia para ayudar a educar al p\u00fablico sobre la importancia de no distraer a un animal de servicio y dejarle hacer su trabajo.   <\/p>\n<p>Tambi\u00e9n utiliza su plataforma para asegurar a los adiestradores de animales de servicio que no est\u00e1n solos, por mucho que lo sientan, y ense\u00f1arles las leyes que ayudan a protegerlos.<br \/>\n\u00daltimamente, Nicoal ha iniciado una campa\u00f1a de presi\u00f3n para cambiar las leyes estatales locales de modo que reflejen las leyes federales, incluyan a las personas con discapacidad mental y establezcan una pena m\u00e1s severa por presentarse falsamente como adiestrador o cuidador de animales de servicio para obtener una acomodaci\u00f3n. <\/p>\n<p>Nicoal cre\u00f3 un grupo en Facebook para adiestradores de su estado con el fin de reunirlos y permitirles tener un lugar seguro en el que hablar abiertamente sobre la mejor forma de manejar las situaciones.<br \/>\nNicoal tambi\u00e9n trabaja con empresas para ayudar a educarlas sobre c\u00f3mo manejar situaciones en las que entran perros de servicio y se comportan bien o mal.<br \/>\nLa educacion es una de las pasiones de Nicoal y traer perros de servicios su segunda pasion ya que los ha salvado muchas veces, asi que unir estas dos cosas impulsa a Nicoal a querer llegar a tanta gente como sea posible.  <\/p>\n<p>Nicoal ha superado tantas cosas que esto es s\u00f3lo la punta del iceberg.<br \/>\nHay tanto en su historia, desde sobrevivir a la violencia dom\u00e9stica y quedarse sin hogar hasta reconstruir ahora su imperio guijarro a guijarro. <\/p>\n\t\t\t\t\t\t\t\t<\/div>\n\t\t\t\t<\/div>\n\t\t\t\t<\/div>\n\t\t<div class=\"elementor-element elementor-element-4ab01ab e-con-full e-flex e-con e-child\" data-id=\"4ab01ab\" data-element_type=\"container\" data-e-type=\"container\">\n\t\t\t\t<div class=\"elementor-element elementor-element-5456025 elementor-widget elementor-widget-image\" data-id=\"5456025\" data-element_type=\"widget\" data-e-type=\"widget\" data-widget_type=\"image.default\">\n\t\t\t\t<div class=\"elementor-widget-container\">\n\t\t\t\t\t\t\t\t\t\t\t\t\t\t\t<img fetchpriority=\"high\" decoding=\"async\" width=\"691\" height=\"1024\" src=\"https:\/\/atlantapride.org\/wp-content\/uploads\/2025\/02\/nicoal.whitworth2-2025-691x1024.jpg\" class=\"attachment-large size-large wp-image-3086\" alt=\"\" srcset=\"https:\/\/atlantapride.org\/wp-content\/uploads\/2025\/02\/nicoal.whitworth2-2025-691x1024.jpg 691w, https:\/\/atlantapride.org\/wp-content\/uploads\/2025\/02\/nicoal.whitworth2-2025-202x300.jpg 202w, https:\/\/atlantapride.org\/wp-content\/uploads\/2025\/02\/nicoal.whitworth2-2025-768x1139.jpg 768w, https:\/\/atlantapride.org\/wp-content\/uploads\/2025\/02\/nicoal.whitworth2-2025-1036x1536.jpg 1036w, https:\/\/atlantapride.org\/wp-content\/uploads\/2025\/02\/nicoal.whitworth2-2025.jpg 1237w\" sizes=\"(max-width: 691px) 100vw, 691px\" \/>\t\t\t\t\t\t\t\t\t\t\t\t\t\t\t<\/div>\n\t\t\t\t<\/div>\n\t\t<div class=\"elementor-element elementor-element-81e8eb3 e-flex e-con-boxed e-con e-child\" data-id=\"81e8eb3\" data-element_type=\"container\" data-e-type=\"container\" data-settings=\"{&quot;background_background&quot;:&quot;classic&quot;}\">\n\t\t\t\t\t<div class=\"e-con-inner\">\n\t\t\t\t\t<\/div>\n\t\t\t\t<\/div>\n\t\t\t\t<\/div>\n\t\t\t\t\t<\/div>\n\t\t\t\t<\/div>\n\t\t<div class=\"elementor-element elementor-element-17a6f5e e-flex e-con-boxed e-con e-parent\" data-id=\"17a6f5e\" data-element_type=\"container\" data-e-type=\"container\">\n\t\t\t\t\t<div class=\"e-con-inner\">\n\t\t\t\t<div class=\"elementor-element elementor-element-9385e7e elementor-widget elementor-widget-text-editor\" data-id=\"9385e7e\" data-element_type=\"widget\" data-e-type=\"widget\" data-widget_type=\"text-editor.default\">\n\t\t\t\t<div class=\"elementor-widget-container\">\n\t\t\t\t\t\t\t\t\t<h3>Historia de las elecciones<\/h3>\n<ul>\n<li><strong>2023<\/strong> &#8211; Elegido para un mandato de 2 a\u00f1os<\/li>\n<\/ul>\n\t\t\t\t\t\t\t\t<\/div>\n\t\t\t\t<\/div>\n\t\t\t\t\t<\/div>\n\t\t\t\t<\/div>\n\t\t\t\t<\/div>\n\t\t","protected":false},"excerpt":{"rendered":"<p>Nicoal Whitworth Director Pronombres preferidos: Ella \/ Ellos Estado del Director: Nuevo Mandato actual: Primero (1\u00ba) Nicoal declar\u00f3 que forma parte de la Junta de Atlanta Pride porque \u00ab quer\u00eda [&hellip;]<\/p>\n","protected":false},"author":1,"featured_media":0,"parent":2014,"menu_order":0,"comment_status":"closed","ping_status":"closed","template":"","meta":{"_price":"","_stock":"","_tribe_ticket_header":"","_tribe_default_ticket_provider":"","_tribe_ticket_capacity":"0","_ticket_start_date":"","_ticket_end_date":"","_tribe_ticket_show_description":"","_tribe_ticket_show_not_going":false,"_tribe_ticket_use_global_stock":"","_tribe_ticket_global_stock_level":"","_global_stock_mode":"","_global_stock_cap":"","_tribe_rsvp_for_event":"","_tribe_ticket_going_count":"","_tribe_ticket_not_going_count":"","_tribe_tickets_list":"[]","_tribe_ticket_has_attendee_info_fields":false,"footnotes":"","_tec_slr_enabled":"","_tec_slr_layout":""},"class_list":["post-1948","page","type-page","status-publish","hentry"],"yoast_head":"<!-- This site is optimized with the Yoast SEO plugin v27.5 - https:\/\/yoast.com\/product\/yoast-seo-wordpress\/ -->\n<title>Nicoal Whitworth - Atlanta Pride<\/title>\n<meta name=\"robots\" content=\"index, follow, max-snippet:-1, max-image-preview:large, max-video-preview:-1\" \/>\n<link rel=\"canonical\" href=\"https:\/\/atlantapride.org\/es\/sobre-nosotros\/junta\/nicoal-whitworth\/\" \/>\n<meta property=\"og:locale\" content=\"es_ES\" \/>\n<meta property=\"og:type\" content=\"article\" \/>\n<meta property=\"og:title\" content=\"Nicoal Whitworth - Atlanta Pride\" \/>\n<meta property=\"og:description\" content=\"Nicoal Whitworth Director Pronombres preferidos: Ella \/ Ellos Estado del Director: Nuevo Mandato actual: Primero (1\u00ba) Nicoal declar\u00f3 que forma parte de la Junta de Atlanta Pride porque \u00ab quer\u00eda [&hellip;]\" \/>\n<meta property=\"og:url\" content=\"https:\/\/atlantapride.org\/es\/sobre-nosotros\/junta\/nicoal-whitworth\/\" \/>\n<meta property=\"og:site_name\" content=\"Atlanta Pride\" \/>\n<meta property=\"article:publisher\" content=\"https:\/\/www.facebook.com\/atlantapride\" \/>\n<meta property=\"article:modified_time\" content=\"2025-02-26T22:19:27+00:00\" \/>\n<meta property=\"og:image\" content=\"https:\/\/atlantapride.org\/wp-content\/uploads\/2025\/02\/nicoal.whitworth2-2025.jpg\" \/>\n\t<meta property=\"og:image:width\" content=\"1237\" \/>\n\t<meta property=\"og:image:height\" content=\"1834\" \/>\n\t<meta property=\"og:image:type\" content=\"image\/jpeg\" \/>\n<meta name=\"twitter:card\" content=\"summary_large_image\" \/>\n<meta name=\"twitter:label1\" content=\"Tiempo de lectura\" \/>\n\t<meta name=\"twitter:data1\" content=\"3 minutos\" \/>\n<script type=\"application\/ld+json\" class=\"yoast-schema-graph\">{\"@context\":\"https:\\\/\\\/schema.org\",\"@graph\":[{\"@type\":\"WebPage\",\"@id\":\"https:\\\/\\\/atlantapride.org\\\/es\\\/sobre-nosotros\\\/junta\\\/nicoal-whitworth\\\/\",\"url\":\"https:\\\/\\\/atlantapride.org\\\/es\\\/sobre-nosotros\\\/junta\\\/nicoal-whitworth\\\/\",\"name\":\"Nicoal Whitworth - Atlanta Pride\",\"isPartOf\":{\"@id\":\"https:\\\/\\\/atlantapride.org\\\/es\\\/#website\"},\"primaryImageOfPage\":{\"@id\":\"https:\\\/\\\/atlantapride.org\\\/es\\\/sobre-nosotros\\\/junta\\\/nicoal-whitworth\\\/#primaryimage\"},\"image\":{\"@id\":\"https:\\\/\\\/atlantapride.org\\\/es\\\/sobre-nosotros\\\/junta\\\/nicoal-whitworth\\\/#primaryimage\"},\"thumbnailUrl\":\"https:\\\/\\\/atlantapride.org\\\/wp-content\\\/uploads\\\/2025\\\/02\\\/nicoal.whitworth2-2025-691x1024.jpg\",\"datePublished\":\"2024-05-03T23:46:25+00:00\",\"dateModified\":\"2025-02-26T22:19:27+00:00\",\"breadcrumb\":{\"@id\":\"https:\\\/\\\/atlantapride.org\\\/es\\\/sobre-nosotros\\\/junta\\\/nicoal-whitworth\\\/#breadcrumb\"},\"inLanguage\":\"es\",\"potentialAction\":[{\"@type\":\"ReadAction\",\"target\":[\"https:\\\/\\\/atlantapride.org\\\/es\\\/sobre-nosotros\\\/junta\\\/nicoal-whitworth\\\/\"]}]},{\"@type\":\"ImageObject\",\"inLanguage\":\"es\",\"@id\":\"https:\\\/\\\/atlantapride.org\\\/es\\\/sobre-nosotros\\\/junta\\\/nicoal-whitworth\\\/#primaryimage\",\"url\":\"https:\\\/\\\/atlantapride.org\\\/wp-content\\\/uploads\\\/2025\\\/02\\\/nicoal.whitworth2-2025-691x1024.jpg\",\"contentUrl\":\"https:\\\/\\\/atlantapride.org\\\/wp-content\\\/uploads\\\/2025\\\/02\\\/nicoal.whitworth2-2025-691x1024.jpg\"},{\"@type\":\"BreadcrumbList\",\"@id\":\"https:\\\/\\\/atlantapride.org\\\/es\\\/sobre-nosotros\\\/junta\\\/nicoal-whitworth\\\/#breadcrumb\",\"itemListElement\":[{\"@type\":\"ListItem\",\"position\":1,\"name\":\"Home\",\"item\":\"https:\\\/\\\/atlantapride.org\\\/es\\\/\"},{\"@type\":\"ListItem\",\"position\":2,\"name\":\"Sobre nosotros\",\"item\":\"https:\\\/\\\/atlantapride.org\\\/es\\\/sobre-nosotros\\\/\"},{\"@type\":\"ListItem\",\"position\":3,\"name\":\"Junta\",\"item\":\"https:\\\/\\\/atlantapride.org\\\/es\\\/about-us\\\/the-board\\\/\"},{\"@type\":\"ListItem\",\"position\":4,\"name\":\"Nicoal Whitworth\"}]},{\"@type\":\"WebSite\",\"@id\":\"https:\\\/\\\/atlantapride.org\\\/es\\\/#website\",\"url\":\"https:\\\/\\\/atlantapride.org\\\/es\\\/\",\"name\":\"Atlanta Pride\",\"description\":\"Atlanta Pride&#039;s Website\",\"publisher\":{\"@id\":\"https:\\\/\\\/atlantapride.org\\\/es\\\/#organization\"},\"potentialAction\":[{\"@type\":\"SearchAction\",\"target\":{\"@type\":\"EntryPoint\",\"urlTemplate\":\"https:\\\/\\\/atlantapride.org\\\/es\\\/?s={search_term_string}\"},\"query-input\":{\"@type\":\"PropertyValueSpecification\",\"valueRequired\":true,\"valueName\":\"search_term_string\"}}],\"inLanguage\":\"es\"},{\"@type\":\"Organization\",\"@id\":\"https:\\\/\\\/atlantapride.org\\\/es\\\/#organization\",\"name\":\"Atlanta Pride Committee, Inc\",\"alternateName\":\"Atlanta Pride\",\"url\":\"https:\\\/\\\/atlantapride.org\\\/es\\\/\",\"logo\":{\"@type\":\"ImageObject\",\"inLanguage\":\"es\",\"@id\":\"https:\\\/\\\/atlantapride.org\\\/es\\\/#\\\/schema\\\/logo\\\/image\\\/\",\"url\":\"https:\\\/\\\/atlantapride.org\\\/wp-content\\\/uploads\\\/2024\\\/02\\\/Atlanta-Pride-Logo.svg\",\"contentUrl\":\"https:\\\/\\\/atlantapride.org\\\/wp-content\\\/uploads\\\/2024\\\/02\\\/Atlanta-Pride-Logo.svg\",\"width\":208,\"height\":126,\"caption\":\"Atlanta Pride Committee, Inc\"},\"image\":{\"@id\":\"https:\\\/\\\/atlantapride.org\\\/es\\\/#\\\/schema\\\/logo\\\/image\\\/\"},\"sameAs\":[\"https:\\\/\\\/www.facebook.com\\\/atlantapride\"]}]}<\/script>\n<!-- \/ Yoast SEO plugin. -->","yoast_head_json":{"title":"Nicoal Whitworth - Atlanta Pride","robots":{"index":"index","follow":"follow","max-snippet":"max-snippet:-1","max-image-preview":"max-image-preview:large","max-video-preview":"max-video-preview:-1"},"canonical":"https:\/\/atlantapride.org\/es\/sobre-nosotros\/junta\/nicoal-whitworth\/","og_locale":"es_ES","og_type":"article","og_title":"Nicoal Whitworth - Atlanta Pride","og_description":"Nicoal Whitworth Director Pronombres preferidos: Ella \/ Ellos Estado del Director: Nuevo Mandato actual: Primero (1\u00ba) Nicoal declar\u00f3 que forma parte de la Junta de Atlanta Pride porque \u00ab quer\u00eda [&hellip;]","og_url":"https:\/\/atlantapride.org\/es\/sobre-nosotros\/junta\/nicoal-whitworth\/","og_site_name":"Atlanta Pride","article_publisher":"https:\/\/www.facebook.com\/atlantapride","article_modified_time":"2025-02-26T22:19:27+00:00","og_image":[{"width":1237,"height":1834,"url":"https:\/\/atlantapride.org\/wp-content\/uploads\/2025\/02\/nicoal.whitworth2-2025.jpg","type":"image\/jpeg"}],"twitter_card":"summary_large_image","twitter_misc":{"Tiempo de lectura":"3 minutos"},"schema":{"@context":"https:\/\/schema.org","@graph":[{"@type":"WebPage","@id":"https:\/\/atlantapride.org\/es\/sobre-nosotros\/junta\/nicoal-whitworth\/","url":"https:\/\/atlantapride.org\/es\/sobre-nosotros\/junta\/nicoal-whitworth\/","name":"Nicoal Whitworth - Atlanta Pride","isPartOf":{"@id":"https:\/\/atlantapride.org\/es\/#website"},"primaryImageOfPage":{"@id":"https:\/\/atlantapride.org\/es\/sobre-nosotros\/junta\/nicoal-whitworth\/#primaryimage"},"image":{"@id":"https:\/\/atlantapride.org\/es\/sobre-nosotros\/junta\/nicoal-whitworth\/#primaryimage"},"thumbnailUrl":"https:\/\/atlantapride.org\/wp-content\/uploads\/2025\/02\/nicoal.whitworth2-2025-691x1024.jpg","datePublished":"2024-05-03T23:46:25+00:00","dateModified":"2025-02-26T22:19:27+00:00","breadcrumb":{"@id":"https:\/\/atlantapride.org\/es\/sobre-nosotros\/junta\/nicoal-whitworth\/#breadcrumb"},"inLanguage":"es","potentialAction":[{"@type":"ReadAction","target":["https:\/\/atlantapride.org\/es\/sobre-nosotros\/junta\/nicoal-whitworth\/"]}]},{"@type":"ImageObject","inLanguage":"es","@id":"https:\/\/atlantapride.org\/es\/sobre-nosotros\/junta\/nicoal-whitworth\/#primaryimage","url":"https:\/\/atlantapride.org\/wp-content\/uploads\/2025\/02\/nicoal.whitworth2-2025-691x1024.jpg","contentUrl":"https:\/\/atlantapride.org\/wp-content\/uploads\/2025\/02\/nicoal.whitworth2-2025-691x1024.jpg"},{"@type":"BreadcrumbList","@id":"https:\/\/atlantapride.org\/es\/sobre-nosotros\/junta\/nicoal-whitworth\/#breadcrumb","itemListElement":[{"@type":"ListItem","position":1,"name":"Home","item":"https:\/\/atlantapride.org\/es\/"},{"@type":"ListItem","position":2,"name":"Sobre nosotros","item":"https:\/\/atlantapride.org\/es\/sobre-nosotros\/"},{"@type":"ListItem","position":3,"name":"Junta","item":"https:\/\/atlantapride.org\/es\/about-us\/the-board\/"},{"@type":"ListItem","position":4,"name":"Nicoal Whitworth"}]},{"@type":"WebSite","@id":"https:\/\/atlantapride.org\/es\/#website","url":"https:\/\/atlantapride.org\/es\/","name":"Atlanta Pride","description":"Atlanta Pride&#039;s Website","publisher":{"@id":"https:\/\/atlantapride.org\/es\/#organization"},"potentialAction":[{"@type":"SearchAction","target":{"@type":"EntryPoint","urlTemplate":"https:\/\/atlantapride.org\/es\/?s={search_term_string}"},"query-input":{"@type":"PropertyValueSpecification","valueRequired":true,"valueName":"search_term_string"}}],"inLanguage":"es"},{"@type":"Organization","@id":"https:\/\/atlantapride.org\/es\/#organization","name":"Atlanta Pride Committee, Inc","alternateName":"Atlanta Pride","url":"https:\/\/atlantapride.org\/es\/","logo":{"@type":"ImageObject","inLanguage":"es","@id":"https:\/\/atlantapride.org\/es\/#\/schema\/logo\/image\/","url":"https:\/\/atlantapride.org\/wp-content\/uploads\/2024\/02\/Atlanta-Pride-Logo.svg","contentUrl":"https:\/\/atlantapride.org\/wp-content\/uploads\/2024\/02\/Atlanta-Pride-Logo.svg","width":208,"height":126,"caption":"Atlanta Pride Committee, Inc"},"image":{"@id":"https:\/\/atlantapride.org\/es\/#\/schema\/logo\/image\/"},"sameAs":["https:\/\/www.facebook.com\/atlantapride"]}]}},"ticketed":false,"_links":{"self":[{"href":"https:\/\/atlantapride.org\/es\/wp-json\/wp\/v2\/pages\/1948","targetHints":{"allow":["GET"]}}],"collection":[{"href":"https:\/\/atlantapride.org\/es\/wp-json\/wp\/v2\/pages"}],"about":[{"href":"https:\/\/atlantapride.org\/es\/wp-json\/wp\/v2\/types\/page"}],"author":[{"embeddable":true,"href":"https:\/\/atlantapride.org\/es\/wp-json\/wp\/v2\/users\/1"}],"replies":[{"embeddable":true,"href":"https:\/\/atlantapride.org\/es\/wp-json\/wp\/v2\/comments?post=1948"}],"version-history":[{"count":5,"href":"https:\/\/atlantapride.org\/es\/wp-json\/wp\/v2\/pages\/1948\/revisions"}],"predecessor-version":[{"id":3120,"href":"https:\/\/atlantapride.org\/es\/wp-json\/wp\/v2\/pages\/1948\/revisions\/3120"}],"up":[{"embeddable":true,"href":"https:\/\/atlantapride.org\/es\/wp-json\/wp\/v2\/pages\/2014"}],"wp:attachment":[{"href":"https:\/\/atlantapride.org\/es\/wp-json\/wp\/v2\/media?parent=1948"}],"curies":[{"name":"wp","href":"https:\/\/api.w.org\/{rel}","templated":true}]}}