{"id":1955,"date":"2024-05-03T19:13:39","date_gmt":"2024-05-03T23:13:39","guid":{"rendered":"https:\/\/atlantapride.org\/crystal-bowman\/"},"modified":"2025-02-26T17:12:22","modified_gmt":"2025-02-26T22:12:22","slug":"crystal-bowman","status":"publish","type":"page","link":"https:\/\/atlantapride.org\/es\/sobre-nosotros\/junta\/crystal-bowman\/","title":{"rendered":"Crystal Bowman"},"content":{"rendered":"\t\t<div data-elementor-type=\"wp-page\" data-elementor-id=\"1955\" class=\"elementor elementor-1955 elementor-459\" data-elementor-post-type=\"page\">\n\t\t\t\t<div class=\"elementor-element elementor-element-72e6946 e-flex e-con-boxed e-con e-parent\" data-id=\"72e6946\" data-element_type=\"container\" data-e-type=\"container\">\n\t\t\t\t\t<div class=\"e-con-inner\">\n\t\t<div class=\"elementor-element elementor-element-df27fc0 e-con-full e-flex e-con e-child\" data-id=\"df27fc0\" data-element_type=\"container\" data-e-type=\"container\">\n\t\t\t\t<div class=\"elementor-element elementor-element-a955c20 elementor-widget elementor-widget-heading\" data-id=\"a955c20\" data-element_type=\"widget\" data-e-type=\"widget\" data-widget_type=\"heading.default\">\n\t\t\t\t<div class=\"elementor-widget-container\">\n\t\t\t\t\t<h1 class=\"elementor-heading-title elementor-size-default\">Crystal Bowman<\/h1>\t\t\t\t<\/div>\n\t\t\t\t<\/div>\n\t\t\t\t<div class=\"elementor-element elementor-element-1785dac elementor-widget elementor-widget-heading\" data-id=\"1785dac\" data-element_type=\"widget\" data-e-type=\"widget\" data-widget_type=\"heading.default\">\n\t\t\t\t<div class=\"elementor-widget-container\">\n\t\t\t\t\t<h2 class=\"elementor-heading-title elementor-size-default\">Secretario del Consejo<\/h2>\t\t\t\t<\/div>\n\t\t\t\t<\/div>\n\t\t\t\t<div class=\"elementor-element elementor-element-9330b65 elementor-widget elementor-widget-heading\" data-id=\"9330b65\" data-element_type=\"widget\" data-e-type=\"widget\" data-widget_type=\"heading.default\">\n\t\t\t\t<div class=\"elementor-widget-container\">\n\t\t\t\t\t<h3 class=\"elementor-heading-title elementor-size-default\">Pronombres preferidos: Ella \/ Su<br>Estado del Director: Vuelve<br>Mandato actual: Segundo (2\u00aa)<br><\/h3>\t\t\t\t<\/div>\n\t\t\t\t<\/div>\n\t\t\t\t<div class=\"elementor-element elementor-element-4fcadf2 elementor-widget elementor-widget-text-editor\" data-id=\"4fcadf2\" data-element_type=\"widget\" data-e-type=\"widget\" data-widget_type=\"text-editor.default\">\n\t\t\t\t<div class=\"elementor-widget-container\">\n\t\t\t\t\t\t\t\t\t<p>Crystal Bowman es una experimentada profesional sin \u00e1nimo de lucro que ha trabajado durante m\u00e1s de ocho a\u00f1os como Directora Senior de Impacto y Donaciones de los Miembros de Hadassah, la mayor organizaci\u00f3n de mujeres jud\u00edas de Estados Unidos. Antes de dedicarse a tiempo completo a Hadassah, fue Directora Nacional de Operaciones y Vicepresidenta Senior de Programas de StandUp for Kids, y m\u00e1s recientemente Directora Ejecutiva de Voices of Note, Inc. que incluye el Atlanta Gay Men&#8217;s Chorus y el Atlanta Women&#8217;s Chorus.  <\/p>\n<p>Crystal dedica su tiempo fuera del trabajo al voluntariado en organizaciones cuyas misiones coinciden con su compromiso con el Tikkun Olam (sanar\/reparar el mundo) y con la creaci\u00f3n de un pa\u00eds m\u00e1s seguro y equitativo para todos.<br \/>\nActualmente forma parte de la junta del Comit\u00e9 del Orgullo de Atlanta, es miembro del Consejo Asesor Comunitario de RISE (Research Inclusion Supports Equity) y trabaja como voluntaria en la Liga Antidifamaci\u00f3n (ADL) y en la Escuela Primaria Parkside. <\/p>\n<p>Fuera de su ajetreada vida sin \u00e1nimo de lucro, a Crystal le gusta pasar tiempo con sus cuatro hijos (de 9 a 28 a\u00f1os) y su familia elegida, hacer demasiadas fotos a sus gatos y bailar siempre que tiene ocasi\u00f3n.<\/p>\n<p>Crystal declar\u00f3 que forma parte de la Junta de Atlanta Pride porque: \u00abEsta organizaci\u00f3n significa mucho para la comunidad de Atlanta y para mi \u00abtribu\u00bb, as\u00ed que no pod\u00eda pensar en un lugar mejor para emplear mi tiempo y mi talento\u00bb.<\/p>\n\t\t\t\t\t\t\t\t<\/div>\n\t\t\t\t<\/div>\n\t\t\t\t<\/div>\n\t\t<div class=\"elementor-element elementor-element-a3c5ef4 e-con-full e-flex e-con e-child\" data-id=\"a3c5ef4\" data-element_type=\"container\" data-e-type=\"container\">\n\t\t\t\t<div class=\"elementor-element elementor-element-5aa01f6 elementor-widget elementor-widget-image\" data-id=\"5aa01f6\" data-element_type=\"widget\" data-e-type=\"widget\" data-widget_type=\"image.default\">\n\t\t\t\t<div class=\"elementor-widget-container\">\n\t\t\t\t\t\t\t\t\t\t\t\t\t\t\t<img fetchpriority=\"high\" decoding=\"async\" width=\"400\" height=\"400\" src=\"https:\/\/atlantapride.org\/wp-content\/uploads\/2024\/05\/Crystal-Bowman.jpg\" class=\"attachment-large size-large wp-image-795\" alt=\"Crystal Bowman\" srcset=\"https:\/\/atlantapride.org\/wp-content\/uploads\/2024\/05\/Crystal-Bowman.jpg 400w, https:\/\/atlantapride.org\/wp-content\/uploads\/2024\/05\/Crystal-Bowman-300x300.jpg 300w, https:\/\/atlantapride.org\/wp-content\/uploads\/2024\/05\/Crystal-Bowman-150x150.jpg 150w\" sizes=\"(max-width: 400px) 100vw, 400px\" \/>\t\t\t\t\t\t\t\t\t\t\t\t\t\t\t<\/div>\n\t\t\t\t<\/div>\n\t\t<div class=\"elementor-element elementor-element-fc08ea0 e-flex e-con-boxed e-con e-child\" data-id=\"fc08ea0\" data-element_type=\"container\" data-e-type=\"container\" data-settings=\"{&quot;background_background&quot;:&quot;classic&quot;}\">\n\t\t\t\t\t<div class=\"e-con-inner\">\n\t\t\t\t<div class=\"elementor-element elementor-element-6622d31 elementor-view-default elementor-widget elementor-widget-icon\" data-id=\"6622d31\" data-element_type=\"widget\" data-e-type=\"widget\" data-widget_type=\"icon.default\">\n\t\t\t\t<div class=\"elementor-widget-container\">\n\t\t\t\t\t\t\t<div class=\"elementor-icon-wrapper\">\n\t\t\t<a class=\"elementor-icon\" href=\"mailto:secretary@atlantapride.org\">\n\t\t\t<svg aria-hidden=\"true\" class=\"e-font-icon-svg e-fas-envelope\" viewBox=\"0 0 512 512\" xmlns=\"http:\/\/www.w3.org\/2000\/svg\"><path d=\"M502.3 190.8c3.9-3.1 9.7-.2 9.7 4.7V400c0 26.5-21.5 48-48 48H48c-26.5 0-48-21.5-48-48V195.6c0-5 5.7-7.8 9.7-4.7 22.4 17.4 52.1 39.5 154.1 113.6 21.1 15.4 56.7 47.8 92.2 47.6 35.7.3 72-32.8 92.3-47.6 102-74.1 131.6-96.3 154-113.7zM256 320c23.2.4 56.6-29.2 73.4-41.4 132.7-96.3 142.8-104.7 173.4-128.7 5.8-4.5 9.2-11.5 9.2-18.9v-19c0-26.5-21.5-48-48-48H48C21.5 64 0 85.5 0 112v19c0 7.4 3.4 14.3 9.2 18.9 30.6 23.9 40.7 32.4 173.4 128.7 16.8 12.2 50.2 41.8 73.4 41.4z\"><\/path><\/svg>\t\t\t<\/a>\n\t\t<\/div>\n\t\t\t\t\t\t<\/div>\n\t\t\t\t<\/div>\n\t\t\t\t\t<\/div>\n\t\t\t\t<\/div>\n\t\t\t\t<\/div>\n\t\t\t\t\t<\/div>\n\t\t\t\t<\/div>\n\t\t<div class=\"elementor-element elementor-element-96ddf8f e-flex e-con-boxed e-con e-parent\" data-id=\"96ddf8f\" data-element_type=\"container\" data-e-type=\"container\">\n\t\t\t\t\t<div class=\"e-con-inner\">\n\t\t\t\t<div class=\"elementor-element elementor-element-53d8a7b elementor-widget elementor-widget-text-editor\" data-id=\"53d8a7b\" data-element_type=\"widget\" data-e-type=\"widget\" data-widget_type=\"text-editor.default\">\n\t\t\t\t<div class=\"elementor-widget-container\">\n\t\t\t\t\t\t\t\t\t<h3>Historia de las elecciones<\/h3>\n<ul>\n<li><b>2021 <\/b>&#8211; Elegido para un mandato de 2 a\u00f1os<\/li>\n<li><em>2022 &#8211; Elegido Secretario del Consejo<\/em><\/li>\n<li><strong>2023<\/strong><em> &#8211; <\/em>Elegido para un mandato de 2 a\u00f1os<em>; Elegido para ocupar la Presidencia del Consejo<\/em><\/li>\n<li><em>2024 <\/em>-Reelegido<em>Presidente de la Junta Directiva<\/em><\/li>\n<li><em>2025 <\/em>-Elegido<i>Secretario del Consejo<\/i><\/li>\n<\/ul>\n\t\t\t\t\t\t\t\t<\/div>\n\t\t\t\t<\/div>\n\t\t\t\t\t<\/div>\n\t\t\t\t<\/div>\n\t\t<div class=\"elementor-element elementor-element-522096d e-flex e-con-boxed e-con e-parent\" data-id=\"522096d\" data-element_type=\"container\" data-e-type=\"container\">\n\t\t\t\t\t<div class=\"e-con-inner\">\n\t\t\t\t\t<\/div>\n\t\t\t\t<\/div>\n\t\t\t\t<\/div>\n\t\t","protected":false},"excerpt":{"rendered":"<p>Crystal Bowman Secretario del Consejo Pronombres preferidos: Ella \/ SuEstado del Director: VuelveMandato actual: Segundo (2\u00aa) Crystal Bowman es una experimentada profesional sin \u00e1nimo de lucro que ha trabajado durante [&hellip;]<\/p>\n","protected":false},"author":1,"featured_media":0,"parent":2014,"menu_order":0,"comment_status":"closed","ping_status":"closed","template":"","meta":{"_price":"","_stock":"","_tribe_ticket_header":"","_tribe_default_ticket_provider":"","_tribe_ticket_capacity":"0","_ticket_start_date":"","_ticket_end_date":"","_tribe_ticket_show_description":"","_tribe_ticket_show_not_going":false,"_tribe_ticket_use_global_stock":"","_tribe_ticket_global_stock_level":"","_global_stock_mode":"","_global_stock_cap":"","_tribe_rsvp_for_event":"","_tribe_ticket_going_count":"","_tribe_ticket_not_going_count":"","_tribe_tickets_list":"[]","_tribe_ticket_has_attendee_info_fields":false,"footnotes":"","_tec_slr_enabled":"","_tec_slr_layout":""},"class_list":["post-1955","page","type-page","status-publish","hentry"],"yoast_head":"<!-- This site is optimized with the Yoast SEO plugin v27.5 - https:\/\/yoast.com\/product\/yoast-seo-wordpress\/ -->\n<title>Crystal Bowman - Atlanta Pride<\/title>\n<meta name=\"robots\" content=\"index, follow, max-snippet:-1, max-image-preview:large, max-video-preview:-1\" \/>\n<link rel=\"canonical\" href=\"https:\/\/atlantapride.org\/es\/sobre-nosotros\/junta\/crystal-bowman\/\" \/>\n<meta property=\"og:locale\" content=\"es_ES\" \/>\n<meta property=\"og:type\" content=\"article\" \/>\n<meta property=\"og:title\" content=\"Crystal Bowman - Atlanta Pride\" \/>\n<meta property=\"og:description\" content=\"Crystal Bowman Secretario del Consejo Pronombres preferidos: Ella \/ SuEstado del Director: VuelveMandato actual: Segundo (2\u00aa) Crystal Bowman es una experimentada profesional sin \u00e1nimo de lucro que ha trabajado durante [&hellip;]\" \/>\n<meta property=\"og:url\" content=\"https:\/\/atlantapride.org\/es\/sobre-nosotros\/junta\/crystal-bowman\/\" \/>\n<meta property=\"og:site_name\" content=\"Atlanta Pride\" \/>\n<meta property=\"article:publisher\" content=\"https:\/\/www.facebook.com\/atlantapride\" \/>\n<meta property=\"article:modified_time\" content=\"2025-02-26T22:12:22+00:00\" \/>\n<meta property=\"og:image\" content=\"https:\/\/atlantapride.org\/wp-content\/uploads\/2024\/05\/Crystal-Bowman.jpg\" \/>\n\t<meta property=\"og:image:width\" content=\"400\" \/>\n\t<meta property=\"og:image:height\" content=\"400\" \/>\n\t<meta property=\"og:image:type\" content=\"image\/jpeg\" \/>\n<meta name=\"twitter:card\" content=\"summary_large_image\" \/>\n<meta name=\"twitter:label1\" content=\"Tiempo de lectura\" \/>\n\t<meta name=\"twitter:data1\" content=\"2 minutos\" \/>\n<script type=\"application\/ld+json\" class=\"yoast-schema-graph\">{\"@context\":\"https:\\\/\\\/schema.org\",\"@graph\":[{\"@type\":\"WebPage\",\"@id\":\"https:\\\/\\\/atlantapride.org\\\/es\\\/sobre-nosotros\\\/junta\\\/crystal-bowman\\\/\",\"url\":\"https:\\\/\\\/atlantapride.org\\\/es\\\/sobre-nosotros\\\/junta\\\/crystal-bowman\\\/\",\"name\":\"Crystal Bowman - Atlanta Pride\",\"isPartOf\":{\"@id\":\"https:\\\/\\\/atlantapride.org\\\/es\\\/#website\"},\"primaryImageOfPage\":{\"@id\":\"https:\\\/\\\/atlantapride.org\\\/es\\\/sobre-nosotros\\\/junta\\\/crystal-bowman\\\/#primaryimage\"},\"image\":{\"@id\":\"https:\\\/\\\/atlantapride.org\\\/es\\\/sobre-nosotros\\\/junta\\\/crystal-bowman\\\/#primaryimage\"},\"thumbnailUrl\":\"https:\\\/\\\/atlantapride.org\\\/wp-content\\\/uploads\\\/2024\\\/05\\\/Crystal-Bowman.jpg\",\"datePublished\":\"2024-05-03T23:13:39+00:00\",\"dateModified\":\"2025-02-26T22:12:22+00:00\",\"breadcrumb\":{\"@id\":\"https:\\\/\\\/atlantapride.org\\\/es\\\/sobre-nosotros\\\/junta\\\/crystal-bowman\\\/#breadcrumb\"},\"inLanguage\":\"es\",\"potentialAction\":[{\"@type\":\"ReadAction\",\"target\":[\"https:\\\/\\\/atlantapride.org\\\/es\\\/sobre-nosotros\\\/junta\\\/crystal-bowman\\\/\"]}]},{\"@type\":\"ImageObject\",\"inLanguage\":\"es\",\"@id\":\"https:\\\/\\\/atlantapride.org\\\/es\\\/sobre-nosotros\\\/junta\\\/crystal-bowman\\\/#primaryimage\",\"url\":\"https:\\\/\\\/atlantapride.org\\\/wp-content\\\/uploads\\\/2024\\\/05\\\/Crystal-Bowman.jpg\",\"contentUrl\":\"https:\\\/\\\/atlantapride.org\\\/wp-content\\\/uploads\\\/2024\\\/05\\\/Crystal-Bowman.jpg\"},{\"@type\":\"BreadcrumbList\",\"@id\":\"https:\\\/\\\/atlantapride.org\\\/es\\\/sobre-nosotros\\\/junta\\\/crystal-bowman\\\/#breadcrumb\",\"itemListElement\":[{\"@type\":\"ListItem\",\"position\":1,\"name\":\"Home\",\"item\":\"https:\\\/\\\/atlantapride.org\\\/es\\\/\"},{\"@type\":\"ListItem\",\"position\":2,\"name\":\"Sobre nosotros\",\"item\":\"https:\\\/\\\/atlantapride.org\\\/es\\\/sobre-nosotros\\\/\"},{\"@type\":\"ListItem\",\"position\":3,\"name\":\"Junta\",\"item\":\"https:\\\/\\\/atlantapride.org\\\/es\\\/about-us\\\/the-board\\\/\"},{\"@type\":\"ListItem\",\"position\":4,\"name\":\"Crystal Bowman\"}]},{\"@type\":\"WebSite\",\"@id\":\"https:\\\/\\\/atlantapride.org\\\/es\\\/#website\",\"url\":\"https:\\\/\\\/atlantapride.org\\\/es\\\/\",\"name\":\"Atlanta Pride\",\"description\":\"Atlanta Pride&#039;s Website\",\"publisher\":{\"@id\":\"https:\\\/\\\/atlantapride.org\\\/es\\\/#organization\"},\"potentialAction\":[{\"@type\":\"SearchAction\",\"target\":{\"@type\":\"EntryPoint\",\"urlTemplate\":\"https:\\\/\\\/atlantapride.org\\\/es\\\/?s={search_term_string}\"},\"query-input\":{\"@type\":\"PropertyValueSpecification\",\"valueRequired\":true,\"valueName\":\"search_term_string\"}}],\"inLanguage\":\"es\"},{\"@type\":\"Organization\",\"@id\":\"https:\\\/\\\/atlantapride.org\\\/es\\\/#organization\",\"name\":\"Atlanta Pride Committee, Inc\",\"alternateName\":\"Atlanta Pride\",\"url\":\"https:\\\/\\\/atlantapride.org\\\/es\\\/\",\"logo\":{\"@type\":\"ImageObject\",\"inLanguage\":\"es\",\"@id\":\"https:\\\/\\\/atlantapride.org\\\/es\\\/#\\\/schema\\\/logo\\\/image\\\/\",\"url\":\"https:\\\/\\\/atlantapride.org\\\/wp-content\\\/uploads\\\/2024\\\/02\\\/Atlanta-Pride-Logo.svg\",\"contentUrl\":\"https:\\\/\\\/atlantapride.org\\\/wp-content\\\/uploads\\\/2024\\\/02\\\/Atlanta-Pride-Logo.svg\",\"width\":208,\"height\":126,\"caption\":\"Atlanta Pride Committee, Inc\"},\"image\":{\"@id\":\"https:\\\/\\\/atlantapride.org\\\/es\\\/#\\\/schema\\\/logo\\\/image\\\/\"},\"sameAs\":[\"https:\\\/\\\/www.facebook.com\\\/atlantapride\"]}]}<\/script>\n<!-- \/ Yoast SEO plugin. -->","yoast_head_json":{"title":"Crystal Bowman - Atlanta Pride","robots":{"index":"index","follow":"follow","max-snippet":"max-snippet:-1","max-image-preview":"max-image-preview:large","max-video-preview":"max-video-preview:-1"},"canonical":"https:\/\/atlantapride.org\/es\/sobre-nosotros\/junta\/crystal-bowman\/","og_locale":"es_ES","og_type":"article","og_title":"Crystal Bowman - Atlanta Pride","og_description":"Crystal Bowman Secretario del Consejo Pronombres preferidos: Ella \/ SuEstado del Director: VuelveMandato actual: Segundo (2\u00aa) Crystal Bowman es una experimentada profesional sin \u00e1nimo de lucro que ha trabajado durante [&hellip;]","og_url":"https:\/\/atlantapride.org\/es\/sobre-nosotros\/junta\/crystal-bowman\/","og_site_name":"Atlanta Pride","article_publisher":"https:\/\/www.facebook.com\/atlantapride","article_modified_time":"2025-02-26T22:12:22+00:00","og_image":[{"width":400,"height":400,"url":"https:\/\/atlantapride.org\/wp-content\/uploads\/2024\/05\/Crystal-Bowman.jpg","type":"image\/jpeg"}],"twitter_card":"summary_large_image","twitter_misc":{"Tiempo de lectura":"2 minutos"},"schema":{"@context":"https:\/\/schema.org","@graph":[{"@type":"WebPage","@id":"https:\/\/atlantapride.org\/es\/sobre-nosotros\/junta\/crystal-bowman\/","url":"https:\/\/atlantapride.org\/es\/sobre-nosotros\/junta\/crystal-bowman\/","name":"Crystal Bowman - Atlanta Pride","isPartOf":{"@id":"https:\/\/atlantapride.org\/es\/#website"},"primaryImageOfPage":{"@id":"https:\/\/atlantapride.org\/es\/sobre-nosotros\/junta\/crystal-bowman\/#primaryimage"},"image":{"@id":"https:\/\/atlantapride.org\/es\/sobre-nosotros\/junta\/crystal-bowman\/#primaryimage"},"thumbnailUrl":"https:\/\/atlantapride.org\/wp-content\/uploads\/2024\/05\/Crystal-Bowman.jpg","datePublished":"2024-05-03T23:13:39+00:00","dateModified":"2025-02-26T22:12:22+00:00","breadcrumb":{"@id":"https:\/\/atlantapride.org\/es\/sobre-nosotros\/junta\/crystal-bowman\/#breadcrumb"},"inLanguage":"es","potentialAction":[{"@type":"ReadAction","target":["https:\/\/atlantapride.org\/es\/sobre-nosotros\/junta\/crystal-bowman\/"]}]},{"@type":"ImageObject","inLanguage":"es","@id":"https:\/\/atlantapride.org\/es\/sobre-nosotros\/junta\/crystal-bowman\/#primaryimage","url":"https:\/\/atlantapride.org\/wp-content\/uploads\/2024\/05\/Crystal-Bowman.jpg","contentUrl":"https:\/\/atlantapride.org\/wp-content\/uploads\/2024\/05\/Crystal-Bowman.jpg"},{"@type":"BreadcrumbList","@id":"https:\/\/atlantapride.org\/es\/sobre-nosotros\/junta\/crystal-bowman\/#breadcrumb","itemListElement":[{"@type":"ListItem","position":1,"name":"Home","item":"https:\/\/atlantapride.org\/es\/"},{"@type":"ListItem","position":2,"name":"Sobre nosotros","item":"https:\/\/atlantapride.org\/es\/sobre-nosotros\/"},{"@type":"ListItem","position":3,"name":"Junta","item":"https:\/\/atlantapride.org\/es\/about-us\/the-board\/"},{"@type":"ListItem","position":4,"name":"Crystal Bowman"}]},{"@type":"WebSite","@id":"https:\/\/atlantapride.org\/es\/#website","url":"https:\/\/atlantapride.org\/es\/","name":"Atlanta Pride","description":"Atlanta Pride&#039;s Website","publisher":{"@id":"https:\/\/atlantapride.org\/es\/#organization"},"potentialAction":[{"@type":"SearchAction","target":{"@type":"EntryPoint","urlTemplate":"https:\/\/atlantapride.org\/es\/?s={search_term_string}"},"query-input":{"@type":"PropertyValueSpecification","valueRequired":true,"valueName":"search_term_string"}}],"inLanguage":"es"},{"@type":"Organization","@id":"https:\/\/atlantapride.org\/es\/#organization","name":"Atlanta Pride Committee, Inc","alternateName":"Atlanta Pride","url":"https:\/\/atlantapride.org\/es\/","logo":{"@type":"ImageObject","inLanguage":"es","@id":"https:\/\/atlantapride.org\/es\/#\/schema\/logo\/image\/","url":"https:\/\/atlantapride.org\/wp-content\/uploads\/2024\/02\/Atlanta-Pride-Logo.svg","contentUrl":"https:\/\/atlantapride.org\/wp-content\/uploads\/2024\/02\/Atlanta-Pride-Logo.svg","width":208,"height":126,"caption":"Atlanta Pride Committee, Inc"},"image":{"@id":"https:\/\/atlantapride.org\/es\/#\/schema\/logo\/image\/"},"sameAs":["https:\/\/www.facebook.com\/atlantapride"]}]}},"ticketed":false,"_links":{"self":[{"href":"https:\/\/atlantapride.org\/es\/wp-json\/wp\/v2\/pages\/1955","targetHints":{"allow":["GET"]}}],"collection":[{"href":"https:\/\/atlantapride.org\/es\/wp-json\/wp\/v2\/pages"}],"about":[{"href":"https:\/\/atlantapride.org\/es\/wp-json\/wp\/v2\/types\/page"}],"author":[{"embeddable":true,"href":"https:\/\/atlantapride.org\/es\/wp-json\/wp\/v2\/users\/1"}],"replies":[{"embeddable":true,"href":"https:\/\/atlantapride.org\/es\/wp-json\/wp\/v2\/comments?post=1955"}],"version-history":[{"count":5,"href":"https:\/\/atlantapride.org\/es\/wp-json\/wp\/v2\/pages\/1955\/revisions"}],"predecessor-version":[{"id":3077,"href":"https:\/\/atlantapride.org\/es\/wp-json\/wp\/v2\/pages\/1955\/revisions\/3077"}],"up":[{"embeddable":true,"href":"https:\/\/atlantapride.org\/es\/wp-json\/wp\/v2\/pages\/2014"}],"wp:attachment":[{"href":"https:\/\/atlantapride.org\/es\/wp-json\/wp\/v2\/media?parent=1955"}],"curies":[{"name":"wp","href":"https:\/\/api.w.org\/{rel}","templated":true}]}}