{"id":1959,"date":"2024-05-03T19:25:19","date_gmt":"2024-05-03T23:25:19","guid":{"rendered":"https:\/\/atlantapride.org\/brian-desarro\/"},"modified":"2025-01-08T15:15:23","modified_gmt":"2025-01-08T20:15:23","slug":"brian-desarro","status":"publish","type":"page","link":"https:\/\/atlantapride.org\/es\/sobre-nosotros\/junta\/brian-desarro\/","title":{"rendered":"Brian Desarro"},"content":{"rendered":"\t\t<div data-elementor-type=\"wp-page\" data-elementor-id=\"1959\" class=\"elementor elementor-1959\" data-elementor-post-type=\"page\">\n\t\t\t\t<div class=\"elementor-element elementor-element-a0f4254 e-flex e-con-boxed e-con e-parent\" data-id=\"a0f4254\" data-element_type=\"container\" data-e-type=\"container\">\n\t\t\t\t\t<div class=\"e-con-inner\">\n\t\t<div class=\"elementor-element elementor-element-be98605 e-con-full e-flex e-con e-child\" data-id=\"be98605\" data-element_type=\"container\" data-e-type=\"container\">\n\t\t\t\t<div class=\"elementor-element elementor-element-ac855d6 elementor-widget elementor-widget-heading\" data-id=\"ac855d6\" data-element_type=\"widget\" data-e-type=\"widget\" data-widget_type=\"heading.default\">\n\t\t\t\t<div class=\"elementor-widget-container\">\n\t\t\t\t\t<h1 class=\"elementor-heading-title elementor-size-default\">Brian Desarro<\/h1>\t\t\t\t<\/div>\n\t\t\t\t<\/div>\n\t\t\t\t<div class=\"elementor-element elementor-element-ee86bbf elementor-widget elementor-widget-heading\" data-id=\"ee86bbf\" data-element_type=\"widget\" data-e-type=\"widget\" data-widget_type=\"heading.default\">\n\t\t\t\t<div class=\"elementor-widget-container\">\n\t\t\t\t\t<h2 class=\"elementor-heading-title elementor-size-default\">Presidente del Consejo<\/h2>\t\t\t\t<\/div>\n\t\t\t\t<\/div>\n\t\t\t\t<div class=\"elementor-element elementor-element-bd1ae1f elementor-widget elementor-widget-heading\" data-id=\"bd1ae1f\" data-element_type=\"widget\" data-e-type=\"widget\" data-widget_type=\"heading.default\">\n\t\t\t\t<div class=\"elementor-widget-container\">\n\t\t\t\t\t<h3 class=\"elementor-heading-title elementor-size-default\">Pronombres preferidos: \u00c9l \/ Su \/ \u00c9l<br> Estado del Director: Nuevo<br> Mandato actual: Primero (1\u00ba)<br><\/h3>\t\t\t\t<\/div>\n\t\t\t\t<\/div>\n\t\t\t\t<div class=\"elementor-element elementor-element-b779054 elementor-widget elementor-widget-text-editor\" data-id=\"b779054\" data-element_type=\"widget\" data-e-type=\"widget\" data-widget_type=\"text-editor.default\">\n\t\t\t\t<div class=\"elementor-widget-container\">\n\t\t\t\t\t\t\t\t\t<p>Brian pasa su tiempo fuera del trabajo cocinando en la cocina y el jard\u00edn con su marido, haciendo crecer su biblioteca de historia LGBTQ+ y libros antiguos, y poni\u00e9ndose al d\u00eda con los amigos mientras explora las novedades de Atlanta.<\/p>\n<p>Brian declar\u00f3 que forma parte de la Junta de Atlanta Pride porque<i>\u00abes una manera de honrar, preservar y hacer avanzar las d\u00e9cadas de trabajo realizadas antes que yo para aportar visibilidad, validaci\u00f3n y unidad a nuestra comunidad durante todo el a\u00f1o<\/i>\u00ab<i>.<\/i> <\/p>\n\t\t\t\t\t\t\t\t<\/div>\n\t\t\t\t<\/div>\n\t\t\t\t<\/div>\n\t\t<div class=\"elementor-element elementor-element-88fea72 e-con-full e-flex e-con e-child\" data-id=\"88fea72\" data-element_type=\"container\" data-e-type=\"container\">\n\t\t\t\t<div class=\"elementor-element elementor-element-3de8880 elementor-widget elementor-widget-image\" data-id=\"3de8880\" data-element_type=\"widget\" data-e-type=\"widget\" data-widget_type=\"image.default\">\n\t\t\t\t<div class=\"elementor-widget-container\">\n\t\t\t\t\t\t\t\t\t\t\t\t\t\t\t<img fetchpriority=\"high\" decoding=\"async\" width=\"400\" height=\"400\" src=\"https:\/\/atlantapride.org\/wp-content\/uploads\/2024\/05\/Brian-Desarro.jpg\" class=\"attachment-large size-large wp-image-797\" alt=\"Brian Desarro\" srcset=\"https:\/\/atlantapride.org\/wp-content\/uploads\/2024\/05\/Brian-Desarro.jpg 400w, https:\/\/atlantapride.org\/wp-content\/uploads\/2024\/05\/Brian-Desarro-300x300.jpg 300w, https:\/\/atlantapride.org\/wp-content\/uploads\/2024\/05\/Brian-Desarro-150x150.jpg 150w\" sizes=\"(max-width: 400px) 100vw, 400px\" \/>\t\t\t\t\t\t\t\t\t\t\t\t\t\t\t<\/div>\n\t\t\t\t<\/div>\n\t\t<div class=\"elementor-element elementor-element-d105e8c e-flex e-con-boxed e-con e-child\" data-id=\"d105e8c\" data-element_type=\"container\" data-e-type=\"container\" data-settings=\"{&quot;background_background&quot;:&quot;classic&quot;}\">\n\t\t\t\t\t<div class=\"e-con-inner\">\n\t\t\t\t\t<\/div>\n\t\t\t\t<\/div>\n\t\t\t\t<\/div>\n\t\t\t\t\t<\/div>\n\t\t\t\t<\/div>\n\t\t<div class=\"elementor-element elementor-element-ad4f5cd e-flex e-con-boxed e-con e-parent\" data-id=\"ad4f5cd\" data-element_type=\"container\" data-e-type=\"container\">\n\t\t\t\t\t<div class=\"e-con-inner\">\n\t\t\t\t<div class=\"elementor-element elementor-element-23d8522 elementor-widget elementor-widget-text-editor\" data-id=\"23d8522\" data-element_type=\"widget\" data-e-type=\"widget\" data-widget_type=\"text-editor.default\">\n\t\t\t\t<div class=\"elementor-widget-container\">\n\t\t\t\t\t\t\t\t\t<h3 style=\"font-family: Poppins, sans-serif; color: #333333;\">Historia de las elecciones<\/h3>\n<p><span style=\"font-weight: bold;\">2023<\/span><br \/>Mandato de 2 a\u00f1os<br \/><i>Elegido Secretario del Consejo<\/i><\/p>\n<p><span style=\"font-weight: bold;\">2024<\/span><br \/><i>Reelegido Secretario del Consejo<\/i><\/p>\n<p><i> <\/i><span style=\"text-align: var(--text-align); color: var( --e-global-color-text );\"><span style=\"font-weight: bold;\">2025<br \/><\/span><\/span><i style=\"text-align: var(--text-align); color: var( --e-global-color-text );\">Elegido Presidente del Consejo<\/i><\/p>\n\t\t\t\t\t\t\t\t<\/div>\n\t\t\t\t<\/div>\n\t\t\t\t\t<\/div>\n\t\t\t\t<\/div>\n\t\t\t\t<\/div>\n\t\t","protected":false},"excerpt":{"rendered":"<p>Brian Desarro Presidente del Consejo Pronombres preferidos: \u00c9l \/ Su \/ \u00c9l Estado del Director: Nuevo Mandato actual: Primero (1\u00ba) Brian pasa su tiempo fuera del trabajo cocinando en la [&hellip;]<\/p>\n","protected":false},"author":1,"featured_media":0,"parent":2014,"menu_order":0,"comment_status":"closed","ping_status":"closed","template":"","meta":{"_price":"","_stock":"","_tribe_ticket_header":"","_tribe_default_ticket_provider":"","_tribe_ticket_capacity":"0","_ticket_start_date":"","_ticket_end_date":"","_tribe_ticket_show_description":"","_tribe_ticket_show_not_going":false,"_tribe_ticket_use_global_stock":"","_tribe_ticket_global_stock_level":"","_global_stock_mode":"","_global_stock_cap":"","_tribe_rsvp_for_event":"","_tribe_ticket_going_count":"","_tribe_ticket_not_going_count":"","_tribe_tickets_list":"[]","_tribe_ticket_has_attendee_info_fields":false,"footnotes":"","_tec_slr_enabled":"","_tec_slr_layout":""},"class_list":["post-1959","page","type-page","status-publish","hentry"],"yoast_head":"<!-- This site is optimized with the Yoast SEO plugin v27.5 - https:\/\/yoast.com\/product\/yoast-seo-wordpress\/ -->\n<title>Brian Desarro - Atlanta Pride<\/title>\n<meta name=\"robots\" content=\"index, follow, max-snippet:-1, max-image-preview:large, max-video-preview:-1\" \/>\n<link rel=\"canonical\" href=\"https:\/\/atlantapride.org\/es\/sobre-nosotros\/junta\/brian-desarro\/\" \/>\n<meta property=\"og:locale\" content=\"es_ES\" \/>\n<meta property=\"og:type\" content=\"article\" \/>\n<meta property=\"og:title\" content=\"Brian Desarro - Atlanta Pride\" \/>\n<meta property=\"og:description\" content=\"Brian Desarro Presidente del Consejo Pronombres preferidos: \u00c9l \/ Su \/ \u00c9l Estado del Director: Nuevo Mandato actual: Primero (1\u00ba) Brian pasa su tiempo fuera del trabajo cocinando en la [&hellip;]\" \/>\n<meta property=\"og:url\" content=\"https:\/\/atlantapride.org\/es\/sobre-nosotros\/junta\/brian-desarro\/\" \/>\n<meta property=\"og:site_name\" content=\"Atlanta Pride\" \/>\n<meta property=\"article:publisher\" content=\"https:\/\/www.facebook.com\/atlantapride\" \/>\n<meta property=\"article:modified_time\" content=\"2025-01-08T20:15:23+00:00\" \/>\n<meta property=\"og:image\" content=\"https:\/\/atlantapride.org\/wp-content\/uploads\/2024\/05\/Brian-Desarro.jpg\" \/>\n\t<meta property=\"og:image:width\" content=\"400\" \/>\n\t<meta property=\"og:image:height\" content=\"400\" \/>\n\t<meta property=\"og:image:type\" content=\"image\/jpeg\" \/>\n<meta name=\"twitter:card\" content=\"summary_large_image\" \/>\n<meta name=\"twitter:label1\" content=\"Tiempo de lectura\" \/>\n\t<meta name=\"twitter:data1\" content=\"1 minuto\" \/>\n<script type=\"application\/ld+json\" class=\"yoast-schema-graph\">{\"@context\":\"https:\\\/\\\/schema.org\",\"@graph\":[{\"@type\":\"WebPage\",\"@id\":\"https:\\\/\\\/atlantapride.org\\\/es\\\/sobre-nosotros\\\/junta\\\/brian-desarro\\\/\",\"url\":\"https:\\\/\\\/atlantapride.org\\\/es\\\/sobre-nosotros\\\/junta\\\/brian-desarro\\\/\",\"name\":\"Brian Desarro - Atlanta Pride\",\"isPartOf\":{\"@id\":\"https:\\\/\\\/atlantapride.org\\\/es\\\/#website\"},\"primaryImageOfPage\":{\"@id\":\"https:\\\/\\\/atlantapride.org\\\/es\\\/sobre-nosotros\\\/junta\\\/brian-desarro\\\/#primaryimage\"},\"image\":{\"@id\":\"https:\\\/\\\/atlantapride.org\\\/es\\\/sobre-nosotros\\\/junta\\\/brian-desarro\\\/#primaryimage\"},\"thumbnailUrl\":\"https:\\\/\\\/atlantapride.org\\\/wp-content\\\/uploads\\\/2024\\\/05\\\/Brian-Desarro.jpg\",\"datePublished\":\"2024-05-03T23:25:19+00:00\",\"dateModified\":\"2025-01-08T20:15:23+00:00\",\"breadcrumb\":{\"@id\":\"https:\\\/\\\/atlantapride.org\\\/es\\\/sobre-nosotros\\\/junta\\\/brian-desarro\\\/#breadcrumb\"},\"inLanguage\":\"es\",\"potentialAction\":[{\"@type\":\"ReadAction\",\"target\":[\"https:\\\/\\\/atlantapride.org\\\/es\\\/sobre-nosotros\\\/junta\\\/brian-desarro\\\/\"]}]},{\"@type\":\"ImageObject\",\"inLanguage\":\"es\",\"@id\":\"https:\\\/\\\/atlantapride.org\\\/es\\\/sobre-nosotros\\\/junta\\\/brian-desarro\\\/#primaryimage\",\"url\":\"https:\\\/\\\/atlantapride.org\\\/wp-content\\\/uploads\\\/2024\\\/05\\\/Brian-Desarro.jpg\",\"contentUrl\":\"https:\\\/\\\/atlantapride.org\\\/wp-content\\\/uploads\\\/2024\\\/05\\\/Brian-Desarro.jpg\"},{\"@type\":\"BreadcrumbList\",\"@id\":\"https:\\\/\\\/atlantapride.org\\\/es\\\/sobre-nosotros\\\/junta\\\/brian-desarro\\\/#breadcrumb\",\"itemListElement\":[{\"@type\":\"ListItem\",\"position\":1,\"name\":\"Home\",\"item\":\"https:\\\/\\\/atlantapride.org\\\/es\\\/\"},{\"@type\":\"ListItem\",\"position\":2,\"name\":\"Sobre nosotros\",\"item\":\"https:\\\/\\\/atlantapride.org\\\/es\\\/sobre-nosotros\\\/\"},{\"@type\":\"ListItem\",\"position\":3,\"name\":\"Junta\",\"item\":\"https:\\\/\\\/atlantapride.org\\\/es\\\/about-us\\\/the-board\\\/\"},{\"@type\":\"ListItem\",\"position\":4,\"name\":\"Brian Desarro\"}]},{\"@type\":\"WebSite\",\"@id\":\"https:\\\/\\\/atlantapride.org\\\/es\\\/#website\",\"url\":\"https:\\\/\\\/atlantapride.org\\\/es\\\/\",\"name\":\"Atlanta Pride\",\"description\":\"Atlanta Pride&#039;s Website\",\"publisher\":{\"@id\":\"https:\\\/\\\/atlantapride.org\\\/es\\\/#organization\"},\"potentialAction\":[{\"@type\":\"SearchAction\",\"target\":{\"@type\":\"EntryPoint\",\"urlTemplate\":\"https:\\\/\\\/atlantapride.org\\\/es\\\/?s={search_term_string}\"},\"query-input\":{\"@type\":\"PropertyValueSpecification\",\"valueRequired\":true,\"valueName\":\"search_term_string\"}}],\"inLanguage\":\"es\"},{\"@type\":\"Organization\",\"@id\":\"https:\\\/\\\/atlantapride.org\\\/es\\\/#organization\",\"name\":\"Atlanta Pride Committee, Inc\",\"alternateName\":\"Atlanta Pride\",\"url\":\"https:\\\/\\\/atlantapride.org\\\/es\\\/\",\"logo\":{\"@type\":\"ImageObject\",\"inLanguage\":\"es\",\"@id\":\"https:\\\/\\\/atlantapride.org\\\/es\\\/#\\\/schema\\\/logo\\\/image\\\/\",\"url\":\"https:\\\/\\\/atlantapride.org\\\/wp-content\\\/uploads\\\/2024\\\/02\\\/Atlanta-Pride-Logo.svg\",\"contentUrl\":\"https:\\\/\\\/atlantapride.org\\\/wp-content\\\/uploads\\\/2024\\\/02\\\/Atlanta-Pride-Logo.svg\",\"width\":208,\"height\":126,\"caption\":\"Atlanta Pride Committee, Inc\"},\"image\":{\"@id\":\"https:\\\/\\\/atlantapride.org\\\/es\\\/#\\\/schema\\\/logo\\\/image\\\/\"},\"sameAs\":[\"https:\\\/\\\/www.facebook.com\\\/atlantapride\"]}]}<\/script>\n<!-- \/ Yoast SEO plugin. -->","yoast_head_json":{"title":"Brian Desarro - Atlanta Pride","robots":{"index":"index","follow":"follow","max-snippet":"max-snippet:-1","max-image-preview":"max-image-preview:large","max-video-preview":"max-video-preview:-1"},"canonical":"https:\/\/atlantapride.org\/es\/sobre-nosotros\/junta\/brian-desarro\/","og_locale":"es_ES","og_type":"article","og_title":"Brian Desarro - Atlanta Pride","og_description":"Brian Desarro Presidente del Consejo Pronombres preferidos: \u00c9l \/ Su \/ \u00c9l Estado del Director: Nuevo Mandato actual: Primero (1\u00ba) Brian pasa su tiempo fuera del trabajo cocinando en la [&hellip;]","og_url":"https:\/\/atlantapride.org\/es\/sobre-nosotros\/junta\/brian-desarro\/","og_site_name":"Atlanta Pride","article_publisher":"https:\/\/www.facebook.com\/atlantapride","article_modified_time":"2025-01-08T20:15:23+00:00","og_image":[{"width":400,"height":400,"url":"https:\/\/atlantapride.org\/wp-content\/uploads\/2024\/05\/Brian-Desarro.jpg","type":"image\/jpeg"}],"twitter_card":"summary_large_image","twitter_misc":{"Tiempo de lectura":"1 minuto"},"schema":{"@context":"https:\/\/schema.org","@graph":[{"@type":"WebPage","@id":"https:\/\/atlantapride.org\/es\/sobre-nosotros\/junta\/brian-desarro\/","url":"https:\/\/atlantapride.org\/es\/sobre-nosotros\/junta\/brian-desarro\/","name":"Brian Desarro - Atlanta Pride","isPartOf":{"@id":"https:\/\/atlantapride.org\/es\/#website"},"primaryImageOfPage":{"@id":"https:\/\/atlantapride.org\/es\/sobre-nosotros\/junta\/brian-desarro\/#primaryimage"},"image":{"@id":"https:\/\/atlantapride.org\/es\/sobre-nosotros\/junta\/brian-desarro\/#primaryimage"},"thumbnailUrl":"https:\/\/atlantapride.org\/wp-content\/uploads\/2024\/05\/Brian-Desarro.jpg","datePublished":"2024-05-03T23:25:19+00:00","dateModified":"2025-01-08T20:15:23+00:00","breadcrumb":{"@id":"https:\/\/atlantapride.org\/es\/sobre-nosotros\/junta\/brian-desarro\/#breadcrumb"},"inLanguage":"es","potentialAction":[{"@type":"ReadAction","target":["https:\/\/atlantapride.org\/es\/sobre-nosotros\/junta\/brian-desarro\/"]}]},{"@type":"ImageObject","inLanguage":"es","@id":"https:\/\/atlantapride.org\/es\/sobre-nosotros\/junta\/brian-desarro\/#primaryimage","url":"https:\/\/atlantapride.org\/wp-content\/uploads\/2024\/05\/Brian-Desarro.jpg","contentUrl":"https:\/\/atlantapride.org\/wp-content\/uploads\/2024\/05\/Brian-Desarro.jpg"},{"@type":"BreadcrumbList","@id":"https:\/\/atlantapride.org\/es\/sobre-nosotros\/junta\/brian-desarro\/#breadcrumb","itemListElement":[{"@type":"ListItem","position":1,"name":"Home","item":"https:\/\/atlantapride.org\/es\/"},{"@type":"ListItem","position":2,"name":"Sobre nosotros","item":"https:\/\/atlantapride.org\/es\/sobre-nosotros\/"},{"@type":"ListItem","position":3,"name":"Junta","item":"https:\/\/atlantapride.org\/es\/about-us\/the-board\/"},{"@type":"ListItem","position":4,"name":"Brian Desarro"}]},{"@type":"WebSite","@id":"https:\/\/atlantapride.org\/es\/#website","url":"https:\/\/atlantapride.org\/es\/","name":"Atlanta Pride","description":"Atlanta Pride&#039;s Website","publisher":{"@id":"https:\/\/atlantapride.org\/es\/#organization"},"potentialAction":[{"@type":"SearchAction","target":{"@type":"EntryPoint","urlTemplate":"https:\/\/atlantapride.org\/es\/?s={search_term_string}"},"query-input":{"@type":"PropertyValueSpecification","valueRequired":true,"valueName":"search_term_string"}}],"inLanguage":"es"},{"@type":"Organization","@id":"https:\/\/atlantapride.org\/es\/#organization","name":"Atlanta Pride Committee, Inc","alternateName":"Atlanta Pride","url":"https:\/\/atlantapride.org\/es\/","logo":{"@type":"ImageObject","inLanguage":"es","@id":"https:\/\/atlantapride.org\/es\/#\/schema\/logo\/image\/","url":"https:\/\/atlantapride.org\/wp-content\/uploads\/2024\/02\/Atlanta-Pride-Logo.svg","contentUrl":"https:\/\/atlantapride.org\/wp-content\/uploads\/2024\/02\/Atlanta-Pride-Logo.svg","width":208,"height":126,"caption":"Atlanta Pride Committee, Inc"},"image":{"@id":"https:\/\/atlantapride.org\/es\/#\/schema\/logo\/image\/"},"sameAs":["https:\/\/www.facebook.com\/atlantapride"]}]}},"ticketed":false,"_links":{"self":[{"href":"https:\/\/atlantapride.org\/es\/wp-json\/wp\/v2\/pages\/1959","targetHints":{"allow":["GET"]}}],"collection":[{"href":"https:\/\/atlantapride.org\/es\/wp-json\/wp\/v2\/pages"}],"about":[{"href":"https:\/\/atlantapride.org\/es\/wp-json\/wp\/v2\/types\/page"}],"author":[{"embeddable":true,"href":"https:\/\/atlantapride.org\/es\/wp-json\/wp\/v2\/users\/1"}],"replies":[{"embeddable":true,"href":"https:\/\/atlantapride.org\/es\/wp-json\/wp\/v2\/comments?post=1959"}],"version-history":[{"count":3,"href":"https:\/\/atlantapride.org\/es\/wp-json\/wp\/v2\/pages\/1959\/revisions"}],"predecessor-version":[{"id":2172,"href":"https:\/\/atlantapride.org\/es\/wp-json\/wp\/v2\/pages\/1959\/revisions\/2172"}],"up":[{"embeddable":true,"href":"https:\/\/atlantapride.org\/es\/wp-json\/wp\/v2\/pages\/2014"}],"wp:attachment":[{"href":"https:\/\/atlantapride.org\/es\/wp-json\/wp\/v2\/media?parent=1959"}],"curies":[{"name":"wp","href":"https:\/\/api.w.org\/{rel}","templated":true}]}}