{"id":1986,"date":"2024-12-09T15:00:27","date_gmt":"2024-12-09T20:00:27","guid":{"rendered":"https:\/\/atlantapride.org\/politica-de-privacidad\/"},"modified":"2025-03-24T12:01:08","modified_gmt":"2025-03-24T16:01:08","slug":"politica-de-privacidad","status":"publish","type":"page","link":"https:\/\/atlantapride.org\/es\/politica-de-privacidad\/","title":{"rendered":"Pol\u00edtica de privacidad"},"content":{"rendered":"\n<p>La Pol\u00edtica de Privacidad de Atlanta Pride Committee, Inc. (\u00abAtlanta Pride\u00bb) puede consultarse a continuaci\u00f3n. El uso de cualquier producto o servicio de Atlanta Pride implica la aceptaci\u00f3n de los t\u00e9rminos y condiciones de la Pol\u00edtica de Privacidad de Atlanta Pride. Eres responsable de revisar y familiarizarte con todos estos t\u00e9rminos.  <\/p>\n\n<h2 class=\"wp-block-heading\">Pol\u00edtica de privacidad<\/h2>\n\n<p>Actualizada: 24 de marzo de 2025<\/p>\n\n<p>Atlanta Pride ha creado esta pol\u00edtica de privacidad porque valoramos a nuestros miembros y reconocemos su derecho a mantener la privacidad de su informaci\u00f3n personal. Esta declaraci\u00f3n revela nuestras pr\u00e1cticas de recopilaci\u00f3n y difusi\u00f3n de informaci\u00f3n para los sitios web, aplicaciones m\u00f3viles y otros productos de Atlanta Pride (\u00abRed\u00bb). <\/p>\n\n<h3 class=\"wp-block-heading\">Metodolog\u00edas de recogida de informaci\u00f3n<\/h3>\n\n<h4 class=\"wp-block-heading\">Cookies<\/h4>\n\n<p>Cuando se accede a \u00e9l a trav\u00e9s de la World Wide Web, el sitio web de Atlanta Pride utiliza cookies para recopilar informaci\u00f3n demogr\u00e1fica sobre ti, para ofrecerte contenidos espec\u00edficos para ti y para rellenar autom\u00e1ticamente los formularios con tus datos demogr\u00e1ficos, de modo que no tengas que introducirlos manualmente cada vez que nos visites. Una cookie es una peque\u00f1a l\u00ednea de datos que se almacena en tu disco duro. Algunas cookies s\u00f3lo se almacenan durante la duraci\u00f3n de una \u00fanica sesi\u00f3n del navegador; otras persisten a lo largo de las sesiones. La informaci\u00f3n que nos proporcionas voluntariamente NO se almacena en la cookie; esa informaci\u00f3n se mantiene encriptada y segura en nuestra base de datos. Todas las cookies asignadas por nuestra Red son an\u00f3nimas, cadenas de n\u00fameros aleatorios. Ni nosotros ni nuestros anunciantes sabremos qui\u00e9n eres a menos que nos proporciones espec\u00edficamente esa informaci\u00f3n.     <\/p>\n\n<h4 class=\"wp-block-heading\">Identificador \u00fanico del dispositivo m\u00f3vil<\/h4>\n\n<p>Al utilizar una aplicaci\u00f3n m\u00f3vil de Atlanta Pride desde tu dispositivo m\u00f3vil, Atlanta Pride puede recibir un identificador \u00fanico de tu dispositivo y utilizarlo para ofrecer servicios y\/o funcionalidades ampliados. Siempre se te pedir\u00e1 permiso antes de proporcionar a Atlanta Pride esta informaci\u00f3n sobre tu dispositivo. Todos los identificadores m\u00f3viles recibidos por nuestra Red son cadenas an\u00f3nimas y aleatorias; ni nosotros ni nuestros anunciantes sabremos qui\u00e9n eres a menos que nos facilites espec\u00edficamente esa informaci\u00f3n.  <\/p>\n\n<h4 class=\"wp-block-heading\">Tecnolog\u00edas de seguimiento<\/h4>\n\n<p>Atlanta Pride utiliza tecnolog\u00edas de terceros para rastrear la actividad en nuestra red y aplicaciones m\u00f3viles mediante Cookies o Identificadores \u00danicos M\u00f3viles. Atlanta Pride controla el uso de esta actividad; aunque utilizamos esta informaci\u00f3n an\u00f3nima para comprender mejor a nuestros lectores y c\u00f3mo utilizan nuestras soluciones, no vendemos esta informaci\u00f3n ni la ponemos a disposici\u00f3n de anunciantes fuera de los informes agregados sin tu autorizaci\u00f3n. <\/p>\n\n<h4 class=\"wp-block-heading\">Recogida de informaci\u00f3n de terceros<\/h4>\n\n<p>Las organizaciones que colocan publicidad en nuestra Red utilizar\u00e1n ocasionalmente Cookies o Identificadores M\u00f3viles \u00danicos para ofrecerte publicidad dirigida a ti. Atlanta Pride no controla el uso de dichos datos por parte de terceros. <\/p>\n\n<h3 class=\"wp-block-heading\">Informaci\u00f3n recogida<\/h3>\n\n<h4 class=\"wp-block-heading\">Encuestas<\/h4>\n\n<p>En ocasiones, Atlanta Pride puede realizar encuestas sobre nuestra Red. Estas encuestas son siempre opcionales, y no solicitan informaci\u00f3n personal que te identifique. <\/p>\n\n<h4 class=\"wp-block-heading\">Comentarios de los miembros<\/h4>\n\n<p>Atlanta Pride almacena los comentarios que nos env\u00edas a trav\u00e9s de formularios digitales. Estas opiniones se utilizan para administrar y perfeccionar el Sitio Web de Atlanta Pride y los servicios asociados y, en ocasiones, pueden compartirse con los socios de Atlanta Pride, ya sea de forma agregada o individualmente, eliminando las caracter\u00edsticas de identificaci\u00f3n espec\u00edficas del Miembro (por ejemplo, la direcci\u00f3n de correo electr\u00f3nico o el nombre). <\/p>\n\n<h4 class=\"wp-block-heading\">Compartir contenidos con otros usuarios<\/h4>\n\n<p>Si decides utilizar nuestro servicio de invitaci\u00f3n para hablar a un amigo de nuestra Red o de contenidos espec\u00edficos de nuestra Red, te pediremos la informaci\u00f3n necesaria para enviar la invitaci\u00f3n, como la direcci\u00f3n de correo electr\u00f3nico de tu amigo. Enviaremos autom\u00e1ticamente a tu amigo un \u00fanico correo electr\u00f3nico o mensaje invit\u00e1ndole a visitar el sitio. Atlanta Pride almacena esta informaci\u00f3n para enviar esta invitaci\u00f3n \u00fanica y para hacer un seguimiento del \u00e9xito de dichos programas. Tu amigo puede ponerse en contacto con nosotros en <a href=\"mailto:support@atlantapride.org\">support@atlantapride.org<\/a> para solicitar que eliminemos esta informaci\u00f3n de nuestra base de datos.   <\/p>\n\n<h4 class=\"wp-block-heading\">Concursos<\/h4>\n\n<p>De vez en cuando, podemos ofrecerte la oportunidad de participar en concursos en nuestro sitio. Si participas, te pediremos cierta informaci\u00f3n personal identificable. La participaci\u00f3n en estas encuestas o concursos es completamente voluntaria y, por tanto, tienes la opci\u00f3n de revelar o no esta informaci\u00f3n. La informaci\u00f3n solicitada suele incluir datos de contacto (como el nombre y la direcci\u00f3n de env\u00edo) e informaci\u00f3n demogr\u00e1fica (como el sexo).   <\/p>\n\n<p>Utilizamos esta informaci\u00f3n para notificarte cuando ganas o no ganas dichos concursos, y para enviarte directamente los premios que puedas ganar. Cuando se te notifique, tu informaci\u00f3n personal tambi\u00e9n podr\u00e1 ser compartida con los patrocinadores de dichos concursos. Tu participaci\u00f3n en cualquier concurso est\u00e1 vinculada a tu Registro (ver m\u00e1s abajo), por lo que la informaci\u00f3n que proporciones est\u00e1 sujeta a los t\u00e9rminos descritos en la siguiente secci\u00f3n.  <\/p>\n\n<h4 class=\"wp-block-heading\">Registro y tu cuenta<\/h4>\n\n<p>Cuando te registras para obtener una cuenta en Atlanta Pride, puedes proporcionarnos informaci\u00f3n personal como tu nombre, tu direcci\u00f3n de correo electr\u00f3nico, tu n\u00famero de tel\u00e9fono, tu direcci\u00f3n, tu sexo e informaci\u00f3n adicional personal o sobre tus preferencias. Recogemos esta informaci\u00f3n para poder ofrecerte un servicio personalizado, para que puedas publicar contenidos como comentarios, clasificados, eventos y fotos, y para que podamos ofrecerte funciones personalizadas adicionales. <\/p>\n\n<p>T\u00fa publicas contenidos en la Red bajo tu propia responsabilidad. Aunque podemos permitirte limitar el acceso a tu informaci\u00f3n privada, por ejemplo mediante el uso de un nombre de usuario o alias, ten en cuenta que ninguna medida de seguridad es perfecta o impenetrable. No podemos controlar las acciones de otros usuarios con los que decidas compartir tu identidad e informaci\u00f3n. Por lo tanto, no podemos garantizar ni garantizamos que el contenido que publiques en Atlanta Pride no sea visto por personas no autorizadas. No somos responsables de la elusi\u00f3n de cualquier configuraci\u00f3n de privacidad o medidas de seguridad contenidas en Atlanta Pride. Entiendes y reconoces que, incluso despu\u00e9s de la eliminaci\u00f3n, las copias de tu contenido pueden permanecer visibles en p\u00e1ginas almacenadas en cach\u00e9 y archivadas o si otros usuarios han copiado o almacenado tu contenido.     <\/p>\n\n<h4 class=\"wp-block-heading\">Instrucciones para la eliminaci\u00f3n de datos<\/h4>\n\n<p>Si deseas que se desactive tu cuenta y\/o se elimine tu informaci\u00f3n de usuario, env\u00eda una solicitud a <a href=\"mailto:support@atlantapride.org\">support@atlantapride.org.<\/a><\/p>\n\n<h3 class=\"wp-block-heading\">C\u00f3mo utilizamos tus datos<\/h3>\n\n<p>El sitio web Atlanta Pride utiliza los datos que recopila para proporcionar, personalizar, mantener y mejorar sus productos y servicios. Tambi\u00e9n podemos utilizar estos datos para comercializar nuestros servicios. No vendemos ni proporcionamos de ning\u00fan otro modo tus datos personales a terceros, a menos que nos des tu autorizaci\u00f3n espec\u00edfica para hacerlo, por ejemplo, al participar en una promoci\u00f3n en nuestra red.  <\/p>\n\n<h4 class=\"wp-block-heading\">RESIDENTES EN CALIFORNIA:<\/h4>\n\n<p>El sitio web de Atlanta Pride no est\u00e1 sujeto a la Ley de Privacidad del Consumidor de California (CCPA) debido a que en este momento no alcanzamos el umbral de ingresos para su cumplimiento.<\/p>\n\n<h4 class=\"wp-block-heading\">RESIDENTES EN NEVADA:<\/h4>\n\n<p>La Ley de Privacidad de Nevada (SB-220) permite a los residentes de ese estado solicitar que no vendamos sus datos. Para realizar dicha solicitud, env\u00eda un correo electr\u00f3nico <a href=\"mailto:support@atlantapride.org\">a support@atlantapride.org.<\/a> <\/p>\n\n<h3 class=\"wp-block-heading\">Comunicaciones de Atlanta Pride<\/h3>\n\n<h4 class=\"wp-block-heading\">Boletines, ofertas especiales y actualizaciones<\/h4>\n\n<p>Atlanta Pride puede enviarte ocasionalmente informaci\u00f3n sobre productos, servicios, noticias, ofertas especiales o promociones por correo electr\u00f3nico. Todas las comunicaciones por correo electr\u00f3nico de Atlanta Pride son \u00abopt in\u00bb, lo que significa que debes solicitarlas de alguna manera a trav\u00e9s de nuestra Red. Todas las comunicaciones por correo electr\u00f3nico que recibas de Atlanta Pride incluyen instrucciones para \u00abexcluirte\u00bb de futuras comunicaciones de nuestra empresa.  <\/p>\n\n<h4 class=\"wp-block-heading\">Notificaciones m\u00f3viles<\/h4>\n\n<p>Atlanta Pride puede enviarte ocasionalmente informaci\u00f3n sobre productos, servicios, noticias, ofertas especiales o promociones a trav\u00e9s de notificaciones m\u00f3viles. Todas las notificaciones m\u00f3viles de Atlanta Pride son \u00abopt in\u00bb, lo que significa que debes solicitarlas de alguna manera a trav\u00e9s de tu dispositivo. Todos los dispositivos proporcionan una funcionalidad espec\u00edfica para \u00aboptar por no recibir\u00bb futuras notificaciones m\u00f3viles de nuestra empresa; consulta el manual de instrucciones del sistema operativo de tu dispositivo para obtener instrucciones espec\u00edficas.   La informaci\u00f3n de los m\u00f3viles no se compartir\u00e1 con terceros para fines de marketing. Para excluirte, env\u00eda un mensaje de texto a STOP. <\/p>\n\n<h3 class=\"wp-block-heading\">Informaci\u00f3n adicional<\/h3>\n\n<p>Sin perjuicio de cualquier otra disposici\u00f3n de esta pol\u00edtica, Atlanta Pride tambi\u00e9n podr\u00e1 revelar informaci\u00f3n personal y agregada cuando as\u00ed lo exija un mecanismo legal v\u00e1lido, como una orden de registro, citaci\u00f3n u orden judicial, o cuando lo consideremos necesario, a nuestra entera discreci\u00f3n, para proteger nuestros derechos y la seguridad de terceros, o de nuestros usuarios, empleados o propiedades.<\/p>\n\n<p>Atlanta Pride se reserva el derecho a compartir parte o la totalidad de tu informaci\u00f3n personal con su empresa matriz, filiales, empresas conjuntas u otras empresas bajo control com\u00fan con Atlanta Pride, en cuyo caso Atlanta Pride exigir\u00e1 a dichas entidades que respeten esta pol\u00edtica de privacidad. Si Atlanta Pride es adquirida por otra empresa, dicha empresa obtendr\u00e1 la informaci\u00f3n de los miembros recopilada por Atlanta Pride y asumir\u00e1 los derechos y obligaciones establecidos en esta pol\u00edtica de privacidad en relaci\u00f3n con dicha informaci\u00f3n. <\/p>\n\n<h3 class=\"wp-block-heading\">Enlaces externos<\/h3>\n\n<p>Atlanta Pride proporciona enlaces a otros sitios. Atlanta Pride no es responsable de las pr\u00e1cticas de privacidad ni de los contenidos de estos otros sitios. <\/p>\n\n<h3 class=\"wp-block-heading\">Contenido sindicado<\/h3>\n\n<p>Atlanta Pride puede sindicar su contenido y distribuirlo a trav\u00e9s de propiedades de terceros. Aunque es posible que veas el logotipo de Atlanta Pride asociado a dicho contenido, tu actividad en las propiedades de terceros se rige por la declaraci\u00f3n de privacidad de la propiedad que est\u00e1s visitando. <\/p>\n\n<h3 class=\"wp-block-heading\">Contactar con nosotros<\/h3>\n\n<p>Si tienes alguna pregunta sobre esta declaraci\u00f3n de privacidad, las pr\u00e1cticas de este sitio o tus relaciones con \u00e9l, puedes ponerte en contacto con nosotros por correo electr\u00f3nico en <a href=\"mailto:support@atlantapride.org\">support@atlantapride.org.<\/a><\/p>\n\n<h3 class=\"wp-block-heading\">Pol\u00edtica de cambios<\/h3>\n\n<p>De vez en cuando, podemos revisar este aviso de privacidad. Si realizamos un cambio sustancial, publicaremos una actualizaci\u00f3n en el Sitio Web de Atlanta Pride o te lo notificaremos por correo electr\u00f3nico, momento en el que podr\u00e1s \u00abexcluirte\u00bb de estas nuevas pr\u00e1cticas poni\u00e9ndote en contacto con nosotros (utilizando la informaci\u00f3n de contacto anterior). <\/p>\n","protected":false},"excerpt":{"rendered":"<p>La Pol\u00edtica de Privacidad de Atlanta Pride Committee, Inc. (\u00abAtlanta Pride\u00bb) puede consultarse a continuaci\u00f3n. El uso de cualquier producto o servicio de Atlanta Pride implica la aceptaci\u00f3n de los [&hellip;]<\/p>\n","protected":false},"author":1,"featured_media":0,"parent":0,"menu_order":0,"comment_status":"closed","ping_status":"closed","template":"","meta":{"_price":"","_stock":"","_tribe_ticket_header":"","_tribe_default_ticket_provider":"","_tribe_ticket_capacity":"0","_ticket_start_date":"","_ticket_end_date":"","_tribe_ticket_show_description":"","_tribe_ticket_show_not_going":false,"_tribe_ticket_use_global_stock":"","_tribe_ticket_global_stock_level":"","_global_stock_mode":"","_global_stock_cap":"","_tribe_rsvp_for_event":"","_tribe_ticket_going_count":"","_tribe_ticket_not_going_count":"","_tribe_tickets_list":"[]","_tribe_ticket_has_attendee_info_fields":false,"footnotes":"","_tec_slr_enabled":"","_tec_slr_layout":""},"class_list":["post-1986","page","type-page","status-publish","hentry"],"yoast_head":"<!-- This site is optimized with the Yoast SEO plugin v27.3 - https:\/\/yoast.com\/product\/yoast-seo-wordpress\/ -->\n<title>Pol\u00edtica de privacidad - Atlanta Pride<\/title>\n<meta name=\"robots\" content=\"index, follow, max-snippet:-1, max-image-preview:large, max-video-preview:-1\" \/>\n<link rel=\"canonical\" href=\"https:\/\/atlantapride.org\/es\/politica-de-privacidad\/\" \/>\n<meta property=\"og:locale\" content=\"es_ES\" \/>\n<meta property=\"og:type\" content=\"article\" \/>\n<meta property=\"og:title\" content=\"Pol\u00edtica de privacidad - Atlanta Pride\" \/>\n<meta property=\"og:description\" content=\"La Pol\u00edtica de Privacidad de Atlanta Pride Committee, Inc. (\u00abAtlanta Pride\u00bb) puede consultarse a continuaci\u00f3n. El uso de cualquier producto o servicio de Atlanta Pride implica la aceptaci\u00f3n de los [&hellip;]\" \/>\n<meta property=\"og:url\" content=\"https:\/\/atlantapride.org\/es\/politica-de-privacidad\/\" \/>\n<meta property=\"og:site_name\" content=\"Atlanta Pride\" \/>\n<meta property=\"article:publisher\" content=\"https:\/\/www.facebook.com\/atlantapride\" \/>\n<meta property=\"article:modified_time\" content=\"2025-03-24T16:01:08+00:00\" \/>\n<meta name=\"twitter:card\" content=\"summary_large_image\" \/>\n<meta name=\"twitter:label1\" content=\"Tiempo de lectura\" \/>\n\t<meta name=\"twitter:data1\" content=\"9 minutos\" \/>\n<script type=\"application\/ld+json\" class=\"yoast-schema-graph\">{\"@context\":\"https:\\\/\\\/schema.org\",\"@graph\":[{\"@type\":\"WebPage\",\"@id\":\"https:\\\/\\\/atlantapride.org\\\/es\\\/politica-de-privacidad\\\/\",\"url\":\"https:\\\/\\\/atlantapride.org\\\/es\\\/politica-de-privacidad\\\/\",\"name\":\"Pol\u00edtica de privacidad - Atlanta Pride\",\"isPartOf\":{\"@id\":\"https:\\\/\\\/atlantapride.org\\\/es\\\/#website\"},\"datePublished\":\"2024-12-09T20:00:27+00:00\",\"dateModified\":\"2025-03-24T16:01:08+00:00\",\"breadcrumb\":{\"@id\":\"https:\\\/\\\/atlantapride.org\\\/es\\\/politica-de-privacidad\\\/#breadcrumb\"},\"inLanguage\":\"es\",\"potentialAction\":[{\"@type\":\"ReadAction\",\"target\":[\"https:\\\/\\\/atlantapride.org\\\/es\\\/politica-de-privacidad\\\/\"]}]},{\"@type\":\"BreadcrumbList\",\"@id\":\"https:\\\/\\\/atlantapride.org\\\/es\\\/politica-de-privacidad\\\/#breadcrumb\",\"itemListElement\":[{\"@type\":\"ListItem\",\"position\":1,\"name\":\"Home\",\"item\":\"https:\\\/\\\/atlantapride.org\\\/es\\\/\"},{\"@type\":\"ListItem\",\"position\":2,\"name\":\"Pol\u00edtica de privacidad\"}]},{\"@type\":\"WebSite\",\"@id\":\"https:\\\/\\\/atlantapride.org\\\/es\\\/#website\",\"url\":\"https:\\\/\\\/atlantapride.org\\\/es\\\/\",\"name\":\"Atlanta Pride\",\"description\":\"Atlanta Pride&#039;s Website\",\"publisher\":{\"@id\":\"https:\\\/\\\/atlantapride.org\\\/es\\\/#organization\"},\"potentialAction\":[{\"@type\":\"SearchAction\",\"target\":{\"@type\":\"EntryPoint\",\"urlTemplate\":\"https:\\\/\\\/atlantapride.org\\\/es\\\/?s={search_term_string}\"},\"query-input\":{\"@type\":\"PropertyValueSpecification\",\"valueRequired\":true,\"valueName\":\"search_term_string\"}}],\"inLanguage\":\"es\"},{\"@type\":\"Organization\",\"@id\":\"https:\\\/\\\/atlantapride.org\\\/es\\\/#organization\",\"name\":\"Atlanta Pride Committee, Inc\",\"alternateName\":\"Atlanta Pride\",\"url\":\"https:\\\/\\\/atlantapride.org\\\/es\\\/\",\"logo\":{\"@type\":\"ImageObject\",\"inLanguage\":\"es\",\"@id\":\"https:\\\/\\\/atlantapride.org\\\/es\\\/#\\\/schema\\\/logo\\\/image\\\/\",\"url\":\"https:\\\/\\\/atlantapride.org\\\/wp-content\\\/uploads\\\/2024\\\/02\\\/Atlanta-Pride-Logo.svg\",\"contentUrl\":\"https:\\\/\\\/atlantapride.org\\\/wp-content\\\/uploads\\\/2024\\\/02\\\/Atlanta-Pride-Logo.svg\",\"width\":208,\"height\":126,\"caption\":\"Atlanta Pride Committee, Inc\"},\"image\":{\"@id\":\"https:\\\/\\\/atlantapride.org\\\/es\\\/#\\\/schema\\\/logo\\\/image\\\/\"},\"sameAs\":[\"https:\\\/\\\/www.facebook.com\\\/atlantapride\"]}]}<\/script>\n<!-- \/ Yoast SEO plugin. -->","yoast_head_json":{"title":"Pol\u00edtica de privacidad - Atlanta Pride","robots":{"index":"index","follow":"follow","max-snippet":"max-snippet:-1","max-image-preview":"max-image-preview:large","max-video-preview":"max-video-preview:-1"},"canonical":"https:\/\/atlantapride.org\/es\/politica-de-privacidad\/","og_locale":"es_ES","og_type":"article","og_title":"Pol\u00edtica de privacidad - Atlanta Pride","og_description":"La Pol\u00edtica de Privacidad de Atlanta Pride Committee, Inc. (\u00abAtlanta Pride\u00bb) puede consultarse a continuaci\u00f3n. El uso de cualquier producto o servicio de Atlanta Pride implica la aceptaci\u00f3n de los [&hellip;]","og_url":"https:\/\/atlantapride.org\/es\/politica-de-privacidad\/","og_site_name":"Atlanta Pride","article_publisher":"https:\/\/www.facebook.com\/atlantapride","article_modified_time":"2025-03-24T16:01:08+00:00","twitter_card":"summary_large_image","twitter_misc":{"Tiempo de lectura":"9 minutos"},"schema":{"@context":"https:\/\/schema.org","@graph":[{"@type":"WebPage","@id":"https:\/\/atlantapride.org\/es\/politica-de-privacidad\/","url":"https:\/\/atlantapride.org\/es\/politica-de-privacidad\/","name":"Pol\u00edtica de privacidad - Atlanta Pride","isPartOf":{"@id":"https:\/\/atlantapride.org\/es\/#website"},"datePublished":"2024-12-09T20:00:27+00:00","dateModified":"2025-03-24T16:01:08+00:00","breadcrumb":{"@id":"https:\/\/atlantapride.org\/es\/politica-de-privacidad\/#breadcrumb"},"inLanguage":"es","potentialAction":[{"@type":"ReadAction","target":["https:\/\/atlantapride.org\/es\/politica-de-privacidad\/"]}]},{"@type":"BreadcrumbList","@id":"https:\/\/atlantapride.org\/es\/politica-de-privacidad\/#breadcrumb","itemListElement":[{"@type":"ListItem","position":1,"name":"Home","item":"https:\/\/atlantapride.org\/es\/"},{"@type":"ListItem","position":2,"name":"Pol\u00edtica de privacidad"}]},{"@type":"WebSite","@id":"https:\/\/atlantapride.org\/es\/#website","url":"https:\/\/atlantapride.org\/es\/","name":"Atlanta Pride","description":"Atlanta Pride&#039;s Website","publisher":{"@id":"https:\/\/atlantapride.org\/es\/#organization"},"potentialAction":[{"@type":"SearchAction","target":{"@type":"EntryPoint","urlTemplate":"https:\/\/atlantapride.org\/es\/?s={search_term_string}"},"query-input":{"@type":"PropertyValueSpecification","valueRequired":true,"valueName":"search_term_string"}}],"inLanguage":"es"},{"@type":"Organization","@id":"https:\/\/atlantapride.org\/es\/#organization","name":"Atlanta Pride Committee, Inc","alternateName":"Atlanta Pride","url":"https:\/\/atlantapride.org\/es\/","logo":{"@type":"ImageObject","inLanguage":"es","@id":"https:\/\/atlantapride.org\/es\/#\/schema\/logo\/image\/","url":"https:\/\/atlantapride.org\/wp-content\/uploads\/2024\/02\/Atlanta-Pride-Logo.svg","contentUrl":"https:\/\/atlantapride.org\/wp-content\/uploads\/2024\/02\/Atlanta-Pride-Logo.svg","width":208,"height":126,"caption":"Atlanta Pride Committee, Inc"},"image":{"@id":"https:\/\/atlantapride.org\/es\/#\/schema\/logo\/image\/"},"sameAs":["https:\/\/www.facebook.com\/atlantapride"]}]}},"ticketed":false,"_links":{"self":[{"href":"https:\/\/atlantapride.org\/es\/wp-json\/wp\/v2\/pages\/1986","targetHints":{"allow":["GET"]}}],"collection":[{"href":"https:\/\/atlantapride.org\/es\/wp-json\/wp\/v2\/pages"}],"about":[{"href":"https:\/\/atlantapride.org\/es\/wp-json\/wp\/v2\/types\/page"}],"author":[{"embeddable":true,"href":"https:\/\/atlantapride.org\/es\/wp-json\/wp\/v2\/users\/1"}],"replies":[{"embeddable":true,"href":"https:\/\/atlantapride.org\/es\/wp-json\/wp\/v2\/comments?post=1986"}],"version-history":[{"count":2,"href":"https:\/\/atlantapride.org\/es\/wp-json\/wp\/v2\/pages\/1986\/revisions"}],"predecessor-version":[{"id":3272,"href":"https:\/\/atlantapride.org\/es\/wp-json\/wp\/v2\/pages\/1986\/revisions\/3272"}],"wp:attachment":[{"href":"https:\/\/atlantapride.org\/es\/wp-json\/wp\/v2\/media?parent=1986"}],"curies":[{"name":"wp","href":"https:\/\/api.w.org\/{rel}","templated":true}]}}