{"id":2006,"date":"2024-12-06T15:21:13","date_gmt":"2024-12-06T20:21:13","guid":{"rendered":"https:\/\/atlantapride.org\/dona\/70-club\/"},"modified":"2025-04-22T10:51:33","modified_gmt":"2025-04-22T14:51:33","slug":"70-club","status":"publish","type":"page","link":"https:\/\/atlantapride.org\/es\/dona\/70-club\/","title":{"rendered":"70 Club"},"content":{"rendered":"\t\t<div data-elementor-type=\"wp-page\" data-elementor-id=\"2006\" class=\"elementor elementor-2006 elementor-1628\" data-elementor-post-type=\"page\">\n\t\t\t\t<div class=\"elementor-element elementor-element-0784ea6 e-flex e-con-boxed e-con e-parent\" data-id=\"0784ea6\" data-element_type=\"container\" data-e-type=\"container\">\n\t\t\t\t\t<div class=\"e-con-inner\">\n\t\t<div class=\"elementor-element elementor-element-1d48594 e-con-full e-flex e-con e-child\" data-id=\"1d48594\" data-element_type=\"container\" data-e-type=\"container\">\n\t\t\t\t<div class=\"elementor-element elementor-element-656de11 elementor-widget elementor-widget-text-editor\" data-id=\"656de11\" data-element_type=\"widget\" data-e-type=\"widget\" data-widget_type=\"text-editor.default\">\n\t\t\t\t<div class=\"elementor-widget-container\">\n\t\t\t\t\t\t\t\t\t<p>\u00a1Celebremos cu\u00e1ndo empez\u00f3 todo! Inspirado en los inicios de Atlanta Pride en 1970, el CLUB 70 es nuestra forma de rendir homenaje al apoyo popular que nos ha acompa\u00f1ado durante m\u00e1s de cincuenta a\u00f1os. Al hacerte socio, no s\u00f3lo haces un donativo, sino que te unes a una comunidad apasionada que construye sobre nuestro pasado e invierte en nuestro futuro. Af\u00edliate hoy para mantener vivo el esp\u00edritu del Orgullo durante todo el a\u00f1o.   <\/p><h2>\u00a1Hazte Miembro Fundador hoy mismo!<\/h2><p>70+ $ MENSUALES \/ 840+ $ ANUALES<br>(100+ $ MENSUALES \/ 1.200+ $ ANUALES POR PAREJA)<\/p><h2>\u00bfPor qu\u00e9 unirse al Club de los 70?<\/h2><p>A partir de s\u00f3lo 70 $ al mes, tu compromiso continuo alimenta nuestra programaci\u00f3n inclusiva y centrada en la comunidad, apoya las asociaciones filantr\u00f3picas en todo Georgia y garantiza que el Festival del Orgullo de Atlanta siga siendo el mayor festival del Orgullo gratuito del pa\u00eds. Est\u00e1s invirtiendo en todo lo que hace que Atlanta Pride tenga tanto impacto. <\/p><p>Adem\u00e1s, como afiliado, disfrutar\u00e1s de algunas ventajas incre\u00edbles, entre ellas<\/p><ul><li><strong>Ventajas para eventos:<\/strong> Recibe acceso anticipado y descuentos para los eventos del Orgullo de Atlanta.<\/li><li><strong>Invitaciones exclusivas:<\/strong> \u00danete a nosotros en los actos sociales para donantes y en nuestra Recepci\u00f3n de Patrocinadores y VIP.<\/li><li><strong>Reconocimiento y recompensas:<\/strong> Disfruta del reconocimiento de tu nombre en nuestras publicaciones y de regalos exclusivos, como el pin de solapa del 70 CLUB.<\/li><\/ul><p><br>Unirse al CLUB DE LOS 70 significa celebrar nuestra historia al tiempo que se contribuye a un futuro a\u00fan m\u00e1s brillante para Atlanta Pride. Es una forma significativa de apoyar los programas que te gustan y de ayudarnos a seguir marcando la diferencia para las personas LGBTQ+ de todo el sureste.<\/p><p>No esperes: hazte Miembro Fundador hoy mismo y ay\u00fadanos a mantener fuerte el esp\u00edritu del Orgullo.<\/p>\t\t\t\t\t\t\t\t<\/div>\n\t\t\t\t<\/div>\n\t\t\t\t<div class=\"elementor-element elementor-element-e421f56 elementor-widget elementor-widget-shortcode\" data-id=\"e421f56\" data-element_type=\"widget\" data-e-type=\"widget\" data-widget_type=\"shortcode.default\">\n\t\t\t\t<div class=\"elementor-widget-container\">\n\t\t\t\t\t\t\t<div class=\"elementor-shortcode\"><givebutter-widget id=\"p5mobp\"><\/givebutter-widget><\/div>\n\t\t\t\t\t\t<\/div>\n\t\t\t\t<\/div>\n\t\t\t\t<\/div>\n\t\t<div class=\"elementor-element elementor-element-bdb71c0 e-con-full e-flex e-con e-child\" data-id=\"bdb71c0\" data-element_type=\"container\" data-e-type=\"container\">\n\t\t\t\t<div class=\"elementor-element elementor-element-c4221f0 elementor-widget elementor-widget-image\" data-id=\"c4221f0\" data-element_type=\"widget\" data-e-type=\"widget\" data-widget_type=\"image.default\">\n\t\t\t\t<div class=\"elementor-widget-container\">\n\t\t\t\t\t\t\t\t\t\t\t\t\t\t\t<img fetchpriority=\"high\" decoding=\"async\" width=\"700\" height=\"367\" src=\"https:\/\/atlantapride.org\/wp-content\/uploads\/2024\/12\/70Club.jpg\" class=\"attachment-large size-large wp-image-1632\" alt=\"\" srcset=\"https:\/\/atlantapride.org\/wp-content\/uploads\/2024\/12\/70Club.jpg 700w, https:\/\/atlantapride.org\/wp-content\/uploads\/2024\/12\/70Club-300x157.jpg 300w\" sizes=\"(max-width: 700px) 100vw, 700px\" \/>\t\t\t\t\t\t\t\t\t\t\t\t\t\t\t<\/div>\n\t\t\t\t<\/div>\n\t\t\t\t<\/div>\n\t\t\t\t\t<\/div>\n\t\t\t\t<\/div>\n\t\t\t\t<\/div>\n\t\t","protected":false},"excerpt":{"rendered":"<p>\u00a1Celebremos cu\u00e1ndo empez\u00f3 todo! Inspirado en los inicios de Atlanta Pride en 1970, el CLUB 70 es nuestra forma de rendir homenaje al apoyo popular que nos ha acompa\u00f1ado durante [&hellip;]<\/p>\n","protected":false},"author":1,"featured_media":0,"parent":916,"menu_order":0,"comment_status":"closed","ping_status":"closed","template":"","meta":{"_price":"","_stock":"","_tribe_ticket_header":"","_tribe_default_ticket_provider":"","_tribe_ticket_capacity":"0","_ticket_start_date":"","_ticket_end_date":"","_tribe_ticket_show_description":"","_tribe_ticket_show_not_going":false,"_tribe_ticket_use_global_stock":"","_tribe_ticket_global_stock_level":"","_global_stock_mode":"","_global_stock_cap":"","_tribe_rsvp_for_event":"","_tribe_ticket_going_count":"","_tribe_ticket_not_going_count":"","_tribe_tickets_list":"[]","_tribe_ticket_has_attendee_info_fields":false,"footnotes":"","_tec_slr_enabled":"","_tec_slr_layout":""},"class_list":["post-2006","page","type-page","status-publish","hentry"],"yoast_head":"<!-- This site is optimized with the Yoast SEO plugin v27.4 - https:\/\/yoast.com\/product\/yoast-seo-wordpress\/ -->\n<title>70 Club - Atlanta Pride<\/title>\n<meta name=\"robots\" content=\"index, follow, max-snippet:-1, max-image-preview:large, max-video-preview:-1\" \/>\n<link rel=\"canonical\" href=\"https:\/\/atlantapride.org\/es\/dona\/70-club\/\" \/>\n<meta property=\"og:locale\" content=\"es_ES\" \/>\n<meta property=\"og:type\" content=\"article\" \/>\n<meta property=\"og:title\" content=\"70 Club - Atlanta Pride\" \/>\n<meta property=\"og:description\" content=\"\u00a1Celebremos cu\u00e1ndo empez\u00f3 todo! Inspirado en los inicios de Atlanta Pride en 1970, el CLUB 70 es nuestra forma de rendir homenaje al apoyo popular que nos ha acompa\u00f1ado durante [&hellip;]\" \/>\n<meta property=\"og:url\" content=\"https:\/\/atlantapride.org\/es\/dona\/70-club\/\" \/>\n<meta property=\"og:site_name\" content=\"Atlanta Pride\" \/>\n<meta property=\"article:publisher\" content=\"https:\/\/www.facebook.com\/atlantapride\" \/>\n<meta property=\"article:modified_time\" content=\"2025-04-22T14:51:33+00:00\" \/>\n<meta property=\"og:image\" content=\"https:\/\/atlantapride.org\/wp-content\/uploads\/2024\/12\/70Club.jpg\" \/>\n\t<meta property=\"og:image:width\" content=\"700\" \/>\n\t<meta property=\"og:image:height\" content=\"367\" \/>\n\t<meta property=\"og:image:type\" content=\"image\/jpeg\" \/>\n<meta name=\"twitter:card\" content=\"summary_large_image\" \/>\n<meta name=\"twitter:label1\" content=\"Tiempo de lectura\" \/>\n\t<meta name=\"twitter:data1\" content=\"2 minutos\" \/>\n<script type=\"application\/ld+json\" class=\"yoast-schema-graph\">{\"@context\":\"https:\\\/\\\/schema.org\",\"@graph\":[{\"@type\":\"WebPage\",\"@id\":\"https:\\\/\\\/atlantapride.org\\\/es\\\/dona\\\/70-club\\\/\",\"url\":\"https:\\\/\\\/atlantapride.org\\\/es\\\/dona\\\/70-club\\\/\",\"name\":\"70 Club - Atlanta Pride\",\"isPartOf\":{\"@id\":\"https:\\\/\\\/atlantapride.org\\\/es\\\/#website\"},\"primaryImageOfPage\":{\"@id\":\"https:\\\/\\\/atlantapride.org\\\/es\\\/dona\\\/70-club\\\/#primaryimage\"},\"image\":{\"@id\":\"https:\\\/\\\/atlantapride.org\\\/es\\\/dona\\\/70-club\\\/#primaryimage\"},\"thumbnailUrl\":\"https:\\\/\\\/atlantapride.org\\\/wp-content\\\/uploads\\\/2024\\\/12\\\/70Club.jpg\",\"datePublished\":\"2024-12-06T20:21:13+00:00\",\"dateModified\":\"2025-04-22T14:51:33+00:00\",\"breadcrumb\":{\"@id\":\"https:\\\/\\\/atlantapride.org\\\/es\\\/dona\\\/70-club\\\/#breadcrumb\"},\"inLanguage\":\"es\",\"potentialAction\":[{\"@type\":\"ReadAction\",\"target\":[\"https:\\\/\\\/atlantapride.org\\\/es\\\/dona\\\/70-club\\\/\"]}]},{\"@type\":\"ImageObject\",\"inLanguage\":\"es\",\"@id\":\"https:\\\/\\\/atlantapride.org\\\/es\\\/dona\\\/70-club\\\/#primaryimage\",\"url\":\"https:\\\/\\\/atlantapride.org\\\/wp-content\\\/uploads\\\/2024\\\/12\\\/70Club.jpg\",\"contentUrl\":\"https:\\\/\\\/atlantapride.org\\\/wp-content\\\/uploads\\\/2024\\\/12\\\/70Club.jpg\"},{\"@type\":\"BreadcrumbList\",\"@id\":\"https:\\\/\\\/atlantapride.org\\\/es\\\/dona\\\/70-club\\\/#breadcrumb\",\"itemListElement\":[{\"@type\":\"ListItem\",\"position\":1,\"name\":\"Home\",\"item\":\"https:\\\/\\\/atlantapride.org\\\/es\\\/\"},{\"@type\":\"ListItem\",\"position\":2,\"name\":\"Dona\",\"item\":\"https:\\\/\\\/atlantapride.org\\\/es\\\/dona\\\/\"},{\"@type\":\"ListItem\",\"position\":3,\"name\":\"70 Club\"}]},{\"@type\":\"WebSite\",\"@id\":\"https:\\\/\\\/atlantapride.org\\\/es\\\/#website\",\"url\":\"https:\\\/\\\/atlantapride.org\\\/es\\\/\",\"name\":\"Atlanta Pride\",\"description\":\"Atlanta Pride&#039;s Website\",\"publisher\":{\"@id\":\"https:\\\/\\\/atlantapride.org\\\/es\\\/#organization\"},\"potentialAction\":[{\"@type\":\"SearchAction\",\"target\":{\"@type\":\"EntryPoint\",\"urlTemplate\":\"https:\\\/\\\/atlantapride.org\\\/es\\\/?s={search_term_string}\"},\"query-input\":{\"@type\":\"PropertyValueSpecification\",\"valueRequired\":true,\"valueName\":\"search_term_string\"}}],\"inLanguage\":\"es\"},{\"@type\":\"Organization\",\"@id\":\"https:\\\/\\\/atlantapride.org\\\/es\\\/#organization\",\"name\":\"Atlanta Pride Committee, Inc\",\"alternateName\":\"Atlanta Pride\",\"url\":\"https:\\\/\\\/atlantapride.org\\\/es\\\/\",\"logo\":{\"@type\":\"ImageObject\",\"inLanguage\":\"es\",\"@id\":\"https:\\\/\\\/atlantapride.org\\\/es\\\/#\\\/schema\\\/logo\\\/image\\\/\",\"url\":\"https:\\\/\\\/atlantapride.org\\\/wp-content\\\/uploads\\\/2024\\\/02\\\/Atlanta-Pride-Logo.svg\",\"contentUrl\":\"https:\\\/\\\/atlantapride.org\\\/wp-content\\\/uploads\\\/2024\\\/02\\\/Atlanta-Pride-Logo.svg\",\"width\":208,\"height\":126,\"caption\":\"Atlanta Pride Committee, Inc\"},\"image\":{\"@id\":\"https:\\\/\\\/atlantapride.org\\\/es\\\/#\\\/schema\\\/logo\\\/image\\\/\"},\"sameAs\":[\"https:\\\/\\\/www.facebook.com\\\/atlantapride\"]}]}<\/script>\n<!-- \/ Yoast SEO plugin. -->","yoast_head_json":{"title":"70 Club - Atlanta Pride","robots":{"index":"index","follow":"follow","max-snippet":"max-snippet:-1","max-image-preview":"max-image-preview:large","max-video-preview":"max-video-preview:-1"},"canonical":"https:\/\/atlantapride.org\/es\/dona\/70-club\/","og_locale":"es_ES","og_type":"article","og_title":"70 Club - Atlanta Pride","og_description":"\u00a1Celebremos cu\u00e1ndo empez\u00f3 todo! Inspirado en los inicios de Atlanta Pride en 1970, el CLUB 70 es nuestra forma de rendir homenaje al apoyo popular que nos ha acompa\u00f1ado durante [&hellip;]","og_url":"https:\/\/atlantapride.org\/es\/dona\/70-club\/","og_site_name":"Atlanta Pride","article_publisher":"https:\/\/www.facebook.com\/atlantapride","article_modified_time":"2025-04-22T14:51:33+00:00","og_image":[{"width":700,"height":367,"url":"https:\/\/atlantapride.org\/wp-content\/uploads\/2024\/12\/70Club.jpg","type":"image\/jpeg"}],"twitter_card":"summary_large_image","twitter_misc":{"Tiempo de lectura":"2 minutos"},"schema":{"@context":"https:\/\/schema.org","@graph":[{"@type":"WebPage","@id":"https:\/\/atlantapride.org\/es\/dona\/70-club\/","url":"https:\/\/atlantapride.org\/es\/dona\/70-club\/","name":"70 Club - Atlanta Pride","isPartOf":{"@id":"https:\/\/atlantapride.org\/es\/#website"},"primaryImageOfPage":{"@id":"https:\/\/atlantapride.org\/es\/dona\/70-club\/#primaryimage"},"image":{"@id":"https:\/\/atlantapride.org\/es\/dona\/70-club\/#primaryimage"},"thumbnailUrl":"https:\/\/atlantapride.org\/wp-content\/uploads\/2024\/12\/70Club.jpg","datePublished":"2024-12-06T20:21:13+00:00","dateModified":"2025-04-22T14:51:33+00:00","breadcrumb":{"@id":"https:\/\/atlantapride.org\/es\/dona\/70-club\/#breadcrumb"},"inLanguage":"es","potentialAction":[{"@type":"ReadAction","target":["https:\/\/atlantapride.org\/es\/dona\/70-club\/"]}]},{"@type":"ImageObject","inLanguage":"es","@id":"https:\/\/atlantapride.org\/es\/dona\/70-club\/#primaryimage","url":"https:\/\/atlantapride.org\/wp-content\/uploads\/2024\/12\/70Club.jpg","contentUrl":"https:\/\/atlantapride.org\/wp-content\/uploads\/2024\/12\/70Club.jpg"},{"@type":"BreadcrumbList","@id":"https:\/\/atlantapride.org\/es\/dona\/70-club\/#breadcrumb","itemListElement":[{"@type":"ListItem","position":1,"name":"Home","item":"https:\/\/atlantapride.org\/es\/"},{"@type":"ListItem","position":2,"name":"Dona","item":"https:\/\/atlantapride.org\/es\/dona\/"},{"@type":"ListItem","position":3,"name":"70 Club"}]},{"@type":"WebSite","@id":"https:\/\/atlantapride.org\/es\/#website","url":"https:\/\/atlantapride.org\/es\/","name":"Atlanta Pride","description":"Atlanta Pride&#039;s Website","publisher":{"@id":"https:\/\/atlantapride.org\/es\/#organization"},"potentialAction":[{"@type":"SearchAction","target":{"@type":"EntryPoint","urlTemplate":"https:\/\/atlantapride.org\/es\/?s={search_term_string}"},"query-input":{"@type":"PropertyValueSpecification","valueRequired":true,"valueName":"search_term_string"}}],"inLanguage":"es"},{"@type":"Organization","@id":"https:\/\/atlantapride.org\/es\/#organization","name":"Atlanta Pride Committee, Inc","alternateName":"Atlanta Pride","url":"https:\/\/atlantapride.org\/es\/","logo":{"@type":"ImageObject","inLanguage":"es","@id":"https:\/\/atlantapride.org\/es\/#\/schema\/logo\/image\/","url":"https:\/\/atlantapride.org\/wp-content\/uploads\/2024\/02\/Atlanta-Pride-Logo.svg","contentUrl":"https:\/\/atlantapride.org\/wp-content\/uploads\/2024\/02\/Atlanta-Pride-Logo.svg","width":208,"height":126,"caption":"Atlanta Pride Committee, Inc"},"image":{"@id":"https:\/\/atlantapride.org\/es\/#\/schema\/logo\/image\/"},"sameAs":["https:\/\/www.facebook.com\/atlantapride"]}]}},"ticketed":false,"_links":{"self":[{"href":"https:\/\/atlantapride.org\/es\/wp-json\/wp\/v2\/pages\/2006","targetHints":{"allow":["GET"]}}],"collection":[{"href":"https:\/\/atlantapride.org\/es\/wp-json\/wp\/v2\/pages"}],"about":[{"href":"https:\/\/atlantapride.org\/es\/wp-json\/wp\/v2\/types\/page"}],"author":[{"embeddable":true,"href":"https:\/\/atlantapride.org\/es\/wp-json\/wp\/v2\/users\/1"}],"replies":[{"embeddable":true,"href":"https:\/\/atlantapride.org\/es\/wp-json\/wp\/v2\/comments?post=2006"}],"version-history":[{"count":2,"href":"https:\/\/atlantapride.org\/es\/wp-json\/wp\/v2\/pages\/2006\/revisions"}],"predecessor-version":[{"id":3467,"href":"https:\/\/atlantapride.org\/es\/wp-json\/wp\/v2\/pages\/2006\/revisions\/3467"}],"up":[{"embeddable":true,"href":"https:\/\/atlantapride.org\/es\/wp-json\/wp\/v2\/pages\/916"}],"wp:attachment":[{"href":"https:\/\/atlantapride.org\/es\/wp-json\/wp\/v2\/media?parent=2006"}],"curies":[{"name":"wp","href":"https:\/\/api.w.org\/{rel}","templated":true}]}}