{"id":2017,"date":"2024-12-11T15:09:47","date_gmt":"2024-12-11T20:09:47","guid":{"rendered":"https:\/\/atlantapride.org\/suscripcion-al-boletin\/"},"modified":"2025-06-06T13:50:43","modified_gmt":"2025-06-06T17:50:43","slug":"suscripcion-al-boletin","status":"publish","type":"page","link":"https:\/\/atlantapride.org\/es\/suscripcion-al-boletin\/","title":{"rendered":"Suscripci\u00f3n al bolet\u00edn"},"content":{"rendered":"\t\t<div data-elementor-type=\"wp-page\" data-elementor-id=\"2017\" class=\"elementor elementor-2017 elementor-1849\" data-elementor-post-type=\"page\">\n\t\t\t\t<div class=\"elementor-element elementor-element-4e9160a e-flex e-con-boxed e-con e-parent\" data-id=\"4e9160a\" data-element_type=\"container\" data-e-type=\"container\">\n\t\t\t\t\t<div class=\"e-con-inner\">\n\t\t\t\t<div class=\"elementor-element elementor-element-df2d3b1 elementor-widget__width-initial elementor-widget elementor-widget-html\" data-id=\"df2d3b1\" data-element_type=\"widget\" data-e-type=\"widget\" data-widget_type=\"html.default\">\n\t\t\t\t<div class=\"elementor-widget-container\">\n\t\t\t\t\t<div id=\"mc_embed_shell\">\r\n      <link href=\"\/\/cdn-images.mailchimp.com\/embedcode\/classic-061523.css\" rel=\"stylesheet\" type=\"text\/css\">\r\n  <style type=\"text\/css\">\r\n        #mc_embed_signup{background:#fff; false;clear:left; font:14px Helvetica,Arial,sans-serif; width: 600px;}\r\n        \/* Add your own Mailchimp form style overrides in your site stylesheet or in this style block.\r\n           We recommend moving this block and the preceding CSS link to the HEAD of your HTML file. *\/\r\n<\/style>\r\n<div id=\"mc_embed_signup\">\r\n    <form action=\"https:\/\/atlantapride.us1.list-manage.com\/subscribe\/post?u=77025eb8775f3fdeb6d35c5a0&amp;id=de6b786060&amp;f_id=00c338e1f0\" method=\"post\" id=\"mc-embedded-subscribe-form\" name=\"mc-embedded-subscribe-form\" class=\"validate\" target=\"_blank\">\r\n        <div id=\"mc_embed_signup_scroll\"><h2>Suscr\u00edbete a nuestro bolet\u00edn<\/h2>\r\n            <div class=\"indicates-required\"><span class=\"asterisk\">*<\/span> indica que es necesario<\/div>\r\n            <div class=\"mc-field-group\"><label for=\"mce-FNAME\">Nombre <span class=\"asterisk\">*<\/span><\/label><input type=\"text\" name=\"FNAME\" class=\"required text\" id=\"mce-FNAME\" value=\"\" required=\"\"><\/div><div class=\"mc-field-group\"><label for=\"mce-LNAME\">Apellido <span class=\"asterisk\">*<\/span><\/label><input type=\"text\" name=\"LNAME\" class=\"required text\" id=\"mce-LNAME\" value=\"\" required=\"\"><\/div><div class=\"mc-field-group\"><label for=\"mce-EMAIL\">Direcci\u00f3n de correo electr\u00f3nico <span class=\"asterisk\">*<\/span><\/label><input type=\"email\" name=\"EMAIL\" class=\"required email\" id=\"mce-EMAIL\" required=\"\" value=\"\"><\/div><div class=\"mc-field-group\"><label for=\"mce-MOBILE\">M\u00f3vil  <\/label><div class=\"phonefield phonefield-us\">(<span class=\"phonearea\"><input class=\"phonepart REQ_CSS\" pattern=\"[0-9]*\" id=\"mce-MOBILE-area\" name=\"MOBILE[area]\" maxlength=\"3\" size=\"3\" type=\"text\" value=\"\"><\/span>)<span class=\"phonedetail1\"><input class=\"phonepart REQ_CSS\" pattern=\"[0-9]*\" id=\"mce-MOBILE-detail1\" name=\"MOBILE[detail1]\" maxlength=\"3\" size=\"3\" type=\"text\" value=\"\"><\/span> -<span class=\"phonedetail2\"><input class=\"phonepart REQ_CSS\" pattern=\"[0-9]*\" id=\"mce-MOBILE-detail2\" name=\"MOBILE[detail2]\" maxlength=\"4\" size=\"4\" type=\"text\" value=\"\"><\/span><span class=\"small-meta nowrap\">(###) ###-####<\/span><\/div><\/div><div class=\"mc-field-group size1of2\"><label for=\"mce-BDATE-month\">Cumplea\u00f1os  <\/label><div class=\"datefield\"><span class=\"subfield monthfield\"><input class=\"birthday REQ_CSS\" type=\"text\" pattern=\"[0-9]*\" placeholder=\"MM\" size=\"2\" maxlength=\"2\" name=\"BDATE[month]\" id=\"mce-BDATE-month\" value=\"\"><\/span>  \/<span class=\"subfield dayfield\"><input class=\"birthday REQ_CSS\" type=\"text\" pattern=\"[0-9]*\" placeholder=\"DD\" size=\"2\" maxlength=\"2\" name=\"BDATE[day]\" id=\"mce-BDATE-day\" value=\"\"><\/span><span class=\"small-meta nowrap\">( mm \/ dd )<\/span><\/div><\/div><div class=\"mc-field-group\"><label for=\"mce-PRONOUNS\">Pronombres  <\/label><select name=\"PRONOUNS\" class=\"\" id=\"mce-PRONOUNS\"><option value=\"\"><\/option><option value=\"She \/ Her\">Ella \/ Her<\/option><option value=\"He \/ Him\">\u00c9l \/ \u00c9l<\/option><option value=\"They \/ Them\">Ellos \/ Ellas<\/option><option value=\"Other - Not Specified\">Otro - No especificado<\/option><option value=\"Prefer not to disclose\">Prefiero no revelar<\/option><\/select><\/div><div class=\"mc-field-group input-group\"><strong>Intereses personales  <\/strong><ul><li><input type=\"checkbox\" name=\"group[13][16]\" id=\"mce-group[13]-13-0\" value=\"\"><label for=\"mce-group[13]-13-0\">Voluntariado<\/label><\/li><li><input type=\"checkbox\" name=\"group[13][4]\" id=\"mce-group[13]-13-1\" value=\"\"><label for=\"mce-group[13]-13-1\">Informaci\u00f3n general del Festival (asistentes)<\/label><\/li><li><input type=\"checkbox\" name=\"group[13][64]\" id=\"mce-group[13]-13-2\" value=\"\"><label for=\"mce-group[13]-13-2\">Eventos comunitarios<\/label><\/li><\/ul><span id=\"mce-group[13]-HELPERTEXT\" class=\"helper_text\">Opcional: Temas personales de inter\u00e9s<\/span><\/div><div class=\"mc-field-group input-group\"><strong>Intereses profesionales  <\/strong><ul><li><input type=\"checkbox\" name=\"group[39][256]\" id=\"mce-group[39]-39-0\" value=\"\"><label for=\"mce-group[39]-39-0\">Patrocinio empresarial<\/label><\/li><li><input type=\"checkbox\" name=\"group[39][512]\" id=\"mce-group[39]-39-1\" value=\"\"><label for=\"mce-group[39]-39-1\">Asociaci\u00f3n de Peque\u00f1as Empresas<\/label><\/li><li><input type=\"checkbox\" name=\"group[39][1024]\" id=\"mce-group[39]-39-2\" value=\"\"><label for=\"mce-group[39]-39-2\">Participaci\u00f3n en Festivales - Mercado<\/label><\/li><li><input type=\"checkbox\" name=\"group[39][1]\" id=\"mce-group[39]-39-3\" value=\"\"><label for=\"mce-group[39]-39-3\">Participaci\u00f3n en el Festival - Desfile<\/label><\/li><li><input type=\"checkbox\" name=\"group[39][2048]\" id=\"mce-group[39]-39-4\" value=\"\"><label for=\"mce-group[39]-39-4\">Participaci\u00f3n en festivales - Venta de alimentos<\/label><\/li><li><input type=\"checkbox\" name=\"group[39][4096]\" id=\"mce-group[39]-39-5\" value=\"\"><label for=\"mce-group[39]-39-5\">Espect\u00e1culos \/ Entretenimiento<\/label><\/li><\/ul><span id=\"mce-group[39]-HELPERTEXT\" class=\"helper_text\">Optativo: Temas profesionales de inter\u00e9s<\/span><\/div>\r\n        <div id=\"mce-responses\" class=\"clear\">\r\n            <div class=\"response\" id=\"mce-error-response\" style=\"display: none;\"><\/div>\r\n            <div class=\"response\" id=\"mce-success-response\" style=\"display: none;\"><\/div>\r\n        <\/div><div aria-hidden=\"true\" style=\"position: absolute; left: -5000px;\"><input type=\"text\" name=\"b_77025eb8775f3fdeb6d35c5a0_de6b786060\" tabindex=\"-1\" value=\"\"><\/div><div class=\"clear\"><input type=\"submit\" name=\"subscribe\" id=\"mc-embedded-subscribe\" class=\"button\" value=\"Suscr\u00edbete\"><\/div>\r\n    <\/div>\r\n<\/form>\r\n<\/div>\r\n<script type=\"text\/javascript\" src=\"\/\/s3.amazonaws.com\/downloads.mailchimp.com\/js\/mc-validate.js\"><\/script><script type=\"text\/javascript\">(function($) {window.fnames = new Array(); window.ftypes = new Array();fnames[1]='FNAME';ftypes[1]='text';fnames[2]='LNAME';ftypes[2]='text';fnames[0]='EMAIL';ftypes[0]='email';fnames[20]='MOBILE';ftypes[20]='phone';fnames[5]='BDATE';ftypes[5]='birthday';fnames[7]='PRONOUNS';ftypes[7]='dropdown';fnames[4]='CO_NAME';ftypes[4]='text';fnames[15]='MMERGE15';ftypes[15]='text';fnames[8]='AGERANGE';ftypes[8]='dropdown';fnames[19]='GENDERID';ftypes[19]='dropdown';fnames[9]='ADDRESS';ftypes[9]='address';fnames[18]='MMERGE18';ftypes[18]='text';}(jQuery));var $mcj = jQuery.noConflict(true);<\/script><\/div>\r\n\t\t\t\t<\/div>\n\t\t\t\t<\/div>\n\t\t\t\t\t<\/div>\n\t\t\t\t<\/div>\n\t\t\t\t<\/div>\n\t\t","protected":false},"excerpt":{"rendered":"<p>Suscr\u00edbete a nuestro bolet\u00edn * indica que es necesario Nombre *Apellido *Direcci\u00f3n de correo electr\u00f3nico *M\u00f3vil () &#8211;(###) ###-####Cumplea\u00f1os \/( mm \/ dd )Pronombres Ella \/ Her\u00c9l \/ \u00c9lEllos \/ [&hellip;]<\/p>\n","protected":false},"author":1,"featured_media":0,"parent":0,"menu_order":0,"comment_status":"closed","ping_status":"closed","template":"","meta":{"_price":"","_stock":"","_tribe_ticket_header":"","_tribe_default_ticket_provider":"","_tribe_ticket_capacity":"0","_ticket_start_date":"","_ticket_end_date":"","_tribe_ticket_show_description":"","_tribe_ticket_show_not_going":false,"_tribe_ticket_use_global_stock":"","_tribe_ticket_global_stock_level":"","_global_stock_mode":"","_global_stock_cap":"","_tribe_rsvp_for_event":"","_tribe_ticket_going_count":"","_tribe_ticket_not_going_count":"","_tribe_tickets_list":"[]","_tribe_ticket_has_attendee_info_fields":false,"footnotes":"","_tec_slr_enabled":"","_tec_slr_layout":""},"class_list":["post-2017","page","type-page","status-publish","hentry"],"yoast_head":"<!-- This site is optimized with the Yoast SEO plugin v27.3 - https:\/\/yoast.com\/product\/yoast-seo-wordpress\/ -->\n<title>Suscripci\u00f3n al bolet\u00edn - Atlanta Pride<\/title>\n<meta name=\"robots\" content=\"index, follow, max-snippet:-1, max-image-preview:large, max-video-preview:-1\" \/>\n<link rel=\"canonical\" href=\"https:\/\/atlantapride.org\/es\/suscripcion-al-boletin\/\" \/>\n<meta property=\"og:locale\" content=\"es_ES\" \/>\n<meta property=\"og:type\" content=\"article\" \/>\n<meta property=\"og:title\" content=\"Suscripci\u00f3n al bolet\u00edn - Atlanta Pride\" \/>\n<meta property=\"og:description\" content=\"Suscr\u00edbete a nuestro bolet\u00edn * indica que es necesario Nombre *Apellido *Direcci\u00f3n de correo electr\u00f3nico *M\u00f3vil () &#8211;(###) ###-####Cumplea\u00f1os \/( mm \/ dd )Pronombres Ella \/ Her\u00c9l \/ \u00c9lEllos \/ [&hellip;]\" \/>\n<meta property=\"og:url\" content=\"https:\/\/atlantapride.org\/es\/suscripcion-al-boletin\/\" \/>\n<meta property=\"og:site_name\" content=\"Atlanta Pride\" \/>\n<meta property=\"article:publisher\" content=\"https:\/\/www.facebook.com\/atlantapride\" \/>\n<meta property=\"article:modified_time\" content=\"2025-06-06T17:50:43+00:00\" \/>\n<meta name=\"twitter:card\" content=\"summary_large_image\" \/>\n<script type=\"application\/ld+json\" class=\"yoast-schema-graph\">{\"@context\":\"https:\\\/\\\/schema.org\",\"@graph\":[{\"@type\":\"WebPage\",\"@id\":\"https:\\\/\\\/atlantapride.org\\\/es\\\/suscripcion-al-boletin\\\/\",\"url\":\"https:\\\/\\\/atlantapride.org\\\/es\\\/suscripcion-al-boletin\\\/\",\"name\":\"Suscripci\u00f3n al bolet\u00edn - Atlanta Pride\",\"isPartOf\":{\"@id\":\"https:\\\/\\\/atlantapride.org\\\/es\\\/#website\"},\"datePublished\":\"2024-12-11T20:09:47+00:00\",\"dateModified\":\"2025-06-06T17:50:43+00:00\",\"breadcrumb\":{\"@id\":\"https:\\\/\\\/atlantapride.org\\\/es\\\/suscripcion-al-boletin\\\/#breadcrumb\"},\"inLanguage\":\"es\",\"potentialAction\":[{\"@type\":\"ReadAction\",\"target\":[\"https:\\\/\\\/atlantapride.org\\\/es\\\/suscripcion-al-boletin\\\/\"]}]},{\"@type\":\"BreadcrumbList\",\"@id\":\"https:\\\/\\\/atlantapride.org\\\/es\\\/suscripcion-al-boletin\\\/#breadcrumb\",\"itemListElement\":[{\"@type\":\"ListItem\",\"position\":1,\"name\":\"Home\",\"item\":\"https:\\\/\\\/atlantapride.org\\\/es\\\/\"},{\"@type\":\"ListItem\",\"position\":2,\"name\":\"Suscripci\u00f3n al bolet\u00edn\"}]},{\"@type\":\"WebSite\",\"@id\":\"https:\\\/\\\/atlantapride.org\\\/es\\\/#website\",\"url\":\"https:\\\/\\\/atlantapride.org\\\/es\\\/\",\"name\":\"Atlanta Pride\",\"description\":\"Atlanta Pride&#039;s Website\",\"publisher\":{\"@id\":\"https:\\\/\\\/atlantapride.org\\\/es\\\/#organization\"},\"potentialAction\":[{\"@type\":\"SearchAction\",\"target\":{\"@type\":\"EntryPoint\",\"urlTemplate\":\"https:\\\/\\\/atlantapride.org\\\/es\\\/?s={search_term_string}\"},\"query-input\":{\"@type\":\"PropertyValueSpecification\",\"valueRequired\":true,\"valueName\":\"search_term_string\"}}],\"inLanguage\":\"es\"},{\"@type\":\"Organization\",\"@id\":\"https:\\\/\\\/atlantapride.org\\\/es\\\/#organization\",\"name\":\"Atlanta Pride Committee, Inc\",\"alternateName\":\"Atlanta Pride\",\"url\":\"https:\\\/\\\/atlantapride.org\\\/es\\\/\",\"logo\":{\"@type\":\"ImageObject\",\"inLanguage\":\"es\",\"@id\":\"https:\\\/\\\/atlantapride.org\\\/es\\\/#\\\/schema\\\/logo\\\/image\\\/\",\"url\":\"https:\\\/\\\/atlantapride.org\\\/wp-content\\\/uploads\\\/2024\\\/02\\\/Atlanta-Pride-Logo.svg\",\"contentUrl\":\"https:\\\/\\\/atlantapride.org\\\/wp-content\\\/uploads\\\/2024\\\/02\\\/Atlanta-Pride-Logo.svg\",\"width\":208,\"height\":126,\"caption\":\"Atlanta Pride Committee, Inc\"},\"image\":{\"@id\":\"https:\\\/\\\/atlantapride.org\\\/es\\\/#\\\/schema\\\/logo\\\/image\\\/\"},\"sameAs\":[\"https:\\\/\\\/www.facebook.com\\\/atlantapride\"]}]}<\/script>\n<!-- \/ Yoast SEO plugin. -->","yoast_head_json":{"title":"Suscripci\u00f3n al bolet\u00edn - Atlanta Pride","robots":{"index":"index","follow":"follow","max-snippet":"max-snippet:-1","max-image-preview":"max-image-preview:large","max-video-preview":"max-video-preview:-1"},"canonical":"https:\/\/atlantapride.org\/es\/suscripcion-al-boletin\/","og_locale":"es_ES","og_type":"article","og_title":"Suscripci\u00f3n al bolet\u00edn - Atlanta Pride","og_description":"Suscr\u00edbete a nuestro bolet\u00edn * indica que es necesario Nombre *Apellido *Direcci\u00f3n de correo electr\u00f3nico *M\u00f3vil () &#8211;(###) ###-####Cumplea\u00f1os \/( mm \/ dd )Pronombres Ella \/ Her\u00c9l \/ \u00c9lEllos \/ [&hellip;]","og_url":"https:\/\/atlantapride.org\/es\/suscripcion-al-boletin\/","og_site_name":"Atlanta Pride","article_publisher":"https:\/\/www.facebook.com\/atlantapride","article_modified_time":"2025-06-06T17:50:43+00:00","twitter_card":"summary_large_image","schema":{"@context":"https:\/\/schema.org","@graph":[{"@type":"WebPage","@id":"https:\/\/atlantapride.org\/es\/suscripcion-al-boletin\/","url":"https:\/\/atlantapride.org\/es\/suscripcion-al-boletin\/","name":"Suscripci\u00f3n al bolet\u00edn - Atlanta Pride","isPartOf":{"@id":"https:\/\/atlantapride.org\/es\/#website"},"datePublished":"2024-12-11T20:09:47+00:00","dateModified":"2025-06-06T17:50:43+00:00","breadcrumb":{"@id":"https:\/\/atlantapride.org\/es\/suscripcion-al-boletin\/#breadcrumb"},"inLanguage":"es","potentialAction":[{"@type":"ReadAction","target":["https:\/\/atlantapride.org\/es\/suscripcion-al-boletin\/"]}]},{"@type":"BreadcrumbList","@id":"https:\/\/atlantapride.org\/es\/suscripcion-al-boletin\/#breadcrumb","itemListElement":[{"@type":"ListItem","position":1,"name":"Home","item":"https:\/\/atlantapride.org\/es\/"},{"@type":"ListItem","position":2,"name":"Suscripci\u00f3n al bolet\u00edn"}]},{"@type":"WebSite","@id":"https:\/\/atlantapride.org\/es\/#website","url":"https:\/\/atlantapride.org\/es\/","name":"Atlanta Pride","description":"Atlanta Pride&#039;s Website","publisher":{"@id":"https:\/\/atlantapride.org\/es\/#organization"},"potentialAction":[{"@type":"SearchAction","target":{"@type":"EntryPoint","urlTemplate":"https:\/\/atlantapride.org\/es\/?s={search_term_string}"},"query-input":{"@type":"PropertyValueSpecification","valueRequired":true,"valueName":"search_term_string"}}],"inLanguage":"es"},{"@type":"Organization","@id":"https:\/\/atlantapride.org\/es\/#organization","name":"Atlanta Pride Committee, Inc","alternateName":"Atlanta Pride","url":"https:\/\/atlantapride.org\/es\/","logo":{"@type":"ImageObject","inLanguage":"es","@id":"https:\/\/atlantapride.org\/es\/#\/schema\/logo\/image\/","url":"https:\/\/atlantapride.org\/wp-content\/uploads\/2024\/02\/Atlanta-Pride-Logo.svg","contentUrl":"https:\/\/atlantapride.org\/wp-content\/uploads\/2024\/02\/Atlanta-Pride-Logo.svg","width":208,"height":126,"caption":"Atlanta Pride Committee, Inc"},"image":{"@id":"https:\/\/atlantapride.org\/es\/#\/schema\/logo\/image\/"},"sameAs":["https:\/\/www.facebook.com\/atlantapride"]}]}},"ticketed":false,"_links":{"self":[{"href":"https:\/\/atlantapride.org\/es\/wp-json\/wp\/v2\/pages\/2017","targetHints":{"allow":["GET"]}}],"collection":[{"href":"https:\/\/atlantapride.org\/es\/wp-json\/wp\/v2\/pages"}],"about":[{"href":"https:\/\/atlantapride.org\/es\/wp-json\/wp\/v2\/types\/page"}],"author":[{"embeddable":true,"href":"https:\/\/atlantapride.org\/es\/wp-json\/wp\/v2\/users\/1"}],"replies":[{"embeddable":true,"href":"https:\/\/atlantapride.org\/es\/wp-json\/wp\/v2\/comments?post=2017"}],"version-history":[{"count":2,"href":"https:\/\/atlantapride.org\/es\/wp-json\/wp\/v2\/pages\/2017\/revisions"}],"predecessor-version":[{"id":4260,"href":"https:\/\/atlantapride.org\/es\/wp-json\/wp\/v2\/pages\/2017\/revisions\/4260"}],"wp:attachment":[{"href":"https:\/\/atlantapride.org\/es\/wp-json\/wp\/v2\/media?parent=2017"}],"curies":[{"name":"wp","href":"https:\/\/api.w.org\/{rel}","templated":true}]}}