{"id":2611,"date":"2025-01-29T16:18:35","date_gmt":"2025-01-29T21:18:35","guid":{"rendered":"https:\/\/atlantapride.org\/solicitud-del-comite-del-festival\/"},"modified":"2025-02-10T10:40:26","modified_gmt":"2025-02-10T15:40:26","slug":"solicitud-del-comite-del-festival","status":"publish","type":"page","link":"https:\/\/atlantapride.org\/es\/solicitud-del-comite-del-festival\/","title":{"rendered":"Solicitud del Comit\u00e9 del Festival"},"content":{"rendered":"\t\t<div data-elementor-type=\"wp-page\" data-elementor-id=\"2611\" class=\"elementor elementor-2611 elementor-2595\" data-elementor-post-type=\"page\">\n\t\t\t\t<div class=\"elementor-element elementor-element-ec6331c e-flex e-con-boxed e-con e-parent\" data-id=\"ec6331c\" data-element_type=\"container\" data-e-type=\"container\">\n\t\t\t\t\t<div class=\"e-con-inner\">\n\t\t<div class=\"elementor-element elementor-element-ae3601c e-con-full e-flex e-con e-child\" data-id=\"ae3601c\" data-element_type=\"container\" data-e-type=\"container\">\n\t\t\t\t<div class=\"elementor-element elementor-element-ce64497 elementor-widget elementor-widget-text-editor\" data-id=\"ce64497\" data-element_type=\"widget\" data-e-type=\"widget\" data-widget_type=\"text-editor.default\">\n\t\t\t\t<div class=\"elementor-widget-container\">\n\t\t\t\t\t\t\t\t\t<p>Desde 1970, Atlanta Pride ha trabajado para fomentar <strong>la unidad, la visibilidad y el bienestar<\/strong> entre las personas con identidades sexuales y de g\u00e9nero diversas mediante programas y actividades educativas, sociales y culturales.<\/p>\n<p>Nuestro evento emblem\u00e1tico es el Festival del Orgullo de Atlanta, que se celebra anualmente en Piedmont Park y re\u00fane a <strong>m\u00e1s de 350.000 personas<\/strong> en una celebraci\u00f3n de dos d\u00edas de la comunidad LGBTQ+. Este evento no ser\u00eda posible sin el liderazgo de nuestro Comit\u00e9 del Festival, que supervisa las operaciones del evento y garantiza su \u00e9xito. <\/p>\n<p>Los Presidentes\/Copresidentes del Comit\u00e9 del Festival <strong>deben presentar su candidatura anualmente. <\/strong>Se aceptar\u00e1n solicitudes hasta <strong>el 15 de marzo de 2024<\/strong>. Si tienes alguna pregunta, ponte en contacto con <a href=\"mailto:executivedirector@atlantapride.org\" target=\"_blank\" rel=\"nofollow noopener noreferrer\">executivedirector@atlantapride.org.<\/a> <\/p>\n\t\t\t\t\t\t\t\t<\/div>\n\t\t\t\t<\/div>\n\t\t\t\t<\/div>\n\t\t<div class=\"elementor-element elementor-element-7b929e7 e-con-full e-flex e-con e-child\" data-id=\"7b929e7\" data-element_type=\"container\" data-e-type=\"container\">\n\t\t\t\t<div class=\"elementor-element elementor-element-ac0ab61 elementor-widget elementor-widget-image\" data-id=\"ac0ab61\" data-element_type=\"widget\" data-e-type=\"widget\" data-widget_type=\"image.default\">\n\t\t\t\t<div class=\"elementor-widget-container\">\n\t\t\t\t\t\t\t\t\t\t\t\t\t\t\t<img fetchpriority=\"high\" decoding=\"async\" width=\"800\" height=\"622\" src=\"https:\/\/atlantapride.org\/wp-content\/uploads\/2024\/10\/About-Committee.jpg\" class=\"attachment-full size-full wp-image-1450\" alt=\"Atlanta Pride Committee\" srcset=\"https:\/\/atlantapride.org\/wp-content\/uploads\/2024\/10\/About-Committee.jpg 800w, https:\/\/atlantapride.org\/wp-content\/uploads\/2024\/10\/About-Committee-300x233.jpg 300w, https:\/\/atlantapride.org\/wp-content\/uploads\/2024\/10\/About-Committee-768x597.jpg 768w\" sizes=\"(max-width: 800px) 100vw, 800px\" \/>\t\t\t\t\t\t\t\t\t\t\t\t\t\t\t<\/div>\n\t\t\t\t<\/div>\n\t\t\t\t<\/div>\n\t\t\t\t\t<\/div>\n\t\t\t\t<\/div>\n\t\t<div class=\"elementor-element elementor-element-b4164f8 e-flex e-con-boxed e-con e-parent\" data-id=\"b4164f8\" data-element_type=\"container\" data-e-type=\"container\">\n\t\t\t\t\t<div class=\"e-con-inner\">\n\t\t\t\t<div class=\"elementor-element elementor-element-0aaf420 elementor-widget elementor-widget-text-editor\" data-id=\"0aaf420\" data-element_type=\"widget\" data-e-type=\"widget\" data-widget_type=\"text-editor.default\">\n\t\t\t\t<div class=\"elementor-widget-container\">\n\t\t\t\t\t\t\t\t\t<p>El Festival del Orgullo de Atlanta 2025 estar\u00e1 formado por los siguientes Comit\u00e9s:<strong><br \/><\/strong><\/p>\n<ul>\n<li><strong>Accesibilidad e inclusi\u00f3n<\/strong>\n<ul>\n<li>Abordar los problemas de accesibilidad para que el Festival sea m\u00e1s agradable para todos los miembros de la comunidad.<\/li>\n<\/ul>\n<\/li>\n<li><strong>Seguridad entre bastidores<\/strong>\n<ul>\n<li>Proporcionar seguridad a las zonas entre bastidores de los locales de ocio.<\/li>\n<\/ul>\n<\/li>\n<li><strong>Entretenimiento<\/strong>\n<ul>\n<li>Aportar informaci\u00f3n sobre la programaci\u00f3n de espect\u00e1culos y mantener el horario de los escenarios durante el Festival.<\/li>\n<\/ul>\n<\/li>\n<li><strong>Zona de Diversi\u00f3n Familiar<\/strong>\n<ul>\n<li>Dise\u00f1a y coordina actividades para ni\u00f1os y j\u00f3venes en la zona familiar del Festival.<\/li>\n<\/ul>\n<\/li>\n<li><strong>Donaciones al Festival<\/strong>\n<ul>\n<li>Coordinar la recogida de donativos durante el Festival.<\/li>\n<\/ul>\n<\/li>\n<li><strong>Informaci\u00f3n sobre el Festival<\/strong>\n<ul>\n<li>Proporcionar informaci\u00f3n a los asistentes al festival, incluidos mapas y horarios de los actos.<\/li>\n<\/ul>\n<\/li>\n<li><strong>Historia y legado<\/strong>\n<ul>\n<li>Organizar y mantener las exposiciones hist\u00f3ricas durante el Festival, incluida la Colcha Conmemorativa del SIDA.<\/li>\n<\/ul>\n<\/li>\n<li><strong>Mercado<\/strong>\n<ul>\n<li>Proporcionar apoyo de carga y descarga a los vendedores del Mercado durante el Festival.<\/li>\n<\/ul>\n<\/li>\n<li><strong>Operaciones<\/strong>\n<ul>\n<li>Mant\u00e9n el Centro de Operaciones y coordina las entregas, gestiona el inventario y clasifica las necesidades log\u00edsticas a lo largo de la semana del Festival.<\/li>\n<\/ul>\n<\/li>\n<li><strong>Desfile<\/strong>\n<ul>\n<li>Gestiona la log\u00edstica de montaje y desmontaje de los desfiles.<\/li>\n<li>Apoya a los jueces y coordina los regalos para los ganadores de los concursos del Desfile.<\/li>\n<li>Trabaja en coordinaci\u00f3n con Donaciones del Festival para recoger donativos durante el Desfile.<\/li>\n<\/ul>\n<\/li>\n<li><strong>Fotograf\u00eda<\/strong>\n<ul>\n<li>Coordinar a los fot\u00f3grafos voluntarios durante el Festival y el Desfile.<\/li>\n<\/ul>\n<\/li>\n<li><strong>Hospitalidad VIP<\/strong>\n<ul>\n<li>Actuar como anfitriones de donantes y patrocinadores en la Zona VIP durante el Festival.<\/li>\n<li>Mant\u00e9n los refrigerios de la Zona VIP con comida y bebida.<\/li>\n<\/ul>\n<\/li>\n<li><strong>Voluntario<\/strong>\n<ul>\n<li>Responsable de la captaci\u00f3n, programaci\u00f3n y retenci\u00f3n de voluntarios.<\/li>\n<li>Gestionar todas las solicitudes de voluntarios durante el Festival, colocando a los voluntarios donde m\u00e1s se necesiten.<\/li>\n<li>Trabajar en coordinaci\u00f3n con todos los dem\u00e1s Copresidentes de Comit\u00e9s.<\/li>\n<\/ul>\n<\/li>\n<\/ul>\n\t\t\t\t\t\t\t\t<\/div>\n\t\t\t\t<\/div>\n\t\t\t\t\t<\/div>\n\t\t\t\t<\/div>\n\t\t<div class=\"elementor-element elementor-element-c83f71b e-flex e-con-boxed e-con e-parent\" data-id=\"c83f71b\" data-element_type=\"container\" data-e-type=\"container\">\n\t\t\t\t\t<div class=\"e-con-inner\">\n\t\t\t\t<div class=\"elementor-element elementor-element-061c5cd elementor-align-center elementor-widget elementor-widget-button\" data-id=\"061c5cd\" data-element_type=\"widget\" data-e-type=\"widget\" data-widget_type=\"button.default\">\n\t\t\t\t<div class=\"elementor-widget-container\">\n\t\t\t\t\t\t\t\t\t<div class=\"elementor-button-wrapper\">\n\t\t\t\t\t<a class=\"elementor-button elementor-button-link elementor-size-sm\" href=\"https:\/\/atlantapride.org\/es\/solicitud-del-comite-de-fiestas-2\/\">\n\t\t\t\t\t\t<span class=\"elementor-button-content-wrapper\">\n\t\t\t\t\t\t<span class=\"elementor-button-icon\">\n\t\t\t\t<svg aria-hidden=\"true\" class=\"e-font-icon-svg e-fas-pencil-alt\" viewBox=\"0 0 512 512\" xmlns=\"http:\/\/www.w3.org\/2000\/svg\"><path d=\"M497.9 142.1l-46.1 46.1c-4.7 4.7-12.3 4.7-17 0l-111-111c-4.7-4.7-4.7-12.3 0-17l46.1-46.1c18.7-18.7 49.1-18.7 67.9 0l60.1 60.1c18.8 18.7 18.8 49.1 0 67.9zM284.2 99.8L21.6 362.4.4 483.9c-2.9 16.4 11.4 30.6 27.8 27.8l121.5-21.3 262.6-262.6c4.7-4.7 4.7-12.3 0-17l-111-111c-4.8-4.7-12.4-4.7-17.1 0zM124.1 339.9c-5.5-5.5-5.5-14.3 0-19.8l154-154c5.5-5.5 14.3-5.5 19.8 0s5.5 14.3 0 19.8l-154 154c-5.5 5.5-14.3 5.5-19.8 0zM88 424h48v36.3l-64.5 11.3-31.1-31.1L51.7 376H88v48z\"><\/path><\/svg>\t\t\t<\/span>\n\t\t\t\t\t\t\t\t\t<span class=\"elementor-button-text\">INICIAR SOLICITUD<\/span>\n\t\t\t\t\t<\/span>\n\t\t\t\t\t<\/a>\n\t\t\t\t<\/div>\n\t\t\t\t\t\t\t\t<\/div>\n\t\t\t\t<\/div>\n\t\t\t\t\t<\/div>\n\t\t\t\t<\/div>\n\t\t\t\t<\/div>\n\t\t","protected":false},"excerpt":{"rendered":"<p>Desde 1970, Atlanta Pride ha trabajado para fomentar la unidad, la visibilidad y el bienestar entre las personas con identidades sexuales y de g\u00e9nero diversas mediante programas y actividades educativas, [&hellip;]<\/p>\n","protected":false},"author":3,"featured_media":0,"parent":0,"menu_order":0,"comment_status":"closed","ping_status":"closed","template":"","meta":{"_price":"","_stock":"","_tribe_ticket_header":"","_tribe_default_ticket_provider":"","_tribe_ticket_capacity":"0","_ticket_start_date":"","_ticket_end_date":"","_tribe_ticket_show_description":"","_tribe_ticket_show_not_going":false,"_tribe_ticket_use_global_stock":"","_tribe_ticket_global_stock_level":"","_global_stock_mode":"","_global_stock_cap":"","_tribe_rsvp_for_event":"","_tribe_ticket_going_count":"","_tribe_ticket_not_going_count":"","_tribe_tickets_list":"[]","_tribe_ticket_has_attendee_info_fields":false,"footnotes":"","_tec_slr_enabled":"","_tec_slr_layout":""},"class_list":["post-2611","page","type-page","status-publish","hentry"],"yoast_head":"<!-- This site is optimized with the Yoast SEO plugin v27.4 - https:\/\/yoast.com\/product\/yoast-seo-wordpress\/ -->\n<title>Solicitud del Comit\u00e9 del Festival - Atlanta Pride<\/title>\n<meta name=\"robots\" content=\"index, follow, max-snippet:-1, max-image-preview:large, max-video-preview:-1\" \/>\n<link rel=\"canonical\" href=\"https:\/\/atlantapride.org\/es\/solicitud-del-comite-del-festival\/\" \/>\n<meta property=\"og:locale\" content=\"es_ES\" \/>\n<meta property=\"og:type\" content=\"article\" \/>\n<meta property=\"og:title\" content=\"Solicitud del Comit\u00e9 del Festival - Atlanta Pride\" \/>\n<meta property=\"og:description\" content=\"Desde 1970, Atlanta Pride ha trabajado para fomentar la unidad, la visibilidad y el bienestar entre las personas con identidades sexuales y de g\u00e9nero diversas mediante programas y actividades educativas, [&hellip;]\" \/>\n<meta property=\"og:url\" content=\"https:\/\/atlantapride.org\/es\/solicitud-del-comite-del-festival\/\" \/>\n<meta property=\"og:site_name\" content=\"Atlanta Pride\" \/>\n<meta property=\"article:publisher\" content=\"https:\/\/www.facebook.com\/atlantapride\" \/>\n<meta property=\"article:modified_time\" content=\"2025-02-10T15:40:26+00:00\" \/>\n<meta property=\"og:image\" content=\"https:\/\/atlantapride.org\/wp-content\/uploads\/2024\/10\/About-Committee.jpg\" \/>\n\t<meta property=\"og:image:width\" content=\"800\" \/>\n\t<meta property=\"og:image:height\" content=\"622\" \/>\n\t<meta property=\"og:image:type\" content=\"image\/jpeg\" \/>\n<meta name=\"twitter:card\" content=\"summary_large_image\" \/>\n<meta name=\"twitter:label1\" content=\"Tiempo de lectura\" \/>\n\t<meta name=\"twitter:data1\" content=\"2 minutos\" \/>\n<script type=\"application\/ld+json\" class=\"yoast-schema-graph\">{\"@context\":\"https:\\\/\\\/schema.org\",\"@graph\":[{\"@type\":\"WebPage\",\"@id\":\"https:\\\/\\\/atlantapride.org\\\/es\\\/solicitud-del-comite-del-festival\\\/\",\"url\":\"https:\\\/\\\/atlantapride.org\\\/es\\\/solicitud-del-comite-del-festival\\\/\",\"name\":\"Solicitud del Comit\u00e9 del Festival - Atlanta Pride\",\"isPartOf\":{\"@id\":\"https:\\\/\\\/atlantapride.org\\\/es\\\/#website\"},\"primaryImageOfPage\":{\"@id\":\"https:\\\/\\\/atlantapride.org\\\/es\\\/solicitud-del-comite-del-festival\\\/#primaryimage\"},\"image\":{\"@id\":\"https:\\\/\\\/atlantapride.org\\\/es\\\/solicitud-del-comite-del-festival\\\/#primaryimage\"},\"thumbnailUrl\":\"https:\\\/\\\/atlantapride.org\\\/wp-content\\\/uploads\\\/2024\\\/10\\\/About-Committee.jpg\",\"datePublished\":\"2025-01-29T21:18:35+00:00\",\"dateModified\":\"2025-02-10T15:40:26+00:00\",\"breadcrumb\":{\"@id\":\"https:\\\/\\\/atlantapride.org\\\/es\\\/solicitud-del-comite-del-festival\\\/#breadcrumb\"},\"inLanguage\":\"es\",\"potentialAction\":[{\"@type\":\"ReadAction\",\"target\":[\"https:\\\/\\\/atlantapride.org\\\/es\\\/solicitud-del-comite-del-festival\\\/\"]}]},{\"@type\":\"ImageObject\",\"inLanguage\":\"es\",\"@id\":\"https:\\\/\\\/atlantapride.org\\\/es\\\/solicitud-del-comite-del-festival\\\/#primaryimage\",\"url\":\"https:\\\/\\\/atlantapride.org\\\/wp-content\\\/uploads\\\/2024\\\/10\\\/About-Committee.jpg\",\"contentUrl\":\"https:\\\/\\\/atlantapride.org\\\/wp-content\\\/uploads\\\/2024\\\/10\\\/About-Committee.jpg\"},{\"@type\":\"BreadcrumbList\",\"@id\":\"https:\\\/\\\/atlantapride.org\\\/es\\\/solicitud-del-comite-del-festival\\\/#breadcrumb\",\"itemListElement\":[{\"@type\":\"ListItem\",\"position\":1,\"name\":\"Home\",\"item\":\"https:\\\/\\\/atlantapride.org\\\/es\\\/\"},{\"@type\":\"ListItem\",\"position\":2,\"name\":\"Solicitud del Comit\u00e9 del Festival\"}]},{\"@type\":\"WebSite\",\"@id\":\"https:\\\/\\\/atlantapride.org\\\/es\\\/#website\",\"url\":\"https:\\\/\\\/atlantapride.org\\\/es\\\/\",\"name\":\"Atlanta Pride\",\"description\":\"Atlanta Pride&#039;s Website\",\"publisher\":{\"@id\":\"https:\\\/\\\/atlantapride.org\\\/es\\\/#organization\"},\"potentialAction\":[{\"@type\":\"SearchAction\",\"target\":{\"@type\":\"EntryPoint\",\"urlTemplate\":\"https:\\\/\\\/atlantapride.org\\\/es\\\/?s={search_term_string}\"},\"query-input\":{\"@type\":\"PropertyValueSpecification\",\"valueRequired\":true,\"valueName\":\"search_term_string\"}}],\"inLanguage\":\"es\"},{\"@type\":\"Organization\",\"@id\":\"https:\\\/\\\/atlantapride.org\\\/es\\\/#organization\",\"name\":\"Atlanta Pride Committee, Inc\",\"alternateName\":\"Atlanta Pride\",\"url\":\"https:\\\/\\\/atlantapride.org\\\/es\\\/\",\"logo\":{\"@type\":\"ImageObject\",\"inLanguage\":\"es\",\"@id\":\"https:\\\/\\\/atlantapride.org\\\/es\\\/#\\\/schema\\\/logo\\\/image\\\/\",\"url\":\"https:\\\/\\\/atlantapride.org\\\/wp-content\\\/uploads\\\/2024\\\/02\\\/Atlanta-Pride-Logo.svg\",\"contentUrl\":\"https:\\\/\\\/atlantapride.org\\\/wp-content\\\/uploads\\\/2024\\\/02\\\/Atlanta-Pride-Logo.svg\",\"width\":208,\"height\":126,\"caption\":\"Atlanta Pride Committee, Inc\"},\"image\":{\"@id\":\"https:\\\/\\\/atlantapride.org\\\/es\\\/#\\\/schema\\\/logo\\\/image\\\/\"},\"sameAs\":[\"https:\\\/\\\/www.facebook.com\\\/atlantapride\"]}]}<\/script>\n<!-- \/ Yoast SEO plugin. -->","yoast_head_json":{"title":"Solicitud del Comit\u00e9 del Festival - Atlanta Pride","robots":{"index":"index","follow":"follow","max-snippet":"max-snippet:-1","max-image-preview":"max-image-preview:large","max-video-preview":"max-video-preview:-1"},"canonical":"https:\/\/atlantapride.org\/es\/solicitud-del-comite-del-festival\/","og_locale":"es_ES","og_type":"article","og_title":"Solicitud del Comit\u00e9 del Festival - Atlanta Pride","og_description":"Desde 1970, Atlanta Pride ha trabajado para fomentar la unidad, la visibilidad y el bienestar entre las personas con identidades sexuales y de g\u00e9nero diversas mediante programas y actividades educativas, [&hellip;]","og_url":"https:\/\/atlantapride.org\/es\/solicitud-del-comite-del-festival\/","og_site_name":"Atlanta Pride","article_publisher":"https:\/\/www.facebook.com\/atlantapride","article_modified_time":"2025-02-10T15:40:26+00:00","og_image":[{"width":800,"height":622,"url":"https:\/\/atlantapride.org\/wp-content\/uploads\/2024\/10\/About-Committee.jpg","type":"image\/jpeg"}],"twitter_card":"summary_large_image","twitter_misc":{"Tiempo de lectura":"2 minutos"},"schema":{"@context":"https:\/\/schema.org","@graph":[{"@type":"WebPage","@id":"https:\/\/atlantapride.org\/es\/solicitud-del-comite-del-festival\/","url":"https:\/\/atlantapride.org\/es\/solicitud-del-comite-del-festival\/","name":"Solicitud del Comit\u00e9 del Festival - Atlanta Pride","isPartOf":{"@id":"https:\/\/atlantapride.org\/es\/#website"},"primaryImageOfPage":{"@id":"https:\/\/atlantapride.org\/es\/solicitud-del-comite-del-festival\/#primaryimage"},"image":{"@id":"https:\/\/atlantapride.org\/es\/solicitud-del-comite-del-festival\/#primaryimage"},"thumbnailUrl":"https:\/\/atlantapride.org\/wp-content\/uploads\/2024\/10\/About-Committee.jpg","datePublished":"2025-01-29T21:18:35+00:00","dateModified":"2025-02-10T15:40:26+00:00","breadcrumb":{"@id":"https:\/\/atlantapride.org\/es\/solicitud-del-comite-del-festival\/#breadcrumb"},"inLanguage":"es","potentialAction":[{"@type":"ReadAction","target":["https:\/\/atlantapride.org\/es\/solicitud-del-comite-del-festival\/"]}]},{"@type":"ImageObject","inLanguage":"es","@id":"https:\/\/atlantapride.org\/es\/solicitud-del-comite-del-festival\/#primaryimage","url":"https:\/\/atlantapride.org\/wp-content\/uploads\/2024\/10\/About-Committee.jpg","contentUrl":"https:\/\/atlantapride.org\/wp-content\/uploads\/2024\/10\/About-Committee.jpg"},{"@type":"BreadcrumbList","@id":"https:\/\/atlantapride.org\/es\/solicitud-del-comite-del-festival\/#breadcrumb","itemListElement":[{"@type":"ListItem","position":1,"name":"Home","item":"https:\/\/atlantapride.org\/es\/"},{"@type":"ListItem","position":2,"name":"Solicitud del Comit\u00e9 del Festival"}]},{"@type":"WebSite","@id":"https:\/\/atlantapride.org\/es\/#website","url":"https:\/\/atlantapride.org\/es\/","name":"Atlanta Pride","description":"Atlanta Pride&#039;s Website","publisher":{"@id":"https:\/\/atlantapride.org\/es\/#organization"},"potentialAction":[{"@type":"SearchAction","target":{"@type":"EntryPoint","urlTemplate":"https:\/\/atlantapride.org\/es\/?s={search_term_string}"},"query-input":{"@type":"PropertyValueSpecification","valueRequired":true,"valueName":"search_term_string"}}],"inLanguage":"es"},{"@type":"Organization","@id":"https:\/\/atlantapride.org\/es\/#organization","name":"Atlanta Pride Committee, Inc","alternateName":"Atlanta Pride","url":"https:\/\/atlantapride.org\/es\/","logo":{"@type":"ImageObject","inLanguage":"es","@id":"https:\/\/atlantapride.org\/es\/#\/schema\/logo\/image\/","url":"https:\/\/atlantapride.org\/wp-content\/uploads\/2024\/02\/Atlanta-Pride-Logo.svg","contentUrl":"https:\/\/atlantapride.org\/wp-content\/uploads\/2024\/02\/Atlanta-Pride-Logo.svg","width":208,"height":126,"caption":"Atlanta Pride Committee, Inc"},"image":{"@id":"https:\/\/atlantapride.org\/es\/#\/schema\/logo\/image\/"},"sameAs":["https:\/\/www.facebook.com\/atlantapride"]}]}},"ticketed":false,"_links":{"self":[{"href":"https:\/\/atlantapride.org\/es\/wp-json\/wp\/v2\/pages\/2611","targetHints":{"allow":["GET"]}}],"collection":[{"href":"https:\/\/atlantapride.org\/es\/wp-json\/wp\/v2\/pages"}],"about":[{"href":"https:\/\/atlantapride.org\/es\/wp-json\/wp\/v2\/types\/page"}],"author":[{"embeddable":true,"href":"https:\/\/atlantapride.org\/es\/wp-json\/wp\/v2\/users\/3"}],"replies":[{"embeddable":true,"href":"https:\/\/atlantapride.org\/es\/wp-json\/wp\/v2\/comments?post=2611"}],"version-history":[{"count":3,"href":"https:\/\/atlantapride.org\/es\/wp-json\/wp\/v2\/pages\/2611\/revisions"}],"predecessor-version":[{"id":2695,"href":"https:\/\/atlantapride.org\/es\/wp-json\/wp\/v2\/pages\/2611\/revisions\/2695"}],"wp:attachment":[{"href":"https:\/\/atlantapride.org\/es\/wp-json\/wp\/v2\/media?parent=2611"}],"curies":[{"name":"wp","href":"https:\/\/api.w.org\/{rel}","templated":true}]}}