{"id":3200,"date":"2025-03-10T09:00:32","date_gmt":"2025-03-10T13:00:32","guid":{"rendered":"https:\/\/atlantapride.org\/festival\/entretenimiento\/aplicacion-de-entretenimiento\/"},"modified":"2026-02-20T11:34:20","modified_gmt":"2026-02-20T16:34:20","slug":"aplicacion-de-entretenimiento","status":"publish","type":"page","link":"https:\/\/atlantapride.org\/es\/festival\/entretenimiento\/aplicacion-de-entretenimiento\/","title":{"rendered":"Aplicaci\u00f3n de entretenimiento"},"content":{"rendered":"\t\t<div data-elementor-type=\"wp-page\" data-elementor-id=\"3200\" class=\"elementor elementor-3200 elementor-2872\" data-elementor-post-type=\"page\">\n\t\t\t\t<div class=\"elementor-element elementor-element-c8f55e7 e-flex e-con-boxed e-con e-parent\" data-id=\"c8f55e7\" data-element_type=\"container\" data-e-type=\"container\">\n\t\t\t\t\t<div class=\"e-con-inner\">\n\t\t<div class=\"elementor-element elementor-element-f885757 e-con-full e-flex e-con e-child\" data-id=\"f885757\" data-element_type=\"container\" data-e-type=\"container\">\n\t\t\t\t<div class=\"elementor-element elementor-element-373cd6a elementor-widget elementor-widget-image\" data-id=\"373cd6a\" data-element_type=\"widget\" data-e-type=\"widget\" data-widget_type=\"image.default\">\n\t\t\t\t<div class=\"elementor-widget-container\">\n\t\t\t\t\t\t\t\t\t\t\t\t\t\t\t<img fetchpriority=\"high\" decoding=\"async\" width=\"800\" height=\"534\" src=\"https:\/\/atlantapride.org\/wp-content\/uploads\/2025\/03\/Entertainment-Page-1024x684.jpg\" class=\"attachment-large size-large wp-image-3196\" alt=\"\" srcset=\"https:\/\/atlantapride.org\/wp-content\/uploads\/2025\/03\/Entertainment-Page-1024x684.jpg 1024w, https:\/\/atlantapride.org\/wp-content\/uploads\/2025\/03\/Entertainment-Page-300x200.jpg 300w, https:\/\/atlantapride.org\/wp-content\/uploads\/2025\/03\/Entertainment-Page-768x513.jpg 768w, https:\/\/atlantapride.org\/wp-content\/uploads\/2025\/03\/Entertainment-Page-1536x1026.jpg 1536w, https:\/\/atlantapride.org\/wp-content\/uploads\/2025\/03\/Entertainment-Page-2048x1368.jpg 2048w\" sizes=\"(max-width: 800px) 100vw, 800px\" \/>\t\t\t\t\t\t\t\t\t\t\t\t\t\t\t<\/div>\n\t\t\t\t<\/div>\n\t\t\t\t<\/div>\n\t\t<div class=\"elementor-element elementor-element-707ede8 e-con-full e-flex e-con e-child\" data-id=\"707ede8\" data-element_type=\"container\" data-e-type=\"container\">\n\t\t\t\t<div class=\"elementor-element elementor-element-90730d4 elementor-widget__width-initial elementor-widget elementor-widget-text-editor\" data-id=\"90730d4\" data-element_type=\"widget\" data-e-type=\"widget\" data-widget_type=\"text-editor.default\">\n\t\t\t\t<div class=\"elementor-widget-container\">\n\t\t\t\t\t\t\t\t\t<p><span style=\"font-weight: 400;\">El Festival del Orgullo de Atlanta es la mayor celebraci\u00f3n anual LGBTQ+ del Sur. Nuestro festival presenta un maravilloso escaparate para que artistas locales, regionales y nacionales destaquen sus diversos talentos. Los asistentes disfrutar\u00e1n de conciertos y fiestas de baile, y el fin de semana concluye con el Cabaret Starlight, \u00a1el mayor espect\u00e1culo drag al aire libre del pa\u00eds!    <\/span><\/p>\n<p><span style=\"font-weight: 400;\">Atlanta Pride invita a los m\u00fasicos y artistas interesados en participar en la celebraci\u00f3n del Orgullo de este a\u00f1o a que presenten sus solicitudes. Se ruega a todos los artistas que presenten su solicitud en l\u00ednea. Ya est\u00e1n abiertas las solicitudes para el festival de 2025.  <\/span><\/p>\n<p><span style=\"font-weight: 400;\">Tenemos la suerte de contar con un gran n\u00famero de artistas interesados, pero, por desgracia, disponemos de un n\u00famero muy limitado de plazas de actuaci\u00f3n. Todas las solicitudes son revisadas por miembros de nuestro Comit\u00e9 de Entretenimiento. Atlanta Pride se pondr\u00e1 en contacto con los artistas seleccionados para su consideraci\u00f3n. Si se produjera alg\u00fan cambio de informaci\u00f3n de aqu\u00ed a la fecha del festival, puedes actualizar tus datos simplemente rellenando otro formulario en l\u00ednea.     <\/span><\/p>\n<p><span style=\"font-weight: 400;\">Lamentablemente, debido al gran n\u00famero de solicitudes, no podemos responder a todos los artistas que se presentan.<\/span><\/p>\n<p><span style=\"font-weight: 400;\">Te deseamos la mejor de las suertes y esperamos celebrar contigo el 55 aniversario de Atlanta Pride en octubre en Piedmont Park.<\/span><\/p>\n\t\t\t\t\t\t\t\t<\/div>\n\t\t\t\t<\/div>\n\t\t\t\t<div class=\"elementor-element elementor-element-6f53ec5 elementor-align-center elementor-widget elementor-widget-button\" data-id=\"6f53ec5\" data-element_type=\"widget\" data-e-type=\"widget\" data-widget_type=\"button.default\">\n\t\t\t\t<div class=\"elementor-widget-container\">\n\t\t\t\t\t\t\t\t\t<div class=\"elementor-button-wrapper\">\n\t\t\t\t\t<a class=\"elementor-button elementor-size-sm\" role=\"button\">\n\t\t\t\t\t\t<span class=\"elementor-button-content-wrapper\">\n\t\t\t\t\t\t\t\t\t<span class=\"elementor-button-text\">ABRE EL 10 DE MARZO DE 2025<\/span>\n\t\t\t\t\t<\/span>\n\t\t\t\t\t<\/a>\n\t\t\t\t<\/div>\n\t\t\t\t\t\t\t\t<\/div>\n\t\t\t\t<\/div>\n\t\t\t\t<\/div>\n\t\t\t\t\t<\/div>\n\t\t\t\t<\/div>\n\t\t\t\t<\/div>\n\t\t","protected":false},"excerpt":{"rendered":"<p>El Festival del Orgullo de Atlanta es la mayor celebraci\u00f3n anual LGBTQ+ del Sur. Nuestro festival presenta un maravilloso escaparate para que artistas locales, regionales y nacionales destaquen sus diversos [&hellip;]<\/p>\n","protected":false},"author":3,"featured_media":0,"parent":901,"menu_order":0,"comment_status":"closed","ping_status":"closed","template":"","meta":{"_price":"","_stock":"","_tribe_ticket_header":"","_tribe_default_ticket_provider":"","_tribe_ticket_capacity":"0","_ticket_start_date":"","_ticket_end_date":"","_tribe_ticket_show_description":"","_tribe_ticket_show_not_going":false,"_tribe_ticket_use_global_stock":"","_tribe_ticket_global_stock_level":"","_global_stock_mode":"","_global_stock_cap":"","_tribe_rsvp_for_event":"","_tribe_ticket_going_count":"","_tribe_ticket_not_going_count":"","_tribe_tickets_list":"[]","_tribe_ticket_has_attendee_info_fields":false,"footnotes":"","_tec_slr_enabled":"","_tec_slr_layout":""},"class_list":["post-3200","page","type-page","status-publish","hentry"],"yoast_head":"<!-- This site is optimized with the Yoast SEO plugin v27.3 - https:\/\/yoast.com\/product\/yoast-seo-wordpress\/ -->\n<title>Aplicaci\u00f3n de entretenimiento - Atlanta Pride<\/title>\n<meta name=\"robots\" content=\"index, follow, max-snippet:-1, max-image-preview:large, max-video-preview:-1\" \/>\n<link rel=\"canonical\" href=\"https:\/\/atlantapride.org\/es\/festival\/entretenimiento\/aplicacion-de-entretenimiento\/\" \/>\n<meta property=\"og:locale\" content=\"es_ES\" \/>\n<meta property=\"og:type\" content=\"article\" \/>\n<meta property=\"og:title\" content=\"Aplicaci\u00f3n de entretenimiento - Atlanta Pride\" \/>\n<meta property=\"og:description\" content=\"El Festival del Orgullo de Atlanta es la mayor celebraci\u00f3n anual LGBTQ+ del Sur. Nuestro festival presenta un maravilloso escaparate para que artistas locales, regionales y nacionales destaquen sus diversos [&hellip;]\" \/>\n<meta property=\"og:url\" content=\"https:\/\/atlantapride.org\/es\/festival\/entretenimiento\/aplicacion-de-entretenimiento\/\" \/>\n<meta property=\"og:site_name\" content=\"Atlanta Pride\" \/>\n<meta property=\"article:publisher\" content=\"https:\/\/www.facebook.com\/atlantapride\" \/>\n<meta property=\"article:modified_time\" content=\"2026-02-20T16:34:20+00:00\" \/>\n<meta property=\"og:image\" content=\"https:\/\/atlantapride.org\/wp-content\/uploads\/2025\/03\/Entertainment-Page-scaled.jpg\" \/>\n\t<meta property=\"og:image:width\" content=\"2560\" \/>\n\t<meta property=\"og:image:height\" content=\"1710\" \/>\n\t<meta property=\"og:image:type\" content=\"image\/jpeg\" \/>\n<meta name=\"twitter:card\" content=\"summary_large_image\" \/>\n<meta name=\"twitter:label1\" content=\"Tiempo de lectura\" \/>\n\t<meta name=\"twitter:data1\" content=\"1 minuto\" \/>\n<script type=\"application\/ld+json\" class=\"yoast-schema-graph\">{\"@context\":\"https:\\\/\\\/schema.org\",\"@graph\":[{\"@type\":\"WebPage\",\"@id\":\"https:\\\/\\\/atlantapride.org\\\/es\\\/festival\\\/entretenimiento\\\/aplicacion-de-entretenimiento\\\/\",\"url\":\"https:\\\/\\\/atlantapride.org\\\/es\\\/festival\\\/entretenimiento\\\/aplicacion-de-entretenimiento\\\/\",\"name\":\"Aplicaci\u00f3n de entretenimiento - Atlanta Pride\",\"isPartOf\":{\"@id\":\"https:\\\/\\\/atlantapride.org\\\/es\\\/#website\"},\"primaryImageOfPage\":{\"@id\":\"https:\\\/\\\/atlantapride.org\\\/es\\\/festival\\\/entretenimiento\\\/aplicacion-de-entretenimiento\\\/#primaryimage\"},\"image\":{\"@id\":\"https:\\\/\\\/atlantapride.org\\\/es\\\/festival\\\/entretenimiento\\\/aplicacion-de-entretenimiento\\\/#primaryimage\"},\"thumbnailUrl\":\"https:\\\/\\\/atlantapride.org\\\/wp-content\\\/uploads\\\/2025\\\/03\\\/Entertainment-Page-1024x684.jpg\",\"datePublished\":\"2025-03-10T13:00:32+00:00\",\"dateModified\":\"2026-02-20T16:34:20+00:00\",\"breadcrumb\":{\"@id\":\"https:\\\/\\\/atlantapride.org\\\/es\\\/festival\\\/entretenimiento\\\/aplicacion-de-entretenimiento\\\/#breadcrumb\"},\"inLanguage\":\"es\",\"potentialAction\":[{\"@type\":\"ReadAction\",\"target\":[\"https:\\\/\\\/atlantapride.org\\\/es\\\/festival\\\/entretenimiento\\\/aplicacion-de-entretenimiento\\\/\"]}]},{\"@type\":\"ImageObject\",\"inLanguage\":\"es\",\"@id\":\"https:\\\/\\\/atlantapride.org\\\/es\\\/festival\\\/entretenimiento\\\/aplicacion-de-entretenimiento\\\/#primaryimage\",\"url\":\"https:\\\/\\\/atlantapride.org\\\/wp-content\\\/uploads\\\/2025\\\/03\\\/Entertainment-Page-1024x684.jpg\",\"contentUrl\":\"https:\\\/\\\/atlantapride.org\\\/wp-content\\\/uploads\\\/2025\\\/03\\\/Entertainment-Page-1024x684.jpg\"},{\"@type\":\"BreadcrumbList\",\"@id\":\"https:\\\/\\\/atlantapride.org\\\/es\\\/festival\\\/entretenimiento\\\/aplicacion-de-entretenimiento\\\/#breadcrumb\",\"itemListElement\":[{\"@type\":\"ListItem\",\"position\":1,\"name\":\"Home\",\"item\":\"https:\\\/\\\/atlantapride.org\\\/es\\\/\"},{\"@type\":\"ListItem\",\"position\":2,\"name\":\"Festival\",\"item\":\"https:\\\/\\\/atlantapride.org\\\/es\\\/festival\\\/\"},{\"@type\":\"ListItem\",\"position\":3,\"name\":\"Entretenimiento\",\"item\":\"https:\\\/\\\/atlantapride.org\\\/es\\\/festival\\\/entertainment\\\/\"},{\"@type\":\"ListItem\",\"position\":4,\"name\":\"Aplicaci\u00f3n de entretenimiento\"}]},{\"@type\":\"WebSite\",\"@id\":\"https:\\\/\\\/atlantapride.org\\\/es\\\/#website\",\"url\":\"https:\\\/\\\/atlantapride.org\\\/es\\\/\",\"name\":\"Atlanta Pride\",\"description\":\"Atlanta Pride&#039;s Website\",\"publisher\":{\"@id\":\"https:\\\/\\\/atlantapride.org\\\/es\\\/#organization\"},\"potentialAction\":[{\"@type\":\"SearchAction\",\"target\":{\"@type\":\"EntryPoint\",\"urlTemplate\":\"https:\\\/\\\/atlantapride.org\\\/es\\\/?s={search_term_string}\"},\"query-input\":{\"@type\":\"PropertyValueSpecification\",\"valueRequired\":true,\"valueName\":\"search_term_string\"}}],\"inLanguage\":\"es\"},{\"@type\":\"Organization\",\"@id\":\"https:\\\/\\\/atlantapride.org\\\/es\\\/#organization\",\"name\":\"Atlanta Pride Committee, Inc\",\"alternateName\":\"Atlanta Pride\",\"url\":\"https:\\\/\\\/atlantapride.org\\\/es\\\/\",\"logo\":{\"@type\":\"ImageObject\",\"inLanguage\":\"es\",\"@id\":\"https:\\\/\\\/atlantapride.org\\\/es\\\/#\\\/schema\\\/logo\\\/image\\\/\",\"url\":\"https:\\\/\\\/atlantapride.org\\\/wp-content\\\/uploads\\\/2024\\\/02\\\/Atlanta-Pride-Logo.svg\",\"contentUrl\":\"https:\\\/\\\/atlantapride.org\\\/wp-content\\\/uploads\\\/2024\\\/02\\\/Atlanta-Pride-Logo.svg\",\"width\":208,\"height\":126,\"caption\":\"Atlanta Pride Committee, Inc\"},\"image\":{\"@id\":\"https:\\\/\\\/atlantapride.org\\\/es\\\/#\\\/schema\\\/logo\\\/image\\\/\"},\"sameAs\":[\"https:\\\/\\\/www.facebook.com\\\/atlantapride\"]}]}<\/script>\n<!-- \/ Yoast SEO plugin. -->","yoast_head_json":{"title":"Aplicaci\u00f3n de entretenimiento - Atlanta Pride","robots":{"index":"index","follow":"follow","max-snippet":"max-snippet:-1","max-image-preview":"max-image-preview:large","max-video-preview":"max-video-preview:-1"},"canonical":"https:\/\/atlantapride.org\/es\/festival\/entretenimiento\/aplicacion-de-entretenimiento\/","og_locale":"es_ES","og_type":"article","og_title":"Aplicaci\u00f3n de entretenimiento - Atlanta Pride","og_description":"El Festival del Orgullo de Atlanta es la mayor celebraci\u00f3n anual LGBTQ+ del Sur. Nuestro festival presenta un maravilloso escaparate para que artistas locales, regionales y nacionales destaquen sus diversos [&hellip;]","og_url":"https:\/\/atlantapride.org\/es\/festival\/entretenimiento\/aplicacion-de-entretenimiento\/","og_site_name":"Atlanta Pride","article_publisher":"https:\/\/www.facebook.com\/atlantapride","article_modified_time":"2026-02-20T16:34:20+00:00","og_image":[{"width":2560,"height":1710,"url":"https:\/\/atlantapride.org\/wp-content\/uploads\/2025\/03\/Entertainment-Page-scaled.jpg","type":"image\/jpeg"}],"twitter_card":"summary_large_image","twitter_misc":{"Tiempo de lectura":"1 minuto"},"schema":{"@context":"https:\/\/schema.org","@graph":[{"@type":"WebPage","@id":"https:\/\/atlantapride.org\/es\/festival\/entretenimiento\/aplicacion-de-entretenimiento\/","url":"https:\/\/atlantapride.org\/es\/festival\/entretenimiento\/aplicacion-de-entretenimiento\/","name":"Aplicaci\u00f3n de entretenimiento - Atlanta Pride","isPartOf":{"@id":"https:\/\/atlantapride.org\/es\/#website"},"primaryImageOfPage":{"@id":"https:\/\/atlantapride.org\/es\/festival\/entretenimiento\/aplicacion-de-entretenimiento\/#primaryimage"},"image":{"@id":"https:\/\/atlantapride.org\/es\/festival\/entretenimiento\/aplicacion-de-entretenimiento\/#primaryimage"},"thumbnailUrl":"https:\/\/atlantapride.org\/wp-content\/uploads\/2025\/03\/Entertainment-Page-1024x684.jpg","datePublished":"2025-03-10T13:00:32+00:00","dateModified":"2026-02-20T16:34:20+00:00","breadcrumb":{"@id":"https:\/\/atlantapride.org\/es\/festival\/entretenimiento\/aplicacion-de-entretenimiento\/#breadcrumb"},"inLanguage":"es","potentialAction":[{"@type":"ReadAction","target":["https:\/\/atlantapride.org\/es\/festival\/entretenimiento\/aplicacion-de-entretenimiento\/"]}]},{"@type":"ImageObject","inLanguage":"es","@id":"https:\/\/atlantapride.org\/es\/festival\/entretenimiento\/aplicacion-de-entretenimiento\/#primaryimage","url":"https:\/\/atlantapride.org\/wp-content\/uploads\/2025\/03\/Entertainment-Page-1024x684.jpg","contentUrl":"https:\/\/atlantapride.org\/wp-content\/uploads\/2025\/03\/Entertainment-Page-1024x684.jpg"},{"@type":"BreadcrumbList","@id":"https:\/\/atlantapride.org\/es\/festival\/entretenimiento\/aplicacion-de-entretenimiento\/#breadcrumb","itemListElement":[{"@type":"ListItem","position":1,"name":"Home","item":"https:\/\/atlantapride.org\/es\/"},{"@type":"ListItem","position":2,"name":"Festival","item":"https:\/\/atlantapride.org\/es\/festival\/"},{"@type":"ListItem","position":3,"name":"Entretenimiento","item":"https:\/\/atlantapride.org\/es\/festival\/entertainment\/"},{"@type":"ListItem","position":4,"name":"Aplicaci\u00f3n de entretenimiento"}]},{"@type":"WebSite","@id":"https:\/\/atlantapride.org\/es\/#website","url":"https:\/\/atlantapride.org\/es\/","name":"Atlanta Pride","description":"Atlanta Pride&#039;s Website","publisher":{"@id":"https:\/\/atlantapride.org\/es\/#organization"},"potentialAction":[{"@type":"SearchAction","target":{"@type":"EntryPoint","urlTemplate":"https:\/\/atlantapride.org\/es\/?s={search_term_string}"},"query-input":{"@type":"PropertyValueSpecification","valueRequired":true,"valueName":"search_term_string"}}],"inLanguage":"es"},{"@type":"Organization","@id":"https:\/\/atlantapride.org\/es\/#organization","name":"Atlanta Pride Committee, Inc","alternateName":"Atlanta Pride","url":"https:\/\/atlantapride.org\/es\/","logo":{"@type":"ImageObject","inLanguage":"es","@id":"https:\/\/atlantapride.org\/es\/#\/schema\/logo\/image\/","url":"https:\/\/atlantapride.org\/wp-content\/uploads\/2024\/02\/Atlanta-Pride-Logo.svg","contentUrl":"https:\/\/atlantapride.org\/wp-content\/uploads\/2024\/02\/Atlanta-Pride-Logo.svg","width":208,"height":126,"caption":"Atlanta Pride Committee, Inc"},"image":{"@id":"https:\/\/atlantapride.org\/es\/#\/schema\/logo\/image\/"},"sameAs":["https:\/\/www.facebook.com\/atlantapride"]}]}},"ticketed":false,"_links":{"self":[{"href":"https:\/\/atlantapride.org\/es\/wp-json\/wp\/v2\/pages\/3200","targetHints":{"allow":["GET"]}}],"collection":[{"href":"https:\/\/atlantapride.org\/es\/wp-json\/wp\/v2\/pages"}],"about":[{"href":"https:\/\/atlantapride.org\/es\/wp-json\/wp\/v2\/types\/page"}],"author":[{"embeddable":true,"href":"https:\/\/atlantapride.org\/es\/wp-json\/wp\/v2\/users\/3"}],"replies":[{"embeddable":true,"href":"https:\/\/atlantapride.org\/es\/wp-json\/wp\/v2\/comments?post=3200"}],"version-history":[{"count":3,"href":"https:\/\/atlantapride.org\/es\/wp-json\/wp\/v2\/pages\/3200\/revisions"}],"predecessor-version":[{"id":5660,"href":"https:\/\/atlantapride.org\/es\/wp-json\/wp\/v2\/pages\/3200\/revisions\/5660"}],"up":[{"embeddable":true,"href":"https:\/\/atlantapride.org\/es\/wp-json\/wp\/v2\/pages\/901"}],"wp:attachment":[{"href":"https:\/\/atlantapride.org\/es\/wp-json\/wp\/v2\/media?parent=3200"}],"curies":[{"name":"wp","href":"https:\/\/api.w.org\/{rel}","templated":true}]}}