{"id":3426,"date":"2025-04-02T13:19:47","date_gmt":"2025-04-02T17:19:47","guid":{"rendered":"https:\/\/atlantapride.org\/formulario-de-interes-para-voluntarios\/"},"modified":"2025-06-06T14:10:32","modified_gmt":"2025-06-06T18:10:32","slug":"formulario-de-interes-para-voluntarios","status":"publish","type":"page","link":"https:\/\/atlantapride.org\/es\/participa\/voluntario\/formulario-de-interes-para-voluntarios\/","title":{"rendered":"Formulario de inter\u00e9s para voluntarios"},"content":{"rendered":"\t\t<div data-elementor-type=\"wp-page\" data-elementor-id=\"3426\" class=\"elementor elementor-3426 elementor-3412\" data-elementor-post-type=\"page\">\n\t\t\t\t<div class=\"elementor-element elementor-element-5942b8d e-flex e-con-boxed e-con e-parent\" data-id=\"5942b8d\" data-element_type=\"container\" data-e-type=\"container\">\n\t\t\t\t\t<div class=\"e-con-inner\">\n\t\t\t\t<div class=\"elementor-element elementor-element-cdbacdd elementor-widget elementor-widget-image\" data-id=\"cdbacdd\" data-element_type=\"widget\" data-e-type=\"widget\" data-widget_type=\"image.default\">\n\t\t\t\t<div class=\"elementor-widget-container\">\n\t\t\t\t\t\t\t\t\t\t\t\t\t\t\t<img fetchpriority=\"high\" decoding=\"async\" width=\"1200\" height=\"325\" src=\"https:\/\/atlantapride.org\/wp-content\/uploads\/2024\/10\/Atlanta-Pride-5-GetInvolved.jpg\" class=\"attachment-full size-full wp-image-1429\" alt=\"\" srcset=\"https:\/\/atlantapride.org\/wp-content\/uploads\/2024\/10\/Atlanta-Pride-5-GetInvolved.jpg 1200w, https:\/\/atlantapride.org\/wp-content\/uploads\/2024\/10\/Atlanta-Pride-5-GetInvolved-300x81.jpg 300w, https:\/\/atlantapride.org\/wp-content\/uploads\/2024\/10\/Atlanta-Pride-5-GetInvolved-1024x277.jpg 1024w, https:\/\/atlantapride.org\/wp-content\/uploads\/2024\/10\/Atlanta-Pride-5-GetInvolved-768x208.jpg 768w\" sizes=\"(max-width: 1200px) 100vw, 1200px\" \/>\t\t\t\t\t\t\t\t\t\t\t\t\t\t\t<\/div>\n\t\t\t\t<\/div>\n\t\t\t\t\t<\/div>\n\t\t\t\t<\/div>\n\t\t<div class=\"elementor-element elementor-element-77a6770 e-flex e-con-boxed e-con e-parent\" data-id=\"77a6770\" data-element_type=\"container\" data-e-type=\"container\">\n\t\t\t\t\t<div class=\"e-con-inner\">\n\t\t\t\t<div class=\"elementor-element elementor-element-3389edd elementor-widget elementor-widget-heading\" data-id=\"3389edd\" data-element_type=\"widget\" data-e-type=\"widget\" data-widget_type=\"heading.default\">\n\t\t\t\t<div class=\"elementor-widget-container\">\n\t\t\t\t\t<h2 class=\"elementor-heading-title elementor-size-default\">Bolet\u00edn de Inter\u00e9s Voluntario<\/h2>\t\t\t\t<\/div>\n\t\t\t\t<\/div>\n\t\t\t\t<div class=\"elementor-element elementor-element-02ee410 elementor-widget elementor-widget-text-editor\" data-id=\"02ee410\" data-element_type=\"widget\" data-e-type=\"widget\" data-widget_type=\"text-editor.default\">\n\t\t\t\t<div class=\"elementor-widget-container\">\n\t\t\t\t\t\t\t\t\t<p>Inscr\u00edbete para recibir informaci\u00f3n sobre nuestras oportunidades de voluntariado para el Festival y durante todo el a\u00f1o rellenando el siguiente formulario.<\/p>\t\t\t\t\t\t\t\t<\/div>\n\t\t\t\t<\/div>\n\t\t\t\t<div class=\"elementor-element elementor-element-0bff9e7 elementor-widget elementor-widget-html\" data-id=\"0bff9e7\" data-element_type=\"widget\" data-e-type=\"widget\" data-widget_type=\"html.default\">\n\t\t\t\t<div class=\"elementor-widget-container\">\n\t\t\t\t\t<div id=\"mc_embed_shell\">\r\n      <link href=\"\/\/cdn-images.mailchimp.com\/embedcode\/classic-061523.css\" rel=\"stylesheet\" type=\"text\/css\">\r\n  <style type=\"text\/css\">\r\n        #mc_embed_signup{background:#fff; false;clear:left; font:14px Helvetica,Arial,sans-serif; width: 900px;}\r\n        \/* Add your own Mailchimp form style overrides in your site stylesheet or in this style block.\r\n           We recommend moving this block and the preceding CSS link to the HEAD of your HTML file. *\/\r\n<\/style>\r\n<div id=\"mc_embed_signup\">\r\n    <form action=\"https:\/\/atlantapride.us1.list-manage.com\/subscribe\/post?u=77025eb8775f3fdeb6d35c5a0&amp;id=de6b786060&amp;f_id=00c438e1f0\" method=\"post\" id=\"mc-embedded-subscribe-form\" name=\"mc-embedded-subscribe-form\" class=\"validate\" target=\"_blank\">\r\n        <div id=\"mc_embed_signup_scroll\"><h2>Suscr\u00edbete<\/h2>\r\n            <div class=\"indicates-required\"><span class=\"asterisk\">*<\/span> indica que es necesario<\/div>\r\n            <div class=\"mc-field-group\"><label for=\"mce-FNAME\">Nombre <span class=\"asterisk\">*<\/span><\/label><input type=\"text\" name=\"FNAME\" class=\"required text\" id=\"mce-FNAME\" required=\"\" value=\"\"><\/div><div class=\"mc-field-group\"><label for=\"mce-LNAME\">Apellido <span class=\"asterisk\">*<\/span><\/label><input type=\"text\" name=\"LNAME\" class=\"required text\" id=\"mce-LNAME\" required=\"\" value=\"\"><\/div><div class=\"mc-field-group\"><label for=\"mce-EMAIL\">Direcci\u00f3n de correo electr\u00f3nico <span class=\"asterisk\">*<\/span><\/label><input type=\"email\" name=\"EMAIL\" class=\"required email\" id=\"mce-EMAIL\" required=\"\" value=\"\"><\/div><div class=\"mc-field-group\"><label for=\"mce-MOBILE\">M\u00f3vil <span class=\"asterisk\">*<\/span><\/label><div class=\"phonefield phonefield-us\">(<span class=\"phonearea\"><input class=\"phonepart REQ_CSS\" pattern=\"[0-9]*\" id=\"mce-MOBILE-area\" name=\"MOBILE[area]\" maxlength=\"3\" size=\"3\" type=\"text\" value=\"\"><\/span>)<span class=\"phonedetail1\"><input class=\"phonepart REQ_CSS\" pattern=\"[0-9]*\" id=\"mce-MOBILE-detail1\" name=\"MOBILE[detail1]\" maxlength=\"3\" size=\"3\" type=\"text\" value=\"\"><\/span> -<span class=\"phonedetail2\"><input class=\"phonepart REQ_CSS\" pattern=\"[0-9]*\" id=\"mce-MOBILE-detail2\" name=\"MOBILE[detail2]\" maxlength=\"4\" size=\"4\" type=\"text\" value=\"\"><\/span><span class=\"small-meta nowrap\">(###) ###-####<\/span><\/div><\/div><div class=\"mc-field-group size1of2\"><label for=\"mce-BDATE-month\">Cumplea\u00f1os  <\/label><div class=\"datefield\"><span class=\"subfield monthfield\"><input class=\"birthday REQ_CSS\" type=\"text\" pattern=\"[0-9]*\" placeholder=\"MM\" size=\"2\" maxlength=\"2\" name=\"BDATE[month]\" id=\"mce-BDATE-month\" value=\"\"><\/span>  \/<span class=\"subfield dayfield\"><input class=\"birthday REQ_CSS\" type=\"text\" pattern=\"[0-9]*\" placeholder=\"DD\" size=\"2\" maxlength=\"2\" name=\"BDATE[day]\" id=\"mce-BDATE-day\" value=\"\"><\/span><span class=\"small-meta nowrap\">( mm \/ dd )<\/span><\/div><\/div><div class=\"mc-field-group\"><label for=\"mce-PRONOUNS\">Pronombres  <\/label><select name=\"PRONOUNS\" class=\"\" id=\"mce-PRONOUNS\"><option value=\"\"><\/option><option value=\"She \/ Her\">Ella \/ Her<\/option><option value=\"He \/ Him\">\u00c9l \/ \u00c9l<\/option><option value=\"They \/ Them\">Ellos \/ Ellas<\/option><option value=\"Other - Not Specified\">Otro - No especificado<\/option><option value=\"Prefer not to disclose\">Prefiero no revelar<\/option><\/select><\/div><div class=\"mc-field-group input-group\"><strong>\u00c1rea de inter\u00e9s del voluntariado  <\/strong><ul><li><input type=\"checkbox\" name=\"group[380372][8]\" id=\"mce-group[380372]-380372-0\" value=\"\"><label for=\"mce-group[380372]-380372-0\">Seguridad entre bastidores<\/label><\/li><li><input type=\"checkbox\" name=\"group[380372][32]\" id=\"mce-group[380372]-380372-1\" value=\"\"><label for=\"mce-group[380372]-380372-1\">Entretenimiento<\/label><\/li><li><input type=\"checkbox\" name=\"group[380372][128]\" id=\"mce-group[380372]-380372-2\" value=\"\"><label for=\"mce-group[380372]-380372-2\">Zona de Diversi\u00f3n Familiar<\/label><\/li><li><input type=\"checkbox\" name=\"group[380372][8192]\" id=\"mce-group[380372]-380372-3\" value=\"\"><label for=\"mce-group[380372]-380372-3\">Donaciones al Festival<\/label><\/li><li><input type=\"checkbox\" name=\"group[380372][524288]\" id=\"mce-group[380372]-380372-4\" value=\"\"><label for=\"mce-group[380372]-380372-4\">Informaci\u00f3n sobre el Festival<\/label><\/li><li><input type=\"checkbox\" name=\"group[380372][16384]\" id=\"mce-group[380372]-380372-5\" value=\"\"><label for=\"mce-group[380372]-380372-5\">Historia y legado<\/label><\/li><li><input type=\"checkbox\" name=\"group[380372][32768]\" id=\"mce-group[380372]-380372-6\" value=\"\"><label for=\"mce-group[380372]-380372-6\">Mercado<\/label><\/li><li><input type=\"checkbox\" name=\"group[380372][65536]\" id=\"mce-group[380372]-380372-7\" value=\"\"><label for=\"mce-group[380372]-380372-7\">Operaciones<\/label><\/li><li><input type=\"checkbox\" name=\"group[380372][131072]\" id=\"mce-group[380372]-380372-8\" value=\"\"><label for=\"mce-group[380372]-380372-8\">Desfile<\/label><\/li><li><input type=\"checkbox\" name=\"group[380372][262144]\" id=\"mce-group[380372]-380372-9\" value=\"\"><label for=\"mce-group[380372]-380372-9\">Fotograf\u00eda<\/label><\/li><li><input type=\"checkbox\" name=\"group[380372][2]\" id=\"mce-group[380372]-380372-10\" value=\"\"><label for=\"mce-group[380372]-380372-10\">Hospitalidad VIP<\/label><\/li><li><input type=\"checkbox\" name=\"group[380372][1048576]\" id=\"mce-group[380372]-380372-11\" value=\"\"><label for=\"mce-group[380372]-380372-11\">Voluntarios<\/label><\/li><\/ul><span id=\"mce-group[380372]-HELPERTEXT\" class=\"helper_text\">Si has sido voluntario anteriormente, indica aqu\u00ed el \u00e1rea.<\/span><\/div>\r\n<div hidden=\"\"><input type=\"hidden\" name=\"tags\" value=\"5240357\"><\/div>\r\n        <div id=\"mce-responses\" class=\"clear\">\r\n            <div class=\"response\" id=\"mce-error-response\" style=\"display: none;\"><\/div>\r\n            <div class=\"response\" id=\"mce-success-response\" style=\"display: none;\"><\/div>\r\n        <\/div><div aria-hidden=\"true\" style=\"position: absolute; left: -5000px;\"><input type=\"text\" name=\"b_77025eb8775f3fdeb6d35c5a0_de6b786060\" tabindex=\"-1\" value=\"\"><\/div><div class=\"clear\"><input type=\"submit\" name=\"subscribe\" id=\"mc-embedded-subscribe\" class=\"button\" value=\"Suscr\u00edbete\"><\/div>\r\n    <\/div>\r\n<\/form>\r\n<\/div>\r\n<script type=\"text\/javascript\" src=\"\/\/s3.amazonaws.com\/downloads.mailchimp.com\/js\/mc-validate.js\"><\/script><script type=\"text\/javascript\">(function($) {window.fnames = new Array(); window.ftypes = new Array();fnames[1]='FNAME';ftypes[1]='text';fnames[2]='LNAME';ftypes[2]='text';fnames[0]='EMAIL';ftypes[0]='email';fnames[20]='MOBILE';ftypes[20]='phone';fnames[5]='BDATE';ftypes[5]='birthday';fnames[7]='PRONOUNS';ftypes[7]='dropdown';fnames[4]='CO_NAME';ftypes[4]='text';fnames[15]='MMERGE15';ftypes[15]='text';fnames[8]='AGERANGE';ftypes[8]='dropdown';fnames[19]='GENDERID';ftypes[19]='dropdown';fnames[9]='ADDRESS';ftypes[9]='address';fnames[18]='MMERGE18';ftypes[18]='text';}(jQuery));var $mcj = jQuery.noConflict(true);<\/script><\/div>\r\n\t\t\t\t<\/div>\n\t\t\t\t<\/div>\n\t\t\t\t\t<\/div>\n\t\t\t\t<\/div>\n\t\t\t\t<\/div>\n\t\t","protected":false},"excerpt":{"rendered":"<p>Bolet\u00edn de Inter\u00e9s Voluntario Inscr\u00edbete para recibir informaci\u00f3n sobre nuestras oportunidades de voluntariado para el Festival y durante todo el a\u00f1o rellenando el siguiente formulario. Suscr\u00edbete * indica que es [&hellip;]<\/p>\n","protected":false},"author":1,"featured_media":1429,"parent":885,"menu_order":0,"comment_status":"closed","ping_status":"closed","template":"","meta":{"_price":"","_stock":"","_tribe_ticket_header":"","_tribe_default_ticket_provider":"","_tribe_ticket_capacity":"0","_ticket_start_date":"","_ticket_end_date":"","_tribe_ticket_show_description":"","_tribe_ticket_show_not_going":false,"_tribe_ticket_use_global_stock":"","_tribe_ticket_global_stock_level":"","_global_stock_mode":"","_global_stock_cap":"","_tribe_rsvp_for_event":"","_tribe_ticket_going_count":"","_tribe_ticket_not_going_count":"","_tribe_tickets_list":"[]","_tribe_ticket_has_attendee_info_fields":false,"footnotes":"","_tec_slr_enabled":"","_tec_slr_layout":""},"class_list":["post-3426","page","type-page","status-publish","has-post-thumbnail","hentry"],"yoast_head":"<!-- This site is optimized with the Yoast SEO plugin v27.5 - https:\/\/yoast.com\/product\/yoast-seo-wordpress\/ -->\n<title>Formulario de inter\u00e9s para voluntarios - Atlanta Pride<\/title>\n<meta name=\"robots\" content=\"index, follow, max-snippet:-1, max-image-preview:large, max-video-preview:-1\" \/>\n<link rel=\"canonical\" href=\"https:\/\/atlantapride.org\/es\/participa\/voluntario\/formulario-de-interes-para-voluntarios\/\" \/>\n<meta property=\"og:locale\" content=\"es_ES\" \/>\n<meta property=\"og:type\" content=\"article\" \/>\n<meta property=\"og:title\" content=\"Formulario de inter\u00e9s para voluntarios - Atlanta Pride\" \/>\n<meta property=\"og:description\" content=\"Bolet\u00edn de Inter\u00e9s Voluntario Inscr\u00edbete para recibir informaci\u00f3n sobre nuestras oportunidades de voluntariado para el Festival y durante todo el a\u00f1o rellenando el siguiente formulario. Suscr\u00edbete * indica que es [&hellip;]\" \/>\n<meta property=\"og:url\" content=\"https:\/\/atlantapride.org\/es\/participa\/voluntario\/formulario-de-interes-para-voluntarios\/\" \/>\n<meta property=\"og:site_name\" content=\"Atlanta Pride\" \/>\n<meta property=\"article:publisher\" content=\"https:\/\/www.facebook.com\/atlantapride\" \/>\n<meta property=\"article:modified_time\" content=\"2025-06-06T18:10:32+00:00\" \/>\n<meta property=\"og:image\" content=\"https:\/\/atlantapride.org\/wp-content\/uploads\/2024\/10\/Atlanta-Pride-5-GetInvolved.jpg\" \/>\n\t<meta property=\"og:image:width\" content=\"1200\" \/>\n\t<meta property=\"og:image:height\" content=\"325\" \/>\n\t<meta property=\"og:image:type\" content=\"image\/jpeg\" \/>\n<meta name=\"twitter:card\" content=\"summary_large_image\" \/>\n<script type=\"application\/ld+json\" class=\"yoast-schema-graph\">{\"@context\":\"https:\\\/\\\/schema.org\",\"@graph\":[{\"@type\":\"WebPage\",\"@id\":\"https:\\\/\\\/atlantapride.org\\\/es\\\/participa\\\/voluntario\\\/formulario-de-interes-para-voluntarios\\\/\",\"url\":\"https:\\\/\\\/atlantapride.org\\\/es\\\/participa\\\/voluntario\\\/formulario-de-interes-para-voluntarios\\\/\",\"name\":\"Formulario de inter\u00e9s para voluntarios - Atlanta Pride\",\"isPartOf\":{\"@id\":\"https:\\\/\\\/atlantapride.org\\\/es\\\/#website\"},\"primaryImageOfPage\":{\"@id\":\"https:\\\/\\\/atlantapride.org\\\/es\\\/participa\\\/voluntario\\\/formulario-de-interes-para-voluntarios\\\/#primaryimage\"},\"image\":{\"@id\":\"https:\\\/\\\/atlantapride.org\\\/es\\\/participa\\\/voluntario\\\/formulario-de-interes-para-voluntarios\\\/#primaryimage\"},\"thumbnailUrl\":\"https:\\\/\\\/atlantapride.org\\\/wp-content\\\/uploads\\\/2024\\\/10\\\/Atlanta-Pride-5-GetInvolved.jpg\",\"datePublished\":\"2025-04-02T17:19:47+00:00\",\"dateModified\":\"2025-06-06T18:10:32+00:00\",\"breadcrumb\":{\"@id\":\"https:\\\/\\\/atlantapride.org\\\/es\\\/participa\\\/voluntario\\\/formulario-de-interes-para-voluntarios\\\/#breadcrumb\"},\"inLanguage\":\"es\",\"potentialAction\":[{\"@type\":\"ReadAction\",\"target\":[\"https:\\\/\\\/atlantapride.org\\\/es\\\/participa\\\/voluntario\\\/formulario-de-interes-para-voluntarios\\\/\"]}]},{\"@type\":\"ImageObject\",\"inLanguage\":\"es\",\"@id\":\"https:\\\/\\\/atlantapride.org\\\/es\\\/participa\\\/voluntario\\\/formulario-de-interes-para-voluntarios\\\/#primaryimage\",\"url\":\"https:\\\/\\\/atlantapride.org\\\/wp-content\\\/uploads\\\/2024\\\/10\\\/Atlanta-Pride-5-GetInvolved.jpg\",\"contentUrl\":\"https:\\\/\\\/atlantapride.org\\\/wp-content\\\/uploads\\\/2024\\\/10\\\/Atlanta-Pride-5-GetInvolved.jpg\",\"width\":1200,\"height\":325},{\"@type\":\"BreadcrumbList\",\"@id\":\"https:\\\/\\\/atlantapride.org\\\/es\\\/participa\\\/voluntario\\\/formulario-de-interes-para-voluntarios\\\/#breadcrumb\",\"itemListElement\":[{\"@type\":\"ListItem\",\"position\":1,\"name\":\"Home\",\"item\":\"https:\\\/\\\/atlantapride.org\\\/es\\\/\"},{\"@type\":\"ListItem\",\"position\":2,\"name\":\"Participa\",\"item\":\"https:\\\/\\\/atlantapride.org\\\/es\\\/participa\\\/\"},{\"@type\":\"ListItem\",\"position\":3,\"name\":\"Voluntario\",\"item\":\"https:\\\/\\\/atlantapride.org\\\/es\\\/participa\\\/voluntario\\\/\"},{\"@type\":\"ListItem\",\"position\":4,\"name\":\"Formulario de inter\u00e9s para voluntarios\"}]},{\"@type\":\"WebSite\",\"@id\":\"https:\\\/\\\/atlantapride.org\\\/es\\\/#website\",\"url\":\"https:\\\/\\\/atlantapride.org\\\/es\\\/\",\"name\":\"Atlanta Pride\",\"description\":\"Atlanta Pride&#039;s Website\",\"publisher\":{\"@id\":\"https:\\\/\\\/atlantapride.org\\\/es\\\/#organization\"},\"potentialAction\":[{\"@type\":\"SearchAction\",\"target\":{\"@type\":\"EntryPoint\",\"urlTemplate\":\"https:\\\/\\\/atlantapride.org\\\/es\\\/?s={search_term_string}\"},\"query-input\":{\"@type\":\"PropertyValueSpecification\",\"valueRequired\":true,\"valueName\":\"search_term_string\"}}],\"inLanguage\":\"es\"},{\"@type\":\"Organization\",\"@id\":\"https:\\\/\\\/atlantapride.org\\\/es\\\/#organization\",\"name\":\"Atlanta Pride Committee, Inc\",\"alternateName\":\"Atlanta Pride\",\"url\":\"https:\\\/\\\/atlantapride.org\\\/es\\\/\",\"logo\":{\"@type\":\"ImageObject\",\"inLanguage\":\"es\",\"@id\":\"https:\\\/\\\/atlantapride.org\\\/es\\\/#\\\/schema\\\/logo\\\/image\\\/\",\"url\":\"https:\\\/\\\/atlantapride.org\\\/wp-content\\\/uploads\\\/2024\\\/02\\\/Atlanta-Pride-Logo.svg\",\"contentUrl\":\"https:\\\/\\\/atlantapride.org\\\/wp-content\\\/uploads\\\/2024\\\/02\\\/Atlanta-Pride-Logo.svg\",\"width\":208,\"height\":126,\"caption\":\"Atlanta Pride Committee, Inc\"},\"image\":{\"@id\":\"https:\\\/\\\/atlantapride.org\\\/es\\\/#\\\/schema\\\/logo\\\/image\\\/\"},\"sameAs\":[\"https:\\\/\\\/www.facebook.com\\\/atlantapride\"]}]}<\/script>\n<!-- \/ Yoast SEO plugin. -->","yoast_head_json":{"title":"Formulario de inter\u00e9s para voluntarios - Atlanta Pride","robots":{"index":"index","follow":"follow","max-snippet":"max-snippet:-1","max-image-preview":"max-image-preview:large","max-video-preview":"max-video-preview:-1"},"canonical":"https:\/\/atlantapride.org\/es\/participa\/voluntario\/formulario-de-interes-para-voluntarios\/","og_locale":"es_ES","og_type":"article","og_title":"Formulario de inter\u00e9s para voluntarios - Atlanta Pride","og_description":"Bolet\u00edn de Inter\u00e9s Voluntario Inscr\u00edbete para recibir informaci\u00f3n sobre nuestras oportunidades de voluntariado para el Festival y durante todo el a\u00f1o rellenando el siguiente formulario. Suscr\u00edbete * indica que es [&hellip;]","og_url":"https:\/\/atlantapride.org\/es\/participa\/voluntario\/formulario-de-interes-para-voluntarios\/","og_site_name":"Atlanta Pride","article_publisher":"https:\/\/www.facebook.com\/atlantapride","article_modified_time":"2025-06-06T18:10:32+00:00","og_image":[{"width":1200,"height":325,"url":"https:\/\/atlantapride.org\/wp-content\/uploads\/2024\/10\/Atlanta-Pride-5-GetInvolved.jpg","type":"image\/jpeg"}],"twitter_card":"summary_large_image","schema":{"@context":"https:\/\/schema.org","@graph":[{"@type":"WebPage","@id":"https:\/\/atlantapride.org\/es\/participa\/voluntario\/formulario-de-interes-para-voluntarios\/","url":"https:\/\/atlantapride.org\/es\/participa\/voluntario\/formulario-de-interes-para-voluntarios\/","name":"Formulario de inter\u00e9s para voluntarios - Atlanta Pride","isPartOf":{"@id":"https:\/\/atlantapride.org\/es\/#website"},"primaryImageOfPage":{"@id":"https:\/\/atlantapride.org\/es\/participa\/voluntario\/formulario-de-interes-para-voluntarios\/#primaryimage"},"image":{"@id":"https:\/\/atlantapride.org\/es\/participa\/voluntario\/formulario-de-interes-para-voluntarios\/#primaryimage"},"thumbnailUrl":"https:\/\/atlantapride.org\/wp-content\/uploads\/2024\/10\/Atlanta-Pride-5-GetInvolved.jpg","datePublished":"2025-04-02T17:19:47+00:00","dateModified":"2025-06-06T18:10:32+00:00","breadcrumb":{"@id":"https:\/\/atlantapride.org\/es\/participa\/voluntario\/formulario-de-interes-para-voluntarios\/#breadcrumb"},"inLanguage":"es","potentialAction":[{"@type":"ReadAction","target":["https:\/\/atlantapride.org\/es\/participa\/voluntario\/formulario-de-interes-para-voluntarios\/"]}]},{"@type":"ImageObject","inLanguage":"es","@id":"https:\/\/atlantapride.org\/es\/participa\/voluntario\/formulario-de-interes-para-voluntarios\/#primaryimage","url":"https:\/\/atlantapride.org\/wp-content\/uploads\/2024\/10\/Atlanta-Pride-5-GetInvolved.jpg","contentUrl":"https:\/\/atlantapride.org\/wp-content\/uploads\/2024\/10\/Atlanta-Pride-5-GetInvolved.jpg","width":1200,"height":325},{"@type":"BreadcrumbList","@id":"https:\/\/atlantapride.org\/es\/participa\/voluntario\/formulario-de-interes-para-voluntarios\/#breadcrumb","itemListElement":[{"@type":"ListItem","position":1,"name":"Home","item":"https:\/\/atlantapride.org\/es\/"},{"@type":"ListItem","position":2,"name":"Participa","item":"https:\/\/atlantapride.org\/es\/participa\/"},{"@type":"ListItem","position":3,"name":"Voluntario","item":"https:\/\/atlantapride.org\/es\/participa\/voluntario\/"},{"@type":"ListItem","position":4,"name":"Formulario de inter\u00e9s para voluntarios"}]},{"@type":"WebSite","@id":"https:\/\/atlantapride.org\/es\/#website","url":"https:\/\/atlantapride.org\/es\/","name":"Atlanta Pride","description":"Atlanta Pride&#039;s Website","publisher":{"@id":"https:\/\/atlantapride.org\/es\/#organization"},"potentialAction":[{"@type":"SearchAction","target":{"@type":"EntryPoint","urlTemplate":"https:\/\/atlantapride.org\/es\/?s={search_term_string}"},"query-input":{"@type":"PropertyValueSpecification","valueRequired":true,"valueName":"search_term_string"}}],"inLanguage":"es"},{"@type":"Organization","@id":"https:\/\/atlantapride.org\/es\/#organization","name":"Atlanta Pride Committee, Inc","alternateName":"Atlanta Pride","url":"https:\/\/atlantapride.org\/es\/","logo":{"@type":"ImageObject","inLanguage":"es","@id":"https:\/\/atlantapride.org\/es\/#\/schema\/logo\/image\/","url":"https:\/\/atlantapride.org\/wp-content\/uploads\/2024\/02\/Atlanta-Pride-Logo.svg","contentUrl":"https:\/\/atlantapride.org\/wp-content\/uploads\/2024\/02\/Atlanta-Pride-Logo.svg","width":208,"height":126,"caption":"Atlanta Pride Committee, Inc"},"image":{"@id":"https:\/\/atlantapride.org\/es\/#\/schema\/logo\/image\/"},"sameAs":["https:\/\/www.facebook.com\/atlantapride"]}]}},"ticketed":false,"_links":{"self":[{"href":"https:\/\/atlantapride.org\/es\/wp-json\/wp\/v2\/pages\/3426","targetHints":{"allow":["GET"]}}],"collection":[{"href":"https:\/\/atlantapride.org\/es\/wp-json\/wp\/v2\/pages"}],"about":[{"href":"https:\/\/atlantapride.org\/es\/wp-json\/wp\/v2\/types\/page"}],"author":[{"embeddable":true,"href":"https:\/\/atlantapride.org\/es\/wp-json\/wp\/v2\/users\/1"}],"replies":[{"embeddable":true,"href":"https:\/\/atlantapride.org\/es\/wp-json\/wp\/v2\/comments?post=3426"}],"version-history":[{"count":2,"href":"https:\/\/atlantapride.org\/es\/wp-json\/wp\/v2\/pages\/3426\/revisions"}],"predecessor-version":[{"id":4264,"href":"https:\/\/atlantapride.org\/es\/wp-json\/wp\/v2\/pages\/3426\/revisions\/4264"}],"up":[{"embeddable":true,"href":"https:\/\/atlantapride.org\/es\/wp-json\/wp\/v2\/pages\/885"}],"wp:featuredmedia":[{"embeddable":true,"href":"https:\/\/atlantapride.org\/es\/wp-json\/wp\/v2\/media\/1429"}],"wp:attachment":[{"href":"https:\/\/atlantapride.org\/es\/wp-json\/wp\/v2\/media?parent=3426"}],"curies":[{"name":"wp","href":"https:\/\/api.w.org\/{rel}","templated":true}]}}