{"id":3542,"date":"2025-04-30T09:42:25","date_gmt":"2025-04-30T13:42:25","guid":{"rendered":"https:\/\/atlantapride.org\/kaleb-solberg\/"},"modified":"2025-04-30T14:44:11","modified_gmt":"2025-04-30T18:44:11","slug":"kaleb-solberg","status":"publish","type":"page","link":"https:\/\/atlantapride.org\/es\/sobre-nosotros\/equipo\/kaleb-solberg\/","title":{"rendered":"Kaleb Solberg"},"content":{"rendered":"\t\t<div data-elementor-type=\"wp-page\" data-elementor-id=\"3542\" class=\"elementor elementor-3542 elementor-3526\" data-elementor-post-type=\"page\">\n\t\t\t\t<div class=\"elementor-element elementor-element-30fffcf9 e-flex e-con-boxed e-con e-parent\" data-id=\"30fffcf9\" data-element_type=\"container\" data-e-type=\"container\">\n\t\t\t\t\t<div class=\"e-con-inner\">\n\t\t<div class=\"elementor-element elementor-element-66757385 e-con-full e-flex e-con e-child\" data-id=\"66757385\" data-element_type=\"container\" data-e-type=\"container\">\n\t\t\t\t<div class=\"elementor-element elementor-element-91a4e91 elementor-widget elementor-widget-heading\" data-id=\"91a4e91\" data-element_type=\"widget\" data-e-type=\"widget\" data-widget_type=\"heading.default\">\n\t\t\t\t<div class=\"elementor-widget-container\">\n\t\t\t\t\t<h1 class=\"elementor-heading-title elementor-size-default\">Kaleb Solberg<\/h1>\t\t\t\t<\/div>\n\t\t\t\t<\/div>\n\t\t\t\t<div class=\"elementor-element elementor-element-5673ae1b elementor-widget elementor-widget-heading\" data-id=\"5673ae1b\" data-element_type=\"widget\" data-e-type=\"widget\" data-widget_type=\"heading.default\">\n\t\t\t\t<div class=\"elementor-widget-container\">\n\t\t\t\t\t<h2 class=\"elementor-heading-title elementor-size-default\">Coordinadora de Participaci\u00f3n Comunitaria<\/h2>\t\t\t\t<\/div>\n\t\t\t\t<\/div>\n\t\t\t\t<div class=\"elementor-element elementor-element-43a2dbb9 elementor-widget elementor-widget-heading\" data-id=\"43a2dbb9\" data-element_type=\"widget\" data-e-type=\"widget\" data-widget_type=\"heading.default\">\n\t\t\t\t<div class=\"elementor-widget-container\">\n\t\t\t\t\t<h3 class=\"elementor-heading-title elementor-size-default\">Pronombres: \u00c9l \/ Ellos<\/h3>\t\t\t\t<\/div>\n\t\t\t\t<\/div>\n\t\t\t\t<div class=\"elementor-element elementor-element-4e0554a1 elementor-widget elementor-widget-spacer\" data-id=\"4e0554a1\" data-element_type=\"widget\" data-e-type=\"widget\" data-widget_type=\"spacer.default\">\n\t\t\t\t<div class=\"elementor-widget-container\">\n\t\t\t\t\t\t\t<div class=\"elementor-spacer\">\n\t\t\t<div class=\"elementor-spacer-inner\"><\/div>\n\t\t<\/div>\n\t\t\t\t\t\t<\/div>\n\t\t\t\t<\/div>\n\t\t\t\t<div class=\"elementor-element elementor-element-27201af7 elementor-widget elementor-widget-text-editor\" data-id=\"27201af7\" data-element_type=\"widget\" data-e-type=\"widget\" data-widget_type=\"text-editor.default\">\n\t\t\t\t<div class=\"elementor-widget-container\">\n\t\t\t\t\t\t\t\t\t<p>Kaleb Solberg es un apasionado defensor de la justicia en materia de vivienda, los derechos LGBTQ+ y la capacitaci\u00f3n de los j\u00f3venes. Como hijo de militares, Kaleb creci\u00f3 viviendo por todo el pa\u00eds antes de hacer de Atlanta su hogar en 2017, el mayor tiempo que ha vivido en un solo lugar. Motivado por su propia experiencia vivida con la inestabilidad de la vivienda, Kaleb sigui\u00f3 una carrera en servicios sociales para garantizar que otros tengan acceso a apoyo, dignidad y sentido de pertenencia. Doble Pantera orgullosa, Kaleb es licenciada en Psicolog\u00eda y tiene un m\u00e1ster en Trabajo Social por la Universidad Estatal de Georgia, donde sus estudios se centraron en la defensa de la comunidad, la investigaci\u00f3n y las iniciativas de justicia social.   <br><br>Como Coordinador de Participaci\u00f3n Comunitaria en Atlanta Pride, a Kaleb le entusiasma fortalecer las asociaciones comunitarias y amplificar las voces diversas en toda Atlanta. Le apasiona fomentar espacios donde todas las personas se sientan vistas, valoradas y celebradas. Fuera de su trabajo, Kaleb encuentra alegr\u00eda y conexi\u00f3n en las cosas frikis que construyen comunidad: jugar a Dragones y Mazmorras, sumergirse en juegos de mesa, competir en Magic: The Gathering y estrechar lazos con grandes programas de televisi\u00f3n y pel\u00edculas. Mediante la defensa y la creatividad, Kaleb cree en el poder de las historias compartidas, la acci\u00f3n colectiva y la construcci\u00f3n de una Atlanta m\u00e1s inclusiva y vibrante.   <\/p>\t\t\t\t\t\t\t\t<\/div>\n\t\t\t\t<\/div>\n\t\t\t\t<\/div>\n\t\t<div class=\"elementor-element elementor-element-3009a405 e-con-full e-flex e-con e-child\" data-id=\"3009a405\" data-element_type=\"container\" data-e-type=\"container\">\n\t\t\t\t<div class=\"elementor-element elementor-element-617efb6 elementor-widget elementor-widget-image\" data-id=\"617efb6\" data-element_type=\"widget\" data-e-type=\"widget\" data-widget_type=\"image.default\">\n\t\t\t\t<div class=\"elementor-widget-container\">\n\t\t\t\t\t\t\t\t\t\t\t\t\t\t\t<img fetchpriority=\"high\" decoding=\"async\" width=\"800\" height=\"800\" src=\"https:\/\/atlantapride.org\/wp-content\/uploads\/2025\/04\/Kaleb-Solberg-profile-sq-1024x1024.jpeg\" class=\"attachment-large size-large wp-image-3536\" alt=\"\" srcset=\"https:\/\/atlantapride.org\/wp-content\/uploads\/2025\/04\/Kaleb-Solberg-profile-sq-1024x1024.jpeg 1024w, https:\/\/atlantapride.org\/wp-content\/uploads\/2025\/04\/Kaleb-Solberg-profile-sq-300x300.jpeg 300w, https:\/\/atlantapride.org\/wp-content\/uploads\/2025\/04\/Kaleb-Solberg-profile-sq-150x150.jpeg 150w, https:\/\/atlantapride.org\/wp-content\/uploads\/2025\/04\/Kaleb-Solberg-profile-sq-768x768.jpeg 768w, https:\/\/atlantapride.org\/wp-content\/uploads\/2025\/04\/Kaleb-Solberg-profile-sq-1536x1536.jpeg 1536w, https:\/\/atlantapride.org\/wp-content\/uploads\/2025\/04\/Kaleb-Solberg-profile-sq-2048x2048.jpeg 2048w\" sizes=\"(max-width: 800px) 100vw, 800px\" \/>\t\t\t\t\t\t\t\t\t\t\t\t\t\t\t<\/div>\n\t\t\t\t<\/div>\n\t\t<div class=\"elementor-element elementor-element-717ea237 e-flex e-con-boxed e-con e-child\" data-id=\"717ea237\" data-element_type=\"container\" data-e-type=\"container\" data-settings=\"{&quot;background_background&quot;:&quot;classic&quot;}\">\n\t\t\t\t\t<div class=\"e-con-inner\">\n\t\t\t\t<div class=\"elementor-element elementor-element-1127d85d elementor-view-default elementor-widget elementor-widget-icon\" data-id=\"1127d85d\" data-element_type=\"widget\" data-e-type=\"widget\" data-widget_type=\"icon.default\">\n\t\t\t\t<div class=\"elementor-widget-container\">\n\t\t\t\t\t\t\t<div class=\"elementor-icon-wrapper\">\n\t\t\t<a class=\"elementor-icon\" href=\"http:\/\/kaleb.solbeerg@atlantapride.org\" target=\"_blank\">\n\t\t\t<svg aria-hidden=\"true\" class=\"e-font-icon-svg e-fas-envelope\" viewBox=\"0 0 512 512\" xmlns=\"http:\/\/www.w3.org\/2000\/svg\"><path d=\"M502.3 190.8c3.9-3.1 9.7-.2 9.7 4.7V400c0 26.5-21.5 48-48 48H48c-26.5 0-48-21.5-48-48V195.6c0-5 5.7-7.8 9.7-4.7 22.4 17.4 52.1 39.5 154.1 113.6 21.1 15.4 56.7 47.8 92.2 47.6 35.7.3 72-32.8 92.3-47.6 102-74.1 131.6-96.3 154-113.7zM256 320c23.2.4 56.6-29.2 73.4-41.4 132.7-96.3 142.8-104.7 173.4-128.7 5.8-4.5 9.2-11.5 9.2-18.9v-19c0-26.5-21.5-48-48-48H48C21.5 64 0 85.5 0 112v19c0 7.4 3.4 14.3 9.2 18.9 30.6 23.9 40.7 32.4 173.4 128.7 16.8 12.2 50.2 41.8 73.4 41.4z\"><\/path><\/svg>\t\t\t<\/a>\n\t\t<\/div>\n\t\t\t\t\t\t<\/div>\n\t\t\t\t<\/div>\n\t\t\t\t\t<\/div>\n\t\t\t\t<\/div>\n\t\t\t\t<\/div>\n\t\t\t\t\t<\/div>\n\t\t\t\t<\/div>\n\t\t\t\t<\/div>\n\t\t","protected":false},"excerpt":{"rendered":"<p>Kaleb Solberg Coordinadora de Participaci\u00f3n Comunitaria Pronombres: \u00c9l \/ Ellos Kaleb Solberg es un apasionado defensor de la justicia en materia de vivienda, los derechos LGBTQ+ y la capacitaci\u00f3n de [&hellip;]<\/p>\n","protected":false},"author":3,"featured_media":3536,"parent":906,"menu_order":0,"comment_status":"closed","ping_status":"closed","template":"","meta":{"_price":"","_stock":"","_tribe_ticket_header":"","_tribe_default_ticket_provider":"","_tribe_ticket_capacity":"0","_ticket_start_date":"","_ticket_end_date":"","_tribe_ticket_show_description":"","_tribe_ticket_show_not_going":false,"_tribe_ticket_use_global_stock":"","_tribe_ticket_global_stock_level":"","_global_stock_mode":"","_global_stock_cap":"","_tribe_rsvp_for_event":"","_tribe_ticket_going_count":"","_tribe_ticket_not_going_count":"","_tribe_tickets_list":"[]","_tribe_ticket_has_attendee_info_fields":false,"footnotes":"","_tec_slr_enabled":"","_tec_slr_layout":""},"class_list":["post-3542","page","type-page","status-publish","has-post-thumbnail","hentry"],"yoast_head":"<!-- This site is optimized with the Yoast SEO plugin v27.3 - https:\/\/yoast.com\/product\/yoast-seo-wordpress\/ -->\n<title>Kaleb Solberg - Atlanta Pride<\/title>\n<meta name=\"robots\" content=\"index, follow, max-snippet:-1, max-image-preview:large, max-video-preview:-1\" \/>\n<link rel=\"canonical\" href=\"https:\/\/atlantapride.org\/es\/sobre-nosotros\/equipo\/kaleb-solberg\/\" \/>\n<meta property=\"og:locale\" content=\"es_ES\" \/>\n<meta property=\"og:type\" content=\"article\" \/>\n<meta property=\"og:title\" content=\"Kaleb Solberg - Atlanta Pride\" \/>\n<meta property=\"og:description\" content=\"Kaleb Solberg Coordinadora de Participaci\u00f3n Comunitaria Pronombres: \u00c9l \/ Ellos Kaleb Solberg es un apasionado defensor de la justicia en materia de vivienda, los derechos LGBTQ+ y la capacitaci\u00f3n de [&hellip;]\" \/>\n<meta property=\"og:url\" content=\"https:\/\/atlantapride.org\/es\/sobre-nosotros\/equipo\/kaleb-solberg\/\" \/>\n<meta property=\"og:site_name\" content=\"Atlanta Pride\" \/>\n<meta property=\"article:publisher\" content=\"https:\/\/www.facebook.com\/atlantapride\" \/>\n<meta property=\"article:modified_time\" content=\"2025-04-30T18:44:11+00:00\" \/>\n<meta property=\"og:image\" content=\"https:\/\/atlantapride.org\/wp-content\/uploads\/2025\/04\/Kaleb-Solberg-profile-sq-scaled.jpeg\" \/>\n\t<meta property=\"og:image:width\" content=\"2560\" \/>\n\t<meta property=\"og:image:height\" content=\"2560\" \/>\n\t<meta property=\"og:image:type\" content=\"image\/jpeg\" \/>\n<meta name=\"twitter:card\" content=\"summary_large_image\" \/>\n<meta name=\"twitter:label1\" content=\"Tiempo de lectura\" \/>\n\t<meta name=\"twitter:data1\" content=\"1 minuto\" \/>\n<script type=\"application\/ld+json\" class=\"yoast-schema-graph\">{\"@context\":\"https:\\\/\\\/schema.org\",\"@graph\":[{\"@type\":\"WebPage\",\"@id\":\"https:\\\/\\\/atlantapride.org\\\/es\\\/sobre-nosotros\\\/equipo\\\/kaleb-solberg\\\/\",\"url\":\"https:\\\/\\\/atlantapride.org\\\/es\\\/sobre-nosotros\\\/equipo\\\/kaleb-solberg\\\/\",\"name\":\"Kaleb Solberg - Atlanta Pride\",\"isPartOf\":{\"@id\":\"https:\\\/\\\/atlantapride.org\\\/es\\\/#website\"},\"primaryImageOfPage\":{\"@id\":\"https:\\\/\\\/atlantapride.org\\\/es\\\/sobre-nosotros\\\/equipo\\\/kaleb-solberg\\\/#primaryimage\"},\"image\":{\"@id\":\"https:\\\/\\\/atlantapride.org\\\/es\\\/sobre-nosotros\\\/equipo\\\/kaleb-solberg\\\/#primaryimage\"},\"thumbnailUrl\":\"https:\\\/\\\/atlantapride.org\\\/wp-content\\\/uploads\\\/2025\\\/04\\\/Kaleb-Solberg-profile-sq-scaled.jpeg\",\"datePublished\":\"2025-04-30T13:42:25+00:00\",\"dateModified\":\"2025-04-30T18:44:11+00:00\",\"breadcrumb\":{\"@id\":\"https:\\\/\\\/atlantapride.org\\\/es\\\/sobre-nosotros\\\/equipo\\\/kaleb-solberg\\\/#breadcrumb\"},\"inLanguage\":\"es\",\"potentialAction\":[{\"@type\":\"ReadAction\",\"target\":[\"https:\\\/\\\/atlantapride.org\\\/es\\\/sobre-nosotros\\\/equipo\\\/kaleb-solberg\\\/\"]}]},{\"@type\":\"ImageObject\",\"inLanguage\":\"es\",\"@id\":\"https:\\\/\\\/atlantapride.org\\\/es\\\/sobre-nosotros\\\/equipo\\\/kaleb-solberg\\\/#primaryimage\",\"url\":\"https:\\\/\\\/atlantapride.org\\\/wp-content\\\/uploads\\\/2025\\\/04\\\/Kaleb-Solberg-profile-sq-scaled.jpeg\",\"contentUrl\":\"https:\\\/\\\/atlantapride.org\\\/wp-content\\\/uploads\\\/2025\\\/04\\\/Kaleb-Solberg-profile-sq-scaled.jpeg\",\"width\":2560,\"height\":2560},{\"@type\":\"BreadcrumbList\",\"@id\":\"https:\\\/\\\/atlantapride.org\\\/es\\\/sobre-nosotros\\\/equipo\\\/kaleb-solberg\\\/#breadcrumb\",\"itemListElement\":[{\"@type\":\"ListItem\",\"position\":1,\"name\":\"Home\",\"item\":\"https:\\\/\\\/atlantapride.org\\\/es\\\/\"},{\"@type\":\"ListItem\",\"position\":2,\"name\":\"Kaleb Solberg\"}]},{\"@type\":\"WebSite\",\"@id\":\"https:\\\/\\\/atlantapride.org\\\/es\\\/#website\",\"url\":\"https:\\\/\\\/atlantapride.org\\\/es\\\/\",\"name\":\"Atlanta Pride\",\"description\":\"Atlanta Pride&#039;s Website\",\"publisher\":{\"@id\":\"https:\\\/\\\/atlantapride.org\\\/es\\\/#organization\"},\"potentialAction\":[{\"@type\":\"SearchAction\",\"target\":{\"@type\":\"EntryPoint\",\"urlTemplate\":\"https:\\\/\\\/atlantapride.org\\\/es\\\/?s={search_term_string}\"},\"query-input\":{\"@type\":\"PropertyValueSpecification\",\"valueRequired\":true,\"valueName\":\"search_term_string\"}}],\"inLanguage\":\"es\"},{\"@type\":\"Organization\",\"@id\":\"https:\\\/\\\/atlantapride.org\\\/es\\\/#organization\",\"name\":\"Atlanta Pride Committee, Inc\",\"alternateName\":\"Atlanta Pride\",\"url\":\"https:\\\/\\\/atlantapride.org\\\/es\\\/\",\"logo\":{\"@type\":\"ImageObject\",\"inLanguage\":\"es\",\"@id\":\"https:\\\/\\\/atlantapride.org\\\/es\\\/#\\\/schema\\\/logo\\\/image\\\/\",\"url\":\"https:\\\/\\\/atlantapride.org\\\/wp-content\\\/uploads\\\/2024\\\/02\\\/Atlanta-Pride-Logo.svg\",\"contentUrl\":\"https:\\\/\\\/atlantapride.org\\\/wp-content\\\/uploads\\\/2024\\\/02\\\/Atlanta-Pride-Logo.svg\",\"width\":208,\"height\":126,\"caption\":\"Atlanta Pride Committee, Inc\"},\"image\":{\"@id\":\"https:\\\/\\\/atlantapride.org\\\/es\\\/#\\\/schema\\\/logo\\\/image\\\/\"},\"sameAs\":[\"https:\\\/\\\/www.facebook.com\\\/atlantapride\"]}]}<\/script>\n<!-- \/ Yoast SEO plugin. -->","yoast_head_json":{"title":"Kaleb Solberg - Atlanta Pride","robots":{"index":"index","follow":"follow","max-snippet":"max-snippet:-1","max-image-preview":"max-image-preview:large","max-video-preview":"max-video-preview:-1"},"canonical":"https:\/\/atlantapride.org\/es\/sobre-nosotros\/equipo\/kaleb-solberg\/","og_locale":"es_ES","og_type":"article","og_title":"Kaleb Solberg - Atlanta Pride","og_description":"Kaleb Solberg Coordinadora de Participaci\u00f3n Comunitaria Pronombres: \u00c9l \/ Ellos Kaleb Solberg es un apasionado defensor de la justicia en materia de vivienda, los derechos LGBTQ+ y la capacitaci\u00f3n de [&hellip;]","og_url":"https:\/\/atlantapride.org\/es\/sobre-nosotros\/equipo\/kaleb-solberg\/","og_site_name":"Atlanta Pride","article_publisher":"https:\/\/www.facebook.com\/atlantapride","article_modified_time":"2025-04-30T18:44:11+00:00","og_image":[{"width":2560,"height":2560,"url":"https:\/\/atlantapride.org\/wp-content\/uploads\/2025\/04\/Kaleb-Solberg-profile-sq-scaled.jpeg","type":"image\/jpeg"}],"twitter_card":"summary_large_image","twitter_misc":{"Tiempo de lectura":"1 minuto"},"schema":{"@context":"https:\/\/schema.org","@graph":[{"@type":"WebPage","@id":"https:\/\/atlantapride.org\/es\/sobre-nosotros\/equipo\/kaleb-solberg\/","url":"https:\/\/atlantapride.org\/es\/sobre-nosotros\/equipo\/kaleb-solberg\/","name":"Kaleb Solberg - Atlanta Pride","isPartOf":{"@id":"https:\/\/atlantapride.org\/es\/#website"},"primaryImageOfPage":{"@id":"https:\/\/atlantapride.org\/es\/sobre-nosotros\/equipo\/kaleb-solberg\/#primaryimage"},"image":{"@id":"https:\/\/atlantapride.org\/es\/sobre-nosotros\/equipo\/kaleb-solberg\/#primaryimage"},"thumbnailUrl":"https:\/\/atlantapride.org\/wp-content\/uploads\/2025\/04\/Kaleb-Solberg-profile-sq-scaled.jpeg","datePublished":"2025-04-30T13:42:25+00:00","dateModified":"2025-04-30T18:44:11+00:00","breadcrumb":{"@id":"https:\/\/atlantapride.org\/es\/sobre-nosotros\/equipo\/kaleb-solberg\/#breadcrumb"},"inLanguage":"es","potentialAction":[{"@type":"ReadAction","target":["https:\/\/atlantapride.org\/es\/sobre-nosotros\/equipo\/kaleb-solberg\/"]}]},{"@type":"ImageObject","inLanguage":"es","@id":"https:\/\/atlantapride.org\/es\/sobre-nosotros\/equipo\/kaleb-solberg\/#primaryimage","url":"https:\/\/atlantapride.org\/wp-content\/uploads\/2025\/04\/Kaleb-Solberg-profile-sq-scaled.jpeg","contentUrl":"https:\/\/atlantapride.org\/wp-content\/uploads\/2025\/04\/Kaleb-Solberg-profile-sq-scaled.jpeg","width":2560,"height":2560},{"@type":"BreadcrumbList","@id":"https:\/\/atlantapride.org\/es\/sobre-nosotros\/equipo\/kaleb-solberg\/#breadcrumb","itemListElement":[{"@type":"ListItem","position":1,"name":"Home","item":"https:\/\/atlantapride.org\/es\/"},{"@type":"ListItem","position":2,"name":"Kaleb Solberg"}]},{"@type":"WebSite","@id":"https:\/\/atlantapride.org\/es\/#website","url":"https:\/\/atlantapride.org\/es\/","name":"Atlanta Pride","description":"Atlanta Pride&#039;s Website","publisher":{"@id":"https:\/\/atlantapride.org\/es\/#organization"},"potentialAction":[{"@type":"SearchAction","target":{"@type":"EntryPoint","urlTemplate":"https:\/\/atlantapride.org\/es\/?s={search_term_string}"},"query-input":{"@type":"PropertyValueSpecification","valueRequired":true,"valueName":"search_term_string"}}],"inLanguage":"es"},{"@type":"Organization","@id":"https:\/\/atlantapride.org\/es\/#organization","name":"Atlanta Pride Committee, Inc","alternateName":"Atlanta Pride","url":"https:\/\/atlantapride.org\/es\/","logo":{"@type":"ImageObject","inLanguage":"es","@id":"https:\/\/atlantapride.org\/es\/#\/schema\/logo\/image\/","url":"https:\/\/atlantapride.org\/wp-content\/uploads\/2024\/02\/Atlanta-Pride-Logo.svg","contentUrl":"https:\/\/atlantapride.org\/wp-content\/uploads\/2024\/02\/Atlanta-Pride-Logo.svg","width":208,"height":126,"caption":"Atlanta Pride Committee, Inc"},"image":{"@id":"https:\/\/atlantapride.org\/es\/#\/schema\/logo\/image\/"},"sameAs":["https:\/\/www.facebook.com\/atlantapride"]}]}},"ticketed":false,"_links":{"self":[{"href":"https:\/\/atlantapride.org\/es\/wp-json\/wp\/v2\/pages\/3542","targetHints":{"allow":["GET"]}}],"collection":[{"href":"https:\/\/atlantapride.org\/es\/wp-json\/wp\/v2\/pages"}],"about":[{"href":"https:\/\/atlantapride.org\/es\/wp-json\/wp\/v2\/types\/page"}],"author":[{"embeddable":true,"href":"https:\/\/atlantapride.org\/es\/wp-json\/wp\/v2\/users\/3"}],"replies":[{"embeddable":true,"href":"https:\/\/atlantapride.org\/es\/wp-json\/wp\/v2\/comments?post=3542"}],"version-history":[{"count":2,"href":"https:\/\/atlantapride.org\/es\/wp-json\/wp\/v2\/pages\/3542\/revisions"}],"predecessor-version":[{"id":3548,"href":"https:\/\/atlantapride.org\/es\/wp-json\/wp\/v2\/pages\/3542\/revisions\/3548"}],"up":[{"embeddable":true,"href":"https:\/\/atlantapride.org\/es\/wp-json\/wp\/v2\/pages\/906"}],"wp:featuredmedia":[{"embeddable":true,"href":"https:\/\/atlantapride.org\/es\/wp-json\/wp\/v2\/media\/3536"}],"wp:attachment":[{"href":"https:\/\/atlantapride.org\/es\/wp-json\/wp\/v2\/media?parent=3542"}],"curies":[{"name":"wp","href":"https:\/\/api.w.org\/{rel}","templated":true}]}}