{"id":873,"date":"2024-03-13T15:48:34","date_gmt":"2024-03-13T19:48:34","guid":{"rendered":"https:\/\/atlantapride.org\/hazte-patrocinador\/"},"modified":"2025-04-07T15:41:44","modified_gmt":"2025-04-07T19:41:44","slug":"hazte-patrocinador","status":"publish","type":"page","link":"https:\/\/atlantapride.org\/es\/nuestros-socios\/hazte-patrocinador\/","title":{"rendered":"Hazte patrocinador"},"content":{"rendered":"\t\t<div data-elementor-type=\"wp-page\" data-elementor-id=\"873\" class=\"elementor elementor-873 elementor-212\" data-elementor-post-type=\"page\">\n\t\t\t\t<div class=\"elementor-element elementor-element-160fbe1 e-flex e-con-boxed e-con e-parent\" data-id=\"160fbe1\" data-element_type=\"container\" data-e-type=\"container\">\n\t\t\t\t\t<div class=\"e-con-inner\">\n\t\t<div class=\"elementor-element elementor-element-524458a e-con-full e-flex e-con e-child\" data-id=\"524458a\" data-element_type=\"container\" data-e-type=\"container\">\n\t\t\t\t<div class=\"elementor-element elementor-element-0da8cb5 elementor-widget elementor-widget-text-editor\" data-id=\"0da8cb5\" data-element_type=\"widget\" data-e-type=\"widget\" data-widget_type=\"text-editor.default\">\n\t\t\t\t<div class=\"elementor-widget-container\">\n\t\t\t\t\t\t\t\t\t<p><span style=\"font-weight: 400;\"><br>\u00a1Gracias por tu inter\u00e9s en patrocinar el Festival del Orgullo de Atlanta 2025!  <\/span><\/p><p><span style=\"font-weight: 400;\">El patrocinio es una forma excelente de demostrar el apoyo de tu organizaci\u00f3n a la comunidad LGBTQ+: conectando con la comunidad en nuestro Mercado, celebr\u00e1ndolo con nosotros en el Desfile y consiguiendo una mayor visibilidad para tu marca entre los m\u00e1s de 350.000 asistentes al festival.  <\/span><\/p><p><span style=\"font-weight: 400;\">Todos los paquetes de patrocinio incluyen diversos beneficios y contribuyen a que Atlanta Pride siga siendo el mayor festival gratuito del Orgullo del pa\u00eds.  <\/span><\/p>\t\t\t\t\t\t\t\t<\/div>\n\t\t\t\t<\/div>\n\t\t\t\t<\/div>\n\t\t<div class=\"elementor-element elementor-element-1350875 e-con-full e-flex e-con e-child\" data-id=\"1350875\" data-element_type=\"container\" data-e-type=\"container\">\n\t\t\t\t<div class=\"elementor-element elementor-element-a9ff31b elementor-widget elementor-widget-image\" data-id=\"a9ff31b\" data-element_type=\"widget\" data-e-type=\"widget\" data-widget_type=\"image.default\">\n\t\t\t\t<div class=\"elementor-widget-container\">\n\t\t\t\t\t\t\t\t\t\t\t\t\t\t\t<img fetchpriority=\"high\" decoding=\"async\" width=\"800\" height=\"534\" src=\"https:\/\/atlantapride.org\/wp-content\/uploads\/2024\/12\/Photo-Oct-12-2024-9-32-30-AM-1024x683.jpg\" class=\"attachment-large size-large wp-image-1869\" alt=\"Atlanta Pride Sponsor, Emory Healthcare\" srcset=\"https:\/\/atlantapride.org\/wp-content\/uploads\/2024\/12\/Photo-Oct-12-2024-9-32-30-AM-1024x683.jpg 1024w, https:\/\/atlantapride.org\/wp-content\/uploads\/2024\/12\/Photo-Oct-12-2024-9-32-30-AM-300x200.jpg 300w, https:\/\/atlantapride.org\/wp-content\/uploads\/2024\/12\/Photo-Oct-12-2024-9-32-30-AM-768x512.jpg 768w, https:\/\/atlantapride.org\/wp-content\/uploads\/2024\/12\/Photo-Oct-12-2024-9-32-30-AM-1536x1024.jpg 1536w, https:\/\/atlantapride.org\/wp-content\/uploads\/2024\/12\/Photo-Oct-12-2024-9-32-30-AM-2048x1365.jpg 2048w\" sizes=\"(max-width: 800px) 100vw, 800px\" \/>\t\t\t\t\t\t\t\t\t\t\t\t\t\t\t<\/div>\n\t\t\t\t<\/div>\n\t\t\t\t<\/div>\n\t\t\t\t\t<\/div>\n\t\t\t\t<\/div>\n\t\t<div class=\"elementor-element elementor-element-caac8b9 e-flex e-con-boxed e-con e-parent\" data-id=\"caac8b9\" data-element_type=\"container\" data-e-type=\"container\">\n\t\t\t\t\t<div class=\"e-con-inner\">\n\t\t\t\t<div class=\"elementor-element elementor-element-7c6e9cc elementor-widget elementor-widget-html\" data-id=\"7c6e9cc\" data-element_type=\"widget\" data-e-type=\"widget\" data-widget_type=\"html.default\">\n\t\t\t\t<div class=\"elementor-widget-container\">\n\t\t\t\t\t\r\n    <iframe id=\"JotFormIFrame-250154478599066\" title=\"Formulario de inter\u00e9s del patrocinador\" onload=\"window.parent.scrollTo(0,0)\" allowtransparency=\"true\" allow=\"geolocation; microphone; camera; fullscreen\" src=\"https:\/\/form.jotform.com\/250154478599066\" frameborder=\"0\" style=\"min-width:100%;max-width:100%;height:1200px;border:none;\" scrolling=\"no\">\r\n    <\/iframe>\r\n    <script src=\"https:\/\/cdn.jotfor.ms\/s\/umd\/latest\/for-form-embed-handler.js\"><\/script>\r\n    <script>window.jotformEmbedHandler(\"iframe[id='JotFormIFrame-250154478599066']\", \"https:\/\/form.jotform.com\/\")<\/script>\r\n    \t\t\t\t<\/div>\n\t\t\t\t<\/div>\n\t\t\t\t\t<\/div>\n\t\t\t\t<\/div>\n\t\t\t\t<\/div>\n\t\t","protected":false},"excerpt":{"rendered":"<p>\u00a1Gracias por tu inter\u00e9s en patrocinar el Festival del Orgullo de Atlanta 2025! El patrocinio es una forma excelente de demostrar el apoyo de tu organizaci\u00f3n a la comunidad LGBTQ+: [&hellip;]<\/p>\n","protected":false},"author":1,"featured_media":0,"parent":877,"menu_order":0,"comment_status":"closed","ping_status":"closed","template":"","meta":{"_price":"","_stock":"","_tribe_ticket_header":"","_tribe_default_ticket_provider":"","_tribe_ticket_capacity":"0","_ticket_start_date":"","_ticket_end_date":"","_tribe_ticket_show_description":"","_tribe_ticket_show_not_going":false,"_tribe_ticket_use_global_stock":"","_tribe_ticket_global_stock_level":"","_global_stock_mode":"","_global_stock_cap":"","_tribe_rsvp_for_event":"","_tribe_ticket_going_count":"","_tribe_ticket_not_going_count":"","_tribe_tickets_list":"[]","_tribe_ticket_has_attendee_info_fields":false,"footnotes":"","_tec_slr_enabled":"","_tec_slr_layout":""},"class_list":["post-873","page","type-page","status-publish","hentry"],"yoast_head":"<!-- This site is optimized with the Yoast SEO plugin v27.3 - https:\/\/yoast.com\/product\/yoast-seo-wordpress\/ -->\n<title>Hazte patrocinador - Atlanta Pride<\/title>\n<meta name=\"robots\" content=\"index, follow, max-snippet:-1, max-image-preview:large, max-video-preview:-1\" \/>\n<link rel=\"canonical\" href=\"https:\/\/atlantapride.org\/es\/nuestros-socios\/hazte-patrocinador\/\" \/>\n<meta property=\"og:locale\" content=\"es_ES\" \/>\n<meta property=\"og:type\" content=\"article\" \/>\n<meta property=\"og:title\" content=\"Hazte patrocinador - Atlanta Pride\" \/>\n<meta property=\"og:description\" content=\"\u00a1Gracias por tu inter\u00e9s en patrocinar el Festival del Orgullo de Atlanta 2025! El patrocinio es una forma excelente de demostrar el apoyo de tu organizaci\u00f3n a la comunidad LGBTQ+: [&hellip;]\" \/>\n<meta property=\"og:url\" content=\"https:\/\/atlantapride.org\/es\/nuestros-socios\/hazte-patrocinador\/\" \/>\n<meta property=\"og:site_name\" content=\"Atlanta Pride\" \/>\n<meta property=\"article:publisher\" content=\"https:\/\/www.facebook.com\/atlantapride\" \/>\n<meta property=\"article:modified_time\" content=\"2025-04-07T19:41:44+00:00\" \/>\n<meta property=\"og:image\" content=\"https:\/\/atlantapride.org\/wp-content\/uploads\/2024\/12\/Photo-Oct-12-2024-9-32-30-AM-scaled.jpg\" \/>\n\t<meta property=\"og:image:width\" content=\"2560\" \/>\n\t<meta property=\"og:image:height\" content=\"1707\" \/>\n\t<meta property=\"og:image:type\" content=\"image\/jpeg\" \/>\n<meta name=\"twitter:card\" content=\"summary_large_image\" \/>\n<script type=\"application\/ld+json\" class=\"yoast-schema-graph\">{\"@context\":\"https:\\\/\\\/schema.org\",\"@graph\":[{\"@type\":\"WebPage\",\"@id\":\"https:\\\/\\\/atlantapride.org\\\/es\\\/nuestros-socios\\\/hazte-patrocinador\\\/\",\"url\":\"https:\\\/\\\/atlantapride.org\\\/es\\\/nuestros-socios\\\/hazte-patrocinador\\\/\",\"name\":\"Hazte patrocinador - Atlanta Pride\",\"isPartOf\":{\"@id\":\"https:\\\/\\\/atlantapride.org\\\/es\\\/#website\"},\"primaryImageOfPage\":{\"@id\":\"https:\\\/\\\/atlantapride.org\\\/es\\\/nuestros-socios\\\/hazte-patrocinador\\\/#primaryimage\"},\"image\":{\"@id\":\"https:\\\/\\\/atlantapride.org\\\/es\\\/nuestros-socios\\\/hazte-patrocinador\\\/#primaryimage\"},\"thumbnailUrl\":\"https:\\\/\\\/atlantapride.org\\\/wp-content\\\/uploads\\\/2024\\\/12\\\/Photo-Oct-12-2024-9-32-30-AM-1024x683.jpg\",\"datePublished\":\"2024-03-13T19:48:34+00:00\",\"dateModified\":\"2025-04-07T19:41:44+00:00\",\"breadcrumb\":{\"@id\":\"https:\\\/\\\/atlantapride.org\\\/es\\\/nuestros-socios\\\/hazte-patrocinador\\\/#breadcrumb\"},\"inLanguage\":\"es\",\"potentialAction\":[{\"@type\":\"ReadAction\",\"target\":[\"https:\\\/\\\/atlantapride.org\\\/es\\\/nuestros-socios\\\/hazte-patrocinador\\\/\"]}]},{\"@type\":\"ImageObject\",\"inLanguage\":\"es\",\"@id\":\"https:\\\/\\\/atlantapride.org\\\/es\\\/nuestros-socios\\\/hazte-patrocinador\\\/#primaryimage\",\"url\":\"https:\\\/\\\/atlantapride.org\\\/wp-content\\\/uploads\\\/2024\\\/12\\\/Photo-Oct-12-2024-9-32-30-AM-1024x683.jpg\",\"contentUrl\":\"https:\\\/\\\/atlantapride.org\\\/wp-content\\\/uploads\\\/2024\\\/12\\\/Photo-Oct-12-2024-9-32-30-AM-1024x683.jpg\"},{\"@type\":\"BreadcrumbList\",\"@id\":\"https:\\\/\\\/atlantapride.org\\\/es\\\/nuestros-socios\\\/hazte-patrocinador\\\/#breadcrumb\",\"itemListElement\":[{\"@type\":\"ListItem\",\"position\":1,\"name\":\"Home\",\"item\":\"https:\\\/\\\/atlantapride.org\\\/es\\\/\"},{\"@type\":\"ListItem\",\"position\":2,\"name\":\"Nuestros socios\",\"item\":\"https:\\\/\\\/atlantapride.org\\\/es\\\/nuestros-socios\\\/\"},{\"@type\":\"ListItem\",\"position\":3,\"name\":\"Hazte patrocinador\"}]},{\"@type\":\"WebSite\",\"@id\":\"https:\\\/\\\/atlantapride.org\\\/es\\\/#website\",\"url\":\"https:\\\/\\\/atlantapride.org\\\/es\\\/\",\"name\":\"Atlanta Pride\",\"description\":\"Atlanta Pride&#039;s Website\",\"publisher\":{\"@id\":\"https:\\\/\\\/atlantapride.org\\\/es\\\/#organization\"},\"potentialAction\":[{\"@type\":\"SearchAction\",\"target\":{\"@type\":\"EntryPoint\",\"urlTemplate\":\"https:\\\/\\\/atlantapride.org\\\/es\\\/?s={search_term_string}\"},\"query-input\":{\"@type\":\"PropertyValueSpecification\",\"valueRequired\":true,\"valueName\":\"search_term_string\"}}],\"inLanguage\":\"es\"},{\"@type\":\"Organization\",\"@id\":\"https:\\\/\\\/atlantapride.org\\\/es\\\/#organization\",\"name\":\"Atlanta Pride Committee, Inc\",\"alternateName\":\"Atlanta Pride\",\"url\":\"https:\\\/\\\/atlantapride.org\\\/es\\\/\",\"logo\":{\"@type\":\"ImageObject\",\"inLanguage\":\"es\",\"@id\":\"https:\\\/\\\/atlantapride.org\\\/es\\\/#\\\/schema\\\/logo\\\/image\\\/\",\"url\":\"https:\\\/\\\/atlantapride.org\\\/wp-content\\\/uploads\\\/2024\\\/02\\\/Atlanta-Pride-Logo.svg\",\"contentUrl\":\"https:\\\/\\\/atlantapride.org\\\/wp-content\\\/uploads\\\/2024\\\/02\\\/Atlanta-Pride-Logo.svg\",\"width\":208,\"height\":126,\"caption\":\"Atlanta Pride Committee, Inc\"},\"image\":{\"@id\":\"https:\\\/\\\/atlantapride.org\\\/es\\\/#\\\/schema\\\/logo\\\/image\\\/\"},\"sameAs\":[\"https:\\\/\\\/www.facebook.com\\\/atlantapride\"]}]}<\/script>\n<!-- \/ Yoast SEO plugin. -->","yoast_head_json":{"title":"Hazte patrocinador - Atlanta Pride","robots":{"index":"index","follow":"follow","max-snippet":"max-snippet:-1","max-image-preview":"max-image-preview:large","max-video-preview":"max-video-preview:-1"},"canonical":"https:\/\/atlantapride.org\/es\/nuestros-socios\/hazte-patrocinador\/","og_locale":"es_ES","og_type":"article","og_title":"Hazte patrocinador - Atlanta Pride","og_description":"\u00a1Gracias por tu inter\u00e9s en patrocinar el Festival del Orgullo de Atlanta 2025! El patrocinio es una forma excelente de demostrar el apoyo de tu organizaci\u00f3n a la comunidad LGBTQ+: [&hellip;]","og_url":"https:\/\/atlantapride.org\/es\/nuestros-socios\/hazte-patrocinador\/","og_site_name":"Atlanta Pride","article_publisher":"https:\/\/www.facebook.com\/atlantapride","article_modified_time":"2025-04-07T19:41:44+00:00","og_image":[{"width":2560,"height":1707,"url":"https:\/\/atlantapride.org\/wp-content\/uploads\/2024\/12\/Photo-Oct-12-2024-9-32-30-AM-scaled.jpg","type":"image\/jpeg"}],"twitter_card":"summary_large_image","schema":{"@context":"https:\/\/schema.org","@graph":[{"@type":"WebPage","@id":"https:\/\/atlantapride.org\/es\/nuestros-socios\/hazte-patrocinador\/","url":"https:\/\/atlantapride.org\/es\/nuestros-socios\/hazte-patrocinador\/","name":"Hazte patrocinador - Atlanta Pride","isPartOf":{"@id":"https:\/\/atlantapride.org\/es\/#website"},"primaryImageOfPage":{"@id":"https:\/\/atlantapride.org\/es\/nuestros-socios\/hazte-patrocinador\/#primaryimage"},"image":{"@id":"https:\/\/atlantapride.org\/es\/nuestros-socios\/hazte-patrocinador\/#primaryimage"},"thumbnailUrl":"https:\/\/atlantapride.org\/wp-content\/uploads\/2024\/12\/Photo-Oct-12-2024-9-32-30-AM-1024x683.jpg","datePublished":"2024-03-13T19:48:34+00:00","dateModified":"2025-04-07T19:41:44+00:00","breadcrumb":{"@id":"https:\/\/atlantapride.org\/es\/nuestros-socios\/hazte-patrocinador\/#breadcrumb"},"inLanguage":"es","potentialAction":[{"@type":"ReadAction","target":["https:\/\/atlantapride.org\/es\/nuestros-socios\/hazte-patrocinador\/"]}]},{"@type":"ImageObject","inLanguage":"es","@id":"https:\/\/atlantapride.org\/es\/nuestros-socios\/hazte-patrocinador\/#primaryimage","url":"https:\/\/atlantapride.org\/wp-content\/uploads\/2024\/12\/Photo-Oct-12-2024-9-32-30-AM-1024x683.jpg","contentUrl":"https:\/\/atlantapride.org\/wp-content\/uploads\/2024\/12\/Photo-Oct-12-2024-9-32-30-AM-1024x683.jpg"},{"@type":"BreadcrumbList","@id":"https:\/\/atlantapride.org\/es\/nuestros-socios\/hazte-patrocinador\/#breadcrumb","itemListElement":[{"@type":"ListItem","position":1,"name":"Home","item":"https:\/\/atlantapride.org\/es\/"},{"@type":"ListItem","position":2,"name":"Nuestros socios","item":"https:\/\/atlantapride.org\/es\/nuestros-socios\/"},{"@type":"ListItem","position":3,"name":"Hazte patrocinador"}]},{"@type":"WebSite","@id":"https:\/\/atlantapride.org\/es\/#website","url":"https:\/\/atlantapride.org\/es\/","name":"Atlanta Pride","description":"Atlanta Pride&#039;s Website","publisher":{"@id":"https:\/\/atlantapride.org\/es\/#organization"},"potentialAction":[{"@type":"SearchAction","target":{"@type":"EntryPoint","urlTemplate":"https:\/\/atlantapride.org\/es\/?s={search_term_string}"},"query-input":{"@type":"PropertyValueSpecification","valueRequired":true,"valueName":"search_term_string"}}],"inLanguage":"es"},{"@type":"Organization","@id":"https:\/\/atlantapride.org\/es\/#organization","name":"Atlanta Pride Committee, Inc","alternateName":"Atlanta Pride","url":"https:\/\/atlantapride.org\/es\/","logo":{"@type":"ImageObject","inLanguage":"es","@id":"https:\/\/atlantapride.org\/es\/#\/schema\/logo\/image\/","url":"https:\/\/atlantapride.org\/wp-content\/uploads\/2024\/02\/Atlanta-Pride-Logo.svg","contentUrl":"https:\/\/atlantapride.org\/wp-content\/uploads\/2024\/02\/Atlanta-Pride-Logo.svg","width":208,"height":126,"caption":"Atlanta Pride Committee, Inc"},"image":{"@id":"https:\/\/atlantapride.org\/es\/#\/schema\/logo\/image\/"},"sameAs":["https:\/\/www.facebook.com\/atlantapride"]}]}},"ticketed":false,"_links":{"self":[{"href":"https:\/\/atlantapride.org\/es\/wp-json\/wp\/v2\/pages\/873","targetHints":{"allow":["GET"]}}],"collection":[{"href":"https:\/\/atlantapride.org\/es\/wp-json\/wp\/v2\/pages"}],"about":[{"href":"https:\/\/atlantapride.org\/es\/wp-json\/wp\/v2\/types\/page"}],"author":[{"embeddable":true,"href":"https:\/\/atlantapride.org\/es\/wp-json\/wp\/v2\/users\/1"}],"replies":[{"embeddable":true,"href":"https:\/\/atlantapride.org\/es\/wp-json\/wp\/v2\/comments?post=873"}],"version-history":[{"count":4,"href":"https:\/\/atlantapride.org\/es\/wp-json\/wp\/v2\/pages\/873\/revisions"}],"predecessor-version":[{"id":3447,"href":"https:\/\/atlantapride.org\/es\/wp-json\/wp\/v2\/pages\/873\/revisions\/3447"}],"up":[{"embeddable":true,"href":"https:\/\/atlantapride.org\/es\/wp-json\/wp\/v2\/pages\/877"}],"wp:attachment":[{"href":"https:\/\/atlantapride.org\/es\/wp-json\/wp\/v2\/media?parent=873"}],"curies":[{"name":"wp","href":"https:\/\/api.w.org\/{rel}","templated":true}]}}