{"id":875,"date":"2024-03-13T15:46:28","date_gmt":"2024-03-13T19:46:28","guid":{"rendered":"https:\/\/atlantapride.org\/subvenciones\/"},"modified":"2025-05-15T13:52:19","modified_gmt":"2025-05-15T17:52:19","slug":"subvenciones","status":"publish","type":"page","link":"https:\/\/atlantapride.org\/es\/comunidad\/subvenciones\/","title":{"rendered":"Subvenciones"},"content":{"rendered":"\t\t<div data-elementor-type=\"wp-page\" data-elementor-id=\"875\" class=\"elementor elementor-875 elementor-191\" data-elementor-post-type=\"page\">\n\t\t\t\t<div class=\"elementor-element elementor-element-b42cd1f e-flex e-con-boxed e-con e-parent\" data-id=\"b42cd1f\" data-element_type=\"container\" data-e-type=\"container\">\n\t\t\t\t\t<div class=\"e-con-inner\">\n\t\t\t\t<div class=\"elementor-element elementor-element-814e60c elementor-widget elementor-widget-image\" data-id=\"814e60c\" data-element_type=\"widget\" data-e-type=\"widget\" data-widget_type=\"image.default\">\n\t\t\t\t<div class=\"elementor-widget-container\">\n\t\t\t\t\t\t\t\t\t\t\t\t\t\t\t<img fetchpriority=\"high\" decoding=\"async\" width=\"800\" height=\"284\" src=\"https:\/\/atlantapride.org\/wp-content\/uploads\/2025\/05\/2025-GRANT-INITIATIVE-BANNER-1024x363.png\" class=\"attachment-large size-large wp-image-3836\" alt=\"\" srcset=\"https:\/\/atlantapride.org\/wp-content\/uploads\/2025\/05\/2025-GRANT-INITIATIVE-BANNER-1024x363.png 1024w, https:\/\/atlantapride.org\/wp-content\/uploads\/2025\/05\/2025-GRANT-INITIATIVE-BANNER-300x106.png 300w, https:\/\/atlantapride.org\/wp-content\/uploads\/2025\/05\/2025-GRANT-INITIATIVE-BANNER-768x272.png 768w, https:\/\/atlantapride.org\/wp-content\/uploads\/2025\/05\/2025-GRANT-INITIATIVE-BANNER.png 1200w\" sizes=\"(max-width: 800px) 100vw, 800px\" \/>\t\t\t\t\t\t\t\t\t\t\t\t\t\t\t<\/div>\n\t\t\t\t<\/div>\n\t\t\t\t\t<\/div>\n\t\t\t\t<\/div>\n\t\t<div class=\"elementor-element elementor-element-0a21690 e-flex e-con-boxed e-con e-parent\" data-id=\"0a21690\" data-element_type=\"container\" data-e-type=\"container\">\n\t\t\t\t\t<div class=\"e-con-inner\">\n\t\t<div class=\"elementor-element elementor-element-11515fd e-con-full e-flex e-con e-child\" data-id=\"11515fd\" data-element_type=\"container\" data-e-type=\"container\">\n\t\t\t\t<div class=\"elementor-element elementor-element-9dde451 elementor-widget elementor-widget-heading\" data-id=\"9dde451\" data-element_type=\"widget\" data-e-type=\"widget\" data-widget_type=\"heading.default\">\n\t\t\t\t<div class=\"elementor-widget-container\">\n\t\t\t\t\t<h2 class=\"elementor-heading-title elementor-size-default\">Oportunidad de subvenci\u00f3n 2024<\/h2>\t\t\t\t<\/div>\n\t\t\t\t<\/div>\n\t\t\t\t<div class=\"elementor-element elementor-element-82706dc elementor-widget elementor-widget-text-editor\" data-id=\"82706dc\" data-element_type=\"widget\" data-e-type=\"widget\" data-widget_type=\"text-editor.default\">\n\t\t\t\t<div class=\"elementor-widget-container\">\n\t\t\t\t\t\t\t\t\t<h3>Antecedentes<\/h3><p>La misi\u00f3n del Comit\u00e9 del Orgullo de Atlanta, una organizaci\u00f3n sin \u00e1nimo de lucro 501(c)(3), es fomentar la unidad, la visibilidad y el bienestar entre las personas LGBTQ+ del \u00e1rea metropolitana de Atlanta y de todo el Sur.\nDesde que empezamos hace m\u00e1s de cincuenta a\u00f1os, hemos cre\u00eddo que este trabajo no puede hacerse sin la colaboraci\u00f3n de otras organizaciones que sirven a la comunidad LGBTQ+ dentro y fuera de Atlanta. <\/p><p>Durante m\u00e1s de una d\u00e9cada, Atlanta Pride ha invertido fondos en organizaciones comunitarias que proporcionan servicios y programas alineados con nuestra misi\u00f3n.\nEn 2024, la iniciativa de concesi\u00f3n de subvenciones de Atlanta Pride <b><i>Orgullo en todo el Estado del Melocot\u00f3n<\/i><\/b>se centrar\u00e1 en elevar, apoyar y amplificar los esfuerzos de las organizaciones locales del Orgullo en todo el estado de Georgia.\nEstas organizaciones encarnan la \u00abbase\u00bb de nuestra comunidad.\nEspecialmente en el clima pol\u00edtico y cultural actual, cada vez m\u00e1s hostil a las personas LGBTQ+, las organizaciones locales del Orgullo necesitan recursos para elevar y sostener el trabajo de vital importancia que realizan con y para sus comunidades locales.   <\/p><h3><b>Oportunidad de financiaci\u00f3n<\/b><\/h3><p>Este a\u00f1o, el Orgullo de Atlanta pretende aumentar la capacidad de las organizaciones locales del Orgullo para organizar festivales y actos para que las comunidades LGBTQ+ y sus aliados de Georgia conecten entre s\u00ed, celebren la diversidad, aumenten la resiliencia y promuevan la inclusi\u00f3n.\nDaremos prioridad a las organizaciones comunitarias y de base que generalmente no tienen acceso a las principales fuentes de financiaci\u00f3n. <\/p><p><b><i>Orgullo en todo el Estado del Melocot\u00f3n<\/i><\/b> financiar\u00e1 actividades locales organizadas por Pride en todo el Estado de Georgia que:<\/p><ul><li>Promover las artes, la cultura, la historia y la m\u00fasica LGBTQ+.<\/li><li>Crear oportunidades para que las comunidades LGBTQ+ conecten entre s\u00ed.<\/li><li>Celebra la incre\u00edble diversidad de las comunidades LGBTQ+ de Georgia.<\/li><li>Sensibilizar para combatir la discriminaci\u00f3n y la injusticia LGBTQ+.<\/li><li>Mejorar la sostenibilidad a largo plazo de las organizaciones que producen festivales LGBTQ+.<\/li><\/ul><p>Atlanta Pride conceder\u00e1 <b>subvenciones de hasta 5.000 $<\/b> a organizaciones locales del Orgullo para que celebren festivales y actos al servicio de las comunidades LGBTQ+ y sus aliados.\nAl apoyar estas reuniones LGBTQ+, Atlanta Pride pretende: <\/p><ul><li>Reforzar la conexi\u00f3n social y la cohesi\u00f3n entre las personas LGBTQ+.<\/li><li>Reforzar las redes comunitarias LGBTQ+ y la participaci\u00f3n c\u00edvica.<\/li><li>Celebra el arte, la cultura, la historia y la m\u00fasica LGBTQ+ en todo Georgia.<\/li><\/ul><p>La Solicitud de Propuestas (RFP) completa est\u00e1 <a href=\"https:\/\/atlantapride.org\/wp-content\/uploads\/2024\/06\/AtlantaPride-GrantRFP.pdf\" target=\"new\">disponible aqu\u00ed<\/a>.<\/p><h3>Financiaci\u00f3n<\/h3><h4>\u00bfQu\u00e9 actividades financiaremos?<\/h4><p>Los siguientes son ejemplos de actividades que apoyar\u00e1 esta iniciativa:<\/p><ul><li>Eventos y festivales que celebran las artes, la cultura, la historia y la m\u00fasica de la comunidad LGBTQ+<\/li><li>Eventos que promueven la interseccionalidad LGBTQ+<\/li><li>Actos de capacitaci\u00f3n comunitaria que conecten a comunidades diversas y aliados<\/li><li>Actos que promuevan una mayor comprensi\u00f3n de las cuestiones LGBTQ+ y aborden la homofobia, la transfobia, la bifobia y la discriminaci\u00f3n en los entornos comunitarios.<\/li><\/ul><h4>\u00bfQu\u00e9 actividades no se financiar\u00e1n?<\/h4><p>Las siguientes actividades no ser\u00e1n subvencionables:<\/p><ul><li>Actividades que no se ajustan a los principios y objetivos del programa<\/li><li>Actividades que promuevan o se celebren con fines pol\u00edticamente partidistas<\/li><li>Eventos s\u00f3lo con invitaci\u00f3n o s\u00f3lo para miembros<\/li><li>Actos con entrada en los que el coste de la admisi\u00f3n supere los 10 $ por persona<\/li><li>Actividades que tienen lugar fuera del Estado de Georgia<\/li><li>Actividades realizadas fuera del periodo de financiaci\u00f3n<\/li><li>Salarios del personal (sin incluir el personal espec\u00edfico del evento contratado para el periodo del proyecto)<\/li><li>Compra de alcohol<\/li><li>Gastos de viaje<\/li><li>Financiaci\u00f3n de actos o proyectos ya finalizados<\/li><\/ul><h4>Criterios de admisibilidad<\/h4><p>Para presentar una solicitud, debes ser una organizaci\u00f3n con sede en el estado de Georgia que est\u00e9 registrada como organizaci\u00f3n 501(c)(3) (o que tenga un patrocinador fiscal) y que sirva a la comunidad LGBTQ+.\nDaremos prioridad a la financiaci\u00f3n de organizaciones con presupuestos anuales de 100.000 d\u00f3lares o menos. <i>Consulta la <a href=\"https:\/\/atlantapride.org\/wp-content\/uploads\/2024\/06\/AtlantaPride-GrantRFP.pdf\" target=\"new\">RFP completa<\/a> para conocer los criterios detallados.<\/i> <\/p><h3>Fechas importantes<\/h3><ul><li style=\"list-style-type: none;\"><ul><li><b>1 de marzo de 2024<\/b> &#8211; Se abre el portal de solicitudes para la Carta de Investigaci\u00f3n<\/li><li><b>20 de marzo de 2024 (3:00 &#8211; 4:00 pm ET)<\/b> &#8211; Sesi\u00f3n informativa virtual sobre los criterios y el proceso de solicitud<\/li><\/ul><\/li><\/ul><p><a href=\"https:\/\/us06web.zoom.us\/meeting\/register\/tZUlc-mprT0pH9WjkOe5t29C7QYp6TuMzvIE\" target=\"new\"><a href=\"https:\/\/us06web.zoom.us\/meeting\/register\/tZUlc-mprT0pH9WjkOe5t29C7QYp6TuMzvIE\">Inscr\u00edbete aqu\u00ed<\/a><\/a><\/p><ul><li><b>1 de abril (antes de las 23:59 h ET)<\/b> &#8211; Fecha l\u00edmite para enviar la Carta de solicitud de informaci\u00f3n<\/li><li><b>Abril<\/b> &#8211; Se invitar\u00e1 a las organizaciones solicitantes que parezcan adecuadas a reunirse virtualmente con el Comit\u00e9 de Subvenciones para debatir sus solicitudes.<\/li><li><b>Mayo<\/b> &#8211; Anuncio de las subvenciones para el desarrollo de capacidades<\/li><li><b>30 de noviembre<\/b> &#8211; Fecha l\u00edmite para gastar todos los fondos de la subvenci\u00f3n<\/li><li><b>31 de diciembre<\/b> &#8211; Fecha l\u00edmite para presentar los informes finales de impacto y los informes financieros<\/li><\/ul><p><i>Atlanta Pride tiene previsto convocar a representantes de los beneficiarios para un acto de aprendizaje, creaci\u00f3n de redes e intercambio de recursos en noviembre o diciembre.<\/i><\/p><h3>Act\u00faa<\/h3><p>Recuerda rellenar tu Carta de solicitud antes de las <b>11:59 pm ET del 1 de abril de 2024<\/b>.<\/p>\t\t\t\t\t\t\t\t<\/div>\n\t\t\t\t<\/div>\n\t\t\t\t<\/div>\n\t\t<div class=\"elementor-element elementor-element-27c56d8 e-con-full e-flex e-con e-child\" data-id=\"27c56d8\" data-element_type=\"container\" data-e-type=\"container\">\n\t\t\t\t<div class=\"elementor-element elementor-element-1256f02 elementor-widget elementor-widget-spacer\" data-id=\"1256f02\" data-element_type=\"widget\" data-e-type=\"widget\" data-widget_type=\"spacer.default\">\n\t\t\t\t<div class=\"elementor-widget-container\">\n\t\t\t\t\t\t\t<div class=\"elementor-spacer\">\n\t\t\t<div class=\"elementor-spacer-inner\"><\/div>\n\t\t<\/div>\n\t\t\t\t\t\t<\/div>\n\t\t\t\t<\/div>\n\t\t\t\t<div class=\"elementor-element elementor-element-4d3008c elementor-align-start elementor-icon-list--layout-traditional elementor-list-item-link-full_width elementor-widget elementor-widget-icon-list\" data-id=\"4d3008c\" data-element_type=\"widget\" data-e-type=\"widget\" data-widget_type=\"icon-list.default\">\n\t\t\t\t<div class=\"elementor-widget-container\">\n\t\t\t\t\t\t\t<ul class=\"elementor-icon-list-items\">\n\t\t\t\t\t\t\t<li class=\"elementor-icon-list-item\">\n\t\t\t\t\t\t\t\t\t\t\t<a href=\"https:\/\/atlantapride.org\/wp-content\/uploads\/2025\/02\/Pride-Across-the-Peach-State-2025.pdf\">\n\n\t\t\t\t\t\t\t\t\t\t\t\t<span class=\"elementor-icon-list-icon\">\n\t\t\t\t\t\t\t<i aria-hidden=\"true\" class=\"fad fa-file-pdf\"><\/i>\t\t\t\t\t\t<\/span>\n\t\t\t\t\t\t\t\t\t\t<span class=\"elementor-icon-list-text\">2025 Atlanta Pride Grant RFP<\/span>\n\t\t\t\t\t\t\t\t\t\t\t<\/a>\n\t\t\t\t\t\t\t\t\t<\/li>\n\t\t\t\t\t\t\t\t<li class=\"elementor-icon-list-item\">\n\t\t\t\t\t\t\t\t\t\t\t<a href=\"https:\/\/atlantapride.org\/es\/orgullo-en-todo-el-estado-del-melocoton-2\/\">\n\n\t\t\t\t\t\t\t\t\t\t\t\t<span class=\"elementor-icon-list-icon\">\n\t\t\t\t\t\t\t<i aria-hidden=\"true\" class=\"fas fa-external-link-square\"><\/i>\t\t\t\t\t\t<\/span>\n\t\t\t\t\t\t\t\t\t\t<span class=\"elementor-icon-list-text\">2025 Grant Recipients<\/span>\n\t\t\t\t\t\t\t\t\t\t\t<\/a>\n\t\t\t\t\t\t\t\t\t<\/li>\n\t\t\t\t\t\t<\/ul>\n\t\t\t\t\t\t<\/div>\n\t\t\t\t<\/div>\n\t\t\t\t<\/div>\n\t\t\t\t\t<\/div>\n\t\t\t\t<\/div>\n\t\t\t\t<\/div>\n\t\t","protected":false},"excerpt":{"rendered":"<p>Oportunidad de subvenci\u00f3n 2024 Antecedentes La misi\u00f3n del Comit\u00e9 del Orgullo de Atlanta, una organizaci\u00f3n sin \u00e1nimo de lucro 501(c)(3), es fomentar la unidad, la visibilidad y el bienestar entre [&hellip;]<\/p>\n","protected":false},"author":1,"featured_media":0,"parent":923,"menu_order":0,"comment_status":"closed","ping_status":"closed","template":"","meta":{"_price":"","_stock":"","_tribe_ticket_header":"","_tribe_default_ticket_provider":"","_tribe_ticket_capacity":"0","_ticket_start_date":"","_ticket_end_date":"","_tribe_ticket_show_description":"","_tribe_ticket_show_not_going":false,"_tribe_ticket_use_global_stock":"","_tribe_ticket_global_stock_level":"","_global_stock_mode":"","_global_stock_cap":"","_tribe_rsvp_for_event":"","_tribe_ticket_going_count":"","_tribe_ticket_not_going_count":"","_tribe_tickets_list":"[]","_tribe_ticket_has_attendee_info_fields":false,"footnotes":"","_tec_slr_enabled":"","_tec_slr_layout":""},"class_list":["post-875","page","type-page","status-publish","hentry"],"yoast_head":"<!-- This site is optimized with the Yoast SEO plugin v27.5 - https:\/\/yoast.com\/product\/yoast-seo-wordpress\/ -->\n<title>Subvenciones - Atlanta Pride<\/title>\n<meta name=\"robots\" content=\"index, follow, max-snippet:-1, max-image-preview:large, max-video-preview:-1\" \/>\n<link rel=\"canonical\" href=\"https:\/\/atlantapride.org\/es\/comunidad\/subvenciones\/\" \/>\n<meta property=\"og:locale\" content=\"es_ES\" \/>\n<meta property=\"og:type\" content=\"article\" \/>\n<meta property=\"og:title\" content=\"Subvenciones - Atlanta Pride\" \/>\n<meta property=\"og:description\" content=\"Oportunidad de subvenci\u00f3n 2024 Antecedentes La misi\u00f3n del Comit\u00e9 del Orgullo de Atlanta, una organizaci\u00f3n sin \u00e1nimo de lucro 501(c)(3), es fomentar la unidad, la visibilidad y el bienestar entre [&hellip;]\" \/>\n<meta property=\"og:url\" content=\"https:\/\/atlantapride.org\/es\/comunidad\/subvenciones\/\" \/>\n<meta property=\"og:site_name\" content=\"Atlanta Pride\" \/>\n<meta property=\"article:publisher\" content=\"https:\/\/www.facebook.com\/atlantapride\" \/>\n<meta property=\"article:modified_time\" content=\"2025-05-15T17:52:19+00:00\" \/>\n<meta property=\"og:image\" content=\"https:\/\/atlantapride.org\/wp-content\/uploads\/2025\/05\/2025-GRANT-INITIATIVE-BANNER.png\" \/>\n\t<meta property=\"og:image:width\" content=\"1200\" \/>\n\t<meta property=\"og:image:height\" content=\"425\" \/>\n\t<meta property=\"og:image:type\" content=\"image\/png\" \/>\n<meta name=\"twitter:card\" content=\"summary_large_image\" \/>\n<meta name=\"twitter:label1\" content=\"Tiempo de lectura\" \/>\n\t<meta name=\"twitter:data1\" content=\"4 minutos\" \/>\n<script type=\"application\/ld+json\" class=\"yoast-schema-graph\">{\"@context\":\"https:\\\/\\\/schema.org\",\"@graph\":[{\"@type\":\"WebPage\",\"@id\":\"https:\\\/\\\/atlantapride.org\\\/es\\\/comunidad\\\/subvenciones\\\/\",\"url\":\"https:\\\/\\\/atlantapride.org\\\/es\\\/comunidad\\\/subvenciones\\\/\",\"name\":\"Subvenciones - Atlanta Pride\",\"isPartOf\":{\"@id\":\"https:\\\/\\\/atlantapride.org\\\/es\\\/#website\"},\"primaryImageOfPage\":{\"@id\":\"https:\\\/\\\/atlantapride.org\\\/es\\\/comunidad\\\/subvenciones\\\/#primaryimage\"},\"image\":{\"@id\":\"https:\\\/\\\/atlantapride.org\\\/es\\\/comunidad\\\/subvenciones\\\/#primaryimage\"},\"thumbnailUrl\":\"https:\\\/\\\/atlantapride.org\\\/wp-content\\\/uploads\\\/2025\\\/05\\\/2025-GRANT-INITIATIVE-BANNER-1024x363.png\",\"datePublished\":\"2024-03-13T19:46:28+00:00\",\"dateModified\":\"2025-05-15T17:52:19+00:00\",\"breadcrumb\":{\"@id\":\"https:\\\/\\\/atlantapride.org\\\/es\\\/comunidad\\\/subvenciones\\\/#breadcrumb\"},\"inLanguage\":\"es\",\"potentialAction\":[{\"@type\":\"ReadAction\",\"target\":[\"https:\\\/\\\/atlantapride.org\\\/es\\\/comunidad\\\/subvenciones\\\/\"]}]},{\"@type\":\"ImageObject\",\"inLanguage\":\"es\",\"@id\":\"https:\\\/\\\/atlantapride.org\\\/es\\\/comunidad\\\/subvenciones\\\/#primaryimage\",\"url\":\"https:\\\/\\\/atlantapride.org\\\/wp-content\\\/uploads\\\/2025\\\/05\\\/2025-GRANT-INITIATIVE-BANNER-1024x363.png\",\"contentUrl\":\"https:\\\/\\\/atlantapride.org\\\/wp-content\\\/uploads\\\/2025\\\/05\\\/2025-GRANT-INITIATIVE-BANNER-1024x363.png\"},{\"@type\":\"BreadcrumbList\",\"@id\":\"https:\\\/\\\/atlantapride.org\\\/es\\\/comunidad\\\/subvenciones\\\/#breadcrumb\",\"itemListElement\":[{\"@type\":\"ListItem\",\"position\":1,\"name\":\"Home\",\"item\":\"https:\\\/\\\/atlantapride.org\\\/es\\\/\"},{\"@type\":\"ListItem\",\"position\":2,\"name\":\"Comunidad\",\"item\":\"https:\\\/\\\/atlantapride.org\\\/es\\\/comunidad\\\/\"},{\"@type\":\"ListItem\",\"position\":3,\"name\":\"Subvenciones\"}]},{\"@type\":\"WebSite\",\"@id\":\"https:\\\/\\\/atlantapride.org\\\/es\\\/#website\",\"url\":\"https:\\\/\\\/atlantapride.org\\\/es\\\/\",\"name\":\"Atlanta Pride\",\"description\":\"Atlanta Pride&#039;s Website\",\"publisher\":{\"@id\":\"https:\\\/\\\/atlantapride.org\\\/es\\\/#organization\"},\"potentialAction\":[{\"@type\":\"SearchAction\",\"target\":{\"@type\":\"EntryPoint\",\"urlTemplate\":\"https:\\\/\\\/atlantapride.org\\\/es\\\/?s={search_term_string}\"},\"query-input\":{\"@type\":\"PropertyValueSpecification\",\"valueRequired\":true,\"valueName\":\"search_term_string\"}}],\"inLanguage\":\"es\"},{\"@type\":\"Organization\",\"@id\":\"https:\\\/\\\/atlantapride.org\\\/es\\\/#organization\",\"name\":\"Atlanta Pride Committee, Inc\",\"alternateName\":\"Atlanta Pride\",\"url\":\"https:\\\/\\\/atlantapride.org\\\/es\\\/\",\"logo\":{\"@type\":\"ImageObject\",\"inLanguage\":\"es\",\"@id\":\"https:\\\/\\\/atlantapride.org\\\/es\\\/#\\\/schema\\\/logo\\\/image\\\/\",\"url\":\"https:\\\/\\\/atlantapride.org\\\/wp-content\\\/uploads\\\/2024\\\/02\\\/Atlanta-Pride-Logo.svg\",\"contentUrl\":\"https:\\\/\\\/atlantapride.org\\\/wp-content\\\/uploads\\\/2024\\\/02\\\/Atlanta-Pride-Logo.svg\",\"width\":208,\"height\":126,\"caption\":\"Atlanta Pride Committee, Inc\"},\"image\":{\"@id\":\"https:\\\/\\\/atlantapride.org\\\/es\\\/#\\\/schema\\\/logo\\\/image\\\/\"},\"sameAs\":[\"https:\\\/\\\/www.facebook.com\\\/atlantapride\"]}]}<\/script>\n<!-- \/ Yoast SEO plugin. -->","yoast_head_json":{"title":"Subvenciones - Atlanta Pride","robots":{"index":"index","follow":"follow","max-snippet":"max-snippet:-1","max-image-preview":"max-image-preview:large","max-video-preview":"max-video-preview:-1"},"canonical":"https:\/\/atlantapride.org\/es\/comunidad\/subvenciones\/","og_locale":"es_ES","og_type":"article","og_title":"Subvenciones - Atlanta Pride","og_description":"Oportunidad de subvenci\u00f3n 2024 Antecedentes La misi\u00f3n del Comit\u00e9 del Orgullo de Atlanta, una organizaci\u00f3n sin \u00e1nimo de lucro 501(c)(3), es fomentar la unidad, la visibilidad y el bienestar entre [&hellip;]","og_url":"https:\/\/atlantapride.org\/es\/comunidad\/subvenciones\/","og_site_name":"Atlanta Pride","article_publisher":"https:\/\/www.facebook.com\/atlantapride","article_modified_time":"2025-05-15T17:52:19+00:00","og_image":[{"width":1200,"height":425,"url":"https:\/\/atlantapride.org\/wp-content\/uploads\/2025\/05\/2025-GRANT-INITIATIVE-BANNER.png","type":"image\/png"}],"twitter_card":"summary_large_image","twitter_misc":{"Tiempo de lectura":"4 minutos"},"schema":{"@context":"https:\/\/schema.org","@graph":[{"@type":"WebPage","@id":"https:\/\/atlantapride.org\/es\/comunidad\/subvenciones\/","url":"https:\/\/atlantapride.org\/es\/comunidad\/subvenciones\/","name":"Subvenciones - Atlanta Pride","isPartOf":{"@id":"https:\/\/atlantapride.org\/es\/#website"},"primaryImageOfPage":{"@id":"https:\/\/atlantapride.org\/es\/comunidad\/subvenciones\/#primaryimage"},"image":{"@id":"https:\/\/atlantapride.org\/es\/comunidad\/subvenciones\/#primaryimage"},"thumbnailUrl":"https:\/\/atlantapride.org\/wp-content\/uploads\/2025\/05\/2025-GRANT-INITIATIVE-BANNER-1024x363.png","datePublished":"2024-03-13T19:46:28+00:00","dateModified":"2025-05-15T17:52:19+00:00","breadcrumb":{"@id":"https:\/\/atlantapride.org\/es\/comunidad\/subvenciones\/#breadcrumb"},"inLanguage":"es","potentialAction":[{"@type":"ReadAction","target":["https:\/\/atlantapride.org\/es\/comunidad\/subvenciones\/"]}]},{"@type":"ImageObject","inLanguage":"es","@id":"https:\/\/atlantapride.org\/es\/comunidad\/subvenciones\/#primaryimage","url":"https:\/\/atlantapride.org\/wp-content\/uploads\/2025\/05\/2025-GRANT-INITIATIVE-BANNER-1024x363.png","contentUrl":"https:\/\/atlantapride.org\/wp-content\/uploads\/2025\/05\/2025-GRANT-INITIATIVE-BANNER-1024x363.png"},{"@type":"BreadcrumbList","@id":"https:\/\/atlantapride.org\/es\/comunidad\/subvenciones\/#breadcrumb","itemListElement":[{"@type":"ListItem","position":1,"name":"Home","item":"https:\/\/atlantapride.org\/es\/"},{"@type":"ListItem","position":2,"name":"Comunidad","item":"https:\/\/atlantapride.org\/es\/comunidad\/"},{"@type":"ListItem","position":3,"name":"Subvenciones"}]},{"@type":"WebSite","@id":"https:\/\/atlantapride.org\/es\/#website","url":"https:\/\/atlantapride.org\/es\/","name":"Atlanta Pride","description":"Atlanta Pride&#039;s Website","publisher":{"@id":"https:\/\/atlantapride.org\/es\/#organization"},"potentialAction":[{"@type":"SearchAction","target":{"@type":"EntryPoint","urlTemplate":"https:\/\/atlantapride.org\/es\/?s={search_term_string}"},"query-input":{"@type":"PropertyValueSpecification","valueRequired":true,"valueName":"search_term_string"}}],"inLanguage":"es"},{"@type":"Organization","@id":"https:\/\/atlantapride.org\/es\/#organization","name":"Atlanta Pride Committee, Inc","alternateName":"Atlanta Pride","url":"https:\/\/atlantapride.org\/es\/","logo":{"@type":"ImageObject","inLanguage":"es","@id":"https:\/\/atlantapride.org\/es\/#\/schema\/logo\/image\/","url":"https:\/\/atlantapride.org\/wp-content\/uploads\/2024\/02\/Atlanta-Pride-Logo.svg","contentUrl":"https:\/\/atlantapride.org\/wp-content\/uploads\/2024\/02\/Atlanta-Pride-Logo.svg","width":208,"height":126,"caption":"Atlanta Pride Committee, Inc"},"image":{"@id":"https:\/\/atlantapride.org\/es\/#\/schema\/logo\/image\/"},"sameAs":["https:\/\/www.facebook.com\/atlantapride"]}]}},"ticketed":false,"_links":{"self":[{"href":"https:\/\/atlantapride.org\/es\/wp-json\/wp\/v2\/pages\/875","targetHints":{"allow":["GET"]}}],"collection":[{"href":"https:\/\/atlantapride.org\/es\/wp-json\/wp\/v2\/pages"}],"about":[{"href":"https:\/\/atlantapride.org\/es\/wp-json\/wp\/v2\/types\/page"}],"author":[{"embeddable":true,"href":"https:\/\/atlantapride.org\/es\/wp-json\/wp\/v2\/users\/1"}],"replies":[{"embeddable":true,"href":"https:\/\/atlantapride.org\/es\/wp-json\/wp\/v2\/comments?post=875"}],"version-history":[{"count":4,"href":"https:\/\/atlantapride.org\/es\/wp-json\/wp\/v2\/pages\/875\/revisions"}],"predecessor-version":[{"id":3897,"href":"https:\/\/atlantapride.org\/es\/wp-json\/wp\/v2\/pages\/875\/revisions\/3897"}],"up":[{"embeddable":true,"href":"https:\/\/atlantapride.org\/es\/wp-json\/wp\/v2\/pages\/923"}],"wp:attachment":[{"href":"https:\/\/atlantapride.org\/es\/wp-json\/wp\/v2\/media?parent=875"}],"curies":[{"name":"wp","href":"https:\/\/api.w.org\/{rel}","templated":true}]}}