{"id":884,"date":"2024-03-13T15:45:15","date_gmt":"2024-03-13T19:45:15","guid":{"rendered":"https:\/\/atlantapride.org\/participa\/unete-al-consejo\/"},"modified":"2025-02-11T15:00:08","modified_gmt":"2025-02-11T20:00:08","slug":"unete-al-consejo","status":"publish","type":"page","link":"https:\/\/atlantapride.org\/es\/participa\/unete-al-consejo\/","title":{"rendered":"\u00danete al Consejo"},"content":{"rendered":"\t\t<div data-elementor-type=\"wp-page\" data-elementor-id=\"884\" class=\"elementor elementor-884 elementor-187\" data-elementor-post-type=\"page\">\n\t\t\t\t<div class=\"elementor-element elementor-element-d8ac246 e-flex e-con-boxed e-con e-parent\" data-id=\"d8ac246\" data-element_type=\"container\" data-e-type=\"container\">\n\t\t\t\t\t<div class=\"e-con-inner\">\n\t\t<div class=\"elementor-element elementor-element-1e0459f e-con-full e-flex e-con e-child\" data-id=\"1e0459f\" data-element_type=\"container\" data-e-type=\"container\">\n\t\t\t\t<div class=\"elementor-element elementor-element-b30663d elementor-widget elementor-widget-text-editor\" data-id=\"b30663d\" data-element_type=\"widget\" data-e-type=\"widget\" data-widget_type=\"text-editor.default\">\n\t\t\t\t<div class=\"elementor-widget-container\">\n\t\t\t\t\t\t\t\t\t<p>En la actualidad, APC est\u00e1 reclutando Directores con experiencia, automotivados y capaces de contribuir a una junta activa y estrat\u00e9gica. Se aceptan solicitudes durante todo el a\u00f1o y se tienen en cuenta en funci\u00f3n de las necesidades actuales de la organizaci\u00f3n. <\/p>\n<p>\u00bfTienes preguntas sobre la organizaci\u00f3n, la funci\u00f3n o el proceso de selecci\u00f3n? Ponte en contacto directamente con el <a href=\"mailto:jointheboard@AtlantaPride.Org\">Comit\u00e9 de Nombramientos y Revisi\u00f3n<\/a>. <\/p>\n<p>Gracias por tu inter\u00e9s y tu solicitud.<\/p>\n<h2><b>Sobre nosotros<\/b><\/h2>\n<p>Atlanta Pride cultiva una comunidad vibrante e integradora para las personas LGBTQ+ del sureste, amplificando las diversas voces, fomentando conexiones significativas y celebrando las ricas expresiones culturales que unen y elevan a nuestra comunidad.<\/p>\n<p><span style=\"font-weight: 400;\">Atlanta Pride imagina una comunidad LGBTQ+ pr\u00f3spera en la que se valoren todas las identidades, se celebre nuestra historia y nuestras diversas voces alimenten un futuro equitativo, seguro y liberado.<\/span><\/p>\n<h2><b>\u00bfCu\u00e1l es el papel de un Director de APC?<\/b><\/h2>\n<p>Los Directores del CSA son responsables de la organizaci\u00f3n en su conjunto. Las funciones de la Junta se dividen en cuatro (4) categor\u00edas principales: Direcci\u00f3n Estrat\u00e9gica; Finanzas; Supervisi\u00f3n Organizativa; Visibilidad Comunitaria. <\/p>\n<p>Los Directores de APC son voluntarios que trabajan todo el a\u00f1o y que, en la mayor\u00eda de los casos, son elegidos por periodos de varios a\u00f1os. El trabajo en la Junta Directiva suele requerir dos (2) horas de trabajo a la semana, incluido el avance de responsabilidades e iniciativas clave a trav\u00e9s del trabajo en la Junta y en los comit\u00e9s. <\/p>\n<p>\u00bfQuieres trabajar directamente con nuestro festival y desfile? El APC acepta voluntarios para el evento a trav\u00e9s de un proceso de solicitud independiente en nuestro sitio web, <a href=\"https:\/\/atlantapride.org\/es\/participa\/voluntario\/\" target=\"new\">aqu\u00ed<\/a>. <\/p>\n<h2><b>\u00bfQui\u00e9n encaja bien como miembro de la Junta de APC?<\/b><\/h2>\n<p>APC trabaja para garantizar que nuestra junta est\u00e9 compuesta por miembros de la comunidad diversos, incluidos aliados, que est\u00e9n mejor preparados para atender las necesidades de la organizaci\u00f3n y nuestras prioridades estrat\u00e9gicas actuales. Animamos a candidatos de todas las habilidades y procedencias a explorar un posible puesto en APC. Para conocer a nuestros actuales Directores, visita la secci\u00f3n <a href=\"https:\/\/atlantapride.org\/es\/sobre-nosotros\/junta\/\" target=\"new\">Qui\u00e9nes somos<\/a>.  <\/p>\n<p>\u00bfSigues interesado en formar parte de la Junta? Haz clic en el siguiente enlace para enviar tu solicitud. <\/p>\n\t\t\t\t\t\t\t\t<\/div>\n\t\t\t\t<\/div>\n\t\t\t\t<\/div>\n\t\t<div class=\"elementor-element elementor-element-388f5a8 e-con-full e-flex e-con e-child\" data-id=\"388f5a8\" data-element_type=\"container\" data-e-type=\"container\">\n\t\t\t\t<div class=\"elementor-element elementor-element-327cbc7 elementor-widget elementor-widget-image\" data-id=\"327cbc7\" data-element_type=\"widget\" data-e-type=\"widget\" data-widget_type=\"image.default\">\n\t\t\t\t<div class=\"elementor-widget-container\">\n\t\t\t\t\t\t\t\t\t\t\t\t\t\t\t<img fetchpriority=\"high\" decoding=\"async\" width=\"800\" height=\"637\" src=\"https:\/\/atlantapride.org\/wp-content\/uploads\/2024\/10\/Atlanta-Pride-Homepage-AboutUs2024-1024x815.jpg\" class=\"attachment-large size-large wp-image-1437\" alt=\"\" srcset=\"https:\/\/atlantapride.org\/wp-content\/uploads\/2024\/10\/Atlanta-Pride-Homepage-AboutUs2024-1024x815.jpg 1024w, https:\/\/atlantapride.org\/wp-content\/uploads\/2024\/10\/Atlanta-Pride-Homepage-AboutUs2024-300x239.jpg 300w, https:\/\/atlantapride.org\/wp-content\/uploads\/2024\/10\/Atlanta-Pride-Homepage-AboutUs2024-768x611.jpg 768w, https:\/\/atlantapride.org\/wp-content\/uploads\/2024\/10\/Atlanta-Pride-Homepage-AboutUs2024.jpg 1200w\" sizes=\"(max-width: 800px) 100vw, 800px\" \/>\t\t\t\t\t\t\t\t\t\t\t\t\t\t\t<\/div>\n\t\t\t\t<\/div>\n\t\t\t\t<\/div>\n\t\t\t\t\t<\/div>\n\t\t\t\t<\/div>\n\t\t<div class=\"elementor-element elementor-element-9443fcf e-flex e-con-boxed e-con e-parent\" data-id=\"9443fcf\" data-element_type=\"container\" data-e-type=\"container\">\n\t\t\t\t\t<div class=\"e-con-inner\">\n\t\t\t\t<div class=\"elementor-element elementor-element-c4d0ca9 elementor-widget elementor-widget-html\" data-id=\"c4d0ca9\" data-element_type=\"widget\" data-e-type=\"widget\" data-widget_type=\"html.default\">\n\t\t\t\t<div class=\"elementor-widget-container\">\n\t\t\t\t\t <iframe id=\"JotFormIFrame-240926085587063\" title=\"Solicitud del Consejo de Administraci\u00f3n\" onload=\"window.parent.scrollTo(0,0)\" allowtransparency=\"true\" allow=\"geolocation; microphone; camera; fullscreen\" src=\"https:\/\/form.jotform.com\/240926085587063\" frameborder=\"0\" style=\"min-width:100%;max-width:100%;height:539px;border:none;\" scrolling=\"no\"> <\/iframe> <script src=\"https:\/\/cdn.jotfor.ms\/s\/umd\/latest\/for-form-embed-handler.js\"><\/script> <script>window.jotformEmbedHandler(\"iframe[id='JotFormIFrame-240926085587063']\", \"https:\/\/form.jotform.com\/\")<\/script> \t\t\t\t<\/div>\n\t\t\t\t<\/div>\n\t\t\t\t\t<\/div>\n\t\t\t\t<\/div>\n\t\t\t\t<\/div>\n\t\t","protected":false},"excerpt":{"rendered":"<p>En la actualidad, APC est\u00e1 reclutando Directores con experiencia, automotivados y capaces de contribuir a una junta activa y estrat\u00e9gica. Se aceptan solicitudes durante todo el a\u00f1o y se tienen [&hellip;]<\/p>\n","protected":false},"author":1,"featured_media":0,"parent":846,"menu_order":0,"comment_status":"closed","ping_status":"closed","template":"","meta":{"_price":"","_stock":"","_tribe_ticket_header":"","_tribe_default_ticket_provider":"","_tribe_ticket_capacity":"0","_ticket_start_date":"","_ticket_end_date":"","_tribe_ticket_show_description":"","_tribe_ticket_show_not_going":false,"_tribe_ticket_use_global_stock":"","_tribe_ticket_global_stock_level":"","_global_stock_mode":"","_global_stock_cap":"","_tribe_rsvp_for_event":"","_tribe_ticket_going_count":"","_tribe_ticket_not_going_count":"","_tribe_tickets_list":"[]","_tribe_ticket_has_attendee_info_fields":false,"footnotes":"","_tec_slr_enabled":"","_tec_slr_layout":""},"class_list":["post-884","page","type-page","status-publish","hentry"],"yoast_head":"<!-- This site is optimized with the Yoast SEO plugin v27.3 - https:\/\/yoast.com\/product\/yoast-seo-wordpress\/ -->\n<title>\u00danete al Consejo - Atlanta Pride<\/title>\n<meta name=\"robots\" content=\"index, follow, max-snippet:-1, max-image-preview:large, max-video-preview:-1\" \/>\n<link rel=\"canonical\" href=\"https:\/\/atlantapride.org\/es\/participa\/unete-al-consejo\/\" \/>\n<meta property=\"og:locale\" content=\"es_ES\" \/>\n<meta property=\"og:type\" content=\"article\" \/>\n<meta property=\"og:title\" content=\"\u00danete al Consejo - Atlanta Pride\" \/>\n<meta property=\"og:description\" content=\"En la actualidad, APC est\u00e1 reclutando Directores con experiencia, automotivados y capaces de contribuir a una junta activa y estrat\u00e9gica. Se aceptan solicitudes durante todo el a\u00f1o y se tienen [&hellip;]\" \/>\n<meta property=\"og:url\" content=\"https:\/\/atlantapride.org\/es\/participa\/unete-al-consejo\/\" \/>\n<meta property=\"og:site_name\" content=\"Atlanta Pride\" \/>\n<meta property=\"article:publisher\" content=\"https:\/\/www.facebook.com\/atlantapride\" \/>\n<meta property=\"article:modified_time\" content=\"2025-02-11T20:00:08+00:00\" \/>\n<meta property=\"og:image\" content=\"https:\/\/atlantapride.org\/wp-content\/uploads\/2024\/10\/Atlanta-Pride-Homepage-AboutUs2024.jpg\" \/>\n\t<meta property=\"og:image:width\" content=\"1200\" \/>\n\t<meta property=\"og:image:height\" content=\"955\" \/>\n\t<meta property=\"og:image:type\" content=\"image\/jpeg\" \/>\n<meta name=\"twitter:card\" content=\"summary_large_image\" \/>\n<meta name=\"twitter:label1\" content=\"Tiempo de lectura\" \/>\n\t<meta name=\"twitter:data1\" content=\"2 minutos\" \/>\n<script type=\"application\/ld+json\" class=\"yoast-schema-graph\">{\"@context\":\"https:\\\/\\\/schema.org\",\"@graph\":[{\"@type\":\"WebPage\",\"@id\":\"https:\\\/\\\/atlantapride.org\\\/es\\\/participa\\\/unete-al-consejo\\\/\",\"url\":\"https:\\\/\\\/atlantapride.org\\\/es\\\/participa\\\/unete-al-consejo\\\/\",\"name\":\"\u00danete al Consejo - Atlanta Pride\",\"isPartOf\":{\"@id\":\"https:\\\/\\\/atlantapride.org\\\/es\\\/#website\"},\"primaryImageOfPage\":{\"@id\":\"https:\\\/\\\/atlantapride.org\\\/es\\\/participa\\\/unete-al-consejo\\\/#primaryimage\"},\"image\":{\"@id\":\"https:\\\/\\\/atlantapride.org\\\/es\\\/participa\\\/unete-al-consejo\\\/#primaryimage\"},\"thumbnailUrl\":\"https:\\\/\\\/atlantapride.org\\\/wp-content\\\/uploads\\\/2024\\\/10\\\/Atlanta-Pride-Homepage-AboutUs2024-1024x815.jpg\",\"datePublished\":\"2024-03-13T19:45:15+00:00\",\"dateModified\":\"2025-02-11T20:00:08+00:00\",\"breadcrumb\":{\"@id\":\"https:\\\/\\\/atlantapride.org\\\/es\\\/participa\\\/unete-al-consejo\\\/#breadcrumb\"},\"inLanguage\":\"es\",\"potentialAction\":[{\"@type\":\"ReadAction\",\"target\":[\"https:\\\/\\\/atlantapride.org\\\/es\\\/participa\\\/unete-al-consejo\\\/\"]}]},{\"@type\":\"ImageObject\",\"inLanguage\":\"es\",\"@id\":\"https:\\\/\\\/atlantapride.org\\\/es\\\/participa\\\/unete-al-consejo\\\/#primaryimage\",\"url\":\"https:\\\/\\\/atlantapride.org\\\/wp-content\\\/uploads\\\/2024\\\/10\\\/Atlanta-Pride-Homepage-AboutUs2024-1024x815.jpg\",\"contentUrl\":\"https:\\\/\\\/atlantapride.org\\\/wp-content\\\/uploads\\\/2024\\\/10\\\/Atlanta-Pride-Homepage-AboutUs2024-1024x815.jpg\"},{\"@type\":\"BreadcrumbList\",\"@id\":\"https:\\\/\\\/atlantapride.org\\\/es\\\/participa\\\/unete-al-consejo\\\/#breadcrumb\",\"itemListElement\":[{\"@type\":\"ListItem\",\"position\":1,\"name\":\"Home\",\"item\":\"https:\\\/\\\/atlantapride.org\\\/es\\\/\"},{\"@type\":\"ListItem\",\"position\":2,\"name\":\"Participa\",\"item\":\"https:\\\/\\\/atlantapride.org\\\/es\\\/participa\\\/\"},{\"@type\":\"ListItem\",\"position\":3,\"name\":\"\u00danete al Consejo\"}]},{\"@type\":\"WebSite\",\"@id\":\"https:\\\/\\\/atlantapride.org\\\/es\\\/#website\",\"url\":\"https:\\\/\\\/atlantapride.org\\\/es\\\/\",\"name\":\"Atlanta Pride\",\"description\":\"Atlanta Pride&#039;s Website\",\"publisher\":{\"@id\":\"https:\\\/\\\/atlantapride.org\\\/es\\\/#organization\"},\"potentialAction\":[{\"@type\":\"SearchAction\",\"target\":{\"@type\":\"EntryPoint\",\"urlTemplate\":\"https:\\\/\\\/atlantapride.org\\\/es\\\/?s={search_term_string}\"},\"query-input\":{\"@type\":\"PropertyValueSpecification\",\"valueRequired\":true,\"valueName\":\"search_term_string\"}}],\"inLanguage\":\"es\"},{\"@type\":\"Organization\",\"@id\":\"https:\\\/\\\/atlantapride.org\\\/es\\\/#organization\",\"name\":\"Atlanta Pride Committee, Inc\",\"alternateName\":\"Atlanta Pride\",\"url\":\"https:\\\/\\\/atlantapride.org\\\/es\\\/\",\"logo\":{\"@type\":\"ImageObject\",\"inLanguage\":\"es\",\"@id\":\"https:\\\/\\\/atlantapride.org\\\/es\\\/#\\\/schema\\\/logo\\\/image\\\/\",\"url\":\"https:\\\/\\\/atlantapride.org\\\/wp-content\\\/uploads\\\/2024\\\/02\\\/Atlanta-Pride-Logo.svg\",\"contentUrl\":\"https:\\\/\\\/atlantapride.org\\\/wp-content\\\/uploads\\\/2024\\\/02\\\/Atlanta-Pride-Logo.svg\",\"width\":208,\"height\":126,\"caption\":\"Atlanta Pride Committee, Inc\"},\"image\":{\"@id\":\"https:\\\/\\\/atlantapride.org\\\/es\\\/#\\\/schema\\\/logo\\\/image\\\/\"},\"sameAs\":[\"https:\\\/\\\/www.facebook.com\\\/atlantapride\"]}]}<\/script>\n<!-- \/ Yoast SEO plugin. -->","yoast_head_json":{"title":"\u00danete al Consejo - Atlanta Pride","robots":{"index":"index","follow":"follow","max-snippet":"max-snippet:-1","max-image-preview":"max-image-preview:large","max-video-preview":"max-video-preview:-1"},"canonical":"https:\/\/atlantapride.org\/es\/participa\/unete-al-consejo\/","og_locale":"es_ES","og_type":"article","og_title":"\u00danete al Consejo - Atlanta Pride","og_description":"En la actualidad, APC est\u00e1 reclutando Directores con experiencia, automotivados y capaces de contribuir a una junta activa y estrat\u00e9gica. Se aceptan solicitudes durante todo el a\u00f1o y se tienen [&hellip;]","og_url":"https:\/\/atlantapride.org\/es\/participa\/unete-al-consejo\/","og_site_name":"Atlanta Pride","article_publisher":"https:\/\/www.facebook.com\/atlantapride","article_modified_time":"2025-02-11T20:00:08+00:00","og_image":[{"width":1200,"height":955,"url":"https:\/\/atlantapride.org\/wp-content\/uploads\/2024\/10\/Atlanta-Pride-Homepage-AboutUs2024.jpg","type":"image\/jpeg"}],"twitter_card":"summary_large_image","twitter_misc":{"Tiempo de lectura":"2 minutos"},"schema":{"@context":"https:\/\/schema.org","@graph":[{"@type":"WebPage","@id":"https:\/\/atlantapride.org\/es\/participa\/unete-al-consejo\/","url":"https:\/\/atlantapride.org\/es\/participa\/unete-al-consejo\/","name":"\u00danete al Consejo - Atlanta Pride","isPartOf":{"@id":"https:\/\/atlantapride.org\/es\/#website"},"primaryImageOfPage":{"@id":"https:\/\/atlantapride.org\/es\/participa\/unete-al-consejo\/#primaryimage"},"image":{"@id":"https:\/\/atlantapride.org\/es\/participa\/unete-al-consejo\/#primaryimage"},"thumbnailUrl":"https:\/\/atlantapride.org\/wp-content\/uploads\/2024\/10\/Atlanta-Pride-Homepage-AboutUs2024-1024x815.jpg","datePublished":"2024-03-13T19:45:15+00:00","dateModified":"2025-02-11T20:00:08+00:00","breadcrumb":{"@id":"https:\/\/atlantapride.org\/es\/participa\/unete-al-consejo\/#breadcrumb"},"inLanguage":"es","potentialAction":[{"@type":"ReadAction","target":["https:\/\/atlantapride.org\/es\/participa\/unete-al-consejo\/"]}]},{"@type":"ImageObject","inLanguage":"es","@id":"https:\/\/atlantapride.org\/es\/participa\/unete-al-consejo\/#primaryimage","url":"https:\/\/atlantapride.org\/wp-content\/uploads\/2024\/10\/Atlanta-Pride-Homepage-AboutUs2024-1024x815.jpg","contentUrl":"https:\/\/atlantapride.org\/wp-content\/uploads\/2024\/10\/Atlanta-Pride-Homepage-AboutUs2024-1024x815.jpg"},{"@type":"BreadcrumbList","@id":"https:\/\/atlantapride.org\/es\/participa\/unete-al-consejo\/#breadcrumb","itemListElement":[{"@type":"ListItem","position":1,"name":"Home","item":"https:\/\/atlantapride.org\/es\/"},{"@type":"ListItem","position":2,"name":"Participa","item":"https:\/\/atlantapride.org\/es\/participa\/"},{"@type":"ListItem","position":3,"name":"\u00danete al Consejo"}]},{"@type":"WebSite","@id":"https:\/\/atlantapride.org\/es\/#website","url":"https:\/\/atlantapride.org\/es\/","name":"Atlanta Pride","description":"Atlanta Pride&#039;s Website","publisher":{"@id":"https:\/\/atlantapride.org\/es\/#organization"},"potentialAction":[{"@type":"SearchAction","target":{"@type":"EntryPoint","urlTemplate":"https:\/\/atlantapride.org\/es\/?s={search_term_string}"},"query-input":{"@type":"PropertyValueSpecification","valueRequired":true,"valueName":"search_term_string"}}],"inLanguage":"es"},{"@type":"Organization","@id":"https:\/\/atlantapride.org\/es\/#organization","name":"Atlanta Pride Committee, Inc","alternateName":"Atlanta Pride","url":"https:\/\/atlantapride.org\/es\/","logo":{"@type":"ImageObject","inLanguage":"es","@id":"https:\/\/atlantapride.org\/es\/#\/schema\/logo\/image\/","url":"https:\/\/atlantapride.org\/wp-content\/uploads\/2024\/02\/Atlanta-Pride-Logo.svg","contentUrl":"https:\/\/atlantapride.org\/wp-content\/uploads\/2024\/02\/Atlanta-Pride-Logo.svg","width":208,"height":126,"caption":"Atlanta Pride Committee, Inc"},"image":{"@id":"https:\/\/atlantapride.org\/es\/#\/schema\/logo\/image\/"},"sameAs":["https:\/\/www.facebook.com\/atlantapride"]}]}},"ticketed":false,"_links":{"self":[{"href":"https:\/\/atlantapride.org\/es\/wp-json\/wp\/v2\/pages\/884","targetHints":{"allow":["GET"]}}],"collection":[{"href":"https:\/\/atlantapride.org\/es\/wp-json\/wp\/v2\/pages"}],"about":[{"href":"https:\/\/atlantapride.org\/es\/wp-json\/wp\/v2\/types\/page"}],"author":[{"embeddable":true,"href":"https:\/\/atlantapride.org\/es\/wp-json\/wp\/v2\/users\/1"}],"replies":[{"embeddable":true,"href":"https:\/\/atlantapride.org\/es\/wp-json\/wp\/v2\/comments?post=884"}],"version-history":[{"count":3,"href":"https:\/\/atlantapride.org\/es\/wp-json\/wp\/v2\/pages\/884\/revisions"}],"predecessor-version":[{"id":2728,"href":"https:\/\/atlantapride.org\/es\/wp-json\/wp\/v2\/pages\/884\/revisions\/2728"}],"up":[{"embeddable":true,"href":"https:\/\/atlantapride.org\/es\/wp-json\/wp\/v2\/pages\/846"}],"wp:attachment":[{"href":"https:\/\/atlantapride.org\/es\/wp-json\/wp\/v2\/media?parent=884"}],"curies":[{"name":"wp","href":"https:\/\/api.w.org\/{rel}","templated":true}]}}