{"id":885,"date":"2024-03-13T15:44:49","date_gmt":"2024-03-13T19:44:49","guid":{"rendered":"https:\/\/atlantapride.org\/participa\/voluntario\/"},"modified":"2024-10-29T10:30:50","modified_gmt":"2024-10-29T14:30:50","slug":"voluntario","status":"publish","type":"page","link":"https:\/\/atlantapride.org\/es\/participa\/voluntario\/","title":{"rendered":"Voluntario"},"content":{"rendered":"\t\t<div data-elementor-type=\"wp-page\" data-elementor-id=\"885\" class=\"elementor elementor-885 elementor-183\" data-elementor-post-type=\"page\">\n\t\t\t\t<div class=\"elementor-element elementor-element-41785da e-flex e-con-boxed e-con e-parent\" data-id=\"41785da\" data-element_type=\"container\" data-e-type=\"container\">\n\t\t\t\t\t<div class=\"e-con-inner\">\n\t\t\t\t<div class=\"elementor-element elementor-element-fbcf81a elementor-widget__width-initial elementor-widget elementor-widget-text-editor\" data-id=\"fbcf81a\" data-element_type=\"widget\" data-e-type=\"widget\" data-widget_type=\"text-editor.default\">\n\t\t\t\t<div class=\"elementor-widget-container\">\n\t\t\t\t\t\t\t\t\t<p><span style=\"font-weight: 400;\">Prep\u00e1rate para unirte a la diversi\u00f3n: \u00a1todo el mundo puede participar en el Orgullo de Atlanta!<br \/>\nTanto si te apetece donar tu tiempo como voluntario como si est\u00e1s interesado en convertirte en socio corporativo o comunitario, nos encantar\u00eda contar contigo.<br \/>\nHe aqu\u00ed c\u00f3mo puedes colaborar:  <\/span><\/p>\n\t\t\t\t\t\t\t\t<\/div>\n\t\t\t\t<\/div>\n\t\t\t\t\t<\/div>\n\t\t\t\t<\/div>\n\t\t<div class=\"elementor-element elementor-element-2a68c9e e-flex e-con-boxed e-con e-parent\" data-id=\"2a68c9e\" data-element_type=\"container\" data-e-type=\"container\">\n\t\t\t\t\t<div class=\"e-con-inner\">\n\t\t<div class=\"elementor-element elementor-element-0004d24 e-con-full e-flex e-con e-child\" data-id=\"0004d24\" data-element_type=\"container\" data-e-type=\"container\">\n\t\t\t\t<div class=\"elementor-element elementor-element-eefee3e elementor-widget elementor-widget-image\" data-id=\"eefee3e\" data-element_type=\"widget\" data-e-type=\"widget\" data-widget_type=\"image.default\">\n\t\t\t\t<div class=\"elementor-widget-container\">\n\t\t\t\t\t\t\t\t\t\t\t\t\t\t\t<img fetchpriority=\"high\" decoding=\"async\" width=\"800\" height=\"685\" src=\"https:\/\/atlantapride.org\/wp-content\/uploads\/2024\/10\/Atlanta-Pride-Homepage-GetInvolved2024-1024x877.jpg\" class=\"attachment-large size-large wp-image-1439\" alt=\"\" srcset=\"https:\/\/atlantapride.org\/wp-content\/uploads\/2024\/10\/Atlanta-Pride-Homepage-GetInvolved2024-1024x877.jpg 1024w, https:\/\/atlantapride.org\/wp-content\/uploads\/2024\/10\/Atlanta-Pride-Homepage-GetInvolved2024-300x257.jpg 300w, https:\/\/atlantapride.org\/wp-content\/uploads\/2024\/10\/Atlanta-Pride-Homepage-GetInvolved2024-768x658.jpg 768w, https:\/\/atlantapride.org\/wp-content\/uploads\/2024\/10\/Atlanta-Pride-Homepage-GetInvolved2024.jpg 1200w\" sizes=\"(max-width: 800px) 100vw, 800px\" \/>\t\t\t\t\t\t\t\t\t\t\t\t\t\t\t<\/div>\n\t\t\t\t<\/div>\n\t\t\t\t<\/div>\n\t\t<div class=\"elementor-element elementor-element-dd7e3fe e-con-full e-flex e-con e-child\" data-id=\"dd7e3fe\" data-element_type=\"container\" data-e-type=\"container\">\n\t\t\t\t<div class=\"elementor-element elementor-element-6a6a742 elementor-widget elementor-widget-heading\" data-id=\"6a6a742\" data-element_type=\"widget\" data-e-type=\"widget\" data-widget_type=\"heading.default\">\n\t\t\t\t<div class=\"elementor-widget-container\">\n\t\t\t\t\t<h2 class=\"elementor-heading-title elementor-size-default\">Voluntario<\/h2>\t\t\t\t<\/div>\n\t\t\t\t<\/div>\n\t\t\t\t<div class=\"elementor-element elementor-element-473fb6b elementor-widget elementor-widget-text-editor\" data-id=\"473fb6b\" data-element_type=\"widget\" data-e-type=\"widget\" data-widget_type=\"text-editor.default\">\n\t\t\t\t<div class=\"elementor-widget-container\">\n\t\t\t\t\t\t\t\t\t<p><span style=\"font-weight: 400;\">El Comit\u00e9 del Orgullo de Atlanta cuenta cada a\u00f1o con cientos de incre\u00edbles voluntarios para crear un festival inolvidable.<br \/>\nSu tiempo y su talento hacen posible una de las celebraciones del Orgullo m\u00e1s grandes y antiguas del sureste, que adem\u00e1s es el mayor acto gratuito del Orgullo en el pa\u00eds.<br \/>\nNo podemos hacerlo sin ti, as\u00ed que te invitamos a unirte al equipo.  <\/span><\/p>\n<p><span style=\"font-weight: 400;\">Si alguna vez has querido marcar la diferencia, \u00e9sta es tu oportunidad.<br \/>\nAy\u00fadanos a hacer historia participando como voluntario en Atlanta Pride.<br \/>\nEs una oportunidad fant\u00e1stica para conocer gente nueva, pasarlo en grande y contribuir a un acontecimiento verdaderamente emblem\u00e1tico.<br \/>\n\u00a1Hagamos que el Festival del Orgullo de este a\u00f1o sea el mejor de todos!   <\/span><\/p>\n\t\t\t\t\t\t\t\t<\/div>\n\t\t\t\t<\/div>\n\t\t\t\t<\/div>\n\t\t\t\t\t<\/div>\n\t\t\t\t<\/div>\n\t\t<div class=\"elementor-element elementor-element-4e48c95 e-flex e-con-boxed e-con e-parent\" data-id=\"4e48c95\" data-element_type=\"container\" data-e-type=\"container\">\n\t\t\t\t\t<div class=\"e-con-inner\">\n\t\t<div class=\"elementor-element elementor-element-abe82be e-con-full e-flex e-con e-child\" data-id=\"abe82be\" data-element_type=\"container\" data-e-type=\"container\">\n\t\t\t\t<div class=\"elementor-element elementor-element-9c530ef elementor-widget elementor-widget-image\" data-id=\"9c530ef\" data-element_type=\"widget\" data-e-type=\"widget\" data-widget_type=\"image.default\">\n\t\t\t\t<div class=\"elementor-widget-container\">\n\t\t\t\t\t\t\t\t\t\t\t\t\t\t\t<img decoding=\"async\" width=\"600\" height=\"600\" src=\"https:\/\/atlantapride.org\/wp-content\/uploads\/2024\/06\/CommiteeChairs.jpg\" class=\"attachment-large size-large wp-image-821\" alt=\"\" srcset=\"https:\/\/atlantapride.org\/wp-content\/uploads\/2024\/06\/CommiteeChairs.jpg 600w, https:\/\/atlantapride.org\/wp-content\/uploads\/2024\/06\/CommiteeChairs-300x300.jpg 300w, https:\/\/atlantapride.org\/wp-content\/uploads\/2024\/06\/CommiteeChairs-150x150.jpg 150w\" sizes=\"(max-width: 600px) 100vw, 600px\" \/>\t\t\t\t\t\t\t\t\t\t\t\t\t\t\t<\/div>\n\t\t\t\t<\/div>\n\t\t\t\t<\/div>\n\t\t<div class=\"elementor-element elementor-element-2de3763 e-con-full e-flex e-con e-child\" data-id=\"2de3763\" data-element_type=\"container\" data-e-type=\"container\">\n\t\t\t\t<div class=\"elementor-element elementor-element-69b35db elementor-widget elementor-widget-heading\" data-id=\"69b35db\" data-element_type=\"widget\" data-e-type=\"widget\" data-widget_type=\"heading.default\">\n\t\t\t\t<div class=\"elementor-widget-container\">\n\t\t\t\t\t<h2 class=\"elementor-heading-title elementor-size-default\">Presidentes del Comit\u00e9 del Festival<\/h2>\t\t\t\t<\/div>\n\t\t\t\t<\/div>\n\t\t\t\t<div class=\"elementor-element elementor-element-2281bac elementor-widget elementor-widget-text-editor\" data-id=\"2281bac\" data-element_type=\"widget\" data-e-type=\"widget\" data-widget_type=\"text-editor.default\">\n\t\t\t\t<div class=\"elementor-widget-container\">\n\t\t\t\t\t\t\t\t\t<p><span style=\"font-weight: 400;\">Atlanta Pride tiene varios subcomit\u00e9s impresionantes, cada uno dirigido por presidentes o copresidentes dedicados.<br \/>\nEsta solicitud no es para el voluntariado general, sino para quienes est\u00e9n dispuestos a dar un paso al frente y dirigir un comit\u00e9 durante todo el a\u00f1o, especialmente durante el fin de semana del Festival.<br \/>\nSi est\u00e1s preparado para el reto, haz clic en el bot\u00f3n de abajo y rellena el formulario.<br \/>\n\u00a1Estamos impacientes por ver lo que aportas al equipo!   <\/span><\/p>\n\t\t\t\t\t\t\t\t<\/div>\n\t\t\t\t<\/div>\n\t\t\t\t<div class=\"elementor-element elementor-element-cb30162 elementor-widget elementor-widget-button\" data-id=\"cb30162\" data-element_type=\"widget\" data-e-type=\"widget\" data-widget_type=\"button.default\">\n\t\t\t\t<div class=\"elementor-widget-container\">\n\t\t\t\t\t\t\t\t\t<div class=\"elementor-button-wrapper\">\n\t\t\t\t\t<a class=\"elementor-button elementor-button-link elementor-size-sm\" href=\"#\">\n\t\t\t\t\t\t<span class=\"elementor-button-content-wrapper\">\n\t\t\t\t\t\t\t\t\t<span class=\"elementor-button-text\">Solicitar ahora<\/span>\n\t\t\t\t\t<\/span>\n\t\t\t\t\t<\/a>\n\t\t\t\t<\/div>\n\t\t\t\t\t\t\t\t<\/div>\n\t\t\t\t<\/div>\n\t\t\t\t<\/div>\n\t\t\t\t\t<\/div>\n\t\t\t\t<\/div>\n\t\t<div class=\"elementor-element elementor-element-b81bba7 e-flex e-con-boxed e-con e-parent\" data-id=\"b81bba7\" data-element_type=\"container\" data-e-type=\"container\">\n\t\t\t\t\t<div class=\"e-con-inner\">\n\t\t<div class=\"elementor-element elementor-element-74eb753 e-con-full e-flex e-con e-child\" data-id=\"74eb753\" data-element_type=\"container\" data-e-type=\"container\">\n\t\t\t\t<div class=\"elementor-element elementor-element-44d0711 elementor-widget elementor-widget-image\" data-id=\"44d0711\" data-element_type=\"widget\" data-e-type=\"widget\" data-widget_type=\"image.default\">\n\t\t\t\t<div class=\"elementor-widget-container\">\n\t\t\t\t\t\t\t\t\t\t\t\t\t\t\t<img decoding=\"async\" width=\"800\" height=\"534\" src=\"https:\/\/atlantapride.org\/wp-content\/uploads\/2024\/10\/Atlanta-Pride-Event-Staff.jpg\" class=\"attachment-large size-large wp-image-1495\" alt=\"Atlanta Pride Event Staff\" srcset=\"https:\/\/atlantapride.org\/wp-content\/uploads\/2024\/10\/Atlanta-Pride-Event-Staff.jpg 800w, https:\/\/atlantapride.org\/wp-content\/uploads\/2024\/10\/Atlanta-Pride-Event-Staff-300x200.jpg 300w, https:\/\/atlantapride.org\/wp-content\/uploads\/2024\/10\/Atlanta-Pride-Event-Staff-768x513.jpg 768w\" sizes=\"(max-width: 800px) 100vw, 800px\" \/>\t\t\t\t\t\t\t\t\t\t\t\t\t\t\t<\/div>\n\t\t\t\t<\/div>\n\t\t\t\t<\/div>\n\t\t<div class=\"elementor-element elementor-element-2f36263 e-con-full e-flex e-con e-child\" data-id=\"2f36263\" data-element_type=\"container\" data-e-type=\"container\">\n\t\t\t\t<div class=\"elementor-element elementor-element-a069319 elementor-widget elementor-widget-heading\" data-id=\"a069319\" data-element_type=\"widget\" data-e-type=\"widget\" data-widget_type=\"heading.default\">\n\t\t\t\t<div class=\"elementor-widget-container\">\n\t\t\t\t\t<h2 class=\"elementor-heading-title elementor-size-default\">Voluntario del Festival<\/h2>\t\t\t\t<\/div>\n\t\t\t\t<\/div>\n\t\t\t\t<div class=\"elementor-element elementor-element-f9db14e elementor-widget elementor-widget-text-editor\" data-id=\"f9db14e\" data-element_type=\"widget\" data-e-type=\"widget\" data-widget_type=\"text-editor.default\">\n\t\t\t\t<div class=\"elementor-widget-container\">\n\t\t\t\t\t\t\t\t\t<p><span style=\"font-weight: 400;\">Organizar el Festival del Orgullo Gay de Atlanta en Piedmont Park no es tarea f\u00e1cil: requiere mucho trabajo y un mont\u00f3n de gente estupenda.<br \/>\nNuestros voluntarios son la columna vertebral de este evento, \u00a1nos ayudan a crear una experiencia fant\u00e1stica para todos!<br \/>\nSi quieres formar parte de la magia y unirte a nuestros Voluntarios del Festival, haz clic en el siguiente enlace para ver las oportunidades disponibles y solicitar ser voluntario.<br \/>\n\u00a1Hagamos que el festival de este a\u00f1o sea inolvidable!   <\/span><\/p>\n<p><em><strong>Pr\u00f3ximamente en 2024<\/strong><\/em><\/p>\n\t\t\t\t\t\t\t\t<\/div>\n\t\t\t\t<\/div>\n\t\t\t\t<\/div>\n\t\t\t\t\t<\/div>\n\t\t\t\t<\/div>\n\t\t<div class=\"elementor-element elementor-element-51c03f4 e-flex e-con-boxed e-con e-parent\" data-id=\"51c03f4\" data-element_type=\"container\" data-e-type=\"container\">\n\t\t\t\t\t<div class=\"e-con-inner\">\n\t\t<div class=\"elementor-element elementor-element-a5dc8f2 e-con-full e-flex e-con e-child\" data-id=\"a5dc8f2\" data-element_type=\"container\" data-e-type=\"container\">\n\t\t\t\t<div class=\"elementor-element elementor-element-0db027f elementor-widget elementor-widget-image\" data-id=\"0db027f\" data-element_type=\"widget\" data-e-type=\"widget\" data-widget_type=\"image.default\">\n\t\t\t\t<div class=\"elementor-widget-container\">\n\t\t\t\t\t\t\t\t\t\t\t\t\t\t\t<img loading=\"lazy\" decoding=\"async\" width=\"600\" height=\"397\" src=\"https:\/\/atlantapride.org\/wp-content\/uploads\/2024\/06\/YearRoundVolunteer.jpg\" class=\"attachment-large size-large wp-image-823\" alt=\"\" srcset=\"https:\/\/atlantapride.org\/wp-content\/uploads\/2024\/06\/YearRoundVolunteer.jpg 600w, https:\/\/atlantapride.org\/wp-content\/uploads\/2024\/06\/YearRoundVolunteer-300x199.jpg 300w\" sizes=\"(max-width: 600px) 100vw, 600px\" \/>\t\t\t\t\t\t\t\t\t\t\t\t\t\t\t<\/div>\n\t\t\t\t<\/div>\n\t\t\t\t<\/div>\n\t\t<div class=\"elementor-element elementor-element-970e927 e-con-full e-flex e-con e-child\" data-id=\"970e927\" data-element_type=\"container\" data-e-type=\"container\">\n\t\t\t\t<div class=\"elementor-element elementor-element-b044945 elementor-widget elementor-widget-heading\" data-id=\"b044945\" data-element_type=\"widget\" data-e-type=\"widget\" data-widget_type=\"heading.default\">\n\t\t\t\t<div class=\"elementor-widget-container\">\n\t\t\t\t\t<h2 class=\"elementor-heading-title elementor-size-default\">Voluntario todo el a\u00f1o<\/h2>\t\t\t\t<\/div>\n\t\t\t\t<\/div>\n\t\t\t\t<div class=\"elementor-element elementor-element-e8c76d9 elementor-widget elementor-widget-text-editor\" data-id=\"e8c76d9\" data-element_type=\"widget\" data-e-type=\"widget\" data-widget_type=\"text-editor.default\">\n\t\t\t\t<div class=\"elementor-widget-container\">\n\t\t\t\t\t\t\t\t\t<p><span style=\"font-weight: 400;\">\u00bfQuieres ser voluntario con nosotros todo el a\u00f1o en proyectos especiales?<br \/>\n\u00a1Nos encantar\u00eda contar contigo!<br \/>\nHaz clic en el siguiente enlace para inscribirte, y te mantendremos informado sobre las oportunidades de voluntariado a lo largo del a\u00f1o.<br \/>\nPara que quede claro, esto NO es para voluntarios del Festival del Orgullo; para eso tenemos un formulario aparte.<br \/>\nCuando est\u00e9 listo el formulario para voluntarios del Festival, enviaremos un aviso a todos nuestros voluntarios.    <\/span><\/p>\n<p><span style=\"font-weight: 400;\">Al unirte al equipo de voluntarios de APC, recibir\u00e1s notificaciones cuando necesitemos ayuda para cosas como:<\/span><\/p>\n<p style=\"padding-left: 40px;\"><b>Trabajo de oficina:<\/b><span style=\"font-weight: 400;\"> Introducci\u00f3n de datos, preparaci\u00f3n del correo y otras tareas administrativas.<\/span><\/p>\n<p style=\"padding-left: 40px;\"><b>Eventos especiales:<\/b><span style=\"font-weight: 400;\"> Ayudar en los programas de Atlanta Pride y en los actos de los socios de la comunidad.<\/span><\/p>\n<p style=\"padding-left: 40px;\"><b>Organizaci\u00f3n:<\/b><span style=\"font-weight: 400;\"> Mantenimiento de unidades de almacenamiento, limpieza de oficinas y mucho m\u00e1s.<\/span><\/p>\n<p><span style=\"font-weight: 400;\"><em><strong>\u00bfTe parece divertido?<\/strong><\/em>  Inscr\u00edbete ahora y \u00a1empecemos!<\/span><\/p>\n\t\t\t\t\t\t\t\t<\/div>\n\t\t\t\t<\/div>\n\t\t\t\t<div class=\"elementor-element elementor-element-30be00d elementor-widget elementor-widget-button\" data-id=\"30be00d\" data-element_type=\"widget\" data-e-type=\"widget\" data-widget_type=\"button.default\">\n\t\t\t\t<div class=\"elementor-widget-container\">\n\t\t\t\t\t\t\t\t\t<div class=\"elementor-button-wrapper\">\n\t\t\t\t\t<a class=\"elementor-button elementor-button-link elementor-size-sm\" href=\"#\">\n\t\t\t\t\t\t<span class=\"elementor-button-content-wrapper\">\n\t\t\t\t\t\t\t\t\t<span class=\"elementor-button-text\">Solicitar ahora<\/span>\n\t\t\t\t\t<\/span>\n\t\t\t\t\t<\/a>\n\t\t\t\t<\/div>\n\t\t\t\t\t\t\t\t<\/div>\n\t\t\t\t<\/div>\n\t\t\t\t<\/div>\n\t\t\t\t\t<\/div>\n\t\t\t\t<\/div>\n\t\t\t\t<\/div>\n\t\t","protected":false},"excerpt":{"rendered":"<p>Prep\u00e1rate para unirte a la diversi\u00f3n: \u00a1todo el mundo puede participar en el Orgullo de Atlanta! Tanto si te apetece donar tu tiempo como voluntario como si est\u00e1s interesado en [&hellip;]<\/p>\n","protected":false},"author":1,"featured_media":0,"parent":846,"menu_order":0,"comment_status":"closed","ping_status":"closed","template":"","meta":{"_price":"","_stock":"","_tribe_ticket_header":"","_tribe_default_ticket_provider":"","_tribe_ticket_capacity":"0","_ticket_start_date":"","_ticket_end_date":"","_tribe_ticket_show_description":"","_tribe_ticket_show_not_going":false,"_tribe_ticket_use_global_stock":"","_tribe_ticket_global_stock_level":"","_global_stock_mode":"","_global_stock_cap":"","_tribe_rsvp_for_event":"","_tribe_ticket_going_count":"","_tribe_ticket_not_going_count":"","_tribe_tickets_list":"[]","_tribe_ticket_has_attendee_info_fields":false,"footnotes":"","_tec_slr_enabled":"","_tec_slr_layout":""},"class_list":["post-885","page","type-page","status-publish","hentry"],"yoast_head":"<!-- This site is optimized with the Yoast SEO plugin v27.5 - https:\/\/yoast.com\/product\/yoast-seo-wordpress\/ -->\n<title>Voluntario - Atlanta Pride<\/title>\n<meta name=\"robots\" content=\"index, follow, max-snippet:-1, max-image-preview:large, max-video-preview:-1\" \/>\n<link rel=\"canonical\" href=\"https:\/\/atlantapride.org\/es\/participa\/voluntario\/\" \/>\n<meta property=\"og:locale\" content=\"es_ES\" \/>\n<meta property=\"og:type\" content=\"article\" \/>\n<meta property=\"og:title\" content=\"Voluntario - Atlanta Pride\" \/>\n<meta property=\"og:description\" content=\"Prep\u00e1rate para unirte a la diversi\u00f3n: \u00a1todo el mundo puede participar en el Orgullo de Atlanta! Tanto si te apetece donar tu tiempo como voluntario como si est\u00e1s interesado en [&hellip;]\" \/>\n<meta property=\"og:url\" content=\"https:\/\/atlantapride.org\/es\/participa\/voluntario\/\" \/>\n<meta property=\"og:site_name\" content=\"Atlanta Pride\" \/>\n<meta property=\"article:publisher\" content=\"https:\/\/www.facebook.com\/atlantapride\" \/>\n<meta property=\"article:modified_time\" content=\"2024-10-29T14:30:50+00:00\" \/>\n<meta property=\"og:image\" content=\"https:\/\/atlantapride.org\/wp-content\/uploads\/2024\/10\/Atlanta-Pride-Homepage-GetInvolved2024.jpg\" \/>\n\t<meta property=\"og:image:width\" content=\"1200\" \/>\n\t<meta property=\"og:image:height\" content=\"1028\" \/>\n\t<meta property=\"og:image:type\" content=\"image\/jpeg\" \/>\n<meta name=\"twitter:card\" content=\"summary_large_image\" \/>\n<meta name=\"twitter:label1\" content=\"Tiempo de lectura\" \/>\n\t<meta name=\"twitter:data1\" content=\"3 minutos\" \/>\n<script type=\"application\/ld+json\" class=\"yoast-schema-graph\">{\"@context\":\"https:\\\/\\\/schema.org\",\"@graph\":[{\"@type\":\"WebPage\",\"@id\":\"https:\\\/\\\/atlantapride.org\\\/es\\\/participa\\\/voluntario\\\/\",\"url\":\"https:\\\/\\\/atlantapride.org\\\/es\\\/participa\\\/voluntario\\\/\",\"name\":\"Voluntario - Atlanta Pride\",\"isPartOf\":{\"@id\":\"https:\\\/\\\/atlantapride.org\\\/es\\\/#website\"},\"primaryImageOfPage\":{\"@id\":\"https:\\\/\\\/atlantapride.org\\\/es\\\/participa\\\/voluntario\\\/#primaryimage\"},\"image\":{\"@id\":\"https:\\\/\\\/atlantapride.org\\\/es\\\/participa\\\/voluntario\\\/#primaryimage\"},\"thumbnailUrl\":\"https:\\\/\\\/atlantapride.org\\\/wp-content\\\/uploads\\\/2024\\\/10\\\/Atlanta-Pride-Homepage-GetInvolved2024-1024x877.jpg\",\"datePublished\":\"2024-03-13T19:44:49+00:00\",\"dateModified\":\"2024-10-29T14:30:50+00:00\",\"breadcrumb\":{\"@id\":\"https:\\\/\\\/atlantapride.org\\\/es\\\/participa\\\/voluntario\\\/#breadcrumb\"},\"inLanguage\":\"es\",\"potentialAction\":[{\"@type\":\"ReadAction\",\"target\":[\"https:\\\/\\\/atlantapride.org\\\/es\\\/participa\\\/voluntario\\\/\"]}]},{\"@type\":\"ImageObject\",\"inLanguage\":\"es\",\"@id\":\"https:\\\/\\\/atlantapride.org\\\/es\\\/participa\\\/voluntario\\\/#primaryimage\",\"url\":\"https:\\\/\\\/atlantapride.org\\\/wp-content\\\/uploads\\\/2024\\\/10\\\/Atlanta-Pride-Homepage-GetInvolved2024-1024x877.jpg\",\"contentUrl\":\"https:\\\/\\\/atlantapride.org\\\/wp-content\\\/uploads\\\/2024\\\/10\\\/Atlanta-Pride-Homepage-GetInvolved2024-1024x877.jpg\"},{\"@type\":\"BreadcrumbList\",\"@id\":\"https:\\\/\\\/atlantapride.org\\\/es\\\/participa\\\/voluntario\\\/#breadcrumb\",\"itemListElement\":[{\"@type\":\"ListItem\",\"position\":1,\"name\":\"Home\",\"item\":\"https:\\\/\\\/atlantapride.org\\\/es\\\/\"},{\"@type\":\"ListItem\",\"position\":2,\"name\":\"Participa\",\"item\":\"https:\\\/\\\/atlantapride.org\\\/es\\\/participa\\\/\"},{\"@type\":\"ListItem\",\"position\":3,\"name\":\"Voluntario\"}]},{\"@type\":\"WebSite\",\"@id\":\"https:\\\/\\\/atlantapride.org\\\/es\\\/#website\",\"url\":\"https:\\\/\\\/atlantapride.org\\\/es\\\/\",\"name\":\"Atlanta Pride\",\"description\":\"Atlanta Pride&#039;s Website\",\"publisher\":{\"@id\":\"https:\\\/\\\/atlantapride.org\\\/es\\\/#organization\"},\"potentialAction\":[{\"@type\":\"SearchAction\",\"target\":{\"@type\":\"EntryPoint\",\"urlTemplate\":\"https:\\\/\\\/atlantapride.org\\\/es\\\/?s={search_term_string}\"},\"query-input\":{\"@type\":\"PropertyValueSpecification\",\"valueRequired\":true,\"valueName\":\"search_term_string\"}}],\"inLanguage\":\"es\"},{\"@type\":\"Organization\",\"@id\":\"https:\\\/\\\/atlantapride.org\\\/es\\\/#organization\",\"name\":\"Atlanta Pride Committee, Inc\",\"alternateName\":\"Atlanta Pride\",\"url\":\"https:\\\/\\\/atlantapride.org\\\/es\\\/\",\"logo\":{\"@type\":\"ImageObject\",\"inLanguage\":\"es\",\"@id\":\"https:\\\/\\\/atlantapride.org\\\/es\\\/#\\\/schema\\\/logo\\\/image\\\/\",\"url\":\"https:\\\/\\\/atlantapride.org\\\/wp-content\\\/uploads\\\/2024\\\/02\\\/Atlanta-Pride-Logo.svg\",\"contentUrl\":\"https:\\\/\\\/atlantapride.org\\\/wp-content\\\/uploads\\\/2024\\\/02\\\/Atlanta-Pride-Logo.svg\",\"width\":208,\"height\":126,\"caption\":\"Atlanta Pride Committee, Inc\"},\"image\":{\"@id\":\"https:\\\/\\\/atlantapride.org\\\/es\\\/#\\\/schema\\\/logo\\\/image\\\/\"},\"sameAs\":[\"https:\\\/\\\/www.facebook.com\\\/atlantapride\"]}]}<\/script>\n<!-- \/ Yoast SEO plugin. -->","yoast_head_json":{"title":"Voluntario - Atlanta Pride","robots":{"index":"index","follow":"follow","max-snippet":"max-snippet:-1","max-image-preview":"max-image-preview:large","max-video-preview":"max-video-preview:-1"},"canonical":"https:\/\/atlantapride.org\/es\/participa\/voluntario\/","og_locale":"es_ES","og_type":"article","og_title":"Voluntario - Atlanta Pride","og_description":"Prep\u00e1rate para unirte a la diversi\u00f3n: \u00a1todo el mundo puede participar en el Orgullo de Atlanta! Tanto si te apetece donar tu tiempo como voluntario como si est\u00e1s interesado en [&hellip;]","og_url":"https:\/\/atlantapride.org\/es\/participa\/voluntario\/","og_site_name":"Atlanta Pride","article_publisher":"https:\/\/www.facebook.com\/atlantapride","article_modified_time":"2024-10-29T14:30:50+00:00","og_image":[{"width":1200,"height":1028,"url":"https:\/\/atlantapride.org\/wp-content\/uploads\/2024\/10\/Atlanta-Pride-Homepage-GetInvolved2024.jpg","type":"image\/jpeg"}],"twitter_card":"summary_large_image","twitter_misc":{"Tiempo de lectura":"3 minutos"},"schema":{"@context":"https:\/\/schema.org","@graph":[{"@type":"WebPage","@id":"https:\/\/atlantapride.org\/es\/participa\/voluntario\/","url":"https:\/\/atlantapride.org\/es\/participa\/voluntario\/","name":"Voluntario - Atlanta Pride","isPartOf":{"@id":"https:\/\/atlantapride.org\/es\/#website"},"primaryImageOfPage":{"@id":"https:\/\/atlantapride.org\/es\/participa\/voluntario\/#primaryimage"},"image":{"@id":"https:\/\/atlantapride.org\/es\/participa\/voluntario\/#primaryimage"},"thumbnailUrl":"https:\/\/atlantapride.org\/wp-content\/uploads\/2024\/10\/Atlanta-Pride-Homepage-GetInvolved2024-1024x877.jpg","datePublished":"2024-03-13T19:44:49+00:00","dateModified":"2024-10-29T14:30:50+00:00","breadcrumb":{"@id":"https:\/\/atlantapride.org\/es\/participa\/voluntario\/#breadcrumb"},"inLanguage":"es","potentialAction":[{"@type":"ReadAction","target":["https:\/\/atlantapride.org\/es\/participa\/voluntario\/"]}]},{"@type":"ImageObject","inLanguage":"es","@id":"https:\/\/atlantapride.org\/es\/participa\/voluntario\/#primaryimage","url":"https:\/\/atlantapride.org\/wp-content\/uploads\/2024\/10\/Atlanta-Pride-Homepage-GetInvolved2024-1024x877.jpg","contentUrl":"https:\/\/atlantapride.org\/wp-content\/uploads\/2024\/10\/Atlanta-Pride-Homepage-GetInvolved2024-1024x877.jpg"},{"@type":"BreadcrumbList","@id":"https:\/\/atlantapride.org\/es\/participa\/voluntario\/#breadcrumb","itemListElement":[{"@type":"ListItem","position":1,"name":"Home","item":"https:\/\/atlantapride.org\/es\/"},{"@type":"ListItem","position":2,"name":"Participa","item":"https:\/\/atlantapride.org\/es\/participa\/"},{"@type":"ListItem","position":3,"name":"Voluntario"}]},{"@type":"WebSite","@id":"https:\/\/atlantapride.org\/es\/#website","url":"https:\/\/atlantapride.org\/es\/","name":"Atlanta Pride","description":"Atlanta Pride&#039;s Website","publisher":{"@id":"https:\/\/atlantapride.org\/es\/#organization"},"potentialAction":[{"@type":"SearchAction","target":{"@type":"EntryPoint","urlTemplate":"https:\/\/atlantapride.org\/es\/?s={search_term_string}"},"query-input":{"@type":"PropertyValueSpecification","valueRequired":true,"valueName":"search_term_string"}}],"inLanguage":"es"},{"@type":"Organization","@id":"https:\/\/atlantapride.org\/es\/#organization","name":"Atlanta Pride Committee, Inc","alternateName":"Atlanta Pride","url":"https:\/\/atlantapride.org\/es\/","logo":{"@type":"ImageObject","inLanguage":"es","@id":"https:\/\/atlantapride.org\/es\/#\/schema\/logo\/image\/","url":"https:\/\/atlantapride.org\/wp-content\/uploads\/2024\/02\/Atlanta-Pride-Logo.svg","contentUrl":"https:\/\/atlantapride.org\/wp-content\/uploads\/2024\/02\/Atlanta-Pride-Logo.svg","width":208,"height":126,"caption":"Atlanta Pride Committee, Inc"},"image":{"@id":"https:\/\/atlantapride.org\/es\/#\/schema\/logo\/image\/"},"sameAs":["https:\/\/www.facebook.com\/atlantapride"]}]}},"ticketed":false,"_links":{"self":[{"href":"https:\/\/atlantapride.org\/es\/wp-json\/wp\/v2\/pages\/885","targetHints":{"allow":["GET"]}}],"collection":[{"href":"https:\/\/atlantapride.org\/es\/wp-json\/wp\/v2\/pages"}],"about":[{"href":"https:\/\/atlantapride.org\/es\/wp-json\/wp\/v2\/types\/page"}],"author":[{"embeddable":true,"href":"https:\/\/atlantapride.org\/es\/wp-json\/wp\/v2\/users\/1"}],"replies":[{"embeddable":true,"href":"https:\/\/atlantapride.org\/es\/wp-json\/wp\/v2\/comments?post=885"}],"version-history":[{"count":2,"href":"https:\/\/atlantapride.org\/es\/wp-json\/wp\/v2\/pages\/885\/revisions"}],"predecessor-version":[{"id":1499,"href":"https:\/\/atlantapride.org\/es\/wp-json\/wp\/v2\/pages\/885\/revisions\/1499"}],"up":[{"embeddable":true,"href":"https:\/\/atlantapride.org\/es\/wp-json\/wp\/v2\/pages\/846"}],"wp:attachment":[{"href":"https:\/\/atlantapride.org\/es\/wp-json\/wp\/v2\/media?parent=885"}],"curies":[{"name":"wp","href":"https:\/\/api.w.org\/{rel}","templated":true}]}}