{"id":893,"date":"2024-03-13T15:41:14","date_gmt":"2024-03-13T19:41:14","guid":{"rendered":"https:\/\/atlantapride.org\/grandes-mariscales\/"},"modified":"2026-03-05T16:57:49","modified_gmt":"2026-03-05T21:57:49","slug":"grandes-mariscales","status":"publish","type":"page","link":"https:\/\/atlantapride.org\/es\/festival\/grandes-mariscales\/","title":{"rendered":"Grandes Mariscales"},"content":{"rendered":"\t\t<div data-elementor-type=\"wp-page\" data-elementor-id=\"893\" class=\"elementor elementor-893 elementor-167\" data-elementor-post-type=\"page\">\n\t\t\t\t<div class=\"elementor-element elementor-element-b690ce9 e-flex e-con-boxed e-con e-parent\" data-id=\"b690ce9\" data-element_type=\"container\" data-e-type=\"container\">\n\t\t\t\t\t<div class=\"e-con-inner\">\n\t\t<div class=\"elementor-element elementor-element-1a3ca36 e-con-full e-flex e-con e-child\" data-id=\"1a3ca36\" data-element_type=\"container\" data-e-type=\"container\">\n\t\t\t\t<div class=\"elementor-element elementor-element-08840a9 elementor-widget elementor-widget-spacer\" data-id=\"08840a9\" data-element_type=\"widget\" data-e-type=\"widget\" data-widget_type=\"spacer.default\">\n\t\t\t\t<div class=\"elementor-widget-container\">\n\t\t\t\t\t\t\t<div class=\"elementor-spacer\">\n\t\t\t<div class=\"elementor-spacer-inner\"><\/div>\n\t\t<\/div>\n\t\t\t\t\t\t<\/div>\n\t\t\t\t<\/div>\n\t\t\t\t<div class=\"elementor-element elementor-element-77fa90b elementor-widget elementor-widget-image\" data-id=\"77fa90b\" data-element_type=\"widget\" data-e-type=\"widget\" data-widget_type=\"image.default\">\n\t\t\t\t<div class=\"elementor-widget-container\">\n\t\t\t\t\t\t\t\t\t\t\t\t\t\t\t<img fetchpriority=\"high\" decoding=\"async\" width=\"800\" height=\"534\" src=\"https:\/\/atlantapride.org\/wp-content\/uploads\/2024\/06\/IMG_9422-1024x684.jpg\" class=\"attachment-large size-large wp-image-816\" alt=\"\" srcset=\"https:\/\/atlantapride.org\/wp-content\/uploads\/2024\/06\/IMG_9422-1024x684.jpg 1024w, https:\/\/atlantapride.org\/wp-content\/uploads\/2024\/06\/IMG_9422-300x200.jpg 300w, https:\/\/atlantapride.org\/wp-content\/uploads\/2024\/06\/IMG_9422-768x513.jpg 768w, https:\/\/atlantapride.org\/wp-content\/uploads\/2024\/06\/IMG_9422.jpg 1408w\" sizes=\"(max-width: 800px) 100vw, 800px\" \/>\t\t\t\t\t\t\t\t\t\t\t\t\t\t\t<\/div>\n\t\t\t\t<\/div>\n\t\t\t\t<\/div>\n\t\t<div class=\"elementor-element elementor-element-c01fb86 e-con-full e-flex e-con e-child\" data-id=\"c01fb86\" data-element_type=\"container\" data-e-type=\"container\">\n\t\t\t\t<div class=\"elementor-element elementor-element-d4a3975 elementor-widget elementor-widget-text-editor\" data-id=\"d4a3975\" data-element_type=\"widget\" data-e-type=\"widget\" data-widget_type=\"text-editor.default\">\n\t\t\t\t<div class=\"elementor-widget-container\">\n\t\t\t\t\t\t\t\t\t<h3>\u00bfListo para nominar al pr\u00f3ximo Gran Mariscal del Desfile del Orgullo de Atlanta?<\/h3><p>Desde 1992, hemos estado celebrando a los s\/h\u00e9roes que marcan la diferencia en la comunidad LGBTQ+ de Atlanta, \u00a1y ahora es tu turno de ayudarnos a reconocer lo mejor de lo mejor!<\/p><p>Nomina a tus l\u00edderes, individuos u organizaciones LGBTQ+ favoritos que hayan tenido un impacto positivo en el \u00e1mbito LGBTQ+ de Georgia, ya trabajen a nivel local, nacional o incluso internacional. Esta es tu oportunidad de destacar a quienes inspiran el cambio y marcan una verdadera diferencia. Se admiten candidaturas de todas las orientaciones sexuales, identidades de g\u00e9nero y expresiones, y los Grandes Mariscales pueden encabezar uno de los desfiles m\u00e1s fabulosos del pa\u00eds.<\/p>\t\t\t\t\t\t\t\t<\/div>\n\t\t\t\t<\/div>\n\t\t\t\t<\/div>\n\t\t\t\t\t<\/div>\n\t\t\t\t<\/div>\n\t\t<div class=\"elementor-element elementor-element-78c2171 e-flex e-con-boxed e-con e-parent\" data-id=\"78c2171\" data-element_type=\"container\" data-e-type=\"container\">\n\t\t\t\t\t<div class=\"e-con-inner\">\n\t\t<div class=\"elementor-element elementor-element-c9026f0 e-con-full e-flex e-con e-child\" data-id=\"c9026f0\" data-element_type=\"container\" data-e-type=\"container\">\n\t\t\t\t<div class=\"elementor-element elementor-element-4910c8a elementor-widget elementor-widget-text-editor\" data-id=\"4910c8a\" data-element_type=\"widget\" data-e-type=\"widget\" data-widget_type=\"text-editor.default\">\n\t\t\t\t<div class=\"elementor-widget-container\">\n\t\t\t\t\t\t\t\t\t<h4>Aqu\u00ed tienes algunas cosas que debes tener en cuenta antes de presentar tus candidaturas:<\/h4><ul><li aria-level=\"1\">Puedes nominar a tantas personas como quieras, pero cada presentaci\u00f3n necesita su propio formulario. S\u00f3lo un grupo o individuo por formulario, por favor.<\/li><\/ul><ul><li aria-level=\"1\">Las nominaciones se basan en las contribuciones del nominado, no en el n\u00famero de formularios presentados. \u00a1Calidad sobre cantidad!<\/li><\/ul><ul><li aria-level=\"1\">Aseg\u00farate de que tus nominados sepan que est\u00e1n siendo nominados, y proporciona tanta informaci\u00f3n de contacto como sea posible. \u00a1No podemos elegir un Gran Mariscal si no podemos ponernos en contacto con \u00e9l!<\/li><\/ul><ul><li aria-level=\"1\">Los candidatos pol\u00edticos no son elegibles, as\u00ed que manteng\u00e1moslo centrado en la comunidad, no en las campa\u00f1as.<\/li><\/ul><ul><li aria-level=\"1\">Ser Gran Mariscal es un honor prestigioso, por lo que buscamos a personas apasionadas por la promoci\u00f3n de los derechos de las personas LGBTQ+, especialmente en Georgia. Aunque el Comit\u00e9 del Orgullo de Atlanta no paga honorarios por comparecencia, actuar como Gran Mariscal es una oportunidad fant\u00e1stica de formar parte de algo asombroso.<\/li><\/ul><h3> <\/h3>\t\t\t\t\t\t\t\t<\/div>\n\t\t\t\t<\/div>\n\t\t\t\t<\/div>\n\t\t<div class=\"elementor-element elementor-element-34069d0 e-con-full e-flex e-con e-child\" data-id=\"34069d0\" data-element_type=\"container\" data-e-type=\"container\">\n\t\t\t\t<div class=\"elementor-element elementor-element-8e5c3c9 elementor-widget elementor-widget-spacer\" data-id=\"8e5c3c9\" data-element_type=\"widget\" data-e-type=\"widget\" data-widget_type=\"spacer.default\">\n\t\t\t\t<div class=\"elementor-widget-container\">\n\t\t\t\t\t\t\t<div class=\"elementor-spacer\">\n\t\t\t<div class=\"elementor-spacer-inner\"><\/div>\n\t\t<\/div>\n\t\t\t\t\t\t<\/div>\n\t\t\t\t<\/div>\n\t\t\t\t<div class=\"elementor-element elementor-element-ecdb22d elementor-widget elementor-widget-image\" data-id=\"ecdb22d\" data-element_type=\"widget\" data-e-type=\"widget\" data-widget_type=\"image.default\">\n\t\t\t\t<div class=\"elementor-widget-container\">\n\t\t\t\t\t\t\t\t\t\t\t\t\t\t\t<img decoding=\"async\" width=\"800\" height=\"534\" src=\"https:\/\/atlantapride.org\/wp-content\/uploads\/2024\/06\/GrandMarshallElaineHendrix-1024x683.jpg\" class=\"attachment-large size-large wp-image-817\" alt=\"Grand Marshall Elaine Hendrix\" srcset=\"https:\/\/atlantapride.org\/wp-content\/uploads\/2024\/06\/GrandMarshallElaineHendrix-1024x683.jpg 1024w, https:\/\/atlantapride.org\/wp-content\/uploads\/2024\/06\/GrandMarshallElaineHendrix-300x200.jpg 300w, https:\/\/atlantapride.org\/wp-content\/uploads\/2024\/06\/GrandMarshallElaineHendrix-768x512.jpg 768w, https:\/\/atlantapride.org\/wp-content\/uploads\/2024\/06\/GrandMarshallElaineHendrix.jpg 1200w\" sizes=\"(max-width: 800px) 100vw, 800px\" \/>\t\t\t\t\t\t\t\t\t\t\t\t\t\t\t<\/div>\n\t\t\t\t<\/div>\n\t\t\t\t<\/div>\n\t\t\t\t\t<\/div>\n\t\t\t\t<\/div>\n\t\t<div class=\"elementor-element elementor-element-75b95b4 e-flex e-con-boxed e-con e-parent\" data-id=\"75b95b4\" data-element_type=\"container\" data-e-type=\"container\">\n\t\t\t\t\t<div class=\"e-con-inner\">\n\t\t<div class=\"elementor-element elementor-element-0148c7d e-con-full e-flex e-con e-child\" data-id=\"0148c7d\" data-element_type=\"container\" data-e-type=\"container\">\n\t\t\t\t<div class=\"elementor-element elementor-element-4f33107 elementor-widget elementor-widget-image\" data-id=\"4f33107\" data-element_type=\"widget\" data-e-type=\"widget\" data-widget_type=\"image.default\">\n\t\t\t\t<div class=\"elementor-widget-container\">\n\t\t\t\t\t\t\t\t\t\t\t\t\t\t\t<img decoding=\"async\" width=\"800\" height=\"537\" src=\"https:\/\/atlantapride.org\/wp-content\/uploads\/2026\/03\/Untitled-design-4-e1772747836820-1024x687.png\" class=\"attachment-large size-large wp-image-5870\" alt=\"\" srcset=\"https:\/\/atlantapride.org\/wp-content\/uploads\/2026\/03\/Untitled-design-4-e1772747836820-1024x687.png 1024w, https:\/\/atlantapride.org\/wp-content\/uploads\/2026\/03\/Untitled-design-4-e1772747836820-300x201.png 300w, https:\/\/atlantapride.org\/wp-content\/uploads\/2026\/03\/Untitled-design-4-e1772747836820-768x515.png 768w, https:\/\/atlantapride.org\/wp-content\/uploads\/2026\/03\/Untitled-design-4-e1772747836820-1536x1030.png 1536w, https:\/\/atlantapride.org\/wp-content\/uploads\/2026\/03\/Untitled-design-4-e1772747836820.png 1610w\" sizes=\"(max-width: 800px) 100vw, 800px\" \/>\t\t\t\t\t\t\t\t\t\t\t\t\t\t\t<\/div>\n\t\t\t\t<\/div>\n\t\t\t\t<\/div>\n\t\t<div class=\"elementor-element elementor-element-309986f e-con-full e-flex e-con e-child\" data-id=\"309986f\" data-element_type=\"container\" data-e-type=\"container\">\n\t\t\t\t<div class=\"elementor-element elementor-element-aaea0da elementor-widget elementor-widget-text-editor\" data-id=\"aaea0da\" data-element_type=\"widget\" data-e-type=\"widget\" data-widget_type=\"text-editor.default\">\n\t\t\t\t<div class=\"elementor-widget-container\">\n\t\t\t\t\t\t\t\t\t<h3 style=\"text-align: center;\"><strong>Conoce a los Grandes Mariscales de 2025<\/strong><\/h3>\t\t\t\t\t\t\t\t<\/div>\n\t\t\t\t<\/div>\n\t\t\t\t<div class=\"elementor-element elementor-element-8af3e68 elementor-widget elementor-widget-spacer\" data-id=\"8af3e68\" data-element_type=\"widget\" data-e-type=\"widget\" data-widget_type=\"spacer.default\">\n\t\t\t\t<div class=\"elementor-widget-container\">\n\t\t\t\t\t\t\t<div class=\"elementor-spacer\">\n\t\t\t<div class=\"elementor-spacer-inner\"><\/div>\n\t\t<\/div>\n\t\t\t\t\t\t<\/div>\n\t\t\t\t<\/div>\n\t\t\t\t<div class=\"elementor-element elementor-element-053b0e5 elementor-align-center elementor-widget elementor-widget-button\" data-id=\"053b0e5\" data-element_type=\"widget\" data-e-type=\"widget\" data-widget_type=\"button.default\">\n\t\t\t\t<div class=\"elementor-widget-container\">\n\t\t\t\t\t\t\t\t\t<div class=\"elementor-button-wrapper\">\n\t\t\t\t\t<a class=\"elementor-button elementor-button-link elementor-size-sm\" href=\"https:\/\/atlantapride.org\/es\/festival\/grandes-mariscales\/grandes-mariscales-anteriores\/2025-grandes-mariscales\/\">\n\t\t\t\t\t\t<span class=\"elementor-button-content-wrapper\">\n\t\t\t\t\t\t\t\t\t<span class=\"elementor-button-text\">2025 Grandes Mariscales<\/span>\n\t\t\t\t\t<\/span>\n\t\t\t\t\t<\/a>\n\t\t\t\t<\/div>\n\t\t\t\t\t\t\t\t<\/div>\n\t\t\t\t<\/div>\n\t\t\t\t<\/div>\n\t\t\t\t\t<\/div>\n\t\t\t\t<\/div>\n\t\t<div class=\"elementor-element elementor-element-71e0f36 e-flex e-con-boxed e-con e-parent\" data-id=\"71e0f36\" data-element_type=\"container\" data-e-type=\"container\">\n\t\t\t\t\t<div class=\"e-con-inner\">\n\t\t\t\t<div class=\"elementor-element elementor-element-0b39f94 elementor-widget elementor-widget-spacer\" data-id=\"0b39f94\" data-element_type=\"widget\" data-e-type=\"widget\" data-widget_type=\"spacer.default\">\n\t\t\t\t<div class=\"elementor-widget-container\">\n\t\t\t\t\t\t\t<div class=\"elementor-spacer\">\n\t\t\t<div class=\"elementor-spacer-inner\"><\/div>\n\t\t<\/div>\n\t\t\t\t\t\t<\/div>\n\t\t\t\t<\/div>\n\t\t\t\t<div class=\"elementor-element elementor-element-528bfc7 elementor-widget elementor-widget-text-editor\" data-id=\"528bfc7\" data-element_type=\"widget\" data-e-type=\"widget\" data-widget_type=\"text-editor.default\">\n\t\t\t\t<div class=\"elementor-widget-container\">\n\t\t\t\t\t\t\t\t\t<p style=\"text-align: center;\"><a href=\"https:\/\/atlantapride.org\/es\/festival\/grandes-mariscales\/grandes-mariscales-anteriores\/\">Haz clic aqu\u00ed para ver a los anteriores Grandes Mariscales e inspirarte.<\/a><\/p>\t\t\t\t\t\t\t\t<\/div>\n\t\t\t\t<\/div>\n\t\t\t\t\t<\/div>\n\t\t\t\t<\/div>\n\t\t\t\t<\/div>\n\t\t","protected":false},"excerpt":{"rendered":"<p>\u00bfListo para nominar al pr\u00f3ximo Gran Mariscal del Desfile del Orgullo de Atlanta? Desde 1992, hemos estado celebrando a los s\/h\u00e9roes que marcan la diferencia en la comunidad LGBTQ+ de [&hellip;]<\/p>\n","protected":false},"author":1,"featured_media":0,"parent":929,"menu_order":0,"comment_status":"closed","ping_status":"closed","template":"","meta":{"_price":"","_stock":"","_tribe_ticket_header":"","_tribe_default_ticket_provider":"","_tribe_ticket_capacity":"0","_ticket_start_date":"","_ticket_end_date":"","_tribe_ticket_show_description":"","_tribe_ticket_show_not_going":false,"_tribe_ticket_use_global_stock":"","_tribe_ticket_global_stock_level":"","_global_stock_mode":"","_global_stock_cap":"","_tribe_rsvp_for_event":"","_tribe_ticket_going_count":"","_tribe_ticket_not_going_count":"","_tribe_tickets_list":"[]","_tribe_ticket_has_attendee_info_fields":false,"footnotes":"","_tec_slr_enabled":"","_tec_slr_layout":""},"class_list":["post-893","page","type-page","status-publish","hentry"],"yoast_head":"<!-- This site is optimized with the Yoast SEO plugin v27.3 - https:\/\/yoast.com\/product\/yoast-seo-wordpress\/ -->\n<title>Grandes Mariscales - Atlanta Pride<\/title>\n<meta name=\"robots\" content=\"index, follow, max-snippet:-1, max-image-preview:large, max-video-preview:-1\" \/>\n<link rel=\"canonical\" href=\"https:\/\/atlantapride.org\/es\/festival\/grandes-mariscales\/\" \/>\n<meta property=\"og:locale\" content=\"es_ES\" \/>\n<meta property=\"og:type\" content=\"article\" \/>\n<meta property=\"og:title\" content=\"Grandes Mariscales - Atlanta Pride\" \/>\n<meta property=\"og:description\" content=\"\u00bfListo para nominar al pr\u00f3ximo Gran Mariscal del Desfile del Orgullo de Atlanta? Desde 1992, hemos estado celebrando a los s\/h\u00e9roes que marcan la diferencia en la comunidad LGBTQ+ de [&hellip;]\" \/>\n<meta property=\"og:url\" content=\"https:\/\/atlantapride.org\/es\/festival\/grandes-mariscales\/\" \/>\n<meta property=\"og:site_name\" content=\"Atlanta Pride\" \/>\n<meta property=\"article:publisher\" content=\"https:\/\/www.facebook.com\/atlantapride\" \/>\n<meta property=\"article:modified_time\" content=\"2026-03-05T21:57:49+00:00\" \/>\n<meta property=\"og:image\" content=\"https:\/\/atlantapride.org\/wp-content\/uploads\/2024\/06\/IMG_9422.jpg\" \/>\n\t<meta property=\"og:image:width\" content=\"1408\" \/>\n\t<meta property=\"og:image:height\" content=\"940\" \/>\n\t<meta property=\"og:image:type\" content=\"image\/jpeg\" \/>\n<meta name=\"twitter:card\" content=\"summary_large_image\" \/>\n<meta name=\"twitter:label1\" content=\"Tiempo de lectura\" \/>\n\t<meta name=\"twitter:data1\" content=\"2 minutos\" \/>\n<script type=\"application\/ld+json\" class=\"yoast-schema-graph\">{\"@context\":\"https:\\\/\\\/schema.org\",\"@graph\":[{\"@type\":\"WebPage\",\"@id\":\"https:\\\/\\\/atlantapride.org\\\/es\\\/festival\\\/grandes-mariscales\\\/\",\"url\":\"https:\\\/\\\/atlantapride.org\\\/es\\\/festival\\\/grandes-mariscales\\\/\",\"name\":\"Grandes Mariscales - Atlanta Pride\",\"isPartOf\":{\"@id\":\"https:\\\/\\\/atlantapride.org\\\/es\\\/#website\"},\"primaryImageOfPage\":{\"@id\":\"https:\\\/\\\/atlantapride.org\\\/es\\\/festival\\\/grandes-mariscales\\\/#primaryimage\"},\"image\":{\"@id\":\"https:\\\/\\\/atlantapride.org\\\/es\\\/festival\\\/grandes-mariscales\\\/#primaryimage\"},\"thumbnailUrl\":\"https:\\\/\\\/atlantapride.org\\\/wp-content\\\/uploads\\\/2024\\\/06\\\/IMG_9422-1024x684.jpg\",\"datePublished\":\"2024-03-13T19:41:14+00:00\",\"dateModified\":\"2026-03-05T21:57:49+00:00\",\"breadcrumb\":{\"@id\":\"https:\\\/\\\/atlantapride.org\\\/es\\\/festival\\\/grandes-mariscales\\\/#breadcrumb\"},\"inLanguage\":\"es\",\"potentialAction\":[{\"@type\":\"ReadAction\",\"target\":[\"https:\\\/\\\/atlantapride.org\\\/es\\\/festival\\\/grandes-mariscales\\\/\"]}]},{\"@type\":\"ImageObject\",\"inLanguage\":\"es\",\"@id\":\"https:\\\/\\\/atlantapride.org\\\/es\\\/festival\\\/grandes-mariscales\\\/#primaryimage\",\"url\":\"https:\\\/\\\/atlantapride.org\\\/wp-content\\\/uploads\\\/2024\\\/06\\\/IMG_9422-1024x684.jpg\",\"contentUrl\":\"https:\\\/\\\/atlantapride.org\\\/wp-content\\\/uploads\\\/2024\\\/06\\\/IMG_9422-1024x684.jpg\"},{\"@type\":\"BreadcrumbList\",\"@id\":\"https:\\\/\\\/atlantapride.org\\\/es\\\/festival\\\/grandes-mariscales\\\/#breadcrumb\",\"itemListElement\":[{\"@type\":\"ListItem\",\"position\":1,\"name\":\"Home\",\"item\":\"https:\\\/\\\/atlantapride.org\\\/es\\\/\"},{\"@type\":\"ListItem\",\"position\":2,\"name\":\"Festival\",\"item\":\"https:\\\/\\\/atlantapride.org\\\/es\\\/festival\\\/\"},{\"@type\":\"ListItem\",\"position\":3,\"name\":\"Grandes Mariscales\"}]},{\"@type\":\"WebSite\",\"@id\":\"https:\\\/\\\/atlantapride.org\\\/es\\\/#website\",\"url\":\"https:\\\/\\\/atlantapride.org\\\/es\\\/\",\"name\":\"Atlanta Pride\",\"description\":\"Atlanta Pride&#039;s Website\",\"publisher\":{\"@id\":\"https:\\\/\\\/atlantapride.org\\\/es\\\/#organization\"},\"potentialAction\":[{\"@type\":\"SearchAction\",\"target\":{\"@type\":\"EntryPoint\",\"urlTemplate\":\"https:\\\/\\\/atlantapride.org\\\/es\\\/?s={search_term_string}\"},\"query-input\":{\"@type\":\"PropertyValueSpecification\",\"valueRequired\":true,\"valueName\":\"search_term_string\"}}],\"inLanguage\":\"es\"},{\"@type\":\"Organization\",\"@id\":\"https:\\\/\\\/atlantapride.org\\\/es\\\/#organization\",\"name\":\"Atlanta Pride Committee, Inc\",\"alternateName\":\"Atlanta Pride\",\"url\":\"https:\\\/\\\/atlantapride.org\\\/es\\\/\",\"logo\":{\"@type\":\"ImageObject\",\"inLanguage\":\"es\",\"@id\":\"https:\\\/\\\/atlantapride.org\\\/es\\\/#\\\/schema\\\/logo\\\/image\\\/\",\"url\":\"https:\\\/\\\/atlantapride.org\\\/wp-content\\\/uploads\\\/2024\\\/02\\\/Atlanta-Pride-Logo.svg\",\"contentUrl\":\"https:\\\/\\\/atlantapride.org\\\/wp-content\\\/uploads\\\/2024\\\/02\\\/Atlanta-Pride-Logo.svg\",\"width\":208,\"height\":126,\"caption\":\"Atlanta Pride Committee, Inc\"},\"image\":{\"@id\":\"https:\\\/\\\/atlantapride.org\\\/es\\\/#\\\/schema\\\/logo\\\/image\\\/\"},\"sameAs\":[\"https:\\\/\\\/www.facebook.com\\\/atlantapride\"]}]}<\/script>\n<!-- \/ Yoast SEO plugin. -->","yoast_head_json":{"title":"Grandes Mariscales - Atlanta Pride","robots":{"index":"index","follow":"follow","max-snippet":"max-snippet:-1","max-image-preview":"max-image-preview:large","max-video-preview":"max-video-preview:-1"},"canonical":"https:\/\/atlantapride.org\/es\/festival\/grandes-mariscales\/","og_locale":"es_ES","og_type":"article","og_title":"Grandes Mariscales - Atlanta Pride","og_description":"\u00bfListo para nominar al pr\u00f3ximo Gran Mariscal del Desfile del Orgullo de Atlanta? Desde 1992, hemos estado celebrando a los s\/h\u00e9roes que marcan la diferencia en la comunidad LGBTQ+ de [&hellip;]","og_url":"https:\/\/atlantapride.org\/es\/festival\/grandes-mariscales\/","og_site_name":"Atlanta Pride","article_publisher":"https:\/\/www.facebook.com\/atlantapride","article_modified_time":"2026-03-05T21:57:49+00:00","og_image":[{"width":1408,"height":940,"url":"https:\/\/atlantapride.org\/wp-content\/uploads\/2024\/06\/IMG_9422.jpg","type":"image\/jpeg"}],"twitter_card":"summary_large_image","twitter_misc":{"Tiempo de lectura":"2 minutos"},"schema":{"@context":"https:\/\/schema.org","@graph":[{"@type":"WebPage","@id":"https:\/\/atlantapride.org\/es\/festival\/grandes-mariscales\/","url":"https:\/\/atlantapride.org\/es\/festival\/grandes-mariscales\/","name":"Grandes Mariscales - Atlanta Pride","isPartOf":{"@id":"https:\/\/atlantapride.org\/es\/#website"},"primaryImageOfPage":{"@id":"https:\/\/atlantapride.org\/es\/festival\/grandes-mariscales\/#primaryimage"},"image":{"@id":"https:\/\/atlantapride.org\/es\/festival\/grandes-mariscales\/#primaryimage"},"thumbnailUrl":"https:\/\/atlantapride.org\/wp-content\/uploads\/2024\/06\/IMG_9422-1024x684.jpg","datePublished":"2024-03-13T19:41:14+00:00","dateModified":"2026-03-05T21:57:49+00:00","breadcrumb":{"@id":"https:\/\/atlantapride.org\/es\/festival\/grandes-mariscales\/#breadcrumb"},"inLanguage":"es","potentialAction":[{"@type":"ReadAction","target":["https:\/\/atlantapride.org\/es\/festival\/grandes-mariscales\/"]}]},{"@type":"ImageObject","inLanguage":"es","@id":"https:\/\/atlantapride.org\/es\/festival\/grandes-mariscales\/#primaryimage","url":"https:\/\/atlantapride.org\/wp-content\/uploads\/2024\/06\/IMG_9422-1024x684.jpg","contentUrl":"https:\/\/atlantapride.org\/wp-content\/uploads\/2024\/06\/IMG_9422-1024x684.jpg"},{"@type":"BreadcrumbList","@id":"https:\/\/atlantapride.org\/es\/festival\/grandes-mariscales\/#breadcrumb","itemListElement":[{"@type":"ListItem","position":1,"name":"Home","item":"https:\/\/atlantapride.org\/es\/"},{"@type":"ListItem","position":2,"name":"Festival","item":"https:\/\/atlantapride.org\/es\/festival\/"},{"@type":"ListItem","position":3,"name":"Grandes Mariscales"}]},{"@type":"WebSite","@id":"https:\/\/atlantapride.org\/es\/#website","url":"https:\/\/atlantapride.org\/es\/","name":"Atlanta Pride","description":"Atlanta Pride&#039;s Website","publisher":{"@id":"https:\/\/atlantapride.org\/es\/#organization"},"potentialAction":[{"@type":"SearchAction","target":{"@type":"EntryPoint","urlTemplate":"https:\/\/atlantapride.org\/es\/?s={search_term_string}"},"query-input":{"@type":"PropertyValueSpecification","valueRequired":true,"valueName":"search_term_string"}}],"inLanguage":"es"},{"@type":"Organization","@id":"https:\/\/atlantapride.org\/es\/#organization","name":"Atlanta Pride Committee, Inc","alternateName":"Atlanta Pride","url":"https:\/\/atlantapride.org\/es\/","logo":{"@type":"ImageObject","inLanguage":"es","@id":"https:\/\/atlantapride.org\/es\/#\/schema\/logo\/image\/","url":"https:\/\/atlantapride.org\/wp-content\/uploads\/2024\/02\/Atlanta-Pride-Logo.svg","contentUrl":"https:\/\/atlantapride.org\/wp-content\/uploads\/2024\/02\/Atlanta-Pride-Logo.svg","width":208,"height":126,"caption":"Atlanta Pride Committee, Inc"},"image":{"@id":"https:\/\/atlantapride.org\/es\/#\/schema\/logo\/image\/"},"sameAs":["https:\/\/www.facebook.com\/atlantapride"]}]}},"ticketed":false,"_links":{"self":[{"href":"https:\/\/atlantapride.org\/es\/wp-json\/wp\/v2\/pages\/893","targetHints":{"allow":["GET"]}}],"collection":[{"href":"https:\/\/atlantapride.org\/es\/wp-json\/wp\/v2\/pages"}],"about":[{"href":"https:\/\/atlantapride.org\/es\/wp-json\/wp\/v2\/types\/page"}],"author":[{"embeddable":true,"href":"https:\/\/atlantapride.org\/es\/wp-json\/wp\/v2\/users\/1"}],"replies":[{"embeddable":true,"href":"https:\/\/atlantapride.org\/es\/wp-json\/wp\/v2\/comments?post=893"}],"version-history":[{"count":8,"href":"https:\/\/atlantapride.org\/es\/wp-json\/wp\/v2\/pages\/893\/revisions"}],"predecessor-version":[{"id":5871,"href":"https:\/\/atlantapride.org\/es\/wp-json\/wp\/v2\/pages\/893\/revisions\/5871"}],"up":[{"embeddable":true,"href":"https:\/\/atlantapride.org\/es\/wp-json\/wp\/v2\/pages\/929"}],"wp:attachment":[{"href":"https:\/\/atlantapride.org\/es\/wp-json\/wp\/v2\/media?parent=893"}],"curies":[{"name":"wp","href":"https:\/\/api.w.org\/{rel}","templated":true}]}}