{"id":896,"date":"2024-03-13T15:39:52","date_gmt":"2024-03-13T19:39:52","guid":{"rendered":"https:\/\/atlantapride.org\/mercado\/"},"modified":"2024-10-28T14:53:02","modified_gmt":"2024-10-28T18:53:02","slug":"mercado","status":"publish","type":"page","link":"https:\/\/atlantapride.org\/es\/festival\/mercado\/","title":{"rendered":"Mercado"},"content":{"rendered":"\t\t<div data-elementor-type=\"wp-page\" data-elementor-id=\"896\" class=\"elementor elementor-896 elementor-157\" data-elementor-post-type=\"page\">\n\t\t\t\t<div class=\"elementor-element elementor-element-020548c e-flex e-con-boxed e-con e-parent\" data-id=\"020548c\" data-element_type=\"container\" data-e-type=\"container\">\n\t\t\t\t\t<div class=\"e-con-inner\">\n\t\t<div class=\"elementor-element elementor-element-c765b50 e-con-full e-flex e-con e-child\" data-id=\"c765b50\" data-element_type=\"container\" data-e-type=\"container\">\n\t\t\t\t<div class=\"elementor-element elementor-element-0f54dae elementor-widget elementor-widget-image\" data-id=\"0f54dae\" data-element_type=\"widget\" data-e-type=\"widget\" data-widget_type=\"image.default\">\n\t\t\t\t<div class=\"elementor-widget-container\">\n\t\t\t\t\t\t\t\t\t\t\t\t\t\t\t<img fetchpriority=\"high\" decoding=\"async\" width=\"800\" height=\"533\" src=\"https:\/\/atlantapride.org\/wp-content\/uploads\/2024\/10\/Atlanta-Pride-Marketplace-1.jpg\" class=\"attachment-large size-large wp-image-1467\" alt=\"Atlanta Pride Marketplace\" srcset=\"https:\/\/atlantapride.org\/wp-content\/uploads\/2024\/10\/Atlanta-Pride-Marketplace-1.jpg 800w, https:\/\/atlantapride.org\/wp-content\/uploads\/2024\/10\/Atlanta-Pride-Marketplace-1-300x200.jpg 300w, https:\/\/atlantapride.org\/wp-content\/uploads\/2024\/10\/Atlanta-Pride-Marketplace-1-768x512.jpg 768w\" sizes=\"(max-width: 800px) 100vw, 800px\" \/>\t\t\t\t\t\t\t\t\t\t\t\t\t\t\t<\/div>\n\t\t\t\t<\/div>\n\t\t\t\t<\/div>\n\t\t<div class=\"elementor-element elementor-element-45a9d70 e-con-full e-flex e-con e-child\" data-id=\"45a9d70\" data-element_type=\"container\" data-e-type=\"container\">\n\t\t\t\t<div class=\"elementor-element elementor-element-6014d2f elementor-widget elementor-widget-text-editor\" data-id=\"6014d2f\" data-element_type=\"widget\" data-e-type=\"widget\" data-widget_type=\"text-editor.default\">\n\t\t\t\t<div class=\"elementor-widget-container\">\n\t\t\t\t\t\t\t\t\t<p><span style=\"font-weight: 400;\">Bienvenido al Mercado del Orgullo de Atlanta, el vibrante coraz\u00f3n del mayor evento gratuito del Orgullo del pa\u00eds.<br \/>\nAqu\u00ed encontrar\u00e1s una mezcla de organizaciones comunitarias, patrocinadores y vendedores, con algo para todos los gustos.<br \/>\nCon m\u00e1s de 350.000 visitantes durante todo el fin de semana, es tu centro de conexiones, aprendizaje y defensa.  <\/span><\/p>\n<p><span style=\"font-weight: 400;\">Aseg\u00farate de pasarte por el Mercado, que est\u00e1 abierto de 10 a 22 h los dos d\u00edas del festival.<br \/>\nS\u00f3lo un aviso: el tr\u00e1fico es m\u00e1s ligero el domingo durante el desfile, y algunos vendedores pueden cerrar desde el mediod\u00eda hasta las 14:30 aproximadamente para disfrutar de las festividades. <\/span><\/p>\n<p><span style=\"font-weight: 400;\">Si est\u00e1s interesado en montar un puesto en el Mercado, consulta las preguntas m\u00e1s frecuentes que figuran a continuaci\u00f3n y haz clic para solicitarlo.<br \/>\nLas plazas se llenan r\u00e1pidamente, \u00a1as\u00ed que no te lo pierdas!<br \/>\nEs tu oportunidad de formar parte de la acci\u00f3n.  <\/span><\/p>\n\t\t\t\t\t\t\t\t<\/div>\n\t\t\t\t<\/div>\n\t\t\t\t<\/div>\n\t\t\t\t\t<\/div>\n\t\t\t\t<\/div>\n\t\t<div class=\"elementor-element elementor-element-3305bd5 e-flex e-con-boxed e-con e-parent\" data-id=\"3305bd5\" data-element_type=\"container\" data-e-type=\"container\">\n\t\t\t\t\t<div class=\"e-con-inner\">\n\t\t<div class=\"elementor-element elementor-element-2474dd6 e-con-full e-flex e-con e-child\" data-id=\"2474dd6\" data-element_type=\"container\" data-e-type=\"container\">\n\t\t\t\t<div class=\"elementor-element elementor-element-fc701bd elementor-widget elementor-widget-text-editor\" data-id=\"fc701bd\" data-element_type=\"widget\" data-e-type=\"widget\" data-widget_type=\"text-editor.default\">\n\t\t\t\t<div class=\"elementor-widget-container\">\n\t\t\t\t\t\t\t\t\t<h2><b>\u00bfQu\u00e9 incluye?<\/b><\/h2>\n<p><b>Espacio de Cabina con Carpa<\/b><b><br \/><\/b><span style=\"font-weight: 400;\">Te tenemos cubierto, \u00a1literalmente!<br \/>\nTu espacio de 10&#8242; x 10&#8242; viene con una carpa ya montada.<br \/>\nDeja tus carpas personalizadas en casa; no podemos permitirlas debido a las normas del seguro y a los acuerdos con los patrocinadores.  <\/span><\/p>\n<p><b>Mesa y sillas<\/b><b><br \/><\/b><span style=\"font-weight: 400;\">Tu puesto incluye una mesa de 2,5 m y dos sillas, pero si necesitas m\u00e1s, podemos a\u00f1adirlas por un precio.<br \/>\nNo dudes en traer un mantel para adornarlo. <\/span><\/p>\n<p><b>Extras<\/b><b><br \/><\/b><span style=\"font-weight: 400;\">\u00bfQuieres m\u00e1s?<br \/>\nPor una tarifa, puedes a\u00f1adir bajadas el\u00e9ctricas, paredes de carpa o m\u00e1s mesas y sillas.<br \/>\nNuestras opciones el\u00e9ctricas son de 5, 10 \u00f3 20 AMP, y puedes elegir paredes de carpa para uno o todos los lados de tu caseta, \u00a1t\u00fa decides!  <\/span><\/p>\n<p><b>\u00bfD\u00f3nde est\u00e1 mi cabina?<\/b><b><br \/><\/b><span style=\"font-weight: 400;\">\u00a1T\u00fa eliges!<br \/>\nEl mapa de la izquierda te da una idea de la distribuci\u00f3n del Mercado, y tambi\u00e9n puedes ver un mapa detallado en la aplicaci\u00f3n.<br \/>\nLa tarifa b\u00e1sica cubre la mayor\u00eda de los puestos, pero los puestos premium, como los de esquina, tienen un coste adicional.  <\/span><\/p>\n<h2><b>Carga y descarga<\/b><\/h2>\n<p><b>\u00bfD\u00f3nde est\u00e1 Load-In\/Out?<\/b><b><br \/><\/b><span style=\"font-weight: 400;\">Dir\u00edgete a la puerta de la calle 14 en la avenida Piedmont para cargar y descargar.<br \/>\nEnse\u00f1a tu c\u00f3digo QR en el mostrador de facturaci\u00f3n y dir\u00edgete a la zona de carga y descarga.<br \/>\nSaldr\u00e1s por la Puerta de la Calle 12.  <\/span><\/p>\n<p><b>\u00bfQu\u00e9 puedo esperar?<\/b><b><br \/><\/b><span style=\"font-weight: 400;\">\u00a1Trae a un compa\u00f1ero!<br \/>\nEs necesario que haya dos personas para cargar y descargar.<br \/>\nUna persona puede descargar mientras la otra aparca el coche.<br \/>\nRecuerda que los veh\u00edculos no pueden permanecer en la zona de carga y descarga sin su propietario, y que no se puede entregar mercanc\u00eda en tu stand sin un representante autorizado de tu organizaci\u00f3n.   <\/span><\/p>\n<p><b>\u00bfD\u00f3nde aparco?<\/b><b><br \/><\/b><span style=\"font-weight: 400;\">Atlanta Pride no proporciona aparcamiento a los vendedores, pero hay muchos garajes y aparcamientos alrededor del parque.<br \/>\nEso s\u00ed, las tarifas de aparcamiento corren de tu cuenta. <\/span><\/p>\n<p><b>\u00bfC\u00f3mo me inscribo?<\/b><b><br \/><\/b><span style=\"font-weight: 400;\">Las solicitudes para el Mercado se cierran el 15 de julio de 2024, \u00a1as\u00ed que env\u00eda la tuya pronto!<\/span><\/p>\n\t\t\t\t\t\t\t\t<\/div>\n\t\t\t\t<\/div>\n\t\t\t\t<\/div>\n\t\t<div class=\"elementor-element elementor-element-33275dd e-con-full e-flex e-con e-child\" data-id=\"33275dd\" data-element_type=\"container\" data-e-type=\"container\">\n\t\t\t\t<div class=\"elementor-element elementor-element-a34ba4d elementor-widget elementor-widget-image\" data-id=\"a34ba4d\" data-element_type=\"widget\" data-e-type=\"widget\" data-widget_type=\"image.default\">\n\t\t\t\t<div class=\"elementor-widget-container\">\n\t\t\t\t\t\t\t\t\t\t\t\t\t\t\t<img decoding=\"async\" width=\"800\" height=\"598\" src=\"https:\/\/atlantapride.org\/wp-content\/uploads\/2024\/10\/Atlanta-Pride-Marketplace.jpg\" class=\"attachment-large size-large wp-image-1465\" alt=\"Atlanta Pride Marketplace\" srcset=\"https:\/\/atlantapride.org\/wp-content\/uploads\/2024\/10\/Atlanta-Pride-Marketplace.jpg 800w, https:\/\/atlantapride.org\/wp-content\/uploads\/2024\/10\/Atlanta-Pride-Marketplace-300x224.jpg 300w, https:\/\/atlantapride.org\/wp-content\/uploads\/2024\/10\/Atlanta-Pride-Marketplace-768x574.jpg 768w\" sizes=\"(max-width: 800px) 100vw, 800px\" \/>\t\t\t\t\t\t\t\t\t\t\t\t\t\t\t<\/div>\n\t\t\t\t<\/div>\n\t\t\t\t<\/div>\n\t\t\t\t\t<\/div>\n\t\t\t\t<\/div>\n\t\t\t\t<\/div>\n\t\t","protected":false},"excerpt":{"rendered":"<p>Bienvenido al Mercado del Orgullo de Atlanta, el vibrante coraz\u00f3n del mayor evento gratuito del Orgullo del pa\u00eds. Aqu\u00ed encontrar\u00e1s una mezcla de organizaciones comunitarias, patrocinadores y vendedores, con algo [&hellip;]<\/p>\n","protected":false},"author":1,"featured_media":0,"parent":929,"menu_order":0,"comment_status":"closed","ping_status":"closed","template":"","meta":{"_price":"","_stock":"","_tribe_ticket_header":"","_tribe_default_ticket_provider":"","_tribe_ticket_capacity":"0","_ticket_start_date":"","_ticket_end_date":"","_tribe_ticket_show_description":"","_tribe_ticket_show_not_going":false,"_tribe_ticket_use_global_stock":"","_tribe_ticket_global_stock_level":"","_global_stock_mode":"","_global_stock_cap":"","_tribe_rsvp_for_event":"","_tribe_ticket_going_count":"","_tribe_ticket_not_going_count":"","_tribe_tickets_list":"[]","_tribe_ticket_has_attendee_info_fields":false,"footnotes":"","_tec_slr_enabled":"","_tec_slr_layout":""},"class_list":["post-896","page","type-page","status-publish","hentry"],"yoast_head":"<!-- This site is optimized with the Yoast SEO plugin v27.4 - https:\/\/yoast.com\/product\/yoast-seo-wordpress\/ -->\n<title>Mercado - Atlanta Pride<\/title>\n<meta name=\"robots\" content=\"index, follow, max-snippet:-1, max-image-preview:large, max-video-preview:-1\" \/>\n<link rel=\"canonical\" href=\"https:\/\/atlantapride.org\/es\/festival\/mercado\/\" \/>\n<meta property=\"og:locale\" content=\"es_ES\" \/>\n<meta property=\"og:type\" content=\"article\" \/>\n<meta property=\"og:title\" content=\"Mercado - Atlanta Pride\" \/>\n<meta property=\"og:description\" content=\"Bienvenido al Mercado del Orgullo de Atlanta, el vibrante coraz\u00f3n del mayor evento gratuito del Orgullo del pa\u00eds. Aqu\u00ed encontrar\u00e1s una mezcla de organizaciones comunitarias, patrocinadores y vendedores, con algo [&hellip;]\" \/>\n<meta property=\"og:url\" content=\"https:\/\/atlantapride.org\/es\/festival\/mercado\/\" \/>\n<meta property=\"og:site_name\" content=\"Atlanta Pride\" \/>\n<meta property=\"article:publisher\" content=\"https:\/\/www.facebook.com\/atlantapride\" \/>\n<meta property=\"article:modified_time\" content=\"2024-10-28T18:53:02+00:00\" \/>\n<meta property=\"og:image\" content=\"https:\/\/atlantapride.org\/wp-content\/uploads\/2024\/10\/Atlanta-Pride-Marketplace-1.jpg\" \/>\n\t<meta property=\"og:image:width\" content=\"800\" \/>\n\t<meta property=\"og:image:height\" content=\"533\" \/>\n\t<meta property=\"og:image:type\" content=\"image\/jpeg\" \/>\n<meta name=\"twitter:card\" content=\"summary_large_image\" \/>\n<meta name=\"twitter:label1\" content=\"Tiempo de lectura\" \/>\n\t<meta name=\"twitter:data1\" content=\"3 minutos\" \/>\n<script type=\"application\/ld+json\" class=\"yoast-schema-graph\">{\"@context\":\"https:\\\/\\\/schema.org\",\"@graph\":[{\"@type\":\"WebPage\",\"@id\":\"https:\\\/\\\/atlantapride.org\\\/es\\\/festival\\\/mercado\\\/\",\"url\":\"https:\\\/\\\/atlantapride.org\\\/es\\\/festival\\\/mercado\\\/\",\"name\":\"Mercado - Atlanta Pride\",\"isPartOf\":{\"@id\":\"https:\\\/\\\/atlantapride.org\\\/es\\\/#website\"},\"primaryImageOfPage\":{\"@id\":\"https:\\\/\\\/atlantapride.org\\\/es\\\/festival\\\/mercado\\\/#primaryimage\"},\"image\":{\"@id\":\"https:\\\/\\\/atlantapride.org\\\/es\\\/festival\\\/mercado\\\/#primaryimage\"},\"thumbnailUrl\":\"https:\\\/\\\/atlantapride.org\\\/wp-content\\\/uploads\\\/2024\\\/10\\\/Atlanta-Pride-Marketplace-1.jpg\",\"datePublished\":\"2024-03-13T19:39:52+00:00\",\"dateModified\":\"2024-10-28T18:53:02+00:00\",\"breadcrumb\":{\"@id\":\"https:\\\/\\\/atlantapride.org\\\/es\\\/festival\\\/mercado\\\/#breadcrumb\"},\"inLanguage\":\"es\",\"potentialAction\":[{\"@type\":\"ReadAction\",\"target\":[\"https:\\\/\\\/atlantapride.org\\\/es\\\/festival\\\/mercado\\\/\"]}]},{\"@type\":\"ImageObject\",\"inLanguage\":\"es\",\"@id\":\"https:\\\/\\\/atlantapride.org\\\/es\\\/festival\\\/mercado\\\/#primaryimage\",\"url\":\"https:\\\/\\\/atlantapride.org\\\/wp-content\\\/uploads\\\/2024\\\/10\\\/Atlanta-Pride-Marketplace-1.jpg\",\"contentUrl\":\"https:\\\/\\\/atlantapride.org\\\/wp-content\\\/uploads\\\/2024\\\/10\\\/Atlanta-Pride-Marketplace-1.jpg\"},{\"@type\":\"BreadcrumbList\",\"@id\":\"https:\\\/\\\/atlantapride.org\\\/es\\\/festival\\\/mercado\\\/#breadcrumb\",\"itemListElement\":[{\"@type\":\"ListItem\",\"position\":1,\"name\":\"Home\",\"item\":\"https:\\\/\\\/atlantapride.org\\\/es\\\/\"},{\"@type\":\"ListItem\",\"position\":2,\"name\":\"Festival\",\"item\":\"https:\\\/\\\/atlantapride.org\\\/es\\\/festival\\\/\"},{\"@type\":\"ListItem\",\"position\":3,\"name\":\"Mercado\"}]},{\"@type\":\"WebSite\",\"@id\":\"https:\\\/\\\/atlantapride.org\\\/es\\\/#website\",\"url\":\"https:\\\/\\\/atlantapride.org\\\/es\\\/\",\"name\":\"Atlanta Pride\",\"description\":\"Atlanta Pride&#039;s Website\",\"publisher\":{\"@id\":\"https:\\\/\\\/atlantapride.org\\\/es\\\/#organization\"},\"potentialAction\":[{\"@type\":\"SearchAction\",\"target\":{\"@type\":\"EntryPoint\",\"urlTemplate\":\"https:\\\/\\\/atlantapride.org\\\/es\\\/?s={search_term_string}\"},\"query-input\":{\"@type\":\"PropertyValueSpecification\",\"valueRequired\":true,\"valueName\":\"search_term_string\"}}],\"inLanguage\":\"es\"},{\"@type\":\"Organization\",\"@id\":\"https:\\\/\\\/atlantapride.org\\\/es\\\/#organization\",\"name\":\"Atlanta Pride Committee, Inc\",\"alternateName\":\"Atlanta Pride\",\"url\":\"https:\\\/\\\/atlantapride.org\\\/es\\\/\",\"logo\":{\"@type\":\"ImageObject\",\"inLanguage\":\"es\",\"@id\":\"https:\\\/\\\/atlantapride.org\\\/es\\\/#\\\/schema\\\/logo\\\/image\\\/\",\"url\":\"https:\\\/\\\/atlantapride.org\\\/wp-content\\\/uploads\\\/2024\\\/02\\\/Atlanta-Pride-Logo.svg\",\"contentUrl\":\"https:\\\/\\\/atlantapride.org\\\/wp-content\\\/uploads\\\/2024\\\/02\\\/Atlanta-Pride-Logo.svg\",\"width\":208,\"height\":126,\"caption\":\"Atlanta Pride Committee, Inc\"},\"image\":{\"@id\":\"https:\\\/\\\/atlantapride.org\\\/es\\\/#\\\/schema\\\/logo\\\/image\\\/\"},\"sameAs\":[\"https:\\\/\\\/www.facebook.com\\\/atlantapride\"]}]}<\/script>\n<!-- \/ Yoast SEO plugin. -->","yoast_head_json":{"title":"Mercado - Atlanta Pride","robots":{"index":"index","follow":"follow","max-snippet":"max-snippet:-1","max-image-preview":"max-image-preview:large","max-video-preview":"max-video-preview:-1"},"canonical":"https:\/\/atlantapride.org\/es\/festival\/mercado\/","og_locale":"es_ES","og_type":"article","og_title":"Mercado - Atlanta Pride","og_description":"Bienvenido al Mercado del Orgullo de Atlanta, el vibrante coraz\u00f3n del mayor evento gratuito del Orgullo del pa\u00eds. Aqu\u00ed encontrar\u00e1s una mezcla de organizaciones comunitarias, patrocinadores y vendedores, con algo [&hellip;]","og_url":"https:\/\/atlantapride.org\/es\/festival\/mercado\/","og_site_name":"Atlanta Pride","article_publisher":"https:\/\/www.facebook.com\/atlantapride","article_modified_time":"2024-10-28T18:53:02+00:00","og_image":[{"width":800,"height":533,"url":"https:\/\/atlantapride.org\/wp-content\/uploads\/2024\/10\/Atlanta-Pride-Marketplace-1.jpg","type":"image\/jpeg"}],"twitter_card":"summary_large_image","twitter_misc":{"Tiempo de lectura":"3 minutos"},"schema":{"@context":"https:\/\/schema.org","@graph":[{"@type":"WebPage","@id":"https:\/\/atlantapride.org\/es\/festival\/mercado\/","url":"https:\/\/atlantapride.org\/es\/festival\/mercado\/","name":"Mercado - Atlanta Pride","isPartOf":{"@id":"https:\/\/atlantapride.org\/es\/#website"},"primaryImageOfPage":{"@id":"https:\/\/atlantapride.org\/es\/festival\/mercado\/#primaryimage"},"image":{"@id":"https:\/\/atlantapride.org\/es\/festival\/mercado\/#primaryimage"},"thumbnailUrl":"https:\/\/atlantapride.org\/wp-content\/uploads\/2024\/10\/Atlanta-Pride-Marketplace-1.jpg","datePublished":"2024-03-13T19:39:52+00:00","dateModified":"2024-10-28T18:53:02+00:00","breadcrumb":{"@id":"https:\/\/atlantapride.org\/es\/festival\/mercado\/#breadcrumb"},"inLanguage":"es","potentialAction":[{"@type":"ReadAction","target":["https:\/\/atlantapride.org\/es\/festival\/mercado\/"]}]},{"@type":"ImageObject","inLanguage":"es","@id":"https:\/\/atlantapride.org\/es\/festival\/mercado\/#primaryimage","url":"https:\/\/atlantapride.org\/wp-content\/uploads\/2024\/10\/Atlanta-Pride-Marketplace-1.jpg","contentUrl":"https:\/\/atlantapride.org\/wp-content\/uploads\/2024\/10\/Atlanta-Pride-Marketplace-1.jpg"},{"@type":"BreadcrumbList","@id":"https:\/\/atlantapride.org\/es\/festival\/mercado\/#breadcrumb","itemListElement":[{"@type":"ListItem","position":1,"name":"Home","item":"https:\/\/atlantapride.org\/es\/"},{"@type":"ListItem","position":2,"name":"Festival","item":"https:\/\/atlantapride.org\/es\/festival\/"},{"@type":"ListItem","position":3,"name":"Mercado"}]},{"@type":"WebSite","@id":"https:\/\/atlantapride.org\/es\/#website","url":"https:\/\/atlantapride.org\/es\/","name":"Atlanta Pride","description":"Atlanta Pride&#039;s Website","publisher":{"@id":"https:\/\/atlantapride.org\/es\/#organization"},"potentialAction":[{"@type":"SearchAction","target":{"@type":"EntryPoint","urlTemplate":"https:\/\/atlantapride.org\/es\/?s={search_term_string}"},"query-input":{"@type":"PropertyValueSpecification","valueRequired":true,"valueName":"search_term_string"}}],"inLanguage":"es"},{"@type":"Organization","@id":"https:\/\/atlantapride.org\/es\/#organization","name":"Atlanta Pride Committee, Inc","alternateName":"Atlanta Pride","url":"https:\/\/atlantapride.org\/es\/","logo":{"@type":"ImageObject","inLanguage":"es","@id":"https:\/\/atlantapride.org\/es\/#\/schema\/logo\/image\/","url":"https:\/\/atlantapride.org\/wp-content\/uploads\/2024\/02\/Atlanta-Pride-Logo.svg","contentUrl":"https:\/\/atlantapride.org\/wp-content\/uploads\/2024\/02\/Atlanta-Pride-Logo.svg","width":208,"height":126,"caption":"Atlanta Pride Committee, Inc"},"image":{"@id":"https:\/\/atlantapride.org\/es\/#\/schema\/logo\/image\/"},"sameAs":["https:\/\/www.facebook.com\/atlantapride"]}]}},"ticketed":false,"_links":{"self":[{"href":"https:\/\/atlantapride.org\/es\/wp-json\/wp\/v2\/pages\/896","targetHints":{"allow":["GET"]}}],"collection":[{"href":"https:\/\/atlantapride.org\/es\/wp-json\/wp\/v2\/pages"}],"about":[{"href":"https:\/\/atlantapride.org\/es\/wp-json\/wp\/v2\/types\/page"}],"author":[{"embeddable":true,"href":"https:\/\/atlantapride.org\/es\/wp-json\/wp\/v2\/users\/1"}],"replies":[{"embeddable":true,"href":"https:\/\/atlantapride.org\/es\/wp-json\/wp\/v2\/comments?post=896"}],"version-history":[{"count":3,"href":"https:\/\/atlantapride.org\/es\/wp-json\/wp\/v2\/pages\/896\/revisions"}],"predecessor-version":[{"id":1471,"href":"https:\/\/atlantapride.org\/es\/wp-json\/wp\/v2\/pages\/896\/revisions\/1471"}],"up":[{"embeddable":true,"href":"https:\/\/atlantapride.org\/es\/wp-json\/wp\/v2\/pages\/929"}],"wp:attachment":[{"href":"https:\/\/atlantapride.org\/es\/wp-json\/wp\/v2\/media?parent=896"}],"curies":[{"name":"wp","href":"https:\/\/api.w.org\/{rel}","templated":true}]}}