{"id":901,"date":"2024-03-13T15:39:40","date_gmt":"2024-03-13T19:39:40","guid":{"rendered":"https:\/\/atlantapride.org\/entretenimiento\/"},"modified":"2025-04-22T10:52:36","modified_gmt":"2025-04-22T14:52:36","slug":"entretenimiento","status":"publish","type":"page","link":"https:\/\/atlantapride.org\/es\/festival\/entretenimiento\/","title":{"rendered":"Entretenimiento"},"content":{"rendered":"\t\t<div data-elementor-type=\"wp-page\" data-elementor-id=\"901\" class=\"elementor elementor-901 elementor-146\" data-elementor-post-type=\"page\">\n\t\t\t\t<div class=\"elementor-element elementor-element-1d54b86 e-flex e-con-boxed e-con e-parent\" data-id=\"1d54b86\" data-element_type=\"container\" data-e-type=\"container\">\n\t\t\t\t\t<div class=\"e-con-inner\">\n\t\t<div class=\"elementor-element elementor-element-ff194ad e-con-full e-flex e-con e-child\" data-id=\"ff194ad\" data-element_type=\"container\" data-e-type=\"container\">\n\t\t\t\t<div class=\"elementor-element elementor-element-a915efa elementor-widget elementor-widget-text-editor\" data-id=\"a915efa\" data-element_type=\"widget\" data-e-type=\"widget\" data-widget_type=\"text-editor.default\">\n\t\t\t\t<div class=\"elementor-widget-container\">\n\t\t\t\t\t\t\t\t\t<p>La sensaci\u00f3n del pop mundial, Ava Max, encabezar\u00e1 el Festival del Orgullo de Atlanta 2024 el s\u00e1bado 12 de octubre de 2024, en el Parque Piedmont de Atlanta. Bajo el lema \u00abUnidos con orgullo\u00bb, el Festival del Orgullo de Atlanta de este a\u00f1o promete celebrar el amor, la diversidad y la m\u00fasica como nunca antes, con Ava Max llevando su energ\u00eda electrizante y sus \u00e9xitos al coraz\u00f3n de Atlanta. Atlanta Pride se complace en asociarse con Power 105.3, la emisora de m\u00fasica de \u00e9xito n\u00ba 1 de Atlanta, para ofrecer este concierto gratuito a la comunidad.  <\/p><p>Ava Max, conocida por sus himnos empoderadores y sus din\u00e1micas actuaciones, ha arrasado en todo el mundo con \u00e9xitos como<i>\u00abSweet but Psycho<\/i>\u00ab,<i>\u00abKings &amp; Queens<\/i>\u00bb y<i>\u00abMy Head &amp; My Heart<\/i>\u00ab. Su m\u00fasica, que defiende la autoexpresi\u00f3n y la individualidad, resuena profundamente en la comunidad LGBTQ+, lo que la convierte en la cabeza de cartel perfecta para el Festival del Orgullo de Atlanta de este a\u00f1o. <\/p><p>\u00ab<i>Estamos encantados de dar la bienvenida a Ava Max al escenario del Atlanta Pride<\/i>\u00ab, declar\u00f3 Chris McCain, director ejecutivo del Atlanta Pride.<i>\u00abSu m\u00fasica y su mensaje coinciden con el esp\u00edritu del Orgullo, y sabemos que ofrecer\u00e1 una actuaci\u00f3n que nuestra comunidad recordar\u00e1 durante a\u00f1os<\/i>\u00ab<i>.<\/i><\/p><p>Adem\u00e1s de la actuaci\u00f3n de Ava Max, los asistentes pueden esperar una diversa alineaci\u00f3n de animadores, activistas comunitarios y artistas locales \u00abUnidos por el Orgullo\u00bb. Atlanta Pride se compromete a crear un entorno inclusivo y seguro para todos los asistentes, y el festival de este a\u00f1o seguir\u00e1 dando prioridad a la mejora de los servicios de accesibilidad y a las medidas de seguridad para garantizar que todos puedan disfrutar de la celebraci\u00f3n. <\/p><p><i>\u00abInvitamos a todos a unirse a nosotros en un fin de semana inolvidable de orgullo, unidad y celebraci\u00f3n<\/i>\u00ab, a\u00f1adi\u00f3 McCain. \u00ab<i>Tanto si eres un antiguo simpatizante como si es la primera vez que asistes, el Festival del Orgullo de Atlanta 2024 tiene algo para todos. Es un momento en el que todos podemos estar \u00abUnidos con el Orgullo\u00bb. <\/i>\u00ab<\/p>\t\t\t\t\t\t\t\t<\/div>\n\t\t\t\t<\/div>\n\t\t\t\t<\/div>\n\t\t<div class=\"elementor-element elementor-element-8dd39d2 e-con-full e-flex e-con e-child\" data-id=\"8dd39d2\" data-element_type=\"container\" data-e-type=\"container\">\n\t\t\t\t<div class=\"elementor-element elementor-element-761386b elementor-widget elementor-widget-image\" data-id=\"761386b\" data-element_type=\"widget\" data-e-type=\"widget\" data-widget_type=\"image.default\">\n\t\t\t\t<div class=\"elementor-widget-container\">\n\t\t\t\t\t\t\t\t\t\t\t\t\t\t\t<img fetchpriority=\"high\" decoding=\"async\" width=\"700\" height=\"734\" src=\"https:\/\/atlantapride.org\/wp-content\/uploads\/2024\/07\/viewimage_web-2.jpg\" class=\"attachment-large size-large wp-image-838\" alt=\"United With Atlanta Pride Entertainment 2024\" srcset=\"https:\/\/atlantapride.org\/wp-content\/uploads\/2024\/07\/viewimage_web-2.jpg 700w, https:\/\/atlantapride.org\/wp-content\/uploads\/2024\/07\/viewimage_web-2-286x300.jpg 286w\" sizes=\"(max-width: 700px) 100vw, 700px\" \/>\t\t\t\t\t\t\t\t\t\t\t\t\t\t\t<\/div>\n\t\t\t\t<\/div>\n\t\t\t\t<\/div>\n\t\t\t\t\t<\/div>\n\t\t\t\t<\/div>\n\t\t\t\t<\/div>\n\t\t","protected":false},"excerpt":{"rendered":"<p>La sensaci\u00f3n del pop mundial, Ava Max, encabezar\u00e1 el Festival del Orgullo de Atlanta 2024 el s\u00e1bado 12 de octubre de 2024, en el Parque Piedmont de Atlanta. Bajo el [&hellip;]<\/p>\n","protected":false},"author":1,"featured_media":0,"parent":929,"menu_order":0,"comment_status":"closed","ping_status":"closed","template":"","meta":{"_price":"","_stock":"","_tribe_ticket_header":"","_tribe_default_ticket_provider":"","_tribe_ticket_capacity":"0","_ticket_start_date":"","_ticket_end_date":"","_tribe_ticket_show_description":"","_tribe_ticket_show_not_going":false,"_tribe_ticket_use_global_stock":"","_tribe_ticket_global_stock_level":"","_global_stock_mode":"","_global_stock_cap":"","_tribe_rsvp_for_event":"","_tribe_ticket_going_count":"","_tribe_ticket_not_going_count":"","_tribe_tickets_list":"[]","_tribe_ticket_has_attendee_info_fields":false,"footnotes":"","_tec_slr_enabled":"","_tec_slr_layout":""},"class_list":["post-901","page","type-page","status-publish","hentry"],"yoast_head":"<!-- This site is optimized with the Yoast SEO plugin v27.4 - https:\/\/yoast.com\/product\/yoast-seo-wordpress\/ -->\n<title>Entretenimiento - Atlanta Pride<\/title>\n<meta name=\"robots\" content=\"index, follow, max-snippet:-1, max-image-preview:large, max-video-preview:-1\" \/>\n<link rel=\"canonical\" href=\"https:\/\/atlantapride.org\/es\/festival\/entretenimiento\/\" \/>\n<meta property=\"og:locale\" content=\"es_ES\" \/>\n<meta property=\"og:type\" content=\"article\" \/>\n<meta property=\"og:title\" content=\"Entretenimiento - Atlanta Pride\" \/>\n<meta property=\"og:description\" content=\"La sensaci\u00f3n del pop mundial, Ava Max, encabezar\u00e1 el Festival del Orgullo de Atlanta 2024 el s\u00e1bado 12 de octubre de 2024, en el Parque Piedmont de Atlanta. Bajo el [&hellip;]\" \/>\n<meta property=\"og:url\" content=\"https:\/\/atlantapride.org\/es\/festival\/entretenimiento\/\" \/>\n<meta property=\"og:site_name\" content=\"Atlanta Pride\" \/>\n<meta property=\"article:publisher\" content=\"https:\/\/www.facebook.com\/atlantapride\" \/>\n<meta property=\"article:modified_time\" content=\"2025-04-22T14:52:36+00:00\" \/>\n<meta property=\"og:image\" content=\"https:\/\/atlantapride.org\/wp-content\/uploads\/2024\/07\/viewimage_web-2.jpg\" \/>\n\t<meta property=\"og:image:width\" content=\"700\" \/>\n\t<meta property=\"og:image:height\" content=\"734\" \/>\n\t<meta property=\"og:image:type\" content=\"image\/jpeg\" \/>\n<meta name=\"twitter:card\" content=\"summary_large_image\" \/>\n<meta name=\"twitter:label1\" content=\"Tiempo de lectura\" \/>\n\t<meta name=\"twitter:data1\" content=\"2 minutos\" \/>\n<script type=\"application\/ld+json\" class=\"yoast-schema-graph\">{\"@context\":\"https:\\\/\\\/schema.org\",\"@graph\":[{\"@type\":\"WebPage\",\"@id\":\"https:\\\/\\\/atlantapride.org\\\/es\\\/festival\\\/entretenimiento\\\/\",\"url\":\"https:\\\/\\\/atlantapride.org\\\/es\\\/festival\\\/entretenimiento\\\/\",\"name\":\"Entretenimiento - Atlanta Pride\",\"isPartOf\":{\"@id\":\"https:\\\/\\\/atlantapride.org\\\/es\\\/#website\"},\"primaryImageOfPage\":{\"@id\":\"https:\\\/\\\/atlantapride.org\\\/es\\\/festival\\\/entretenimiento\\\/#primaryimage\"},\"image\":{\"@id\":\"https:\\\/\\\/atlantapride.org\\\/es\\\/festival\\\/entretenimiento\\\/#primaryimage\"},\"thumbnailUrl\":\"https:\\\/\\\/atlantapride.org\\\/wp-content\\\/uploads\\\/2024\\\/07\\\/viewimage_web-2.jpg\",\"datePublished\":\"2024-03-13T19:39:40+00:00\",\"dateModified\":\"2025-04-22T14:52:36+00:00\",\"breadcrumb\":{\"@id\":\"https:\\\/\\\/atlantapride.org\\\/es\\\/festival\\\/entretenimiento\\\/#breadcrumb\"},\"inLanguage\":\"es\",\"potentialAction\":[{\"@type\":\"ReadAction\",\"target\":[\"https:\\\/\\\/atlantapride.org\\\/es\\\/festival\\\/entretenimiento\\\/\"]}]},{\"@type\":\"ImageObject\",\"inLanguage\":\"es\",\"@id\":\"https:\\\/\\\/atlantapride.org\\\/es\\\/festival\\\/entretenimiento\\\/#primaryimage\",\"url\":\"https:\\\/\\\/atlantapride.org\\\/wp-content\\\/uploads\\\/2024\\\/07\\\/viewimage_web-2.jpg\",\"contentUrl\":\"https:\\\/\\\/atlantapride.org\\\/wp-content\\\/uploads\\\/2024\\\/07\\\/viewimage_web-2.jpg\"},{\"@type\":\"BreadcrumbList\",\"@id\":\"https:\\\/\\\/atlantapride.org\\\/es\\\/festival\\\/entretenimiento\\\/#breadcrumb\",\"itemListElement\":[{\"@type\":\"ListItem\",\"position\":1,\"name\":\"Home\",\"item\":\"https:\\\/\\\/atlantapride.org\\\/es\\\/\"},{\"@type\":\"ListItem\",\"position\":2,\"name\":\"Festival\",\"item\":\"https:\\\/\\\/atlantapride.org\\\/es\\\/festival\\\/\"},{\"@type\":\"ListItem\",\"position\":3,\"name\":\"Entretenimiento\"}]},{\"@type\":\"WebSite\",\"@id\":\"https:\\\/\\\/atlantapride.org\\\/es\\\/#website\",\"url\":\"https:\\\/\\\/atlantapride.org\\\/es\\\/\",\"name\":\"Atlanta Pride\",\"description\":\"Atlanta Pride&#039;s Website\",\"publisher\":{\"@id\":\"https:\\\/\\\/atlantapride.org\\\/es\\\/#organization\"},\"potentialAction\":[{\"@type\":\"SearchAction\",\"target\":{\"@type\":\"EntryPoint\",\"urlTemplate\":\"https:\\\/\\\/atlantapride.org\\\/es\\\/?s={search_term_string}\"},\"query-input\":{\"@type\":\"PropertyValueSpecification\",\"valueRequired\":true,\"valueName\":\"search_term_string\"}}],\"inLanguage\":\"es\"},{\"@type\":\"Organization\",\"@id\":\"https:\\\/\\\/atlantapride.org\\\/es\\\/#organization\",\"name\":\"Atlanta Pride Committee, Inc\",\"alternateName\":\"Atlanta Pride\",\"url\":\"https:\\\/\\\/atlantapride.org\\\/es\\\/\",\"logo\":{\"@type\":\"ImageObject\",\"inLanguage\":\"es\",\"@id\":\"https:\\\/\\\/atlantapride.org\\\/es\\\/#\\\/schema\\\/logo\\\/image\\\/\",\"url\":\"https:\\\/\\\/atlantapride.org\\\/wp-content\\\/uploads\\\/2024\\\/02\\\/Atlanta-Pride-Logo.svg\",\"contentUrl\":\"https:\\\/\\\/atlantapride.org\\\/wp-content\\\/uploads\\\/2024\\\/02\\\/Atlanta-Pride-Logo.svg\",\"width\":208,\"height\":126,\"caption\":\"Atlanta Pride Committee, Inc\"},\"image\":{\"@id\":\"https:\\\/\\\/atlantapride.org\\\/es\\\/#\\\/schema\\\/logo\\\/image\\\/\"},\"sameAs\":[\"https:\\\/\\\/www.facebook.com\\\/atlantapride\"]}]}<\/script>\n<!-- \/ Yoast SEO plugin. -->","yoast_head_json":{"title":"Entretenimiento - Atlanta Pride","robots":{"index":"index","follow":"follow","max-snippet":"max-snippet:-1","max-image-preview":"max-image-preview:large","max-video-preview":"max-video-preview:-1"},"canonical":"https:\/\/atlantapride.org\/es\/festival\/entretenimiento\/","og_locale":"es_ES","og_type":"article","og_title":"Entretenimiento - Atlanta Pride","og_description":"La sensaci\u00f3n del pop mundial, Ava Max, encabezar\u00e1 el Festival del Orgullo de Atlanta 2024 el s\u00e1bado 12 de octubre de 2024, en el Parque Piedmont de Atlanta. Bajo el [&hellip;]","og_url":"https:\/\/atlantapride.org\/es\/festival\/entretenimiento\/","og_site_name":"Atlanta Pride","article_publisher":"https:\/\/www.facebook.com\/atlantapride","article_modified_time":"2025-04-22T14:52:36+00:00","og_image":[{"width":700,"height":734,"url":"https:\/\/atlantapride.org\/wp-content\/uploads\/2024\/07\/viewimage_web-2.jpg","type":"image\/jpeg"}],"twitter_card":"summary_large_image","twitter_misc":{"Tiempo de lectura":"2 minutos"},"schema":{"@context":"https:\/\/schema.org","@graph":[{"@type":"WebPage","@id":"https:\/\/atlantapride.org\/es\/festival\/entretenimiento\/","url":"https:\/\/atlantapride.org\/es\/festival\/entretenimiento\/","name":"Entretenimiento - Atlanta Pride","isPartOf":{"@id":"https:\/\/atlantapride.org\/es\/#website"},"primaryImageOfPage":{"@id":"https:\/\/atlantapride.org\/es\/festival\/entretenimiento\/#primaryimage"},"image":{"@id":"https:\/\/atlantapride.org\/es\/festival\/entretenimiento\/#primaryimage"},"thumbnailUrl":"https:\/\/atlantapride.org\/wp-content\/uploads\/2024\/07\/viewimage_web-2.jpg","datePublished":"2024-03-13T19:39:40+00:00","dateModified":"2025-04-22T14:52:36+00:00","breadcrumb":{"@id":"https:\/\/atlantapride.org\/es\/festival\/entretenimiento\/#breadcrumb"},"inLanguage":"es","potentialAction":[{"@type":"ReadAction","target":["https:\/\/atlantapride.org\/es\/festival\/entretenimiento\/"]}]},{"@type":"ImageObject","inLanguage":"es","@id":"https:\/\/atlantapride.org\/es\/festival\/entretenimiento\/#primaryimage","url":"https:\/\/atlantapride.org\/wp-content\/uploads\/2024\/07\/viewimage_web-2.jpg","contentUrl":"https:\/\/atlantapride.org\/wp-content\/uploads\/2024\/07\/viewimage_web-2.jpg"},{"@type":"BreadcrumbList","@id":"https:\/\/atlantapride.org\/es\/festival\/entretenimiento\/#breadcrumb","itemListElement":[{"@type":"ListItem","position":1,"name":"Home","item":"https:\/\/atlantapride.org\/es\/"},{"@type":"ListItem","position":2,"name":"Festival","item":"https:\/\/atlantapride.org\/es\/festival\/"},{"@type":"ListItem","position":3,"name":"Entretenimiento"}]},{"@type":"WebSite","@id":"https:\/\/atlantapride.org\/es\/#website","url":"https:\/\/atlantapride.org\/es\/","name":"Atlanta Pride","description":"Atlanta Pride&#039;s Website","publisher":{"@id":"https:\/\/atlantapride.org\/es\/#organization"},"potentialAction":[{"@type":"SearchAction","target":{"@type":"EntryPoint","urlTemplate":"https:\/\/atlantapride.org\/es\/?s={search_term_string}"},"query-input":{"@type":"PropertyValueSpecification","valueRequired":true,"valueName":"search_term_string"}}],"inLanguage":"es"},{"@type":"Organization","@id":"https:\/\/atlantapride.org\/es\/#organization","name":"Atlanta Pride Committee, Inc","alternateName":"Atlanta Pride","url":"https:\/\/atlantapride.org\/es\/","logo":{"@type":"ImageObject","inLanguage":"es","@id":"https:\/\/atlantapride.org\/es\/#\/schema\/logo\/image\/","url":"https:\/\/atlantapride.org\/wp-content\/uploads\/2024\/02\/Atlanta-Pride-Logo.svg","contentUrl":"https:\/\/atlantapride.org\/wp-content\/uploads\/2024\/02\/Atlanta-Pride-Logo.svg","width":208,"height":126,"caption":"Atlanta Pride Committee, Inc"},"image":{"@id":"https:\/\/atlantapride.org\/es\/#\/schema\/logo\/image\/"},"sameAs":["https:\/\/www.facebook.com\/atlantapride"]}]}},"ticketed":false,"_links":{"self":[{"href":"https:\/\/atlantapride.org\/es\/wp-json\/wp\/v2\/pages\/901","targetHints":{"allow":["GET"]}}],"collection":[{"href":"https:\/\/atlantapride.org\/es\/wp-json\/wp\/v2\/pages"}],"about":[{"href":"https:\/\/atlantapride.org\/es\/wp-json\/wp\/v2\/types\/page"}],"author":[{"embeddable":true,"href":"https:\/\/atlantapride.org\/es\/wp-json\/wp\/v2\/users\/1"}],"replies":[{"embeddable":true,"href":"https:\/\/atlantapride.org\/es\/wp-json\/wp\/v2\/comments?post=901"}],"version-history":[{"count":3,"href":"https:\/\/atlantapride.org\/es\/wp-json\/wp\/v2\/pages\/901\/revisions"}],"predecessor-version":[{"id":3471,"href":"https:\/\/atlantapride.org\/es\/wp-json\/wp\/v2\/pages\/901\/revisions\/3471"}],"up":[{"embeddable":true,"href":"https:\/\/atlantapride.org\/es\/wp-json\/wp\/v2\/pages\/929"}],"wp:attachment":[{"href":"https:\/\/atlantapride.org\/es\/wp-json\/wp\/v2\/media?parent=901"}],"curies":[{"name":"wp","href":"https:\/\/api.w.org\/{rel}","templated":true}]}}