{"id":909,"date":"2024-03-13T15:34:57","date_gmt":"2024-03-13T19:34:57","guid":{"rendered":"https:\/\/atlantapride.org\/mision\/"},"modified":"2024-10-25T15:25:30","modified_gmt":"2024-10-25T19:25:30","slug":"mision","status":"publish","type":"page","link":"https:\/\/atlantapride.org\/es\/sobre-nosotros\/mision\/","title":{"rendered":"Misi\u00f3n"},"content":{"rendered":"\t\t<div data-elementor-type=\"wp-page\" data-elementor-id=\"909\" class=\"elementor elementor-909 elementor-128\" data-elementor-post-type=\"page\">\n\t\t\t\t<div class=\"elementor-element elementor-element-fe56dec e-con-full e-flex e-con e-parent\" data-id=\"fe56dec\" data-element_type=\"container\" data-e-type=\"container\">\n\t\t<div class=\"elementor-element elementor-element-08daee3 e-con-full e-flex e-con e-child\" data-id=\"08daee3\" data-element_type=\"container\" data-e-type=\"container\">\n\t\t\t\t<div class=\"elementor-element elementor-element-9142128 elementor-widget elementor-widget-text-editor\" data-id=\"9142128\" data-element_type=\"widget\" data-e-type=\"widget\" data-widget_type=\"text-editor.default\">\n\t\t\t\t<div class=\"elementor-widget-container\">\n\t\t\t\t\t\t\t\t\t<p><span style=\"font-weight: 400;\">\u00a1Bienvenido a Atlanta Pride! Somos la organizaci\u00f3n sin \u00e1nimo de lucro m\u00e1s antigua de Georgia dedicada a servir a la comunidad LGBTQ+. Desde 1971, hemos sido una fuerza impulsora del cambio, defendiendo a la comunidad Queer y ofreciendo recursos sobre g\u00e9nero y sexualidad en todo el sureste de EEUU.<\/span><\/p>\n<p><span style=\"font-weight: 400;\">Cada octubre, organizamos la mayor fiesta de la ciudad: \u00a1el Festival del Orgullo de Atlanta! Es el festival gratuito del Orgullo m\u00e1s grande del pa\u00eds, con un desfile multitudinario que dinamiza las calles. \u00a1Pero eso no es todo lo que hacemos! Atlanta Pride organiza durante todo el a\u00f1o un programa de actos educativos, sociales y culturales para mantener a la comunidad comprometida e inspirada. Tambi\u00e9n retribuimos mediante asociaciones con otras organizaciones e iniciativas de concesi\u00f3n de subvenciones para apoyar causas locales LGBTQ+.<\/span><\/p>\n<p><span style=\"font-weight: 400;\">Tanto si eres un veterano del Orgullo como si eres nuevo en la escena, estamos aqu\u00ed para que te sientas bienvenido. \u00danete a nosotros para aprender, divertirte y hacer comunidad durante todo el a\u00f1o.  <\/span><b><i>\u00a1Celebremos juntos el Orgullo!<\/i><\/b><\/p>\n\t\t\t\t\t\t\t\t<\/div>\n\t\t\t\t<\/div>\n\t\t\t\t<\/div>\n\t\t<div class=\"elementor-element elementor-element-eabcf76 e-con-full e-flex e-con e-child\" data-id=\"eabcf76\" data-element_type=\"container\" data-e-type=\"container\">\n\t\t\t\t<div class=\"elementor-element elementor-element-e5462e5 elementor-widget elementor-widget-image\" data-id=\"e5462e5\" data-element_type=\"widget\" data-e-type=\"widget\" data-widget_type=\"image.default\">\n\t\t\t\t<div class=\"elementor-widget-container\">\n\t\t\t\t\t\t\t\t\t\t\t\t\t\t\t<img fetchpriority=\"high\" decoding=\"async\" width=\"800\" height=\"465\" src=\"https:\/\/atlantapride.org\/wp-content\/uploads\/2024\/10\/About-Mission.jpg\" class=\"attachment-large size-large wp-image-1444\" alt=\"\" srcset=\"https:\/\/atlantapride.org\/wp-content\/uploads\/2024\/10\/About-Mission.jpg 800w, https:\/\/atlantapride.org\/wp-content\/uploads\/2024\/10\/About-Mission-300x174.jpg 300w, https:\/\/atlantapride.org\/wp-content\/uploads\/2024\/10\/About-Mission-768x446.jpg 768w\" sizes=\"(max-width: 800px) 100vw, 800px\" \/>\t\t\t\t\t\t\t\t\t\t\t\t\t\t\t<\/div>\n\t\t\t\t<\/div>\n\t\t\t\t<\/div>\n\t\t\t\t<\/div>\n\t\t<div class=\"elementor-element elementor-element-3427462 e-flex e-con-boxed e-con e-parent\" data-id=\"3427462\" data-element_type=\"container\" data-e-type=\"container\">\n\t\t\t\t\t<div class=\"e-con-inner\">\n\t\t\t\t<div class=\"elementor-element elementor-element-149559a elementor-widget elementor-widget-text-editor\" data-id=\"149559a\" data-element_type=\"widget\" data-e-type=\"widget\" data-widget_type=\"text-editor.default\">\n\t\t\t\t<div class=\"elementor-widget-container\">\n\t\t\t\t\t\t\t\t\t<ul>\n<li aria-level=\"1\"><b>Nuestra misi\u00f3n &#8211;<\/b><span style=\"font-weight: 400;\"> Fomentar la unidad, la visibilidad y el bienestar entre las personas con identidades sexuales y de g\u00e9nero muy diversas mediante programas y actividades culturales, sociales, pol\u00edticas y educativas.<\/span><\/li>\n<\/ul>\n<ul>\n<li aria-level=\"1\"><b>Nuestra visi\u00f3n &#8211;<\/b><span style=\"font-weight: 400;\"> Imaginamos un mundo en el que las personas con identidades sexuales y de g\u00e9nero muy diversas est\u00e9n unidas, sean visibles e iguales.<\/span><\/li>\n<\/ul>\n<ul>\n<li style=\"font-weight: 400;\" aria-level=\"1\"><b>Nuestro Prop\u00f3sito<\/b><span style=\"font-weight: 400;\"> &#8211; <b>El<\/b> objetivo principal del Comit\u00e9 del Orgullo de Atlanta, una organizaci\u00f3n 501(c)(3), es fomentar la unidad, la visibilidad y la autoestima entre lesbianas, gays, bisexuales y personas transexuales y queer, y promover una imagen positiva en el \u00e1rea de Atlanta y en todo el sureste de Estados Unidos mediante actividades y servicios comunitarios.<\/span><\/li>\n<li style=\"font-weight: 400;\" aria-level=\"1\"><b>Nuestros valores<\/b> <b>&#8211;<\/b> Valoramos la justicia social, la cultura, la autoestima, la historia, la salud y el bienestar.<\/li>\n<\/ul>\n\t\t\t\t\t\t\t\t<\/div>\n\t\t\t\t<\/div>\n\t\t\t\t\t<\/div>\n\t\t\t\t<\/div>\n\t\t\t\t<\/div>\n\t\t","protected":false},"excerpt":{"rendered":"<p>\u00a1Bienvenido a Atlanta Pride! Somos la organizaci\u00f3n sin \u00e1nimo de lucro m\u00e1s antigua de Georgia dedicada a servir a la comunidad LGBTQ+. Desde 1971, hemos sido una fuerza impulsora del [&hellip;]<\/p>\n","protected":false},"author":1,"featured_media":0,"parent":936,"menu_order":0,"comment_status":"closed","ping_status":"closed","template":"","meta":{"_price":"","_stock":"","_tribe_ticket_header":"","_tribe_default_ticket_provider":"","_tribe_ticket_capacity":"0","_ticket_start_date":"","_ticket_end_date":"","_tribe_ticket_show_description":"","_tribe_ticket_show_not_going":false,"_tribe_ticket_use_global_stock":"","_tribe_ticket_global_stock_level":"","_global_stock_mode":"","_global_stock_cap":"","_tribe_rsvp_for_event":"","_tribe_ticket_going_count":"","_tribe_ticket_not_going_count":"","_tribe_tickets_list":"[]","_tribe_ticket_has_attendee_info_fields":false,"footnotes":"","_tec_slr_enabled":"","_tec_slr_layout":""},"class_list":["post-909","page","type-page","status-publish","hentry"],"yoast_head":"<!-- This site is optimized with the Yoast SEO plugin v27.3 - https:\/\/yoast.com\/product\/yoast-seo-wordpress\/ -->\n<title>Misi\u00f3n - Atlanta Pride<\/title>\n<meta name=\"robots\" content=\"index, follow, max-snippet:-1, max-image-preview:large, max-video-preview:-1\" \/>\n<link rel=\"canonical\" href=\"https:\/\/atlantapride.org\/es\/sobre-nosotros\/mision\/\" \/>\n<meta property=\"og:locale\" content=\"es_ES\" \/>\n<meta property=\"og:type\" content=\"article\" \/>\n<meta property=\"og:title\" content=\"Misi\u00f3n - Atlanta Pride\" \/>\n<meta property=\"og:description\" content=\"\u00a1Bienvenido a Atlanta Pride! Somos la organizaci\u00f3n sin \u00e1nimo de lucro m\u00e1s antigua de Georgia dedicada a servir a la comunidad LGBTQ+. Desde 1971, hemos sido una fuerza impulsora del [&hellip;]\" \/>\n<meta property=\"og:url\" content=\"https:\/\/atlantapride.org\/es\/sobre-nosotros\/mision\/\" \/>\n<meta property=\"og:site_name\" content=\"Atlanta Pride\" \/>\n<meta property=\"article:publisher\" content=\"https:\/\/www.facebook.com\/atlantapride\" \/>\n<meta property=\"article:modified_time\" content=\"2024-10-25T19:25:30+00:00\" \/>\n<meta property=\"og:image\" content=\"https:\/\/atlantapride.org\/wp-content\/uploads\/2024\/10\/About-Mission.jpg\" \/>\n\t<meta property=\"og:image:width\" content=\"800\" \/>\n\t<meta property=\"og:image:height\" content=\"465\" \/>\n\t<meta property=\"og:image:type\" content=\"image\/jpeg\" \/>\n<meta name=\"twitter:card\" content=\"summary_large_image\" \/>\n<meta name=\"twitter:label1\" content=\"Tiempo de lectura\" \/>\n\t<meta name=\"twitter:data1\" content=\"2 minutos\" \/>\n<script type=\"application\/ld+json\" class=\"yoast-schema-graph\">{\"@context\":\"https:\\\/\\\/schema.org\",\"@graph\":[{\"@type\":\"WebPage\",\"@id\":\"https:\\\/\\\/atlantapride.org\\\/es\\\/sobre-nosotros\\\/mision\\\/\",\"url\":\"https:\\\/\\\/atlantapride.org\\\/es\\\/sobre-nosotros\\\/mision\\\/\",\"name\":\"Misi\u00f3n - Atlanta Pride\",\"isPartOf\":{\"@id\":\"https:\\\/\\\/atlantapride.org\\\/es\\\/#website\"},\"primaryImageOfPage\":{\"@id\":\"https:\\\/\\\/atlantapride.org\\\/es\\\/sobre-nosotros\\\/mision\\\/#primaryimage\"},\"image\":{\"@id\":\"https:\\\/\\\/atlantapride.org\\\/es\\\/sobre-nosotros\\\/mision\\\/#primaryimage\"},\"thumbnailUrl\":\"https:\\\/\\\/atlantapride.org\\\/wp-content\\\/uploads\\\/2024\\\/10\\\/About-Mission.jpg\",\"datePublished\":\"2024-03-13T19:34:57+00:00\",\"dateModified\":\"2024-10-25T19:25:30+00:00\",\"breadcrumb\":{\"@id\":\"https:\\\/\\\/atlantapride.org\\\/es\\\/sobre-nosotros\\\/mision\\\/#breadcrumb\"},\"inLanguage\":\"es\",\"potentialAction\":[{\"@type\":\"ReadAction\",\"target\":[\"https:\\\/\\\/atlantapride.org\\\/es\\\/sobre-nosotros\\\/mision\\\/\"]}]},{\"@type\":\"ImageObject\",\"inLanguage\":\"es\",\"@id\":\"https:\\\/\\\/atlantapride.org\\\/es\\\/sobre-nosotros\\\/mision\\\/#primaryimage\",\"url\":\"https:\\\/\\\/atlantapride.org\\\/wp-content\\\/uploads\\\/2024\\\/10\\\/About-Mission.jpg\",\"contentUrl\":\"https:\\\/\\\/atlantapride.org\\\/wp-content\\\/uploads\\\/2024\\\/10\\\/About-Mission.jpg\"},{\"@type\":\"BreadcrumbList\",\"@id\":\"https:\\\/\\\/atlantapride.org\\\/es\\\/sobre-nosotros\\\/mision\\\/#breadcrumb\",\"itemListElement\":[{\"@type\":\"ListItem\",\"position\":1,\"name\":\"Home\",\"item\":\"https:\\\/\\\/atlantapride.org\\\/es\\\/\"},{\"@type\":\"ListItem\",\"position\":2,\"name\":\"Sobre nosotros\",\"item\":\"https:\\\/\\\/atlantapride.org\\\/es\\\/sobre-nosotros\\\/\"},{\"@type\":\"ListItem\",\"position\":3,\"name\":\"Misi\u00f3n\"}]},{\"@type\":\"WebSite\",\"@id\":\"https:\\\/\\\/atlantapride.org\\\/es\\\/#website\",\"url\":\"https:\\\/\\\/atlantapride.org\\\/es\\\/\",\"name\":\"Atlanta Pride\",\"description\":\"Atlanta Pride&#039;s Website\",\"publisher\":{\"@id\":\"https:\\\/\\\/atlantapride.org\\\/es\\\/#organization\"},\"potentialAction\":[{\"@type\":\"SearchAction\",\"target\":{\"@type\":\"EntryPoint\",\"urlTemplate\":\"https:\\\/\\\/atlantapride.org\\\/es\\\/?s={search_term_string}\"},\"query-input\":{\"@type\":\"PropertyValueSpecification\",\"valueRequired\":true,\"valueName\":\"search_term_string\"}}],\"inLanguage\":\"es\"},{\"@type\":\"Organization\",\"@id\":\"https:\\\/\\\/atlantapride.org\\\/es\\\/#organization\",\"name\":\"Atlanta Pride Committee, Inc\",\"alternateName\":\"Atlanta Pride\",\"url\":\"https:\\\/\\\/atlantapride.org\\\/es\\\/\",\"logo\":{\"@type\":\"ImageObject\",\"inLanguage\":\"es\",\"@id\":\"https:\\\/\\\/atlantapride.org\\\/es\\\/#\\\/schema\\\/logo\\\/image\\\/\",\"url\":\"https:\\\/\\\/atlantapride.org\\\/wp-content\\\/uploads\\\/2024\\\/02\\\/Atlanta-Pride-Logo.svg\",\"contentUrl\":\"https:\\\/\\\/atlantapride.org\\\/wp-content\\\/uploads\\\/2024\\\/02\\\/Atlanta-Pride-Logo.svg\",\"width\":208,\"height\":126,\"caption\":\"Atlanta Pride Committee, Inc\"},\"image\":{\"@id\":\"https:\\\/\\\/atlantapride.org\\\/es\\\/#\\\/schema\\\/logo\\\/image\\\/\"},\"sameAs\":[\"https:\\\/\\\/www.facebook.com\\\/atlantapride\"]}]}<\/script>\n<!-- \/ Yoast SEO plugin. -->","yoast_head_json":{"title":"Misi\u00f3n - Atlanta Pride","robots":{"index":"index","follow":"follow","max-snippet":"max-snippet:-1","max-image-preview":"max-image-preview:large","max-video-preview":"max-video-preview:-1"},"canonical":"https:\/\/atlantapride.org\/es\/sobre-nosotros\/mision\/","og_locale":"es_ES","og_type":"article","og_title":"Misi\u00f3n - Atlanta Pride","og_description":"\u00a1Bienvenido a Atlanta Pride! Somos la organizaci\u00f3n sin \u00e1nimo de lucro m\u00e1s antigua de Georgia dedicada a servir a la comunidad LGBTQ+. Desde 1971, hemos sido una fuerza impulsora del [&hellip;]","og_url":"https:\/\/atlantapride.org\/es\/sobre-nosotros\/mision\/","og_site_name":"Atlanta Pride","article_publisher":"https:\/\/www.facebook.com\/atlantapride","article_modified_time":"2024-10-25T19:25:30+00:00","og_image":[{"width":800,"height":465,"url":"https:\/\/atlantapride.org\/wp-content\/uploads\/2024\/10\/About-Mission.jpg","type":"image\/jpeg"}],"twitter_card":"summary_large_image","twitter_misc":{"Tiempo de lectura":"2 minutos"},"schema":{"@context":"https:\/\/schema.org","@graph":[{"@type":"WebPage","@id":"https:\/\/atlantapride.org\/es\/sobre-nosotros\/mision\/","url":"https:\/\/atlantapride.org\/es\/sobre-nosotros\/mision\/","name":"Misi\u00f3n - Atlanta Pride","isPartOf":{"@id":"https:\/\/atlantapride.org\/es\/#website"},"primaryImageOfPage":{"@id":"https:\/\/atlantapride.org\/es\/sobre-nosotros\/mision\/#primaryimage"},"image":{"@id":"https:\/\/atlantapride.org\/es\/sobre-nosotros\/mision\/#primaryimage"},"thumbnailUrl":"https:\/\/atlantapride.org\/wp-content\/uploads\/2024\/10\/About-Mission.jpg","datePublished":"2024-03-13T19:34:57+00:00","dateModified":"2024-10-25T19:25:30+00:00","breadcrumb":{"@id":"https:\/\/atlantapride.org\/es\/sobre-nosotros\/mision\/#breadcrumb"},"inLanguage":"es","potentialAction":[{"@type":"ReadAction","target":["https:\/\/atlantapride.org\/es\/sobre-nosotros\/mision\/"]}]},{"@type":"ImageObject","inLanguage":"es","@id":"https:\/\/atlantapride.org\/es\/sobre-nosotros\/mision\/#primaryimage","url":"https:\/\/atlantapride.org\/wp-content\/uploads\/2024\/10\/About-Mission.jpg","contentUrl":"https:\/\/atlantapride.org\/wp-content\/uploads\/2024\/10\/About-Mission.jpg"},{"@type":"BreadcrumbList","@id":"https:\/\/atlantapride.org\/es\/sobre-nosotros\/mision\/#breadcrumb","itemListElement":[{"@type":"ListItem","position":1,"name":"Home","item":"https:\/\/atlantapride.org\/es\/"},{"@type":"ListItem","position":2,"name":"Sobre nosotros","item":"https:\/\/atlantapride.org\/es\/sobre-nosotros\/"},{"@type":"ListItem","position":3,"name":"Misi\u00f3n"}]},{"@type":"WebSite","@id":"https:\/\/atlantapride.org\/es\/#website","url":"https:\/\/atlantapride.org\/es\/","name":"Atlanta Pride","description":"Atlanta Pride&#039;s Website","publisher":{"@id":"https:\/\/atlantapride.org\/es\/#organization"},"potentialAction":[{"@type":"SearchAction","target":{"@type":"EntryPoint","urlTemplate":"https:\/\/atlantapride.org\/es\/?s={search_term_string}"},"query-input":{"@type":"PropertyValueSpecification","valueRequired":true,"valueName":"search_term_string"}}],"inLanguage":"es"},{"@type":"Organization","@id":"https:\/\/atlantapride.org\/es\/#organization","name":"Atlanta Pride Committee, Inc","alternateName":"Atlanta Pride","url":"https:\/\/atlantapride.org\/es\/","logo":{"@type":"ImageObject","inLanguage":"es","@id":"https:\/\/atlantapride.org\/es\/#\/schema\/logo\/image\/","url":"https:\/\/atlantapride.org\/wp-content\/uploads\/2024\/02\/Atlanta-Pride-Logo.svg","contentUrl":"https:\/\/atlantapride.org\/wp-content\/uploads\/2024\/02\/Atlanta-Pride-Logo.svg","width":208,"height":126,"caption":"Atlanta Pride Committee, Inc"},"image":{"@id":"https:\/\/atlantapride.org\/es\/#\/schema\/logo\/image\/"},"sameAs":["https:\/\/www.facebook.com\/atlantapride"]}]}},"ticketed":false,"_links":{"self":[{"href":"https:\/\/atlantapride.org\/es\/wp-json\/wp\/v2\/pages\/909","targetHints":{"allow":["GET"]}}],"collection":[{"href":"https:\/\/atlantapride.org\/es\/wp-json\/wp\/v2\/pages"}],"about":[{"href":"https:\/\/atlantapride.org\/es\/wp-json\/wp\/v2\/types\/page"}],"author":[{"embeddable":true,"href":"https:\/\/atlantapride.org\/es\/wp-json\/wp\/v2\/users\/1"}],"replies":[{"embeddable":true,"href":"https:\/\/atlantapride.org\/es\/wp-json\/wp\/v2\/comments?post=909"}],"version-history":[{"count":4,"href":"https:\/\/atlantapride.org\/es\/wp-json\/wp\/v2\/pages\/909\/revisions"}],"predecessor-version":[{"id":1448,"href":"https:\/\/atlantapride.org\/es\/wp-json\/wp\/v2\/pages\/909\/revisions\/1448"}],"up":[{"embeddable":true,"href":"https:\/\/atlantapride.org\/es\/wp-json\/wp\/v2\/pages\/936"}],"wp:attachment":[{"href":"https:\/\/atlantapride.org\/es\/wp-json\/wp\/v2\/media?parent=909"}],"curies":[{"name":"wp","href":"https:\/\/api.w.org\/{rel}","templated":true}]}}